{"id":1082,"date":"2023-09-07T21:28:55","date_gmt":"2023-09-07T19:28:55","guid":{"rendered":"https:\/\/www.zumgoldenenschnitt.ch\/?page_id=1082"},"modified":"2026-03-05T13:49:37","modified_gmt":"2026-03-05T12:49:37","slug":"faltenbehandlung-botulinum-oder-hyaluronsaeure","status":"publish","type":"page","link":"https:\/\/www.zumgoldenenschnitt.ch\/en\/wrinkle-treatment-botulinum-or-hyaluronic-acid\/","title":{"rendered":"Wrinkle treatment: Botulinum or hyaluronic acid?"},"content":{"rendered":"<p>Basel, September 5, 2023<\/p>\n<p>The development of wrinkles has various causes and varies depending on the region of the face.<\/p>\n<p>In addition to genetic predisposition, lifestyle, diet, nicotine consumption and UV radiation play a decisive role in skin aging and the development of wrinkles. In particular, high UV radiation (sunbathing, solarium) damages the skin to a high degree and leads not only to faster skin aging and more wrinkles in fair skin types, but also to an increased risk of skin cancer.<\/p>\n<p>A rough distinction can be made between mimic, static and active wrinkles. Mimic wrinkles, such as frown lines or laugh lines, are caused by the movement of our facial muscles. Static wrinkles, such as nasolabial folds, on the other hand, appear independently of our facial expressions and are caused by sagging tissue and loss of moisture in the skin as part of the normal ageing process. Actinic wrinkles (\"creases\"), on the other hand, are caused by the dehydration and ageing of our skin.<\/p>\n<p>As different as the causes of wrinkles are, the treatment methods used also differ: <a href=\"https:\/\/www.zumgoldenenschnitt.ch\/en\/offer\/botulinum-hyaluron-en\/botulinum-en\/\">Botulinum (Botox)<\/a>, <a href=\"https:\/\/www.zumgoldenenschnitt.ch\/en\/offer\/botulinum-hyaluron-en\/hyaluronic-acid\/\">Filler<\/a> or <a href=\"https:\/\/www.zumgoldenenschnitt.ch\/en\/offer\/botulinum-hyaluron-en\/profhilo-skinbooster\/\">Skinbooster<\/a>?<\/p>\n\t\t\t\t<img loading=\"lazy\" decoding=\"async\" src=\"https:\/\/www.zumgoldenenschnitt.ch\/wp-content\/uploads\/2023\/09\/journal-faltenbehandlung-hyaluronsaeure.jpg\" alt=\"journal wrinkle treatment hyaluronic acid\" itemprop=\"image\" height=\"1000\" width=\"1000\" title=\"Journal wrinkle treatment hyaluronic acid\" onerror=\"this.style.display='none'\"  \/>\n\t<h4><a href=\"https:\/\/www.zumgoldenenschnitt.ch\/en\/offer\/botulinum-hyaluron-en\/botulinum-en\/\"><b>Botulinum<\/b><\/a><\/h4>\n<p>For mimic wrinkles such as frown lines, forehead wrinkles and laugh lines around the eyes (so-called crow's feet), treatment with botulinum toxin, also known under the brand name Botox, is suitable. The medication is available in powder form and is mixed with a sterile liquid for treatment. In addition to treating wrinkles, it is also used to treat increased sweating (hyperhidrosis), teeth grinding (bruxism) and chronic migraines. To treat wrinkles, botulinum toxin is injected into the relevant facial muscles with a fine needle so that they relax to prevent the active formation of wrinkles. In the correct dosage, botulinum toxin alleviates the mimic wrinkles without appearing unnatural or rigid. It is important that botulinum toxin is only used by trained and experienced specialists in plastic and aesthetic surgery in the correct dilution and in the right place. Otherwise, there is a risk that the medication will paralyze other, undesired muscles.  As a precautionary measure, I recommend that my clients adhere to the following \"2-day rule\" after botulinum treatment: Avoid sport, overworking the head, massage of the treated facial region and sauna for 2 days.<\/p>\n<p>&nbsp;<\/p>\n<h4><a href=\"https:\/\/www.zumgoldenenschnitt.ch\/en\/offer\/botulinum-hyaluron-en\/hyaluronic-acid\/\"><b>Filler<\/b><\/a><\/h4>\n<p>Another option for treating wrinkles is to fill them with so-called fillers. The generic term \"filler\" covers filling materials such as hyaluronic acid, calcium hydroxyapatite (e.g. Radiesse) or autologous fat. Nowadays, hyaluronic acid fillers are used most frequently. Hyaluronic acid is a natural component of our body's own tissue and ensures the moisture, elasticity and firmness of the skin and tissue thanks to its ability to bind water. Hyaluronic acid fillers have a gel-like consistency. There is a wide range of different hyaluronic acid products with different strengths and viscosities, so that experienced plastic and aesthetic surgeons can select the right product for each treatment indication. For example, a deep wrinkle requires a firmer filler with a good \"lifting capacity\" and fine, superficial wrinkles require a \"more fluid\" product that can be easily distributed.<\/p>\n<p>Hyaluronic acid also has another major advantage over other fillers: if necessary, it can be dissolved again with an antidote (so-called hyaluronidase).<\/p>\n<p>Hyaluronic acid is also naturally broken down slowly by the body, so that the effect lasts between 6 months and 2 years. In addition to direct wrinkle injections, hyaluronic acid can also be used for gentle facial sculpting, such as accentuating cheekbones or correcting volume loss in the midface due to aging. In the right hands, natural treatment results can be achieved and you can be given a new freshness. Often less is more here!<\/p>\n<p>&nbsp;<\/p>\n<h4><a href=\"https:\/\/www.zumgoldenenschnitt.ch\/en\/offer\/botulinum-hyaluron-en\/profhilo-skinbooster\/\"><b>Skinbooster<\/b><\/a><\/h4>\n<p>In contrast to fillers, skin boosters are not used to treat deep wrinkles or to add volume, but to moisturize the skin from the inside out and to reduce so-called actinic wrinkles (\"creases\"). Skin boosters are hyaluronic acid products and are used for deep hydration and skin rejuvenation. They are injected over large areas into the deeper layers of the skin, where they bind large amounts of moisture and thus achieve long-lasting hydration of the skin. By increasing the skin's elasticity, skin booster treatments can improve so-called \"wrinkles\" and the skin shines with a new freshness.<\/p>\n<p>Especially popular is the <a href=\"https:\/\/www.zumgoldenenschnitt.ch\/en\/offer\/botulinum-hyaluron-en\/profhilo-skinbooster\/\">PROFHILO\u00ae treatment<\/a>which acts like a \"cream from within\": PROFHILO\u00ae is a particularly pure hyaluronic acid which, in addition to the immediate moisturizing effect, boosts the body's own hyaluronic acid production and supports the natural formation of elastin and collagen. The result is a fresh, radiant complexion with a naturally beautiful glow.<\/p>\n<p>As an experienced specialist in plastic &amp; aesthetic surgery, I will be happy to advise you regarding <a href=\"https:\/\/www.zumgoldenenschnitt.ch\/en\/offer\/face\/wrinkle-treatment\/\">Wrinkle treatment<\/a>. Natural treatment results are especially close to my heart, which distinguishes me and is highly appreciated by many of my clients.<\/p>\n<p>Book your consultation appointment online now, we look forward to seeing you!<\/p>\n\t\t\t<a href=\"https:\/\/booking.epat.ch\/goldenschnitt\/booking\" target=\"_blank\" rel=\"noopener\" role=\"button\" aria-label=\"Book consultation appointment\">\n\t\t\t\t\t\t\tBook consultation appointment\n\t\t<\/a>","protected":false},"excerpt":{"rendered":"<p>Basel, September 5, 2023 The development of wrinkles has various causes and varies depending on the facial region. In addition to genetic predisposition, lifestyle, diet, nicotine consumption and UV radiation play a decisive role in skin ageing and the development of wrinkles. High levels of UV radiation in particular (sunbathing, solarium) damage the skin to a high degree and lead to wrinkles in fair skin [...]<\/p>","protected":false},"author":4,"featured_media":0,"parent":0,"menu_order":0,"comment_status":"closed","ping_status":"closed","template":"","meta":{"_seopress_robots_primary_cat":"","_seopress_titles_title":"Faltenbehandlung: Botulinum oder Hyalurons\u00e4ure? | Journal 5. September 2023| Dr. Simona L\u00fcdi | Basel","_seopress_titles_desc":"Wann ist Botulinum oder Hylaurons\u00e4ure zur Faltenbehandlung empfohlen? Frau Dr. Simona L\u00fcdi ber\u00e4t Sie gerne in unserer Klinik in Basel.","_seopress_robots_index":"","inline_featured_image":false,"site-sidebar-layout":"default","site-content-layout":"","ast-site-content-layout":"default","site-content-style":"default","site-sidebar-style":"default","ast-global-header-display":"","ast-banner-title-visibility":"","ast-main-header-display":"","ast-hfb-above-header-display":"","ast-hfb-below-header-display":"","ast-hfb-mobile-header-display":"","site-post-title":"","ast-breadcrumbs-content":"","ast-featured-img":"","footer-sml-layout":"","theme-transparent-header-meta":"","adv-header-id-meta":"","stick-header-meta":"","header-above-stick-meta":"","header-main-stick-meta":"","header-below-stick-meta":"","astra-migrate-meta-layouts":"set","ast-page-background-enabled":"default","ast-page-background-meta":{"desktop":{"background-color":"var(--ast-global-color-4)","background-image":"","background-repeat":"repeat","background-position":"center center","background-size":"auto","background-attachment":"scroll","background-type":"","background-media":"","overlay-type":"","overlay-color":"","overlay-opacity":"","overlay-gradient":""},"tablet":{"background-color":"","background-image":"","background-repeat":"repeat","background-position":"center center","background-size":"auto","background-attachment":"scroll","background-type":"","background-media":"","overlay-type":"","overlay-color":"","overlay-opacity":"","overlay-gradient":""},"mobile":{"background-color":"","background-image":"","background-repeat":"repeat","background-position":"center center","background-size":"auto","background-attachment":"scroll","background-type":"","background-media":"","overlay-type":"","overlay-color":"","overlay-opacity":"","overlay-gradient":""}},"ast-content-background-meta":{"desktop":{"background-color":"var(--ast-global-color-5)","background-image":"","background-repeat":"repeat","background-position":"center center","background-size":"auto","background-attachment":"scroll","background-type":"","background-media":"","overlay-type":"","overlay-color":"","overlay-opacity":"","overlay-gradient":""},"tablet":{"background-color":"var(--ast-global-color-5)","background-image":"","background-repeat":"repeat","background-position":"center center","background-size":"auto","background-attachment":"scroll","background-type":"","background-media":"","overlay-type":"","overlay-color":"","overlay-opacity":"","overlay-gradient":""},"mobile":{"background-color":"var(--ast-global-color-5)","background-image":"","background-repeat":"repeat","background-position":"center center","background-size":"auto","background-attachment":"scroll","background-type":"","background-media":"","overlay-type":"","overlay-color":"","overlay-opacity":"","overlay-gradient":""}},"footnotes":""},"class_list":["post-1082","page","type-page","status-publish"],"_links":{"self":[{"href":"https:\/\/www.zumgoldenenschnitt.ch\/en\/wp-json\/wp\/v2\/pages\/1082","targetHints":{"allow":["GET"]}}],"collection":[{"href":"https:\/\/www.zumgoldenenschnitt.ch\/en\/wp-json\/wp\/v2\/pages"}],"about":[{"href":"https:\/\/www.zumgoldenenschnitt.ch\/en\/wp-json\/wp\/v2\/types\/page"}],"author":[{"embeddable":true,"href":"https:\/\/www.zumgoldenenschnitt.ch\/en\/wp-json\/wp\/v2\/users\/4"}],"replies":[{"embeddable":true,"href":"https:\/\/www.zumgoldenenschnitt.ch\/en\/wp-json\/wp\/v2\/comments?post=1082"}],"version-history":[{"count":11,"href":"https:\/\/www.zumgoldenenschnitt.ch\/en\/wp-json\/wp\/v2\/pages\/1082\/revisions"}],"predecessor-version":[{"id":2309,"href":"https:\/\/www.zumgoldenenschnitt.ch\/en\/wp-json\/wp\/v2\/pages\/1082\/revisions\/2309"}],"wp:attachment":[{"href":"https:\/\/www.zumgoldenenschnitt.ch\/en\/wp-json\/wp\/v2\/media?parent=1082"}],"curies":[{"name":"wp","href":"https:\/\/api.w.org\/{rel}","templated":true}]}}