{"id":1107,"date":"2023-09-07T21:29:44","date_gmt":"2023-09-07T19:29:44","guid":{"rendered":"https:\/\/www.zumgoldenenschnitt.ch\/?page_id=1107"},"modified":"2026-03-05T13:52:42","modified_gmt":"2026-03-05T12:52:42","slug":"wie-funktioniert-eine-bauchdeckenstraffung","status":"publish","type":"page","link":"https:\/\/www.zumgoldenenschnitt.ch\/en\/how-does-an-abdominoplasty-work\/","title":{"rendered":"How does an abdominoplasty work?"},"content":{"rendered":"<p>Basel, August 28, 2023<\/p>\n<p>The causes of excess, sagging skin and tissue on the abdomen are many, for example, pregnancy or severe weight loss. The solution is often a <a href=\"https:\/\/www.zumgoldenenschnitt.ch\/en\/offer\/body\/tummy-tuck-abdominoplasty\/\">Tummy tuck (abdominoplasty)<\/a>, whereby excess tissue on the abdomen can be removed and the abdomen tightened. Often the abdominoplasty is also combined with a <a href=\"https:\/\/www.zumgoldenenschnitt.ch\/en\/offer\/body\/liposuction-liposuction\/\">Liposuction<\/a> combined.<\/p>\n<p>&nbsp;<\/p>\n<h4><b>Surgical Technology<\/b><\/h4>\n<p>The incision is chosen so that the later scar is hidden by the bikini panties or underwear. Then excess skin and fatty tissue is detached from the abdominal wall and removed. The abdominal wall is tightened and the navel is repositioned. Finally, the skin is sutured in several layers with self-dissolving sutures.<\/p>\n\t\t\t\t<img loading=\"lazy\" decoding=\"async\" src=\"https:\/\/www.zumgoldenenschnitt.ch\/wp-content\/uploads\/2023\/09\/journal-bauchdeckenstraffung-abdominoplastik-1.jpg\" alt=\"journal tummy tuck (abdominoplasty)\" itemprop=\"image\" height=\"1000\" width=\"1000\" title=\"Journal abdominoplasty (tummy tuck)\" onerror=\"this.style.display='none'\"  \/>\n\t<h4><b>Abdominoplasty in the context of a mommy makeover<\/b><\/h4>\n<p>In our clinic, women often undergo an abdominoplasty as part of a <a href=\"https:\/\/www.zumgoldenenschnitt.ch\/en\/offer\/body\/tummy-tuck-abdominoplasty\/\">Mommy Makovers<\/a> in claim. Stretch marks below the navel can also be removed and C-section scars can also be corrected. In addition to the skin, the muscular abdominal wall can also be tightened during an abdominoplasty, for example if the long abdominal muscles have slackened and become divergent after one or more pregnancies (rectus diastasis). If there is only a small amount of excess skin in the lower abdomen, a mini-abdominoplasty can be performed without moving the belly button.<\/p>\n<p>&nbsp;<\/p>\n<h4><b>Duration of the operation and healing time<\/b><\/h4>\n<p>Abdominoplasty takes around two to three hours and can usually be performed on an outpatient basis. During the first two weeks after surgery, patients should take it easy before returning to work. To support the healing process, a compressive girdle should be worn for 6 weeks, after which sports activities are also possible again.<\/p>\n<p>You can find more information on the topic of abdominoplasty <a href=\"https:\/\/www.zumgoldenenschnitt.ch\/en\/offer\/body\/tummy-tuck-abdominoplasty\/\">here<\/a>.<\/p>\n<p>I will be happy to advise you in a personal consultation and answer your questions. We look forward to your visit to our clinic in Basel.<\/p>\n<p>Book your personal consultation appointment online now!<\/p>\n\t\t\t<a href=\"https:\/\/booking.epat.ch\/goldenschnitt\/booking\" target=\"_blank\" rel=\"noopener\" role=\"button\" aria-label=\"Book consultation appointment\">\n\t\t\t\t\t\t\tBook consultation appointment\n\t\t<\/a>","protected":false},"excerpt":{"rendered":"<p>Basel, August 28, 2023 The causes of excess, sagging skin and tissue on the abdomen are varied, e.g. due to pregnancy or severe weight loss. The solution is often a tummy tuck (abdominoplasty), whereby excess tissue on the abdomen can be removed and the abdomen tightened. A tummy tuck is often combined with liposuction.   Surgical technique The [...]<\/p>","protected":false},"author":4,"featured_media":0,"parent":0,"menu_order":0,"comment_status":"closed","ping_status":"closed","template":"","meta":{"_seopress_robots_primary_cat":"","_seopress_titles_title":"Wie funktioniert eine Bauchdeckenstraffung? | Journal 28. August 2023 | Dr. Simona L\u00fcdi | Basel","_seopress_titles_desc":"Bauchdeckenstraffung (Abdominoplastik) f\u00fcr einen straffen Bauch. Frau Dr. Simona L\u00fcdi ber\u00e4t Sie gerne in unserer Klinik in Basel.","_seopress_robots_index":"","inline_featured_image":false,"site-sidebar-layout":"default","site-content-layout":"","ast-site-content-layout":"default","site-content-style":"default","site-sidebar-style":"default","ast-global-header-display":"","ast-banner-title-visibility":"","ast-main-header-display":"","ast-hfb-above-header-display":"","ast-hfb-below-header-display":"","ast-hfb-mobile-header-display":"","site-post-title":"","ast-breadcrumbs-content":"","ast-featured-img":"","footer-sml-layout":"","theme-transparent-header-meta":"","adv-header-id-meta":"","stick-header-meta":"","header-above-stick-meta":"","header-main-stick-meta":"","header-below-stick-meta":"","astra-migrate-meta-layouts":"set","ast-page-background-enabled":"default","ast-page-background-meta":{"desktop":{"background-color":"var(--ast-global-color-4)","background-image":"","background-repeat":"repeat","background-position":"center center","background-size":"auto","background-attachment":"scroll","background-type":"","background-media":"","overlay-type":"","overlay-color":"","overlay-opacity":"","overlay-gradient":""},"tablet":{"background-color":"","background-image":"","background-repeat":"repeat","background-position":"center center","background-size":"auto","background-attachment":"scroll","background-type":"","background-media":"","overlay-type":"","overlay-color":"","overlay-opacity":"","overlay-gradient":""},"mobile":{"background-color":"","background-image":"","background-repeat":"repeat","background-position":"center center","background-size":"auto","background-attachment":"scroll","background-type":"","background-media":"","overlay-type":"","overlay-color":"","overlay-opacity":"","overlay-gradient":""}},"ast-content-background-meta":{"desktop":{"background-color":"var(--ast-global-color-5)","background-image":"","background-repeat":"repeat","background-position":"center center","background-size":"auto","background-attachment":"scroll","background-type":"","background-media":"","overlay-type":"","overlay-color":"","overlay-opacity":"","overlay-gradient":""},"tablet":{"background-color":"var(--ast-global-color-5)","background-image":"","background-repeat":"repeat","background-position":"center center","background-size":"auto","background-attachment":"scroll","background-type":"","background-media":"","overlay-type":"","overlay-color":"","overlay-opacity":"","overlay-gradient":""},"mobile":{"background-color":"var(--ast-global-color-5)","background-image":"","background-repeat":"repeat","background-position":"center center","background-size":"auto","background-attachment":"scroll","background-type":"","background-media":"","overlay-type":"","overlay-color":"","overlay-opacity":"","overlay-gradient":""}},"footnotes":""},"class_list":["post-1107","page","type-page","status-publish"],"_links":{"self":[{"href":"https:\/\/www.zumgoldenenschnitt.ch\/en\/wp-json\/wp\/v2\/pages\/1107","targetHints":{"allow":["GET"]}}],"collection":[{"href":"https:\/\/www.zumgoldenenschnitt.ch\/en\/wp-json\/wp\/v2\/pages"}],"about":[{"href":"https:\/\/www.zumgoldenenschnitt.ch\/en\/wp-json\/wp\/v2\/types\/page"}],"author":[{"embeddable":true,"href":"https:\/\/www.zumgoldenenschnitt.ch\/en\/wp-json\/wp\/v2\/users\/4"}],"replies":[{"embeddable":true,"href":"https:\/\/www.zumgoldenenschnitt.ch\/en\/wp-json\/wp\/v2\/comments?post=1107"}],"version-history":[{"count":9,"href":"https:\/\/www.zumgoldenenschnitt.ch\/en\/wp-json\/wp\/v2\/pages\/1107\/revisions"}],"predecessor-version":[{"id":2315,"href":"https:\/\/www.zumgoldenenschnitt.ch\/en\/wp-json\/wp\/v2\/pages\/1107\/revisions\/2315"}],"wp:attachment":[{"href":"https:\/\/www.zumgoldenenschnitt.ch\/en\/wp-json\/wp\/v2\/media?parent=1107"}],"curies":[{"name":"wp","href":"https:\/\/api.w.org\/{rel}","templated":true}]}}