{"id":1255,"date":"2023-12-11T15:06:12","date_gmt":"2023-12-11T14:06:12","guid":{"rendered":"https:\/\/www.zumgoldenenschnitt.ch\/?page_id=1255"},"modified":"2026-03-05T13:46:49","modified_gmt":"2026-03-05T12:46:49","slug":"brustvergrosserung-wie-finde-ich-die-geeignete-brustimplantatgrosse-fur-mich","status":"publish","type":"page","link":"https:\/\/www.zumgoldenenschnitt.ch\/en\/breast-augmentation-how-do-i-find-the-right-breast-implant-size-for-me\/","title":{"rendered":"Breast augmentation - How do I find the right breast implant size for me?"},"content":{"rendered":"<p>Basel, December 11, 2023<\/p>\n<p>When selecting the implants for a <a href=\"https:\/\/www.zumgoldenenschnitt.ch\/en\/offer\/chest\/breast-enlargement-with-implants-mammary-augmentation\/\">Breast augmentation<\/a> it is important to consider your individual anatomy. Depending on the width of your existing breast, the shape of your chest, the distribution of your own breast tissue and the consistency of the tissue, the appropriate shape and size of the implants will be carefully selected together with you.<\/p>\n<p>During the preliminary consultation, Dr. L\u00fcdi will determine the desired breast size and shape together with you. Dr. L\u00fcdi is happy to use special silicone inserts for this, which can be placed in the bra in different sizes. This allows you to look at yourself in the mirror and feel your new breast volume.  This visualization makes it much easier for you to imagine the desired new breast size and future appearance.<\/p>\n<p>We only use the most modern, high-quality implants from renowned companies (e.g. Motiva).<\/p>\n\t\t\t\t<img loading=\"lazy\" decoding=\"async\" src=\"https:\/\/www.zumgoldenenschnitt.ch\/wp-content\/uploads\/2023\/09\/jounral-brustvergroesserung-brustimplantate.jpg\" alt=\"jounral breast augmentation breast implants\" itemprop=\"image\" height=\"1000\" width=\"1000\" title=\"Jounral breast augmentation breast implants\" onerror=\"this.style.display='none'\"  \/>\n\t<p>Are you interested in a <a href=\"https:\/\/www.zumgoldenenschnitt.ch\/en\/offer\/chest\/breast-enlargement-with-implants-mammary-augmentation\/\">Breast augmentation<\/a>? Dr. L\u00fcdi will be happy to welcome you for a personal consultation. We look forward to your visit.<\/p>\n<p>We look forward to your visit to our clinic in Basel.<\/p>\n\t\t\t<a href=\"https:\/\/booking.epat.ch\/goldenschnitt\/booking\" target=\"_blank\" rel=\"noopener\" role=\"button\" aria-label=\"Book consultation appointment\">\n\t\t\t\t\t\t\tBook consultation appointment\n\t\t<\/a>","protected":false},"excerpt":{"rendered":"<p>Basel, December 11, 2023 When selecting implants for breast augmentation, it is important to consider your individual anatomy. Depending on the width of your existing breast, the shape of your chest, the distribution of your own breast tissue and the consistency of the tissue, the appropriate shape and size of the implants will be carefully selected together with you. As part of [...]<\/p>","protected":false},"author":4,"featured_media":1585,"parent":0,"menu_order":0,"comment_status":"closed","ping_status":"closed","template":"","meta":{"_seopress_robots_primary_cat":"","_seopress_titles_title":"Brustvergr\u00f6sserung - Wie finde ich die geeignete Brustimplantatgr\u00f6sse f\u00fcr mich? | Journal 11. Dezember 2023 | Dr. Simona L\u00fcdi | Basel","_seopress_titles_desc":"Frau Dr. Simona L\u00fcdi ber\u00e4t Sie als Plastische Chirurgin gerne bez\u00fcglich Brustvergr\u00f6sserung und Auswahl der geeigneten Brustimplantate in ihrer Klinik in Basel.","_seopress_robots_index":"","inline_featured_image":false,"site-sidebar-layout":"default","site-content-layout":"","ast-site-content-layout":"default","site-content-style":"default","site-sidebar-style":"default","ast-global-header-display":"","ast-banner-title-visibility":"","ast-main-header-display":"","ast-hfb-above-header-display":"","ast-hfb-below-header-display":"","ast-hfb-mobile-header-display":"","site-post-title":"","ast-breadcrumbs-content":"","ast-featured-img":"","footer-sml-layout":"","theme-transparent-header-meta":"","adv-header-id-meta":"","stick-header-meta":"","header-above-stick-meta":"","header-main-stick-meta":"","header-below-stick-meta":"","astra-migrate-meta-layouts":"set","ast-page-background-enabled":"default","ast-page-background-meta":{"desktop":{"background-color":"var(--ast-global-color-4)","background-image":"","background-repeat":"repeat","background-position":"center center","background-size":"auto","background-attachment":"scroll","background-type":"","background-media":"","overlay-type":"","overlay-color":"","overlay-opacity":"","overlay-gradient":""},"tablet":{"background-color":"","background-image":"","background-repeat":"repeat","background-position":"center center","background-size":"auto","background-attachment":"scroll","background-type":"","background-media":"","overlay-type":"","overlay-color":"","overlay-opacity":"","overlay-gradient":""},"mobile":{"background-color":"","background-image":"","background-repeat":"repeat","background-position":"center center","background-size":"auto","background-attachment":"scroll","background-type":"","background-media":"","overlay-type":"","overlay-color":"","overlay-opacity":"","overlay-gradient":""}},"ast-content-background-meta":{"desktop":{"background-color":"var(--ast-global-color-5)","background-image":"","background-repeat":"repeat","background-position":"center center","background-size":"auto","background-attachment":"scroll","background-type":"","background-media":"","overlay-type":"","overlay-color":"","overlay-opacity":"","overlay-gradient":""},"tablet":{"background-color":"var(--ast-global-color-5)","background-image":"","background-repeat":"repeat","background-position":"center center","background-size":"auto","background-attachment":"scroll","background-type":"","background-media":"","overlay-type":"","overlay-color":"","overlay-opacity":"","overlay-gradient":""},"mobile":{"background-color":"var(--ast-global-color-5)","background-image":"","background-repeat":"repeat","background-position":"center center","background-size":"auto","background-attachment":"scroll","background-type":"","background-media":"","overlay-type":"","overlay-color":"","overlay-opacity":"","overlay-gradient":""}},"footnotes":""},"class_list":["post-1255","page","type-page","status-publish","has-post-thumbnail"],"_links":{"self":[{"href":"https:\/\/www.zumgoldenenschnitt.ch\/en\/wp-json\/wp\/v2\/pages\/1255","targetHints":{"allow":["GET"]}}],"collection":[{"href":"https:\/\/www.zumgoldenenschnitt.ch\/en\/wp-json\/wp\/v2\/pages"}],"about":[{"href":"https:\/\/www.zumgoldenenschnitt.ch\/en\/wp-json\/wp\/v2\/types\/page"}],"author":[{"embeddable":true,"href":"https:\/\/www.zumgoldenenschnitt.ch\/en\/wp-json\/wp\/v2\/users\/4"}],"replies":[{"embeddable":true,"href":"https:\/\/www.zumgoldenenschnitt.ch\/en\/wp-json\/wp\/v2\/comments?post=1255"}],"version-history":[{"count":4,"href":"https:\/\/www.zumgoldenenschnitt.ch\/en\/wp-json\/wp\/v2\/pages\/1255\/revisions"}],"predecessor-version":[{"id":1844,"href":"https:\/\/www.zumgoldenenschnitt.ch\/en\/wp-json\/wp\/v2\/pages\/1255\/revisions\/1844"}],"wp:featuredmedia":[{"embeddable":true,"href":"https:\/\/www.zumgoldenenschnitt.ch\/en\/wp-json\/wp\/v2\/media\/1585"}],"wp:attachment":[{"href":"https:\/\/www.zumgoldenenschnitt.ch\/en\/wp-json\/wp\/v2\/media?parent=1255"}],"curies":[{"name":"wp","href":"https:\/\/api.w.org\/{rel}","templated":true}]}}