{"id":1258,"date":"2023-11-27T15:33:23","date_gmt":"2023-11-27T14:33:23","guid":{"rendered":"https:\/\/www.zumgoldenenschnitt.ch\/?page_id=1258"},"modified":"2026-03-05T13:54:24","modified_gmt":"2026-03-05T12:54:24","slug":"formen-und-grossen-von-brustimplantaten","status":"publish","type":"page","link":"https:\/\/www.zumgoldenenschnitt.ch\/en\/shapes-and-sizes-of-breast-implants\/","title":{"rendered":"Shapes and sizes of breast implants"},"content":{"rendered":"<p>Basel, November 27, 2023<\/p>\n<p>With a <a href=\"https:\/\/www.zumgoldenenschnitt.ch\/en\/offer\/chest\/breast-enlargement-with-implants-mammary-augmentation\/\">Breast augmentation with implants<\/a> silicone implants are almost exclusively used today. These breast implants consist of an outer silicone shell filled with viscous silicone. Breast implants are available in various sizes, shapes and surfaces (smooth, nanotextured or textured).<\/p>\n<p>The size of the implants depends on their width and profile (low, medium, high, extra high). The width or diameter of the implant is the most important factor in selecting the ideal breast implant size. It is important to measure the breast and ribcage precisely during the consultation in order to determine the ideal breast implant for your body. It is particularly important to ensure that the chosen implant size matches the anatomical features of your body, such as the width of your ribcage.<\/p>\n\t\t\t\t<img loading=\"lazy\" decoding=\"async\" src=\"https:\/\/www.zumgoldenenschnitt.ch\/wp-content\/uploads\/2023\/09\/journal-brustimplantate-entfernen-oder-wechseln.jpg\" alt=\"remove or change journal breast implants\" itemprop=\"image\" height=\"1000\" width=\"1000\" title=\"Journal Removing or changing breast implants\" onerror=\"this.style.display='none'\"  \/>\n\t<p>In terms of shape, a distinction is made between round, anatomical and, more recently, ergonomic implants. Anatomical, i.e. teardrop-shaped implants are characterized by the fact that the main volume is located in the lower part of the implant, so that this shape prevents excessive emphasis in the upper part of the breast. In contrast, round implants achieve more volume in the upper breast area and therefore a fuller d\u00e9collet\u00e9. The third and most modern form is the so-called ergonomic implant (Motive Ergonomix\u00ae). Ergonomic implants - such as those frequently used by Dr. Simona L\u00fcdi - are designed to behave like real breast tissue. These implants adapt to gravity and the movements of the body by assuming a teardrop shape when standing and a round shape when lying down. This allows particularly natural results to be achieved.<\/p>\n<p>During the consultation, Dr. Simona L\u00fcdi will be happy to show you the various implants so that you can feel them.<\/p>\n\t\t\t<a href=\"https:\/\/booking.epat.ch\/goldenschnitt\/booking\" target=\"_blank\" rel=\"noopener\" role=\"button\" aria-label=\"Book consultation appointment\">\n\t\t\t\t\t\t\tBook consultation appointment\n\t\t<\/a>","protected":false},"excerpt":{"rendered":"<p>Basel, November 27, 2023 Nowadays, silicone implants are almost exclusively used for breast augmentation with implants. These breast implants consist of an outer silicone shell filled with viscous silicone. Breast implants are available in various sizes, shapes and surfaces (smooth, nanotextured or textured). The size of the implants depends on their width and profile (low, medium, [...]<\/p>","protected":false},"author":4,"featured_media":1585,"parent":0,"menu_order":0,"comment_status":"closed","ping_status":"closed","template":"","meta":{"_seopress_robots_primary_cat":"","_seopress_titles_title":"Formen und Gr\u00f6ssen von Brustimplantaten | Journal 27. November 2023 | Dr. Simona L\u00fcdi | Basel","_seopress_titles_desc":"Welche verschiedenen Formen und Gr\u00f6ssen von Brustimplantaten gibt es? Mehr Informationen zum Thema Brustvergr\u00f6sserung und Implantate lesen Sie in unserem Journal-Beitrag direkt aus Basel.","_seopress_robots_index":"","inline_featured_image":false,"site-sidebar-layout":"default","site-content-layout":"","ast-site-content-layout":"default","site-content-style":"default","site-sidebar-style":"default","ast-global-header-display":"","ast-banner-title-visibility":"","ast-main-header-display":"","ast-hfb-above-header-display":"","ast-hfb-below-header-display":"","ast-hfb-mobile-header-display":"","site-post-title":"","ast-breadcrumbs-content":"","ast-featured-img":"","footer-sml-layout":"","theme-transparent-header-meta":"","adv-header-id-meta":"","stick-header-meta":"","header-above-stick-meta":"","header-main-stick-meta":"","header-below-stick-meta":"","astra-migrate-meta-layouts":"set","ast-page-background-enabled":"default","ast-page-background-meta":{"desktop":{"background-color":"var(--ast-global-color-4)","background-image":"","background-repeat":"repeat","background-position":"center center","background-size":"auto","background-attachment":"scroll","background-type":"","background-media":"","overlay-type":"","overlay-color":"","overlay-opacity":"","overlay-gradient":""},"tablet":{"background-color":"","background-image":"","background-repeat":"repeat","background-position":"center center","background-size":"auto","background-attachment":"scroll","background-type":"","background-media":"","overlay-type":"","overlay-color":"","overlay-opacity":"","overlay-gradient":""},"mobile":{"background-color":"","background-image":"","background-repeat":"repeat","background-position":"center center","background-size":"auto","background-attachment":"scroll","background-type":"","background-media":"","overlay-type":"","overlay-color":"","overlay-opacity":"","overlay-gradient":""}},"ast-content-background-meta":{"desktop":{"background-color":"var(--ast-global-color-5)","background-image":"","background-repeat":"repeat","background-position":"center center","background-size":"auto","background-attachment":"scroll","background-type":"","background-media":"","overlay-type":"","overlay-color":"","overlay-opacity":"","overlay-gradient":""},"tablet":{"background-color":"var(--ast-global-color-5)","background-image":"","background-repeat":"repeat","background-position":"center center","background-size":"auto","background-attachment":"scroll","background-type":"","background-media":"","overlay-type":"","overlay-color":"","overlay-opacity":"","overlay-gradient":""},"mobile":{"background-color":"var(--ast-global-color-5)","background-image":"","background-repeat":"repeat","background-position":"center center","background-size":"auto","background-attachment":"scroll","background-type":"","background-media":"","overlay-type":"","overlay-color":"","overlay-opacity":"","overlay-gradient":""}},"footnotes":""},"class_list":["post-1258","page","type-page","status-publish","has-post-thumbnail"],"_links":{"self":[{"href":"https:\/\/www.zumgoldenenschnitt.ch\/en\/wp-json\/wp\/v2\/pages\/1258","targetHints":{"allow":["GET"]}}],"collection":[{"href":"https:\/\/www.zumgoldenenschnitt.ch\/en\/wp-json\/wp\/v2\/pages"}],"about":[{"href":"https:\/\/www.zumgoldenenschnitt.ch\/en\/wp-json\/wp\/v2\/types\/page"}],"author":[{"embeddable":true,"href":"https:\/\/www.zumgoldenenschnitt.ch\/en\/wp-json\/wp\/v2\/users\/4"}],"replies":[{"embeddable":true,"href":"https:\/\/www.zumgoldenenschnitt.ch\/en\/wp-json\/wp\/v2\/comments?post=1258"}],"version-history":[{"count":4,"href":"https:\/\/www.zumgoldenenschnitt.ch\/en\/wp-json\/wp\/v2\/pages\/1258\/revisions"}],"predecessor-version":[{"id":1847,"href":"https:\/\/www.zumgoldenenschnitt.ch\/en\/wp-json\/wp\/v2\/pages\/1258\/revisions\/1847"}],"wp:featuredmedia":[{"embeddable":true,"href":"https:\/\/www.zumgoldenenschnitt.ch\/en\/wp-json\/wp\/v2\/media\/1585"}],"wp:attachment":[{"href":"https:\/\/www.zumgoldenenschnitt.ch\/en\/wp-json\/wp\/v2\/media?parent=1258"}],"curies":[{"name":"wp","href":"https:\/\/api.w.org\/{rel}","templated":true}]}}