{"id":2062,"date":"2025-06-01T18:18:20","date_gmt":"2025-06-01T16:18:20","guid":{"rendered":"https:\/\/www.zumgoldenenschnitt.ch\/?page_id=2062"},"modified":"2026-02-26T13:58:32","modified_gmt":"2026-02-26T12:58:32","slug":"botox-migraene","status":"publish","type":"page","link":"https:\/\/www.zumgoldenenschnitt.ch\/en\/offer\/botulinum-hyaluron-en\/botox-migraine\/","title":{"rendered":"Botox | Botulinum for migraines"},"content":{"rendered":"<p>Do you suffer from chronic migraines and severe headaches? Treatment with Botox (botulinum toxin) has established itself as an effective method of providing relief for migraine sufferers. Originally developed to treat spastic muscles, Botox can now be a valuable addition to migraine therapy after careful diagnosis.<\/p>\n\t\t\t\t<img loading=\"lazy\" decoding=\"async\" src=\"https:\/\/www.zumgoldenenschnitt.ch\/wp-content\/uploads\/2023\/02\/7-botulinum-en-info.svg\" alt=\"7 botulinum info\" itemprop=\"image\" height=\"1000\" width=\"1000\" title=\"7-botulinum-infos\" onerror=\"this.style.display='none'\"  \/>\n\t\t\t\t<img loading=\"lazy\" decoding=\"async\" src=\"https:\/\/www.zumgoldenenschnitt.ch\/wp-content\/uploads\/2023\/09\/journal-botulinum.jpg\" alt=\"journal botulinum\" itemprop=\"image\" height=\"1000\" width=\"1000\" title=\"Journal Botulinum\" onerror=\"this.style.display='none'\"  \/>\n\t<p>Migraine attacks are often accompanied by severe tension in the muscles of the shoulders, neck, throat and face. This tension can affect blood circulation, which can lead to a lack of oxygen - a cause of the typical severe headaches, often accompanied by nausea and sensitivity to light and sound. Botulinum toxin works by inhibiting the release of the neurotransmitter acetylcholine, which is responsible for muscle activation. This reduces muscle tension during a migraine attack. It is also believed that botulinum can prevent the transmission of pain signals.\u00a0<\/p>\n<p>Targeted injections of botulinum toxin into the affected muscle areas, mainly in the face, head and neck, can often significantly reduce the frequency of migraine attacks and the severity of headaches. Many patients also report a reduced need for painkillers.<\/p>\n<p>The treatment usually involves several injections into different muscle groups and is typically repeated every 3 to 4 months. The effect usually lasts for 3 to 6 months, but can be prolonged after repeated treatments. In order to achieve optimal results and prevent unwanted side effects, you should avoid sport and sauna for two days after botulinum treatment.<\/p>\n<h2>Costs of Botox treatment for migraines<\/h2>\n<p>The cost of a botulinum toxin treatment for migraines starts from CHF 800 and varies depending on the number of areas to be treated.<\/p>\n<h2>Frequently asked questions<\/h2>\n\t\t\t\t\t\t\t\t\t\t<h3 tabindex=\"0\">What can you do against headaches or migraines?<\/h3>\n\t\t\t\t\t<p>Treatment with Botox \/ botulinum is a treatment option for headaches or migraines. Depending on the symptoms and localization of tension, different areas in the head, neck and shoulder area are treated with botulinum toxin. Dr. L\u00fcdi will be happy to advise you individually as to which areas should be treated.<\/p>\n\t\t\t\t\t\t\t\t\t\t<h3 tabindex=\"0\">How long does the effect of a migraine treatment with botulinum last?<\/h3>\n\t\t\t\t\t<p>The duration of effect varies from person to person, but generally lasts 3 to 6 months. After repeated treatments, a longer duration of effect can sometimes be observed.<\/p>\n\t\t\t\t\t\t\t\t\t\t<h3 tabindex=\"0\">Can a migraine treatment with botulinum be repeated?<\/h3>\n\t\t\t\t\t<p>Yes, as soon as the botulinum toxin effect wears off, the treatment can be repeated.<\/p>\n\t\t\t\t\t\t\t\t\t\t<h3 tabindex=\"0\">What needs to be considered after a migraine treatment with botulinum?<\/h3>\n\t\t\t\t\t<p>For optimal results, you should avoid sports and sauna for 2 days after the botulinum treatment.<\/p>\n\t<p>Dr. Simona L\u00fcdi will be happy to advise you personally at our Zum Goldenen Schnitt clinic in Basel to help you determine the most suitable treatment zones for you and effectively alleviate your symptoms. Arrange your personal consultation now.<\/p>\n\t\t\t<a href=\"https:\/\/booking.epat.ch\/goldenschnitt\/booking\" title=\"Click here\" target=\"_blank\" rel=\"noopener\"  role=\"button\" aria-label=\"Book consultation appointment\">\n\t\t\t\t\t\t\tBook consultation appointment\n\t\t<\/a>","protected":false},"excerpt":{"rendered":"<p>Do you suffer from chronic migraines and severe headaches? Treatment with Botox (botulinum toxin) has established itself as an effective method of providing relief for migraine sufferers. Originally developed to treat spastic muscles, Botox can now be a valuable addition to migraine therapy after careful diagnosis. Migraine attacks are often accompanied by severe tension in the muscles of the shoulders, [...]<\/p>","protected":false},"author":4,"featured_media":0,"parent":544,"menu_order":0,"comment_status":"closed","ping_status":"closed","template":"","meta":{"_seopress_robots_primary_cat":"","_seopress_titles_title":"Botox \/ Botulinum gegen Migr\u00e4ne | Dr. Simona L\u00fcdi | Basel","_seopress_titles_desc":"Botox \/ Botulinum gegen Migr\u00e4ne - effektive Behandlung bei Kopfschmerzen und Migr\u00e4ne. Frau Dr. Simona L\u00fcdi ber\u00e4t Sie gerne in unserer Klinik in Basel.","_seopress_robots_index":"","inline_featured_image":false,"site-sidebar-layout":"default","site-content-layout":"","ast-site-content-layout":"default","site-content-style":"default","site-sidebar-style":"default","ast-global-header-display":"","ast-banner-title-visibility":"","ast-main-header-display":"","ast-hfb-above-header-display":"","ast-hfb-below-header-display":"","ast-hfb-mobile-header-display":"","site-post-title":"","ast-breadcrumbs-content":"","ast-featured-img":"","footer-sml-layout":"","theme-transparent-header-meta":"","adv-header-id-meta":"","stick-header-meta":"","header-above-stick-meta":"","header-main-stick-meta":"","header-below-stick-meta":"","astra-migrate-meta-layouts":"set","ast-page-background-enabled":"default","ast-page-background-meta":{"desktop":{"background-color":"var(--ast-global-color-4)","background-image":"","background-repeat":"repeat","background-position":"center center","background-size":"auto","background-attachment":"scroll","background-type":"","background-media":"","overlay-type":"","overlay-color":"","overlay-opacity":"","overlay-gradient":""},"tablet":{"background-color":"","background-image":"","background-repeat":"repeat","background-position":"center center","background-size":"auto","background-attachment":"scroll","background-type":"","background-media":"","overlay-type":"","overlay-color":"","overlay-opacity":"","overlay-gradient":""},"mobile":{"background-color":"","background-image":"","background-repeat":"repeat","background-position":"center center","background-size":"auto","background-attachment":"scroll","background-type":"","background-media":"","overlay-type":"","overlay-color":"","overlay-opacity":"","overlay-gradient":""}},"ast-content-background-meta":{"desktop":{"background-color":"var(--ast-global-color-5)","background-image":"","background-repeat":"repeat","background-position":"center center","background-size":"auto","background-attachment":"scroll","background-type":"","background-media":"","overlay-type":"","overlay-color":"","overlay-opacity":"","overlay-gradient":""},"tablet":{"background-color":"var(--ast-global-color-5)","background-image":"","background-repeat":"repeat","background-position":"center center","background-size":"auto","background-attachment":"scroll","background-type":"","background-media":"","overlay-type":"","overlay-color":"","overlay-opacity":"","overlay-gradient":""},"mobile":{"background-color":"var(--ast-global-color-5)","background-image":"","background-repeat":"repeat","background-position":"center center","background-size":"auto","background-attachment":"scroll","background-type":"","background-media":"","overlay-type":"","overlay-color":"","overlay-opacity":"","overlay-gradient":""}},"footnotes":""},"class_list":["post-2062","page","type-page","status-publish"],"_links":{"self":[{"href":"https:\/\/www.zumgoldenenschnitt.ch\/en\/wp-json\/wp\/v2\/pages\/2062","targetHints":{"allow":["GET"]}}],"collection":[{"href":"https:\/\/www.zumgoldenenschnitt.ch\/en\/wp-json\/wp\/v2\/pages"}],"about":[{"href":"https:\/\/www.zumgoldenenschnitt.ch\/en\/wp-json\/wp\/v2\/types\/page"}],"author":[{"embeddable":true,"href":"https:\/\/www.zumgoldenenschnitt.ch\/en\/wp-json\/wp\/v2\/users\/4"}],"replies":[{"embeddable":true,"href":"https:\/\/www.zumgoldenenschnitt.ch\/en\/wp-json\/wp\/v2\/comments?post=2062"}],"version-history":[{"count":4,"href":"https:\/\/www.zumgoldenenschnitt.ch\/en\/wp-json\/wp\/v2\/pages\/2062\/revisions"}],"predecessor-version":[{"id":2143,"href":"https:\/\/www.zumgoldenenschnitt.ch\/en\/wp-json\/wp\/v2\/pages\/2062\/revisions\/2143"}],"up":[{"embeddable":true,"href":"https:\/\/www.zumgoldenenschnitt.ch\/en\/wp-json\/wp\/v2\/pages\/544"}],"wp:attachment":[{"href":"https:\/\/www.zumgoldenenschnitt.ch\/en\/wp-json\/wp\/v2\/media?parent=2062"}],"curies":[{"name":"wp","href":"https:\/\/api.w.org\/{rel}","templated":true}]}}