{"id":2078,"date":"2025-06-01T17:55:29","date_gmt":"2025-06-01T15:55:29","guid":{"rendered":"https:\/\/www.zumgoldenenschnitt.ch\/?page_id=2078"},"modified":"2026-02-26T14:04:33","modified_gmt":"2026-02-26T13:04:33","slug":"brustvergroesserung-preserve","status":"publish","type":"page","link":"https:\/\/www.zumgoldenenschnitt.ch\/en\/offer\/chest\/breast-enhancement-preserve\/","title":{"rendered":"Tissue-sparing breast augmentation with Preserv\u00e9\u2122"},"content":{"rendered":"<p>If you would like a change to your breasts that blends in harmoniously with your natural appearance and at the same time allows you to return to your everyday life quickly, we offer you various innovative solutions for breast augmentation at the Zum Goldenen Schnitt clinic in Basel.<\/p>\n<p>This includes tissue-sparing breast augmentation with Motiva Preserv\u00e9\u2122. As one of the first clinics in Switzerland, we are delighted to be able to offer you this innovative technique.  We will be happy to assist you on your way to a natural breast augmentation in Switzerland.<\/p>\n<p>Every woman and every desire for breast augmentation is individual. That's why we offer you a customized and individual solution for a natural breast augmentation in Basel. In addition to the innovative Preserv\u00e9\u2122 method, we are also one of three exclusive clinics in Switzerland to offer the unique <a href=\"https:\/\/www.zumgoldenenschnitt.ch\/en\/offer\/chest\/breast-enhancement-mia-femtech\/\">Mia Femtech\u2122 technology<\/a> but also the <a href=\"https:\/\/www.zumgoldenenschnitt.ch\/en\/offer\/chest\/breast-enlargement-with-implants-mammary-augmentation\/\">Classic breast augmentation<\/a>. Dr. L\u00fcdi will work with you to choose the most suitable method for you, which perfectly matches your anatomical conditions, your aesthetic wishes and your lifestyle.<\/p>\n\t\t\t\t<img loading=\"lazy\" decoding=\"async\" src=\"https:\/\/www.zumgoldenenschnitt.ch\/wp-content\/uploads\/2025\/05\/preserve-das-wichtigste-in-kuerze-englisch.svg\" alt=\"preserv\u00e9 the most important in a nutshell\" itemprop=\"image\" height=\"1000\" width=\"1000\" title=\"Preserv\u00e9 The most important facts in brief\" onerror=\"this.style.display='none'\"  \/>\n\t\t\t\t<img loading=\"lazy\" decoding=\"async\" src=\"https:\/\/www.zumgoldenenschnitt.ch\/wp-content\/uploads\/2025\/05\/1-brustvergroesserung-mia-femtech-schweiz-basel-dr.-simona-luedi-800x800.jpg\" alt=\"1 breast augmentation mia femtech switzerland basel dr. simona l\u00fcdi\" itemprop=\"image\" height=\"800\" width=\"800\" title=\"1 Breast augmentation Mia Femtech Switzerland Basel Dr. Simona L\u00fcdi\" onerror=\"this.style.display='none'\"  \/>\n\t<h2>The Preserv\u00e9\u2122 technique<\/h2>\n<p>Preserv\u00e9\u2122 is a special, minimally invasive procedure for tissue-sparing breast augmentation. It was developed to cause as little damage as possible to the natural breast tissue and to preserve important structures such as breast ligaments, nerves and blood vessels. Instead of cutting through tissue, it is gently stretched using a special balloon to form a precise pocket for the implant. The Preserv\u00e9\u2122 technique uses soft Motiva Ergonomix2\u00ae implants, which are inserted using the no-touch technique to minimize direct skin contact and the risk of infection.<\/p>\n\t<h2>Your benefits from breast augmentation with Preserv\u00e9\u2122<\/h2>\n\t\t\t\t<img loading=\"lazy\" decoding=\"async\" src=\"https:\/\/www.zumgoldenenschnitt.ch\/wp-content\/uploads\/2025\/06\/1-preserve-vorteil-natural-look-and-feel.svg\" alt=\"Natural Look and feel - The Motiva Ergonomix2 silicone implants used are particularly soft and adapt perfectly to the movements of your body.\" itemprop=\"image\" height=\"1000\" width=\"1000\" title=\"Natural Look and feel\" onerror=\"this.style.display='none'\"  \/>\n\t\t\t\t<img loading=\"lazy\" decoding=\"async\" src=\"https:\/\/www.zumgoldenenschnitt.ch\/wp-content\/uploads\/2025\/06\/2-preserve-vorteil-tissue-preservation.svg\" alt=\"Tissue Preservation \u2013 Protects breast tissue\" itemprop=\"image\" height=\"1000\" width=\"1000\" title=\"Tissue Preservation\" onerror=\"this.style.display='none'\"  \/>\n\t\t\t\t<img loading=\"lazy\" decoding=\"async\" src=\"https:\/\/www.zumgoldenenschnitt.ch\/wp-content\/uploads\/2025\/06\/3-preserve-vorteile-no-general-anesthesia.svg\" alt=\"No general anesthesia\" itemprop=\"image\" height=\"1000\" width=\"1000\" title=\"No general anesthesia\" onerror=\"this.style.display='none'\"  \/>\n\t\t\t\t<img loading=\"lazy\" decoding=\"async\" src=\"https:\/\/www.zumgoldenenschnitt.ch\/wp-content\/uploads\/2025\/06\/4-preserve-vorteile-quick-recovery.svg\" alt=\"quick recovery\" itemprop=\"image\" height=\"1000\" width=\"1000\" title=\"quick recovery\" onerror=\"this.style.display='none'\"  \/>\n\t\t\t\t<img loading=\"lazy\" decoding=\"async\" src=\"https:\/\/www.zumgoldenenschnitt.ch\/wp-content\/uploads\/2025\/06\/5-preserve-vorteile-minimal-scars.svg\" alt=\"minimal scars - Switzerland Basel\" itemprop=\"image\" height=\"1000\" width=\"1000\" title=\"minimal scars - Switzerland Basel\" onerror=\"this.style.display='none'\"  \/>\n\t\t\t\t<img loading=\"lazy\" decoding=\"async\" src=\"https:\/\/www.zumgoldenenschnitt.ch\/wp-content\/uploads\/2025\/06\/6-preserve-vorteile-safe-implants.svg\" alt=\"safe implants\" itemprop=\"image\" height=\"1000\" width=\"1000\" title=\"safe implants\" onerror=\"this.style.display='none'\"  \/>\n\t\t\t\t<img loading=\"lazy\" decoding=\"async\" src=\"https:\/\/www.zumgoldenenschnitt.ch\/wp-content\/uploads\/2025\/06\/7-preserve-vorteile-warranty.svg\" alt=\"Preserve\u0301 warranty\" itemprop=\"image\" height=\"1000\" width=\"1000\" title=\"Preserve\u0301 warranty\" onerror=\"this.style.display='none'\"  \/>\n\t<h2>Procedure for breast augmentation with Preserv\u00e9\u2122 in Switzerland<\/h2>\n<strong>Detailed advice<br \/>\n<\/strong>During a personal consultation, Dr. L\u00fcdi takes the time to understand your wishes and ideas in detail, analyzes your anatomical conditions and provides you with comprehensive information about the procedure and the possible results. Using modern <a href=\"https:\/\/www.zumgoldenenschnitt.ch\/en\/offer\/chest\/3d-simulation-crisalix\/\">3D simulations (Crisalix)<\/a> the desired result can be visualized. We will also discuss whether Preserv\u00e9\u2122 is the right method for you or whether another technique (for example <a href=\"https:\/\/www.zumgoldenenschnitt.ch\/en\/offer\/chest\/breast-enhancement-mia-femtech\/\">Mia Femtech\u2122<\/a>a <a href=\"https:\/\/www.zumgoldenenschnitt.ch\/en\/offer\/chest\/breast-enlargement-with-implants-mammary-augmentation\/\">Classic breast augmentation<\/a> or a gentle <a href=\"https:\/\/www.zumgoldenenschnitt.ch\/en\/offer\/chest\/breast-enlargement-with-own-fat\/\">Breast augmentation with own fat<\/a>) is more suitable for you. Dr. L\u00fcdi specializes in breast surgery and offers the entire spectrum of different techniques and procedures.\n<strong>The operation<br \/>\n<\/strong>The operation is performed on an outpatient basis under local anesthesia in twilight sleep or, if desired, under general anesthesia. A very small incision (approx. 2.5 cm) is made in the underbust crease to gently prepare the space for the implant using a balloon, which only stretches the tissue and does not cut it sharply. The implant is then placed in front of the pectoral muscle using the no-touch technique. This innovative, gentle and precise technique preserves important breast ligaments and spares the mammary gland tissue, enabling rapid and painless healing.\n<p><strong>Recovery and aftercare<\/strong>After a short recovery period in one of our patient rooms with a view of the Rhine and care from our clinic team, you can return home. Most patients are able to resume their normal daily routine just a few days later and are also able to return to work. There is usually very little pain. A supportive bra is worn for the first 6 weeks after the operation. Exercise can be resumed as early as 3 weeks after the operation, which is significantly faster than with traditional breast augmentation techniques.<\/p>\n\t<meta itemprop=\"url\" content=\"https:\/\/www.zumgoldenenschnitt.ch\/wp-content\/uploads\/2025\/05\/imagevideo-brustvergroesserung-preserve-motiva-schweiz-basel.mp4\" \/><div style=\"width: 640px;\" class=\"wp-video\"><video class=\"wp-video-shortcode\" id=\"video-2078-1\" width=\"640\" height=\"360\" poster=\"https:\/\/www.zumgoldenenschnitt.ch\/wp-content\/uploads\/2025\/06\/preserve-startbild-video-scaled.jpg\" preload=\"none\" controls=\"controls\"><source type=\"video\/mp4\" src=\"https:\/\/www.zumgoldenenschnitt.ch\/wp-content\/uploads\/2025\/05\/imagevideo-brustvergroesserung-preserve-motiva-schweiz-basel.mp4?_=1\" \/><a href=\"https:\/\/www.zumgoldenenschnitt.ch\/wp-content\/uploads\/2025\/05\/imagevideo-brustvergroesserung-preserve-motiva-schweiz-basel.mp4\">https:\/\/www.zumgoldenenschnitt.ch\/wp-content\/uploads\/2025\/05\/imagevideo-brustvergroesserung-preserve-motiva-schweiz-basel.mp4<\/a><\/video><\/div>\n\t<h2>Is Preserv\u00e9\u2122 suitable for me?<\/h2>\n<p>The Preserv\u00e9\u2122 method is ideal for women who want a natural breast augmentation. It is ideal if you value minimally invasive procedures, short downtimes, the smallest possible scars and a procedure without general anesthesia.  The Preserv\u00e9\u2122 method can also be used to compensate for breast asymmetry or to restore breast shape in cases of volume loss and sagging, e.g. after pregnancy or weight loss.<\/p>\n\t<h2>Preserv\u00e9\u2122, Mia Femtech\u2122 or classic breast augmentation?<\/h2>\n<p>At the Zum Goldenen Schnitt clinic, we are one of only three exclusive clinics in Switzerland to offer all three leading methods of breast augmentation: the <a href=\"https:\/\/www.zumgoldenenschnitt.ch\/en\/offer\/chest\/breast-enlargement-with-implants-mammary-augmentation\/\">Classic breast augmentation<\/a>which <a href=\"https:\/\/www.zumgoldenenschnitt.ch\/en\/offer\/chest\/breast-enhancement-mia-femtech\/\">Mia Femtech technology<\/a> and the Preserv\u00e9\u2122 method. Each method has its own special features and advantages and is suitable for different needs and anatomical conditions.\u00a0<\/p>\n<strong><a href=\"https:\/\/www.zumgoldenenschnitt.ch\/en\/offer\/chest\/breast-enlargement-with-implants-mammary-augmentation\/\">Classic breast augmentation<\/a><br \/>\n<\/strong>With the classic method, more extensive tissue removal is often necessary to create space for the implant. Depending on the indication, the implant is placed below or above the pectoral muscle. With this less tissue-sparing technique, the healing time is generally longer compared to the Preserv\u00e9\u2122 method or Mia Femtech\u2122 technique and the operation carries potentially higher risks of complications and loss of nipple sensation. The <a href=\"https:\/\/www.zumgoldenenschnitt.ch\/en\/offer\/chest\/breast-enlargement-with-implants-mammary-augmentation\/\">Classic breast augmentation<\/a> is usually performed under general anesthesia and leaves larger scars due to the more extensive tissue dissection.\n<strong><a href=\"https:\/\/www.zumgoldenenschnitt.ch\/en\/offer\/chest\/breast-enhancement-mia-femtech\/\">Mia Femtech<b>\u2122<\/b><\/a><br \/>\n<\/strong>Breast harmonization with Mia Femtech\u2122 uses similar instruments to Preserv\u00e9\u2122 and the technique is also minimally invasive with minimal scarring. The main difference lies in the approach: with Mia\u00ae the incision is made in the armpit, whereas with Preserv\u00e9\u2122 the incision is made in the underbust crease. Mia uses specially shaped, diamond-shaped Motiva Ergonomix2\u00ae implants and usually only allows a moderate enlargement of 1 to 2 cup sizes, i.e. often less volume than is possible with Preserv\u00e9\u2122. A major advantage of <a href=\"https:\/\/www.zumgoldenenschnitt.ch\/en\/offer\/chest\/breast-enhancement-mia-femtech\/\">Mia\u00ae<\/a> is the hidden scar in the axillary fold without a direct scar on the breast, the short duration of the procedure without general anesthesia and the rapid return to everyday life.\n<p><strong><b>Preserv\u00e9\u2122<\/b><\/strong>Preserv\u00e9\u2122 combines tissue protection with a minimal incision of only 2-2.5 cm in the natural underbust crease. The tissue is gently stretched rather than cut.  This results in a short recovery time (a few days for light activities, approx. 2-3 weeks for light sports) and short, barely visible scars. The procedure can be performed on an outpatient basis under local anesthesia with twilight sleep, which is gentle on your body and eliminates the risks of general anesthesia. Preserv\u00e9\u2122 allows the insertion of very soft Motiva Ergonomix2\u00ae implants, which adapt naturally to the body and movements. One advantage of Preserv\u00e9\u2122 is that even larger breast implants than with <a href=\"https:\/\/www.zumgoldenenschnitt.ch\/en\/offer\/chest\/breast-enhancement-mia-femtech\/\">Mia Femtech\u2122<\/a> can be brought in.<\/p>\n<p>The choice of method depends on your individual requirements and wishes. In a detailed consultation, Dr. L\u00fcdi will analyze your anatomy with you and discuss the advantages and disadvantages of each technique in order to find the optimal solution for you.<\/p>\n\t<h2>Cost of breast augmentation with Preserv\u00e9\u2122 in Switzerland<\/h2>\n<p>Preserv\u00e9\u2122 is a modern procedure that is currently only offered in a few clinics worldwide. The cost of a breast augmentation with Preserv\u00e9\u2122 starts from CHF 11,900 and includes the operation, implants and materials, anesthesia, special bra, follow-up checks and 24-hour patient service. The manufacturer Motiva also offers a comprehensive warranty for its Joy breast implants.(dot)<sup>\u00ae<\/sup>\u00a0(Ergonomix2<sup>\u00ae<\/sup>) to.<\/p>\n\t<h2>Arrange your personal consultation with Dr. Simona L\u00fcdi<\/h2>\n<p>Would you like to find out whether Preserv\u00e9\u2122 or one of the other breast augmentation methods is the way for you to achieve a more harmonious breast and increased self-confidence? Dr. Simona L\u00fcdi will be happy to provide you with comprehensive advice on the possibilities of this modern method. In a personal consultation, she can address your individual wishes and requirements and work with you to select the best solution for you.<\/p>\n<p>Contact us today to arrange your personal consultation.<\/p>\n\t\t\t\t<img loading=\"lazy\" decoding=\"async\" src=\"https:\/\/www.zumgoldenenschnitt.ch\/wp-content\/uploads\/2025\/05\/3-brustvergroesserung-mia-femtech-schweiz-basel-dr.-simona-luedi.jpg\" alt=\"3 breast augmentation mia femtech switzerland basel dr. simona l\u00fcdi\" itemprop=\"image\" height=\"1500\" width=\"1500\" title=\"3 Breast augmentation Mia Femtech Switzerland Basel Dr. Simona L\u00fcdi\" onerror=\"this.style.display='none'\"  \/>\n\t<h2>Frequently asked questions<\/h2>\n\t\t\t\t\t\t\t\t\t\t<h3 tabindex=\"0\">Which implants are used with Preserv\u00e9\u2122?<\/h3>\n\t\t\t\t\t<p>For breast augmentation with Preserv\u00e9\u2122, the most modern Joy.(dot)<sup>\u00ae<\/sup>-implants(Ergonomix2<sup>\u00ae<\/sup>) from the company Motiva are used. These are high-quality silicone implants that feel extremely soft and natural and adapt ergonomically to your movements.<\/p>\n\t\t\t\t\t\t\t\t\t\t<h3 tabindex=\"0\">What are the main benefits of Motiva Preserv\u00e9\u2122? <\/h3>\n\t\t\t\t\t<p>The advantages of breast augmentation with Preserv\u00e9\u2122 include a tissue-sparing technique, outpatient treatment, short surgery duration, local anesthesia with twilight sleep, small scars (approx. 2.5 cm), short recovery time, quick resumption of everyday activities, natural look and feel, and lower risks thanks to techniques such as the no-touch technique. In addition, breast tissue and muscles are preserved, which means less pain and a lower risk of sensory disturbances.<\/p>\n\t\t\t\t\t\t\t\t\t\t<h3 tabindex=\"0\">How fast is recovery after a procedure with Preserv\u00e9?<\/h3>\n\t\t\t\t\t<p>Recovery is very fast. Most patients can resume their normal daily activities and return to work within a few days.<\/p>\n\t\t\t\t\t\t\t\t\t\t<h3 tabindex=\"0\">When can I return to sport after a breast augmentation with Preserv\u00e9\u2122?<\/h3>\n\t\t\t\t\t<p>Light sporting activity in the lower limb is usually possible again just one week after the operation. As a rule, all sporting activities can be resumed 3 weeks after the operation.<\/p>\n\t\t\t\t\t\t\t\t\t\t<h3 tabindex=\"0\">Is the operation painful?<\/h3>\n\t\t\t\t\t<p>The operation is usually very painless, as Mia Femtech\u2122 is a very gentle surgical technique. If necessary, you can take mild painkillers for the first few days.<\/p>\n\t\t\t\t\t\t\t\t\t\t<h3 tabindex=\"0\">Where is the implant placed with Preserv\u00e9\u2122?<\/h3>\n\t\t\t\t\t<p>With the Preserv\u00e9\u2122 method, the implant is placed over the pectoral muscle and behind the mammary gland.<\/p>\n\t\t\t\t\t\t\t\t\t\t<h3 tabindex=\"0\">Will there be visible scars after the procedure?<\/h3>\n\t\t\t\t\t<p>The result is a very small, discreet scar of approx. 2.5 cm in the crease under the breast, which is barely visible after healing. \u00a0<\/p>\n\t\t\t\t\t\t\t\t\t\t<h3 tabindex=\"0\">Can I still breastfeed after a breast augmentation with Preserv\u00e9\u2122?<\/h3>\n\t\t\t\t\t<p>Yes, as the implants are placed behind the mammary gland and the breast tissue is not cut, breastfeeding is usually still possible.<\/p>\n\t\t\t\t\t\t\t\t\t\t<h3 tabindex=\"0\">Is Preserv\u00e9\u2122 a safe method for breast augmentation in Switzerland?<\/h3>\n\t\t\t\t\t<p>The Preserv\u00e9\u2122 method combines proven breast surgery procedures with state-of-the-art, tissue-sparing techniques. The minimally invasive breast augmentation technique, the no-touch technique, and the high-quality Motiva Ergonomix2\u00ae implants with their advanced safety technologies (such as BluSeal\u00ae and SmoothSilk\u00ae) make a significant contribution to reducing the risk of complications such as capsular fibrosis or BIA-ALCL.<\/p>\n<p>At the Zum Goldenen Schnitt clinic, we also attach great importance to the highest level of safety and patient care, so that you are in the best of hands.<\/p>\n\t\t\t\t\t\t\t\t\t\t<h3 tabindex=\"0\">Does breast augmentation with Preserv\u00e9\u2122 affect breast cancer screening?<\/h3>\n\t\t\t\t\t<p>No, the implants are placed behind the mammary gland and cancer screening examinations (palpation, ultrasound, MRI, mammography) are possible as normal.<\/p>\n\t\t\t\t\t\t\t\t\t\t<h3 tabindex=\"0\">What are the risks of breast augmentation with Preserv\u00e9\u2122?<\/h3>\n\t\t\t\t\t<p>In principle, every operation involves certain risks. However, thanks to the gentle technique, the risks are significantly reduced with the Preserv\u00e9\u2122 method. Blood loss is minimal, the no-touch technique significantly reduces the risk of infection and the smooth, biocompatible Motiva Ergonomix2\u00ae implants also significantly reduce the risk of capsular fibrosis.<\/p>\n\t\t\t\t\t\t\t\t\t\t<h3 tabindex=\"0\">How long should I wait after pregnancy before having a breast augmentation with Preserv\u00e9\u2122?<\/h3>\n\t\t\t\t\t<p>The female breast changes during pregnancy and breastfeeding. For optimal results, we recommend waiting at least 6 months after weaning before having a breast augmentation so that the breast can recover from the physical changes. Dr. L\u00fcdi will be happy to advise you personally at our clinic in Basel when the best time is.<\/p>\n\t<p>Simona L\u00fcdi, MD, will be happy to welcome you for a personal consultation for breast augmentation at our clinic in Basel. We look forward to seeing you.<\/p>\n\t\t\t<a href=\"https:\/\/booking.epat.ch\/goldenschnitt\/booking\" title=\"Click here\" target=\"_blank\" rel=\"noopener\"  role=\"button\" aria-label=\"Book consultation appointment\">\n\t\t\t\t\t\t\tBook consultation appointment\n\t\t<\/a>","protected":false},"excerpt":{"rendered":"<p>If you would like a change to your breasts that blends in harmoniously with your natural appearance and at the same time allows you to return to your everyday life quickly, we offer you various innovative solutions for breast augmentation at the Zum Goldenen Schnitt clinic in Basel. These include tissue-sparing breast augmentation with Motiva Preserv\u00e9\u2122. As one of the first [...]<\/p>","protected":false},"author":4,"featured_media":1585,"parent":555,"menu_order":1,"comment_status":"closed","ping_status":"closed","template":"","meta":{"_seopress_robots_primary_cat":"","_seopress_titles_title":"Schonende Brustvergr\u00f6sserung mit Preserv\u00e9\u2122 in der Schweiz | Dr. Simona L\u00fcdi | Basel","_seopress_titles_desc":"Brustvergr\u00f6sserung mit Preserv\u00e9\u2122 in der Schweiz - nat\u00fcrliche Resultate - minimale Narben - keine Vollnarkose. Frau Dr. Simona L\u00fcdi, Fach\u00e4rztin f\u00fcr Plastische & \u00c4sthetische Chirurgie, ber\u00e4t Sie gerne in ihrer Klinik in Basel.","_seopress_robots_index":"","inline_featured_image":false,"site-sidebar-layout":"default","site-content-layout":"","ast-site-content-layout":"default","site-content-style":"default","site-sidebar-style":"default","ast-global-header-display":"","ast-banner-title-visibility":"","ast-main-header-display":"","ast-hfb-above-header-display":"","ast-hfb-below-header-display":"","ast-hfb-mobile-header-display":"","site-post-title":"","ast-breadcrumbs-content":"","ast-featured-img":"","footer-sml-layout":"","theme-transparent-header-meta":"","adv-header-id-meta":"","stick-header-meta":"","header-above-stick-meta":"","header-main-stick-meta":"","header-below-stick-meta":"","astra-migrate-meta-layouts":"set","ast-page-background-enabled":"default","ast-page-background-meta":{"desktop":{"background-color":"var(--ast-global-color-4)","background-image":"","background-repeat":"repeat","background-position":"center center","background-size":"auto","background-attachment":"scroll","background-type":"","background-media":"","overlay-type":"","overlay-color":"","overlay-opacity":"","overlay-gradient":""},"tablet":{"background-color":"","background-image":"","background-repeat":"repeat","background-position":"center center","background-size":"auto","background-attachment":"scroll","background-type":"","background-media":"","overlay-type":"","overlay-color":"","overlay-opacity":"","overlay-gradient":""},"mobile":{"background-color":"","background-image":"","background-repeat":"repeat","background-position":"center center","background-size":"auto","background-attachment":"scroll","background-type":"","background-media":"","overlay-type":"","overlay-color":"","overlay-opacity":"","overlay-gradient":""}},"ast-content-background-meta":{"desktop":{"background-color":"var(--ast-global-color-5)","background-image":"","background-repeat":"repeat","background-position":"center center","background-size":"auto","background-attachment":"scroll","background-type":"","background-media":"","overlay-type":"","overlay-color":"","overlay-opacity":"","overlay-gradient":""},"tablet":{"background-color":"var(--ast-global-color-5)","background-image":"","background-repeat":"repeat","background-position":"center center","background-size":"auto","background-attachment":"scroll","background-type":"","background-media":"","overlay-type":"","overlay-color":"","overlay-opacity":"","overlay-gradient":""},"mobile":{"background-color":"var(--ast-global-color-5)","background-image":"","background-repeat":"repeat","background-position":"center center","background-size":"auto","background-attachment":"scroll","background-type":"","background-media":"","overlay-type":"","overlay-color":"","overlay-opacity":"","overlay-gradient":""}},"footnotes":""},"class_list":["post-2078","page","type-page","status-publish","has-post-thumbnail"],"_links":{"self":[{"href":"https:\/\/www.zumgoldenenschnitt.ch\/en\/wp-json\/wp\/v2\/pages\/2078","targetHints":{"allow":["GET"]}}],"collection":[{"href":"https:\/\/www.zumgoldenenschnitt.ch\/en\/wp-json\/wp\/v2\/pages"}],"about":[{"href":"https:\/\/www.zumgoldenenschnitt.ch\/en\/wp-json\/wp\/v2\/types\/page"}],"author":[{"embeddable":true,"href":"https:\/\/www.zumgoldenenschnitt.ch\/en\/wp-json\/wp\/v2\/users\/4"}],"replies":[{"embeddable":true,"href":"https:\/\/www.zumgoldenenschnitt.ch\/en\/wp-json\/wp\/v2\/comments?post=2078"}],"version-history":[{"count":10,"href":"https:\/\/www.zumgoldenenschnitt.ch\/en\/wp-json\/wp\/v2\/pages\/2078\/revisions"}],"predecessor-version":[{"id":2160,"href":"https:\/\/www.zumgoldenenschnitt.ch\/en\/wp-json\/wp\/v2\/pages\/2078\/revisions\/2160"}],"up":[{"embeddable":true,"href":"https:\/\/www.zumgoldenenschnitt.ch\/en\/wp-json\/wp\/v2\/pages\/555"}],"wp:featuredmedia":[{"embeddable":true,"href":"https:\/\/www.zumgoldenenschnitt.ch\/en\/wp-json\/wp\/v2\/media\/1585"}],"wp:attachment":[{"href":"https:\/\/www.zumgoldenenschnitt.ch\/en\/wp-json\/wp\/v2\/media?parent=2078"}],"curies":[{"name":"wp","href":"https:\/\/api.w.org\/{rel}","templated":true}]}}