{"id":540,"date":"2023-01-26T16:18:51","date_gmt":"2023-01-26T15:18:51","guid":{"rendered":"https:\/\/www.zumgoldenenschnitt.ch\/?page_id=540"},"modified":"2026-02-24T16:39:12","modified_gmt":"2026-02-24T15:39:12","slug":"faltenbehandlung","status":"publish","type":"page","link":"https:\/\/www.zumgoldenenschnitt.ch\/en\/offer\/face\/wrinkle-treatment\/","title":{"rendered":"Wrinkle treatment"},"content":{"rendered":"<p>At our clinic in Basel for plastic and aesthetic surgery, we specialize in modern procedures in aesthetic medicine. The various options for minimally invasive wrinkle treatment include wrinkle injections with <a href=\"https:\/\/www.zumgoldenenschnitt.ch\/en\/offer\/botulinum-hyaluron-en\/hyaluronic-acid\/\">Hyaluronic acid<\/a> or autologous fat, wrinkle treatments with <a href=\"https:\/\/www.zumgoldenenschnitt.ch\/en\/offer\/botulinum-hyaluron-en\/botulinum-en\/\">Botulinum<\/a>, <a href=\"https:\/\/www.zumgoldenenschnitt.ch\/en\/offer\/botulinum-hyaluron-en\/profhilo-skinbooster\/\">Skinbooster treatments<\/a> but also <a href=\"https:\/\/www.zumgoldenenschnitt.ch\/en\/offer\/face\/prp-treatment-vampire-lifting-own-blood-therapy-in-basel\/\">Autologous blood therapies (PRP)<\/a> for skin rejuvenation.<\/p>\n\t\t\t\t<img loading=\"lazy\" decoding=\"async\" src=\"https:\/\/www.zumgoldenenschnitt.ch\/wp-content\/uploads\/2023\/01\/faltenbehandlung.png\" alt=\"wrinkle treatment\" itemprop=\"image\" height=\"3086\" width=\"3086\" title=\"Wrinkle treatment\" onerror=\"this.style.display='none'\"  \/>\n\t\t\t\t<img loading=\"lazy\" decoding=\"async\" src=\"https:\/\/www.zumgoldenenschnitt.ch\/wp-content\/uploads\/2023\/01\/faltenbehandlung-basel.jpg\" alt=\"wrinkle treatment basel\" itemprop=\"image\" height=\"1000\" width=\"1000\" title=\"wrinkle treatment-basel\" onerror=\"this.style.display='none'\"  \/>\n\t<p>The spectrum of different treatment and combination options is very versatile. Simona L\u00fcdi, M.D., will be happy to advise you in her clinic in Basel and will draw up an individual treatment plan with you. We look forward to meeting you.<\/p>\n<p>Read also our Journal article <a href=\"https:\/\/www.zumgoldenenschnitt.ch\/en\/wrinkle-treatment-botulinum-or-hyaluronic-acid\/\">\"Wrinkle treatment: botulinum or hyaluronic acid?\"<\/a>.<\/p>\n\t\t\t<a href=\"https:\/\/booking.epat.ch\/goldenschnitt\/booking\" target=\"_blank\" rel=\"noopener\" role=\"button\" aria-label=\"Book consultation appointment\">\n\t\t\t\t\t\t\tBook consultation appointment\n\t\t<\/a>","protected":false},"excerpt":{"rendered":"<p>At our plastic and aesthetic surgery clinic in Basel, we specialize in modern aesthetic medicine procedures. The various options for minimally invasive wrinkle treatment include wrinkle injections with hyaluronic acid or autologous fat, wrinkle treatments with botulinum, skin booster treatments as well as autologous blood therapies (PRP) for skin rejuvenation. The range of different treatment and combination options is very diverse. Dr. med. Simona [...]<\/p>","protected":false},"author":6,"featured_media":0,"parent":164,"menu_order":0,"comment_status":"closed","ping_status":"closed","template":"","meta":{"_seopress_robots_primary_cat":"","_seopress_titles_title":"Faltenbehandlung | Klinik Zum Goldenen Schnitt | Basel","_seopress_titles_desc":"Erholtes Aussehen & nat\u00fcrliche Faltenbehandlung mit Botulinum & Hyaluron durch Frau Dr. Simona L\u00fcdi, Fach\u00e4rztin f\u00fcr Plastische & \u00c4sthetische Chirurgie in Basel.","_seopress_robots_index":"","inline_featured_image":false,"site-sidebar-layout":"default","site-content-layout":"","ast-site-content-layout":"default","site-content-style":"default","site-sidebar-style":"default","ast-global-header-display":"","ast-banner-title-visibility":"","ast-main-header-display":"","ast-hfb-above-header-display":"","ast-hfb-below-header-display":"","ast-hfb-mobile-header-display":"","site-post-title":"","ast-breadcrumbs-content":"","ast-featured-img":"","footer-sml-layout":"","theme-transparent-header-meta":"","adv-header-id-meta":"","stick-header-meta":"","header-above-stick-meta":"","header-main-stick-meta":"","header-below-stick-meta":"","astra-migrate-meta-layouts":"set","ast-page-background-enabled":"default","ast-page-background-meta":{"desktop":{"background-color":"var(--ast-global-color-4)","background-image":"","background-repeat":"repeat","background-position":"center center","background-size":"auto","background-attachment":"scroll","background-type":"","background-media":"","overlay-type":"","overlay-color":"","overlay-opacity":"","overlay-gradient":""},"tablet":{"background-color":"","background-image":"","background-repeat":"repeat","background-position":"center center","background-size":"auto","background-attachment":"scroll","background-type":"","background-media":"","overlay-type":"","overlay-color":"","overlay-opacity":"","overlay-gradient":""},"mobile":{"background-color":"","background-image":"","background-repeat":"repeat","background-position":"center center","background-size":"auto","background-attachment":"scroll","background-type":"","background-media":"","overlay-type":"","overlay-color":"","overlay-opacity":"","overlay-gradient":""}},"ast-content-background-meta":{"desktop":{"background-color":"var(--ast-global-color-5)","background-image":"","background-repeat":"repeat","background-position":"center center","background-size":"auto","background-attachment":"scroll","background-type":"","background-media":"","overlay-type":"","overlay-color":"","overlay-opacity":"","overlay-gradient":""},"tablet":{"background-color":"var(--ast-global-color-5)","background-image":"","background-repeat":"repeat","background-position":"center center","background-size":"auto","background-attachment":"scroll","background-type":"","background-media":"","overlay-type":"","overlay-color":"","overlay-opacity":"","overlay-gradient":""},"mobile":{"background-color":"var(--ast-global-color-5)","background-image":"","background-repeat":"repeat","background-position":"center center","background-size":"auto","background-attachment":"scroll","background-type":"","background-media":"","overlay-type":"","overlay-color":"","overlay-opacity":"","overlay-gradient":""}},"footnotes":""},"class_list":["post-540","page","type-page","status-publish"],"_links":{"self":[{"href":"https:\/\/www.zumgoldenenschnitt.ch\/en\/wp-json\/wp\/v2\/pages\/540","targetHints":{"allow":["GET"]}}],"collection":[{"href":"https:\/\/www.zumgoldenenschnitt.ch\/en\/wp-json\/wp\/v2\/pages"}],"about":[{"href":"https:\/\/www.zumgoldenenschnitt.ch\/en\/wp-json\/wp\/v2\/types\/page"}],"author":[{"embeddable":true,"href":"https:\/\/www.zumgoldenenschnitt.ch\/en\/wp-json\/wp\/v2\/users\/6"}],"replies":[{"embeddable":true,"href":"https:\/\/www.zumgoldenenschnitt.ch\/en\/wp-json\/wp\/v2\/comments?post=540"}],"version-history":[{"count":11,"href":"https:\/\/www.zumgoldenenschnitt.ch\/en\/wp-json\/wp\/v2\/pages\/540\/revisions"}],"predecessor-version":[{"id":2281,"href":"https:\/\/www.zumgoldenenschnitt.ch\/en\/wp-json\/wp\/v2\/pages\/540\/revisions\/2281"}],"up":[{"embeddable":true,"href":"https:\/\/www.zumgoldenenschnitt.ch\/en\/wp-json\/wp\/v2\/pages\/164"}],"wp:attachment":[{"href":"https:\/\/www.zumgoldenenschnitt.ch\/en\/wp-json\/wp\/v2\/media?parent=540"}],"curies":[{"name":"wp","href":"https:\/\/api.w.org\/{rel}","templated":true}]}}