{"id":542,"date":"2023-01-26T16:19:15","date_gmt":"2023-01-26T15:19:15","guid":{"rendered":"https:\/\/www.zumgoldenenschnitt.ch\/?page_id=542"},"modified":"2026-02-24T16:41:20","modified_gmt":"2026-02-24T15:41:20","slug":"halsverjuengung","status":"publish","type":"page","link":"https:\/\/www.zumgoldenenschnitt.ch\/en\/offer\/face\/neck-rejuvenation\/","title":{"rendered":"Neck rejuvenation"},"content":{"rendered":"<p>Until now, the saying has been, \"The neck reveals your true age.\" Already at an early age, the skin in the neck area loses elasticity, fine wrinkles and deeper transverse furrows appear. Thanks to modern and versatile treatment options in aesthetic medicine, however, it is not necessary today to wear scarves and turtlenecks to hide the neck after a certain age.<\/p>\n<p>Depending on the initial situation, various treatment methods are available for neck rejuvenation:<\/p>\n<ul>\n<li><a href=\"https:\/\/www.zumgoldenenschnitt.ch\/en\/offer\/botulinum-hyaluron\/profhilo-skinbooster\/\">Skinbooster \/ PROFHILO\u00ae<\/a><\/li>\n<li><a href=\"https:\/\/www.zumgoldenenschnitt.ch\/en\/offer\/face\/prp-treatment-vampire-lifting-own-blood-therapy-in-basel\/\">PRP\/Vampire Lifting<\/a><\/li>\n<li>Radiesse\u00ae<\/li>\n<li>Relaxation of the vertical muscle strands (platysma) with <a href=\"https:\/\/www.zumgoldenenschnitt.ch\/en\/offer\/botulinum-hyaluron-en\/botulinum-en\/\">Botulinum<\/a><\/li>\n<\/ul>\n\t\t\t\t<img loading=\"lazy\" decoding=\"async\" src=\"https:\/\/www.zumgoldenenschnitt.ch\/wp-content\/uploads\/2023\/01\/halsverjuengung-basel.jpg\" alt=\"neck rejuvenation basel\" itemprop=\"image\" height=\"1000\" width=\"1000\" title=\"neck rejuvenation basel\" onerror=\"this.style.display='none'\"  \/>\n\t<p>As a plastic and aesthetic surgeon, Dr. L\u00fcdi specializes in both minimally invasive and surgical treatment methods and will be happy to advise you personally in her practice clinic in Basel on the subject of neck rejuvenation. We look forward to seeing you.<\/p>\n\t\t\t<a href=\"https:\/\/booking.epat.ch\/goldenschnitt\/booking\" title=\"Click here\" target=\"_blank\" rel=\"noopener\"  role=\"button\" aria-label=\"Book consultation appointment\">\n\t\t\t\t\t\t\tBook consultation appointment\n\t\t<\/a>","protected":false},"excerpt":{"rendered":"<p>Until now, it was said: \"The neck reveals your true age.\" The skin in the neck area loses elasticity at an early age, fine wrinkles and deeper transverse furrows appear. However, thanks to modern and versatile treatment options in aesthetic medicine, from a certain age you don't have to wear scarves and turtlenecks to hide your neck. Depending on the initial situation, there are [...]<\/p>","protected":false},"author":6,"featured_media":0,"parent":164,"menu_order":0,"comment_status":"closed","ping_status":"closed","template":"","meta":{"_seopress_robots_primary_cat":"","_seopress_titles_title":"Halsverj\u00fcngung | Klinik Zum Goldenen Schnitt | Basel","_seopress_titles_desc":"Gerne ber\u00e4t Sie Frau Dr. Simona L\u00fcdi in unserer Klinik Zum Goldenen Schnitt in Basel bez\u00fcglich Halsverj\u00fcngung zur Straffung und Faltenbehandlung im Halsbereich.","_seopress_robots_index":"","inline_featured_image":false,"site-sidebar-layout":"default","site-content-layout":"","ast-site-content-layout":"default","site-content-style":"default","site-sidebar-style":"default","ast-global-header-display":"","ast-banner-title-visibility":"","ast-main-header-display":"","ast-hfb-above-header-display":"","ast-hfb-below-header-display":"","ast-hfb-mobile-header-display":"","site-post-title":"","ast-breadcrumbs-content":"","ast-featured-img":"","footer-sml-layout":"","theme-transparent-header-meta":"","adv-header-id-meta":"","stick-header-meta":"","header-above-stick-meta":"","header-main-stick-meta":"","header-below-stick-meta":"","astra-migrate-meta-layouts":"set","ast-page-background-enabled":"default","ast-page-background-meta":{"desktop":{"background-color":"var(--ast-global-color-4)","background-image":"","background-repeat":"repeat","background-position":"center center","background-size":"auto","background-attachment":"scroll","background-type":"","background-media":"","overlay-type":"","overlay-color":"","overlay-opacity":"","overlay-gradient":""},"tablet":{"background-color":"","background-image":"","background-repeat":"repeat","background-position":"center center","background-size":"auto","background-attachment":"scroll","background-type":"","background-media":"","overlay-type":"","overlay-color":"","overlay-opacity":"","overlay-gradient":""},"mobile":{"background-color":"","background-image":"","background-repeat":"repeat","background-position":"center center","background-size":"auto","background-attachment":"scroll","background-type":"","background-media":"","overlay-type":"","overlay-color":"","overlay-opacity":"","overlay-gradient":""}},"ast-content-background-meta":{"desktop":{"background-color":"var(--ast-global-color-5)","background-image":"","background-repeat":"repeat","background-position":"center center","background-size":"auto","background-attachment":"scroll","background-type":"","background-media":"","overlay-type":"","overlay-color":"","overlay-opacity":"","overlay-gradient":""},"tablet":{"background-color":"var(--ast-global-color-5)","background-image":"","background-repeat":"repeat","background-position":"center center","background-size":"auto","background-attachment":"scroll","background-type":"","background-media":"","overlay-type":"","overlay-color":"","overlay-opacity":"","overlay-gradient":""},"mobile":{"background-color":"var(--ast-global-color-5)","background-image":"","background-repeat":"repeat","background-position":"center center","background-size":"auto","background-attachment":"scroll","background-type":"","background-media":"","overlay-type":"","overlay-color":"","overlay-opacity":"","overlay-gradient":""}},"footnotes":""},"class_list":["post-542","page","type-page","status-publish"],"_links":{"self":[{"href":"https:\/\/www.zumgoldenenschnitt.ch\/en\/wp-json\/wp\/v2\/pages\/542","targetHints":{"allow":["GET"]}}],"collection":[{"href":"https:\/\/www.zumgoldenenschnitt.ch\/en\/wp-json\/wp\/v2\/pages"}],"about":[{"href":"https:\/\/www.zumgoldenenschnitt.ch\/en\/wp-json\/wp\/v2\/types\/page"}],"author":[{"embeddable":true,"href":"https:\/\/www.zumgoldenenschnitt.ch\/en\/wp-json\/wp\/v2\/users\/6"}],"replies":[{"embeddable":true,"href":"https:\/\/www.zumgoldenenschnitt.ch\/en\/wp-json\/wp\/v2\/comments?post=542"}],"version-history":[{"count":9,"href":"https:\/\/www.zumgoldenenschnitt.ch\/en\/wp-json\/wp\/v2\/pages\/542\/revisions"}],"predecessor-version":[{"id":2283,"href":"https:\/\/www.zumgoldenenschnitt.ch\/en\/wp-json\/wp\/v2\/pages\/542\/revisions\/2283"}],"up":[{"embeddable":true,"href":"https:\/\/www.zumgoldenenschnitt.ch\/en\/wp-json\/wp\/v2\/pages\/164"}],"wp:attachment":[{"href":"https:\/\/www.zumgoldenenschnitt.ch\/en\/wp-json\/wp\/v2\/media?parent=542"}],"curies":[{"name":"wp","href":"https:\/\/api.w.org\/{rel}","templated":true}]}}