{"id":596,"date":"2023-01-26T16:51:51","date_gmt":"2023-01-26T15:51:51","guid":{"rendered":"https:\/\/www.zumgoldenenschnitt.ch\/?page_id=596"},"modified":"2026-02-26T13:55:53","modified_gmt":"2026-02-26T12:55:53","slug":"augenbrauenlifting","status":"publish","type":"page","link":"https:\/\/www.zumgoldenenschnitt.ch\/en\/offer\/eyes\/eyebrow-lift\/","title":{"rendered":"Eyebrow lift"},"content":{"rendered":"<p>With increasing age, both women and men may experience a lowering of the lateral eyebrows, so-called low-hanging eyebrows (eyebrow ptosis). The tissue below the eyebrows also slips and increases drooping eyelids, especially in the lateral part. In these cases, it is advisable to first restore the natural position of the eyebrows by means of an eyebrow lift. Often, in the same operation, a drooping eyelid operation (upper eyelid lift) is also performed and the excess skin on the upper eyelid is removed. Lifting the eyebrows opens the eyes, tightens the eyelid skin and results in a rejuvenated appearance.<\/p>\n\t\t\t\t<img loading=\"lazy\" decoding=\"async\" src=\"https:\/\/www.zumgoldenenschnitt.ch\/wp-content\/uploads\/2023\/02\/12-eyebrow-lift-en-info.svg\" alt=\"12 eyebrow lift info\" itemprop=\"image\" title=\"12-eyebrow lift info\" onerror=\"this.style.display='none'\" width=\"1000\" height=\"1000\">\n\t\t\t\t<img loading=\"lazy\" decoding=\"async\" src=\"https:\/\/www.zumgoldenenschnitt.ch\/wp-content\/uploads\/2023\/01\/augenbrauenlifting-basel.jpg\" alt=\"eyebrow lift basel\" itemprop=\"image\" title=\"eyebrow lift basel\" onerror=\"this.style.display='none'\" width=\"1000\" height=\"1000\">\n\t<h2>The consultation for an eyebrow lift<\/h2>\n<p>In an initial detailed consultation, Dr. L\u00fcdi will take the time to address your concerns, analyze the findings together with you and advise you on treatment options. Furthermore, Dr. L\u00fcdi will explain the surgical technique and the exact incision with the help of pictures and drawings and discuss the aftercare as well as possible risks and complications with you. It is very important to us that you are well informed about the procedure, that all open questions are answered and that your wishes are taken into account.<\/p>\n<h2>On the day of surgery<\/h2>\n<p>On the day of the operation, Dr. L\u00fcdi prepares a photo documentation before the operation and makes the exact drawings. You will then be prepared for the upcoming operation and accompanied to the operating room.<\/p>\n<h2>The operation<\/h2>\nThe eyebrow lift is performed by Dr. Simona L\u00fcdi on an outpatient basis under local anesthesia or under a gentle general anesthesia in our clinic's own operating room in Basel.<br>\nA distinction must be made between a direct brow lift and an indirect brow lift (temporal lift). In a direct brow lift, the incision is made in the hair at the upper edge of the brow. Here, a narrow strip of skin is removed and the edges of the wound are precisely sutured again.<br>\nAlternatively, a temple lift (temporal lift) can be performed. The incisions run in the temple at the hairline or in the hair so that the scars are hidden. The skin is loosened and then pulled to the desired height and the incisions are sutured. Temporal lifting is mainly used to lift the lateral eyebrows and tighten the temple.\n<h2>Immediately after surgery<\/h2>\n<p>After the operation, you can recover from the procedure in our beautiful patient rooms with a view of the Rhine and will be looked after by our team. After another visit by Dr. L\u00fcdi, you can be picked up by an accompanying person and return home the same day.<\/p>\n<h2>The aftercare<\/h2>\n<ul>\n<li>Rest for a few days after the procedure.<\/li>\n<li>To reduce swelling, we recommend local cooling and sleeping with your upper body slightly elevated.<\/li>\n<li>Do not put makeup on the scars and do not massage the face for the first 2 weeks.<\/li>\n<li>Make sure you have sufficient sun protection (sun protection factor 50+) and refrain from sunbathing.<\/li>\n<li>Furthermore, you should refrain from sports for 4 weeks after the surgery.<\/li>\n<\/ul>\n<h2>Risks and complications<\/h2>\n<p>The surgical eyebrow lift is considered a safe procedure. However, as with all operations, complications such as bleeding, swelling or bruising can occur in rare cases. However, these go away on their own within a few days.pain that occurs after the operation can usually be treated well with conventional painkillers.<\/p>\n<h2>Costs<\/h2>\n<p>The costs for an eyebrow lift depend on your wishes, the type and extent of the operation and the type of anesthesia. During a consultation, Dr. L\u00fcdi will put together a treatment tailored to you personally and provide you with an individual cost estimate.<\/p>\n<h2>Frequently asked questions<\/h2>\n\t\t\t\t\t\t\t\t\t\t<h3 tabindex=\"0\">Is there a possibility of a non-surgical brow lift?<\/h3>\n\t\t\t\t\t<p>If only a moderate lift of about 1 to 2 millimeters is desired, this can be achieved in many cases with botulinum. Botulinum causes the muscle under the eyebrows to relax, causing them to lift slightly. If a greater lift is required, a surgical eyebrow lift is recommended.<\/p>\n\t\t\t\t\t\t\t\t\t\t<h3 tabindex=\"0\">When will I be socially acceptable after a surgical eyebrow lift?<\/h3>\n\t\t\t\t\t<p>After the swelling and discoloration have subsided, you will be socially acceptable again after about 1 to a maximum of 2 weeks.<\/p>\n\t\t\t\t\t\t\t\t\t\t<h3 tabindex=\"0\">When can I return to work after an eyebrow lift?<\/h3>\n\t\t\t\t\t<p>Depending on your professional activity, you will be fit for work again after just a few days. <\/p>\n\t\t\t\t\t\t\t\t\t\t<h3 tabindex=\"0\">When can I resume sports after a surgical eyebrow lift?<\/h3>\n\t\t\t\t\t<p>For an optimal healing process, we recommend that you refrain from sports for 4 weeks.<\/p>\n\t<p>Simona L\u00fcdi, MD, will be happy to welcome you for a personal consultation at our clinic in Basel. We look forward to seeing you.<\/p>\n\t\t\t<a href=\"https:\/\/booking.epat.ch\/goldenschnitt\/booking\" target=\"_blank\" rel=\"noopener\" role=\"button\" aria-label=\"Book consultation appointment\">\n\t\t\t\t\t\t\tBook consultation appointment\n\t\t<\/a>","protected":false},"excerpt":{"rendered":"<p>With increasing age, both women and men may experience a lowering of the lateral eyebrows, known as drooping eyebrows (eyebrow ptosis). The tissue below the eyebrows also slips and increases drooping eyelids, especially in the lateral part. In these cases, it is advisable to first restore the natural position of the eyebrows by means of an eyebrow lift. Often in [...]<\/p>","protected":false},"author":6,"featured_media":0,"parent":546,"menu_order":0,"comment_status":"closed","ping_status":"closed","template":"","meta":{"_seopress_robots_primary_cat":"","_seopress_titles_title":"Operatives Augenbrauenlifting | Dr. Simona L\u00fcdi | Basel","_seopress_titles_desc":"M\u00fcder Gesichtsausdruck & tiefh\u00e4ngende Augenbrauen? Frau Dr. Simona L\u00fcdi ber\u00e4t Sie gerne ausf\u00fchrlich \u00fcber das operative Augenbrauenlifting in unserer Klinik in Basel.","_seopress_robots_index":"","inline_featured_image":false,"site-sidebar-layout":"default","site-content-layout":"","ast-site-content-layout":"default","site-content-style":"default","site-sidebar-style":"default","ast-global-header-display":"","ast-banner-title-visibility":"","ast-main-header-display":"","ast-hfb-above-header-display":"","ast-hfb-below-header-display":"","ast-hfb-mobile-header-display":"","site-post-title":"","ast-breadcrumbs-content":"","ast-featured-img":"","footer-sml-layout":"","theme-transparent-header-meta":"","adv-header-id-meta":"","stick-header-meta":"","header-above-stick-meta":"","header-main-stick-meta":"","header-below-stick-meta":"","astra-migrate-meta-layouts":"set","ast-page-background-enabled":"default","ast-page-background-meta":{"desktop":{"background-color":"var(--ast-global-color-4)","background-image":"","background-repeat":"repeat","background-position":"center center","background-size":"auto","background-attachment":"scroll","background-type":"","background-media":"","overlay-type":"","overlay-color":"","overlay-opacity":"","overlay-gradient":""},"tablet":{"background-color":"","background-image":"","background-repeat":"repeat","background-position":"center center","background-size":"auto","background-attachment":"scroll","background-type":"","background-media":"","overlay-type":"","overlay-color":"","overlay-opacity":"","overlay-gradient":""},"mobile":{"background-color":"","background-image":"","background-repeat":"repeat","background-position":"center center","background-size":"auto","background-attachment":"scroll","background-type":"","background-media":"","overlay-type":"","overlay-color":"","overlay-opacity":"","overlay-gradient":""}},"ast-content-background-meta":{"desktop":{"background-color":"var(--ast-global-color-5)","background-image":"","background-repeat":"repeat","background-position":"center center","background-size":"auto","background-attachment":"scroll","background-type":"","background-media":"","overlay-type":"","overlay-color":"","overlay-opacity":"","overlay-gradient":""},"tablet":{"background-color":"var(--ast-global-color-5)","background-image":"","background-repeat":"repeat","background-position":"center center","background-size":"auto","background-attachment":"scroll","background-type":"","background-media":"","overlay-type":"","overlay-color":"","overlay-opacity":"","overlay-gradient":""},"mobile":{"background-color":"var(--ast-global-color-5)","background-image":"","background-repeat":"repeat","background-position":"center center","background-size":"auto","background-attachment":"scroll","background-type":"","background-media":"","overlay-type":"","overlay-color":"","overlay-opacity":"","overlay-gradient":""}},"footnotes":""},"class_list":["post-596","page","type-page","status-publish"],"_links":{"self":[{"href":"https:\/\/www.zumgoldenenschnitt.ch\/en\/wp-json\/wp\/v2\/pages\/596","targetHints":{"allow":["GET"]}}],"collection":[{"href":"https:\/\/www.zumgoldenenschnitt.ch\/en\/wp-json\/wp\/v2\/pages"}],"about":[{"href":"https:\/\/www.zumgoldenenschnitt.ch\/en\/wp-json\/wp\/v2\/types\/page"}],"author":[{"embeddable":true,"href":"https:\/\/www.zumgoldenenschnitt.ch\/en\/wp-json\/wp\/v2\/users\/6"}],"replies":[{"embeddable":true,"href":"https:\/\/www.zumgoldenenschnitt.ch\/en\/wp-json\/wp\/v2\/comments?post=596"}],"version-history":[{"count":4,"href":"https:\/\/www.zumgoldenenschnitt.ch\/en\/wp-json\/wp\/v2\/pages\/596\/revisions"}],"predecessor-version":[{"id":2292,"href":"https:\/\/www.zumgoldenenschnitt.ch\/en\/wp-json\/wp\/v2\/pages\/596\/revisions\/2292"}],"up":[{"embeddable":true,"href":"https:\/\/www.zumgoldenenschnitt.ch\/en\/wp-json\/wp\/v2\/pages\/546"}],"wp:attachment":[{"href":"https:\/\/www.zumgoldenenschnitt.ch\/en\/wp-json\/wp\/v2\/media?parent=596"}],"curies":[{"name":"wp","href":"https:\/\/api.w.org\/{rel}","templated":true}]}}