{"id":614,"date":"2023-01-26T16:56:24","date_gmt":"2023-01-26T15:56:24","guid":{"rendered":"https:\/\/www.zumgoldenenschnitt.ch\/?page_id=614"},"modified":"2026-02-26T14:05:15","modified_gmt":"2026-02-26T13:05:15","slug":"brustimplantate-entfernen-oder-wechseln","status":"publish","type":"page","link":"https:\/\/www.zumgoldenenschnitt.ch\/en\/offer\/chest\/breast-implants-remove-or-replace\/","title":{"rendered":"Remove or change breast implants"},"content":{"rendered":"<p>Breast augmentation (mammary augmentation) with implants is still one of the most frequently performed aesthetic surgeries. A planned implant change every 10 to 15 years, as was recommended in the past, is no longer necessary. However, follow-up operations, e.g. due to capsular fibrosis, may be necessary in the course of time. Since an implant is a foreign body, the body naturally envelops the implant with a fine connective tissue capsule. In certain cases, this capsule may thicken after several years, resulting in what is known as capsular fibrosis. Symptoms such as pain, hardening and distortion of the breast shape can occur, so that in these cases the capsule should be removed (capsulectomy) and the implants changed. If the breast has taken on a sagging shape due to changes in the body and the breast caused by age, weight fluctuations, or after pregnancy or breastfeeding, among other things, a lift should also be performed in combination with implant replacement. If the patient wishes to forego the reinsertion of an implant, a breast lift with or without volume replacement with autologous fat may be indicated in order to regain an aesthetic breast shape after implant removal.<\/p>\n\t\t\t\t<img loading=\"lazy\" decoding=\"async\" src=\"https:\/\/www.zumgoldenenschnitt.ch\/wp-content\/uploads\/2023\/02\/20-breast-implant-replacement-_-implant-removal-en-info.svg\" alt=\"20 breast implants removal infos\" itemprop=\"image\" height=\"1000\" width=\"1000\" title=\"20-breast-implant-removal-infos\" onerror=\"this.style.display='none'\">\n\t\t\t\t<img loading=\"lazy\" decoding=\"async\" src=\"https:\/\/www.zumgoldenenschnitt.ch\/wp-content\/uploads\/2023\/01\/brustimplantate-entfernen-oder-wechseln-basel.jpg\" alt=\"remove or change breast implants basel\" itemprop=\"image\" height=\"1000\" width=\"1000\" title=\"breast-implants-remove-or-replace-basel\" onerror=\"this.style.display='none'\">\n\t<h2>The consultation<\/h2>\nAs a plastic surgeon, Dr. L\u00fcdi specializes in breast surgery and will be happy to advise you personally on a woman-to-woman basis at her clinic in Basel.<br>\nBefore an implant change or implant removal, there are usually two detailed consultations with Dr. L\u00fcdi. It is very important to us that you are well informed about the procedure, that all open questions are answered and that your wishes are taken into account. In certain cases, further clarification, e.g. by means of ultrasound or MRI, may be necessary prior to surgery. Dr. L\u00fcdi will discuss with you the surgical technique, the exact incision and placement of the implant, possible risks and complications as well as the aftercare.\n<h2>The implant selection<\/h2>\n<p>In the context of an implant change, we usually recommend choosing a minimally larger implant due to the pre-stretching of the breast tissue mantle as well as the removed capsular tissue. We use only the most modern, highest quality implants from renowned companies.<\/p>\n<h2>On the day of surgery<\/h2>\n<p>On the day of the operation, Dr. L\u00fcdi prepares a photo documentation before the operation and makes the markings on the breast. You will then be prepared for the upcoming operation and accompanied to the operating room.<\/p>\n<h2>The operation<\/h2>\n<p>Implant replacement can be performed under general anesthesia as an outpatient day surgery at our clinic in Basel or as an inpatient procedure at one of our affiliated hospitals. If possible, the existing scars are used for access. Depending on the case, an incision extension or additional incision may be necessary for a breast lift. This will be discussed with you before the operation. The implant and, depending on the indication, the entire capsule or only parts of it are removed. Subsequently, a new implant is inserted or, if necessary, the implant volume is replaced by the patient's own fat. In the case of an additional autologous fat transfer, fat is taken by liposuction from another part of the body, such as the abdomen, flanks or thighs, prepared and then inserted into the breast via small incisions using a cannula.<\/p>\n<h2>Immediately after surgery<\/h2>\n<p>After the operation, you can recover from the procedure in our beautiful patient rooms with a view of the Rhine and will be looked after by our team. After another visit by Dr. L\u00fcdi, you can be picked up by an accompanying person and return home the same day. If the procedure is performed as an inpatient, it will be performed in a hospital and usually involves 1 to 2 overnight stays.<\/p>\n<h2>The aftercare<\/h2>\n<ul>\n<li>The first follow-up visit by Dr. L\u00fcdi takes place the very next day.<\/li>\n<li>For 6 weeks, you should wear a well-fitting sports bra during the day and at night.<\/li>\n<li>We recommend a rest period of 6 weeks to support an optimal healing process. This means that you should refrain from sports, carrying and lifting loads and sleeping in the prone position during this time. Sports such as climbing, diving, golf, tennis and PowerPlate should even be avoided for the first 3 months after surgery to support optimal healing of the implant. You should also not wear a push-up bra until 3 months after surgery.<\/li>\n<li>Pain intensity after surgery is generally moderate and well controlled with common analgesics.<\/li>\n<li>Scar care can be started from 3 weeks postoperatively.<\/li>\n<\/ul>\n<h2>Risks and complications<\/h2>\nIn principle, every operation involves certain risks, but in general an implant change is a low-risk procedure and complications are very rare. The risks and complications for an implant change are the same as for the initial operation. In addition to the general surgical risks (e.g. bruising, wound healing problems, post-operative bleeding, infection, scar problems), there is some risk of capsular fibrosis with breast implants. Treatment of this is only necessary if complaints are present.<br>\nDuring the consultation, Dr. L\u00fcdi will discuss the possible risks and complications with you in detail and will be happy to answer any questions you may have.\n<h2>Costs<\/h2>\n<p>The costs for implant replacement or removal depend on your wishes, the type and extent of the operation and the materials required. During a consultation, Dr. L\u00fcdi will put together a treatment tailored to you personally and provide you with an individual cost estimate.<\/p>\n<p>As a rule, health insurance companies cover part of the costs of the operation (implant removal and capsulectomy) if there is a medical indication (capsular fibrosis, implant rupture). However, the aesthetic part of the operation, including the costs of the new implants, tightening or autologous fat transfer, must always be borne by the patient herself.<\/p>\n<h2>Frequently asked questions<\/h2>\n\t\t\t\t\t\t\t\t\t\t<h3 tabindex=\"0\">What is the pain like after implant replacement?<\/h3>\n\t\t\t\t\t<p>Thanks to gentle surgical techniques, the pain and discomfort immediately after surgery are moderate and can be controlled with common painkillers. The pain is similar to sore muscles in the chest area and corresponds to a feeling of tension. <\/p>\n\t\t\t\t\t\t\t\t\t\t<h3 tabindex=\"0\">Will scars be visible after breast implant removal?<\/h3>\n\t\t\t\t\t<p>The existing scar in the underbust fold is usually chosen for the implant exchange. Depending on the case, a slight widening of the incision (especially in the case of a capsulectomy) or additional incisions for a breast lift may be necessary. Dr. L\u00fcdi will discuss the incision with you in detail before the operation. <br>Scars remain after every operation, but these are usually hardly visible after full healing and scar maturation. Dr. L\u00fcdi will instruct you precisely regarding scar care after the operation in order to support beautiful scar healing.<\/p>\n\t\t\t\t\t\t\t\t\t\t<h3 tabindex=\"0\">How long can I not work?<\/h3>\n\t\t\t\t\t<p>Depending on your occupation and physical strain, you should expect to be unable to work for about 1 to 2 weeks.<\/p>\n\t\t\t\t\t\t\t\t\t\t<h3 tabindex=\"0\">When can I start doing sports again?<\/h3>\n\t\t\t\t\t<p>After six weeks, healing will have progressed to the point where you can slowly return to sports. Listen to your body and watch out for warning signals such as pain or increased swelling. In these cases, it is advisable to wait with further training and to allow the body some rest. Sports that put a lot of strain on the pectoral muscle, such as golf, tennis or climbing, should only be resumed after 3 months.<\/p>\n\t\t\t\t\t\t\t\t\t\t<h3 tabindex=\"0\">Does the implant have to be replaced after a certain time?<\/h3>\n\t\t\t\t\t<p>No, a planned change every 10 to 15 years, as recommended in the past, is no longer necessary. If there are no complaints, regular checks are sufficient. Follow-up operations, e.g. due to capsular fibrosis, may be necessary in the course of time.<\/p>\n\t\t\t\t\t\t\t\t\t\t<h3 tabindex=\"0\">What can cause breast implants to break?<\/h3>\n\t\t\t\t\t<p>Today's breast implants are extremely resistant due to their strong outer shell and hardly ever break. In rare cases, the implant shell can tear due to wear and tear over many years or due to strong external force, such as in a serious car accident. Any damage to the implant can be detected by MRI. Since today's modern implants are made of dimensionally stable, cohesive silicone gel, the implants no longer leak. Nevertheless, we recommend an implant exchange in case of a damaged implant.<\/p>\n\t\t\t\t\t\t\t\t\t\t<h3 tabindex=\"0\">Can the implant leak?<\/h3>\n\t\t\t\t\t<p>Modern implants, such as those used by Dr. L\u00fcdi, consist of a cohesive silicone gel that is dimensionally stable and does not leak into the body even if the implant shell is damaged.<\/p>\n\t\t\t\t\t\t\t\t\t\t<h3 tabindex=\"0\">Which implants are used?<\/h3>\n\t\t\t\t\t<p>We use only the most modern, highest quality implants from renowned companies. The selected implant shape, size and surface will be discussed with you during the consultation.<\/p>\n\t\t\t\t\t\t\t\t\t\t<h3 tabindex=\"0\">Can breastfeeding still be done after breast augmentation with implants?<\/h3>\n\t\t\t\t\t<p>Yes, breastfeeding is possible even after breast augmentation or implant change, because the implant is placed behind the mammary glands and the ability to breastfeed is not affected.<\/p>\n\t\t\t\t\t\t\t\t\t\t<h3 tabindex=\"0\">Does breast augmentation affect cancer screening?<\/h3>\n\t\t\t\t\t<p>No, the implants are placed behind the mammary gland and cancer screening (palpation, ultrasound, MRI, mammography) is performed by trained and experienced professionals so that cancer screening is not compromised.<\/p>\n\t<p>Simona L\u00fcdi, MD, will be happy to welcome you for a personal consultation at our clinic in Basel. We look forward to seeing you.<\/p>\n\t\t\t<a href=\"https:\/\/booking.epat.ch\/goldenschnitt\/booking\" target=\"_blank\" rel=\"noopener\" role=\"button\" aria-label=\"Book consultation appointment\">\n\t\t\t\t\t\t\tBook consultation appointment\n\t\t<\/a>","protected":false},"excerpt":{"rendered":"<p>Breast augmentation with implants is still one of the most frequently performed aesthetic operations. A planned implant change every 10 to 15 years, as was previously recommended, is no longer necessary. However, subsequent operations may be necessary, e.g. due to capsular fibrosis. Since an implant is a [...]<\/p>","protected":false},"author":6,"featured_media":1842,"parent":555,"menu_order":3,"comment_status":"closed","ping_status":"closed","template":"","meta":{"_seopress_robots_primary_cat":"","_seopress_titles_title":"Brustimplantate wechseln oder entfernen | Dr. Simona L\u00fcdi Basel","_seopress_titles_desc":"Entfernung und Wechsel von Brustimplantaten: Frau Dr. Simona L\u00fcdi, Fach\u00e4rztin f\u00fcr Plastische & \u00c4sthetische Chirurgie ber\u00e4t Sie gerne in unserer Klinik in Basel.","_seopress_robots_index":"","inline_featured_image":false,"site-sidebar-layout":"default","site-content-layout":"","ast-site-content-layout":"default","site-content-style":"default","site-sidebar-style":"default","ast-global-header-display":"","ast-banner-title-visibility":"","ast-main-header-display":"","ast-hfb-above-header-display":"","ast-hfb-below-header-display":"","ast-hfb-mobile-header-display":"","site-post-title":"","ast-breadcrumbs-content":"","ast-featured-img":"","footer-sml-layout":"","theme-transparent-header-meta":"","adv-header-id-meta":"","stick-header-meta":"","header-above-stick-meta":"","header-main-stick-meta":"","header-below-stick-meta":"","astra-migrate-meta-layouts":"set","ast-page-background-enabled":"default","ast-page-background-meta":{"desktop":{"background-color":"var(--ast-global-color-4)","background-image":"","background-repeat":"repeat","background-position":"center center","background-size":"auto","background-attachment":"scroll","background-type":"","background-media":"","overlay-type":"","overlay-color":"","overlay-opacity":"","overlay-gradient":""},"tablet":{"background-color":"","background-image":"","background-repeat":"repeat","background-position":"center center","background-size":"auto","background-attachment":"scroll","background-type":"","background-media":"","overlay-type":"","overlay-color":"","overlay-opacity":"","overlay-gradient":""},"mobile":{"background-color":"","background-image":"","background-repeat":"repeat","background-position":"center center","background-size":"auto","background-attachment":"scroll","background-type":"","background-media":"","overlay-type":"","overlay-color":"","overlay-opacity":"","overlay-gradient":""}},"ast-content-background-meta":{"desktop":{"background-color":"var(--ast-global-color-5)","background-image":"","background-repeat":"repeat","background-position":"center center","background-size":"auto","background-attachment":"scroll","background-type":"","background-media":"","overlay-type":"","overlay-color":"","overlay-opacity":"","overlay-gradient":""},"tablet":{"background-color":"var(--ast-global-color-5)","background-image":"","background-repeat":"repeat","background-position":"center center","background-size":"auto","background-attachment":"scroll","background-type":"","background-media":"","overlay-type":"","overlay-color":"","overlay-opacity":"","overlay-gradient":""},"mobile":{"background-color":"var(--ast-global-color-5)","background-image":"","background-repeat":"repeat","background-position":"center center","background-size":"auto","background-attachment":"scroll","background-type":"","background-media":"","overlay-type":"","overlay-color":"","overlay-opacity":"","overlay-gradient":""}},"footnotes":""},"class_list":["post-614","page","type-page","status-publish","has-post-thumbnail"],"_links":{"self":[{"href":"https:\/\/www.zumgoldenenschnitt.ch\/en\/wp-json\/wp\/v2\/pages\/614","targetHints":{"allow":["GET"]}}],"collection":[{"href":"https:\/\/www.zumgoldenenschnitt.ch\/en\/wp-json\/wp\/v2\/pages"}],"about":[{"href":"https:\/\/www.zumgoldenenschnitt.ch\/en\/wp-json\/wp\/v2\/types\/page"}],"author":[{"embeddable":true,"href":"https:\/\/www.zumgoldenenschnitt.ch\/en\/wp-json\/wp\/v2\/users\/6"}],"replies":[{"embeddable":true,"href":"https:\/\/www.zumgoldenenschnitt.ch\/en\/wp-json\/wp\/v2\/comments?post=614"}],"version-history":[{"count":7,"href":"https:\/\/www.zumgoldenenschnitt.ch\/en\/wp-json\/wp\/v2\/pages\/614\/revisions"}],"predecessor-version":[{"id":1848,"href":"https:\/\/www.zumgoldenenschnitt.ch\/en\/wp-json\/wp\/v2\/pages\/614\/revisions\/1848"}],"up":[{"embeddable":true,"href":"https:\/\/www.zumgoldenenschnitt.ch\/en\/wp-json\/wp\/v2\/pages\/555"}],"wp:featuredmedia":[{"embeddable":true,"href":"https:\/\/www.zumgoldenenschnitt.ch\/en\/wp-json\/wp\/v2\/media\/1842"}],"wp:attachment":[{"href":"https:\/\/www.zumgoldenenschnitt.ch\/en\/wp-json\/wp\/v2\/media?parent=614"}],"curies":[{"name":"wp","href":"https:\/\/api.w.org\/{rel}","templated":true}]}}