{"id":616,"date":"2023-01-26T16:57:02","date_gmt":"2023-01-26T15:57:02","guid":{"rendered":"https:\/\/www.zumgoldenenschnitt.ch\/?page_id=616"},"modified":"2026-02-26T14:06:49","modified_gmt":"2026-02-26T13:06:49","slug":"maennerbrust-gynaekomastie-lipomastie","status":"publish","type":"page","link":"https:\/\/www.zumgoldenenschnitt.ch\/en\/offer\/chest\/men-breast-gynaecomastia-lipomastia\/","title":{"rendered":"Male Breast | Gynecomastia | Lipomastia"},"content":{"rendered":"Gynecomastia, also known colloquially as male breast, is the feminization of the breast shape in men.<br>\nGenuine\" gynecomastia is a unilateral or bilateral enlargement of the mammary gland tissue, whereas \"pseudogynecomastia\" is merely an increase in fat deposits in the breast area. The mammary gland proliferations are benign in the vast majority of cases and therefore do not pose any health risk. The causes of gynecomastia are varied, including hereditary factors, hormonal disorders, but also certain drugs or the use of anabolic steroids or cannabis.<br>\nA man's chest often has negative effects on self-confidence and well-being in one's own body and not infrequently leads to feelings of shame and social withdrawal. Since the contour changes in the breast area can often not be controlled by sports or dietary adjustments, only surgical correction can help in most cases. Gynecomastia surgery not only improves the appearance, but also strengthens self-confidence and supports the well-being in one's own body.\n\t\t\t\t<img loading=\"lazy\" decoding=\"async\" src=\"https:\/\/www.zumgoldenenschnitt.ch\/wp-content\/uploads\/2023\/02\/21-male-breast-reduction-gynecomastia_lipomastia-en-info.svg\" alt=\"21 male breast gynaecomastia lipomastia info\" itemprop=\"image\" title=\"21-male-breast-gynaecomastia_lipomastia-infos\" onerror=\"this.style.display='none'\" width=\"1000\" height=\"1000\">\n\t\t\t\t<img loading=\"lazy\" decoding=\"async\" src=\"https:\/\/www.zumgoldenenschnitt.ch\/wp-content\/uploads\/2023\/01\/maennerbrust-gynaekomastie-lipomastie-basel.jpg\" alt=\"male breast gynaecomastia lipomastia basel\" itemprop=\"image\" title=\"men-breast-gynaecomastia-lipomastia-basel\" onerror=\"this.style.display='none'\" width=\"1000\" height=\"1000\">\n\t<h2>The consultation<\/h2>\n<p>Before a gynecomastia correction, there are usually two detailed consultations with Dr. L\u00fcdi. It is very important to us that you are well informed about the procedure, that all open questions are answered and that your wishes are taken into account. Dr. L\u00fcdi will discuss the surgical technique, the exact incision, possible risks and complications as well as the aftercare with you.<\/p>\n<p>In order to rule out hormonal disorders or other medical causes for male breasts, an endocrinological examination (clarification of hormonal disorders) is carried out by a specialist as well as an ultrasound examination of the breast before an upcoming operation.<\/p>\n<h2>On the day of surgery<\/h2>\n<p>On the day of the operation, Dr. L\u00fcdi prepares a photo documentation before the operation and makes the markings on the breast. You will then be prepared for the upcoming operation and accompanied to the operating room.<\/p>\n<h2>The gynecomastia surgery<\/h2>\n<p>Gynecomastia correction can be performed as an outpatient day surgery in our clinic in Basel under local or general anesthesia and takes about 1 to 2 hours. Excess glandular tissue is removed through an incision at the lower edge of the nipple and the breast contour is defined by liposuction. Only very small, barely visible scars remain. In rare severe cases with greater excess skin, additional skin tightening may be necessary.<\/p>\n<h2>Immediately after surgery<\/h2>\n<p>After the operation, you can recover from the procedure in our beautiful patient rooms with a view of the Rhine and will be looked after by our team. After another visit by Dr. L\u00fcdi, you can be picked up by an accompanying person and return home the same day.<\/p>\n<h2>The aftercare<\/h2>\n<ul>\n<li>For 6 weeks you should wear the fitted compression gilet during the day and also at night.<\/li>\n<li>We recommend a rest period of 6 weeks to support an optimal healing process. This means that you should refrain from sports and carrying and lifting loads during this time.<\/li>\n<li>Pain intensity after surgery is generally moderate and well controlled with common analgesics.<\/li>\n<li>Scar care can be started from 3 weeks postoperatively.<\/li>\n<\/ul>\n<h2>Risks and complications<\/h2>\nIn principle, every operation involves certain risks, but in general male breast correction is a low-risk procedure and complications rarely occur. In addition to the general surgical risks (e.g. bruising, wound healing disorders, infection), in individual cases there may be post-operative bleeding or, in the case of an additional breast lift, occasionally a temporary numbness of the nipple.<br>\nDuring the consultation, Dr. L\u00fcdi will discuss the possible risks and complications with you in detail and will be happy to answer any questions you may have.\n<h2>Costs<\/h2>\n<p>The costs for a gynecomastia correction depend on your wishes, the type and extent of the operation, the type of anesthesia, as well as the materials required. During a consultation, Dr. L\u00fcdi will put together a treatment tailored to you personally and provide you with an individual cost estimate.<\/p>\n<p>As a rule, health insurance does not cover the costs of gynecomastia correction, as it is an aesthetic procedure. Only in rare exceptional cases with medical indication the costs are covered by the health insurance.<\/p>\n<h2>Frequently asked questions<\/h2>\n\t\t\t\t\t\t\t\t\t\t<h3 tabindex=\"0\">What is the pain like after gynecomastia surgery?<\/h3>\n\t\t\t\t\t<p>The pain and discomfort immediately after surgery are moderate and can be well controlled with common painkillers. The pain is similar to sore muscles in the chest area and a slight feeling of tightness may occur. <\/p>\n\t\t\t\t\t\t\t\t\t\t<h3 tabindex=\"0\">Will scars be visible after gynecomastia surgery?<\/h3>\n\t\t\t\t\t<p>For liposuction of the breast, usually two to three smallest incisions of about 3 to 4mm length are necessary. If breast gland tissue is also removed, an incision is made directly at the lower edge of the nipple. Small scars remain in the area of the incisions. However, after full healing and scar maturation, these are usually hardly visible and completely inconspicuous. Dr. L\u00fcdi will instruct you in detail after the operation regarding scar care in order to support beautiful scar healing.<\/p>\n\t\t\t\t\t\t\t\t\t\t<h3 tabindex=\"0\">How long can I not work after gynecomastia surgery?<\/h3>\n\t\t\t\t\t<p>Depending on your occupation and physical strain, you should expect to be unable to work for about 4 to 7 days.<\/p>\n\t\t\t\t\t\t\t\t\t\t<h3 tabindex=\"0\">When can I start exercising again after gynecomastia surgery?<\/h3>\n\t\t\t\t\t<p>After six weeks, healing will have progressed to the point where you can slowly return to sports. Listen to your body and watch out for warning signals such as pain or increased swelling. In these cases, it is recommended to wait with further training and to allow the body some rest.<\/p>\n\t\t\t\t\t\t\t\t\t\t<h3 tabindex=\"0\">Does obesity play a role in gynecomastia?<\/h3>\n\t\t\t\t\t<p>Yes, this plays a significant role in pseudogynecomastia. In this case, there is only an increased fat storage in the chest area. This occurs in most men when their weight is 10 to 20 kg above normal weight.<\/p>\n\t\t\t\t\t\t\t\t\t\t<h3 tabindex=\"0\">Can a man's breast grow back after surgery?<\/h3>\n\t\t\t\t\t<p>Yes, especially in the case of pseudogynecomastia, where the cause is a pure increase in fat in the breast area, weight gain can lead to \"regrowth\" of the man's breast. As after liposuction in other parts of the body, the body weight must remain stable in order to maintain the surgical result.<\/p>\n\t<p>Simona L\u00fcdi, MD, will be happy to welcome you for a personal consultation for gynecomastia surgery at our clinic in Basel. We look forward to seeing you.<\/p>\n\t\t\t<a href=\"https:\/\/booking.epat.ch\/goldenschnitt\/booking\" target=\"_blank\" rel=\"noopener\" role=\"button\" aria-label=\"Book consultation appointment\">\n\t\t\t\t\t\t\tBook consultation appointment\n\t\t<\/a>","protected":false},"excerpt":{"rendered":"<p>Gynaecomastia, also known colloquially as man boobs, is the feminization of the male breast shape. Genuine\" gynecomastia is a unilateral or bilateral enlargement of the mammary gland tissue, whereas \"pseudogynecomastia\" merely involves increased fat deposits in the breast area. In the vast majority of cases, mammary gland proliferations are benign and therefore pose no health risk. The [...]<\/p>","protected":false},"author":6,"featured_media":1559,"parent":555,"menu_order":6,"comment_status":"closed","ping_status":"closed","template":"","meta":{"_seopress_robots_primary_cat":"","_seopress_titles_title":"M\u00e4nnerbrust | Gyn\u00e4komastie | Klinik Zum Goldenen Schnitt | Basel","_seopress_titles_desc":"Flache & straffe M\u00e4nnerbrust - in unserer Klinik Zum Goldenen Schnitt in Basel beraten wir Sie gerne bez\u00fcglich Gyn\u00e4komastie & Lipomastie Operation.","_seopress_robots_index":"","inline_featured_image":false,"site-sidebar-layout":"default","site-content-layout":"","ast-site-content-layout":"default","site-content-style":"default","site-sidebar-style":"default","ast-global-header-display":"","ast-banner-title-visibility":"","ast-main-header-display":"","ast-hfb-above-header-display":"","ast-hfb-below-header-display":"","ast-hfb-mobile-header-display":"","site-post-title":"","ast-breadcrumbs-content":"","ast-featured-img":"","footer-sml-layout":"","theme-transparent-header-meta":"","adv-header-id-meta":"","stick-header-meta":"","header-above-stick-meta":"","header-main-stick-meta":"","header-below-stick-meta":"","astra-migrate-meta-layouts":"set","ast-page-background-enabled":"default","ast-page-background-meta":{"desktop":{"background-color":"var(--ast-global-color-4)","background-image":"","background-repeat":"repeat","background-position":"center center","background-size":"auto","background-attachment":"scroll","background-type":"","background-media":"","overlay-type":"","overlay-color":"","overlay-opacity":"","overlay-gradient":""},"tablet":{"background-color":"","background-image":"","background-repeat":"repeat","background-position":"center center","background-size":"auto","background-attachment":"scroll","background-type":"","background-media":"","overlay-type":"","overlay-color":"","overlay-opacity":"","overlay-gradient":""},"mobile":{"background-color":"","background-image":"","background-repeat":"repeat","background-position":"center center","background-size":"auto","background-attachment":"scroll","background-type":"","background-media":"","overlay-type":"","overlay-color":"","overlay-opacity":"","overlay-gradient":""}},"ast-content-background-meta":{"desktop":{"background-color":"var(--ast-global-color-5)","background-image":"","background-repeat":"repeat","background-position":"center center","background-size":"auto","background-attachment":"scroll","background-type":"","background-media":"","overlay-type":"","overlay-color":"","overlay-opacity":"","overlay-gradient":""},"tablet":{"background-color":"var(--ast-global-color-5)","background-image":"","background-repeat":"repeat","background-position":"center center","background-size":"auto","background-attachment":"scroll","background-type":"","background-media":"","overlay-type":"","overlay-color":"","overlay-opacity":"","overlay-gradient":""},"mobile":{"background-color":"var(--ast-global-color-5)","background-image":"","background-repeat":"repeat","background-position":"center center","background-size":"auto","background-attachment":"scroll","background-type":"","background-media":"","overlay-type":"","overlay-color":"","overlay-opacity":"","overlay-gradient":""}},"footnotes":""},"class_list":["post-616","page","type-page","status-publish","has-post-thumbnail"],"_links":{"self":[{"href":"https:\/\/www.zumgoldenenschnitt.ch\/en\/wp-json\/wp\/v2\/pages\/616","targetHints":{"allow":["GET"]}}],"collection":[{"href":"https:\/\/www.zumgoldenenschnitt.ch\/en\/wp-json\/wp\/v2\/pages"}],"about":[{"href":"https:\/\/www.zumgoldenenschnitt.ch\/en\/wp-json\/wp\/v2\/types\/page"}],"author":[{"embeddable":true,"href":"https:\/\/www.zumgoldenenschnitt.ch\/en\/wp-json\/wp\/v2\/users\/6"}],"replies":[{"embeddable":true,"href":"https:\/\/www.zumgoldenenschnitt.ch\/en\/wp-json\/wp\/v2\/comments?post=616"}],"version-history":[{"count":7,"href":"https:\/\/www.zumgoldenenschnitt.ch\/en\/wp-json\/wp\/v2\/pages\/616\/revisions"}],"predecessor-version":[{"id":1851,"href":"https:\/\/www.zumgoldenenschnitt.ch\/en\/wp-json\/wp\/v2\/pages\/616\/revisions\/1851"}],"up":[{"embeddable":true,"href":"https:\/\/www.zumgoldenenschnitt.ch\/en\/wp-json\/wp\/v2\/pages\/555"}],"wp:featuredmedia":[{"embeddable":true,"href":"https:\/\/www.zumgoldenenschnitt.ch\/en\/wp-json\/wp\/v2\/media\/1559"}],"wp:attachment":[{"href":"https:\/\/www.zumgoldenenschnitt.ch\/en\/wp-json\/wp\/v2\/media?parent=616"}],"curies":[{"name":"wp","href":"https:\/\/api.w.org\/{rel}","templated":true}]}}