{"id":630,"date":"2023-01-26T17:00:52","date_gmt":"2023-01-26T16:00:52","guid":{"rendered":"https:\/\/www.zumgoldenenschnitt.ch\/?page_id=630"},"modified":"2026-02-26T14:11:43","modified_gmt":"2026-02-26T13:11:43","slug":"behandlung-hyperhidrose-starkes-schwitzen","status":"publish","type":"page","link":"https:\/\/www.zumgoldenenschnitt.ch\/en\/offer\/sweat\/treatment-hyperhidrosis-heavy-sweating\/","title":{"rendered":"Botox | botulinum for hyperhidrosis | heavy sweating"},"content":{"rendered":"<p>Heavy sweating (hyperhidrosis) can be very unpleasant for those affected and significantly impair their everyday life. Botulinum injections are an effective treatment option for excessive sweating and are offered by Dr. Simona L\u00fcdi, MD, in her clinic in Basel. Dr. L\u00fcdi will be happy to help you to a life without annoying sweating!<\/p>\n\t\t\t\t<img loading=\"lazy\" decoding=\"async\" src=\"https:\/\/www.zumgoldenenschnitt.ch\/wp-content\/uploads\/2023\/02\/28-treatment-hyperhidrosis-heavy-sweating-en-info.svg\" alt=\"28 treatment hyperhidrosis heavy sweating infos\" itemprop=\"image\" title=\"28-treatment-hyperhidrosis-strong-sweating-infos\" onerror=\"this.style.display='none'\" width=\"1000\" height=\"1000\">\n\t\t\t\t<img loading=\"lazy\" decoding=\"async\" src=\"https:\/\/www.zumgoldenenschnitt.ch\/wp-content\/uploads\/2023\/01\/behandlung-hyperhidrose-starkes-schwitzen-basel.jpg\" alt=\"treatment hyperhidrosis heavy sweating basel\" itemprop=\"image\" title=\"treatment-hyperhidrosis-strong-sweating-basel\" onerror=\"this.style.display='none'\" width=\"1000\" height=\"1000\">\n\t<p>Botulinum, an active ingredient known primarily from the treatment of wrinkles, can also be used to combat heavy sweating. In this case, the drug is injected with very fine needles into the skin area affected by excessive sweating (e.g. armpit region, hands, feet). Botulinum reduces the release of sweat by exerting its effect directly on the sweat glands and specifically blocking the nerve impulses that cause sweat secretion.<\/p>\n<p>The effect starts after approx. 3 to 4 days and is fully developed after 10 to 14 days at the latest. The duration of the effect varies from person to person; as a rule, the effect lasts 4 to 6 months. After that, the original sweating resumes. However, many patients experience a longer duration of effect, especially after multiple botulinum injections.<\/p>\n<h2>Frequently asked questions<\/h2>\n\t\t\t\t\t\t\t\t\t\t<h3 tabindex=\"0\">What can you do against heavy sweating?<\/h3>\n\t\t\t\t\t<p>Botulinum treatment is a treatment option for severe sweating. The affected areas are injected with botulinum. The drug thus reaches the sweat glands and blocks them, inhibiting sweat production.<\/p>\n\t\t\t\t\t\t\t\t\t\t<h3 tabindex=\"0\">How long does the effect of hyperhidrosis treatment with botulinum last?<\/h3>\n\t\t\t\t\t<p>The duration of effect varies from individual to individual, but usually lasts 4 to 6 months. After several treatments, sometimes even a longer duration of effect can be observed.<\/p>\n\t\t\t\t\t\t\t\t\t\t<h3 tabindex=\"0\">Can hyperhidrosis treatment with botulinum be repeated?<\/h3>\n\t\t\t\t\t<p>Yes, as soon as the effect decreases and sweating starts again more frequently, the treatment can be repeated.<\/p>\n\t\t\t\t\t\t\t\t\t\t<h3 tabindex=\"0\">What must be observed after hyperhidrosis treatment with botulinum?<\/h3>\n\t\t\t\t\t<p>For optimal results, you should avoid sports and sauna for 2 days after the botulinum treatment.<\/p>\n\t<p>Simona L\u00fcdi, MD, will be happy to welcome you for a personal consultation at our clinic in Basel. We look forward to seeing you.<\/p>\n\t\t\t<a href=\"https:\/\/booking.epat.ch\/goldenschnitt\/booking\" target=\"_blank\" rel=\"noopener\" role=\"button\" aria-label=\"Book consultation appointment\">\n\t\t\t\t\t\t\tBook consultation appointment\n\t\t<\/a>\n\n\n\n<p><\/p>","protected":false},"excerpt":{"rendered":"<p>Heavy sweating (hyperhidrosis) can be very unpleasant for those affected and can have a significant impact on everyday life. Botulinum injections are an effective treatment option for excessive sweating and are offered by Dr. Simona L\u00fcdi in her clinic in Basel. Dr. L\u00fcdi will be happy to help you lead a life without annoying sweating! The treatment, which is mainly [...]<\/p>","protected":false},"author":6,"featured_media":0,"parent":561,"menu_order":0,"comment_status":"closed","ping_status":"closed","template":"","meta":{"_seopress_robots_primary_cat":"","_seopress_titles_title":"Botox \/ Botulinum gegen Hyperhidrose \/ Schwitzen | Dr. Simona L\u00fcdi | Basel","_seopress_titles_desc":"Botox \/ Botulinum gegen Achselschweiss - effektive Behandlung bei \u00fcberm\u00e4ssigem Schwitzen (Hyperhidrose). Frau Dr. Simona L\u00fcdi ber\u00e4t Sie gerne in unserer Klinik in Basel.","_seopress_robots_index":"","inline_featured_image":false,"site-sidebar-layout":"default","site-content-layout":"","ast-site-content-layout":"default","site-content-style":"default","site-sidebar-style":"default","ast-global-header-display":"","ast-banner-title-visibility":"","ast-main-header-display":"","ast-hfb-above-header-display":"","ast-hfb-below-header-display":"","ast-hfb-mobile-header-display":"","site-post-title":"","ast-breadcrumbs-content":"","ast-featured-img":"","footer-sml-layout":"","theme-transparent-header-meta":"","adv-header-id-meta":"","stick-header-meta":"","header-above-stick-meta":"","header-main-stick-meta":"","header-below-stick-meta":"","astra-migrate-meta-layouts":"set","ast-page-background-enabled":"default","ast-page-background-meta":{"desktop":{"background-color":"var(--ast-global-color-4)","background-image":"","background-repeat":"repeat","background-position":"center center","background-size":"auto","background-attachment":"scroll","background-type":"","background-media":"","overlay-type":"","overlay-color":"","overlay-opacity":"","overlay-gradient":""},"tablet":{"background-color":"","background-image":"","background-repeat":"repeat","background-position":"center center","background-size":"auto","background-attachment":"scroll","background-type":"","background-media":"","overlay-type":"","overlay-color":"","overlay-opacity":"","overlay-gradient":""},"mobile":{"background-color":"","background-image":"","background-repeat":"repeat","background-position":"center center","background-size":"auto","background-attachment":"scroll","background-type":"","background-media":"","overlay-type":"","overlay-color":"","overlay-opacity":"","overlay-gradient":""}},"ast-content-background-meta":{"desktop":{"background-color":"var(--ast-global-color-5)","background-image":"","background-repeat":"repeat","background-position":"center center","background-size":"auto","background-attachment":"scroll","background-type":"","background-media":"","overlay-type":"","overlay-color":"","overlay-opacity":"","overlay-gradient":""},"tablet":{"background-color":"var(--ast-global-color-5)","background-image":"","background-repeat":"repeat","background-position":"center center","background-size":"auto","background-attachment":"scroll","background-type":"","background-media":"","overlay-type":"","overlay-color":"","overlay-opacity":"","overlay-gradient":""},"mobile":{"background-color":"var(--ast-global-color-5)","background-image":"","background-repeat":"repeat","background-position":"center center","background-size":"auto","background-attachment":"scroll","background-type":"","background-media":"","overlay-type":"","overlay-color":"","overlay-opacity":"","overlay-gradient":""}},"footnotes":""},"class_list":["post-630","page","type-page","status-publish"],"_links":{"self":[{"href":"https:\/\/www.zumgoldenenschnitt.ch\/en\/wp-json\/wp\/v2\/pages\/630","targetHints":{"allow":["GET"]}}],"collection":[{"href":"https:\/\/www.zumgoldenenschnitt.ch\/en\/wp-json\/wp\/v2\/pages"}],"about":[{"href":"https:\/\/www.zumgoldenenschnitt.ch\/en\/wp-json\/wp\/v2\/types\/page"}],"author":[{"embeddable":true,"href":"https:\/\/www.zumgoldenenschnitt.ch\/en\/wp-json\/wp\/v2\/users\/6"}],"replies":[{"embeddable":true,"href":"https:\/\/www.zumgoldenenschnitt.ch\/en\/wp-json\/wp\/v2\/comments?post=630"}],"version-history":[{"count":8,"href":"https:\/\/www.zumgoldenenschnitt.ch\/en\/wp-json\/wp\/v2\/pages\/630\/revisions"}],"predecessor-version":[{"id":2057,"href":"https:\/\/www.zumgoldenenschnitt.ch\/en\/wp-json\/wp\/v2\/pages\/630\/revisions\/2057"}],"up":[{"embeddable":true,"href":"https:\/\/www.zumgoldenenschnitt.ch\/en\/wp-json\/wp\/v2\/pages\/561"}],"wp:attachment":[{"href":"https:\/\/www.zumgoldenenschnitt.ch\/en\/wp-json\/wp\/v2\/media?parent=630"}],"curies":[{"name":"wp","href":"https:\/\/api.w.org\/{rel}","templated":true}]}}