{"id":1035,"date":"2023-08-21T14:57:28","date_gmt":"2023-08-21T12:57:28","guid":{"rendered":"https:\/\/www.zumgoldenenschnitt.ch\/?page_id=1035"},"modified":"2025-10-08T14:08:13","modified_gmt":"2025-10-08T12:08:13","slug":"datenschutz","status":"publish","type":"page","link":"https:\/\/www.zumgoldenenschnitt.ch\/fr\/protection-des-donnees\/","title":{"rendered":"D\u00e9claration de confidentialit\u00e9"},"content":{"rendered":"<p>Bienvenue sur le site Internet de la Klinik Zum Goldenen Schnitt AG. La d\u00e9claration de protection des donn\u00e9es ci-apr\u00e8s s'applique \u00e0 l'utilisation de notre site web ainsi qu'aux services qui y sont propos\u00e9s. La pr\u00e9sente d\u00e9claration de protection des donn\u00e9es vous informe sur la collecte de donn\u00e9es personnelles lors de votre visite sur ce site web. En utilisant ce site web, vous acceptez le traitement de vos donn\u00e9es personnelles conform\u00e9ment \u00e0 la pr\u00e9sente d\u00e9claration de protection des donn\u00e9es.<\/p>\n<p>La collecte et le traitement de vos donn\u00e9es personnelles s'effectuent dans le respect des lois et des exigences en vigueur en mati\u00e8re de protection des donn\u00e9es. Par ailleurs, la clinique d\u00e9cline toute responsabilit\u00e9 quant \u00e0 l'utilisation de ce site.<\/p>\n<p>En principe, notre clinique ne propose ses services qu'en Suisse et ne s'adresse qu'aux personnes r\u00e9sidant en Suisse.<\/p>\n<strong>Collecte de donn\u00e9es et d'informations g\u00e9n\u00e9rales<\/strong><br \/>\nChaque fois que le site web est consult\u00e9, une s\u00e9rie de donn\u00e9es et d'informations g\u00e9n\u00e9rales sont collect\u00e9es. Ces donn\u00e9es et informations g\u00e9n\u00e9rales sont enregistr\u00e9es dans les fichiers journaux du serveur. Peuvent \u00eatre saisis (1) les types et versions de navigateurs utilis\u00e9s, (2) le syst\u00e8me d'exploitation utilis\u00e9 par le syst\u00e8me d'acc\u00e8s, (3) le site web \u00e0 partir duquel un syst\u00e8me d'acc\u00e8s arrive sur notre site web (ce que l'on appelle le r\u00e9f\u00e9rent), (4) les sous-sites web qui sont consult\u00e9s sur notre site web par un syst\u00e8me d'acc\u00e8s, (5) la date et l'heure d'un acc\u00e8s au site web, (6) une adresse de protocole Internet (adresse IP), (7) le fournisseur de services Internet du syst\u00e8me d'acc\u00e8s et (8) d'autres donn\u00e9es et informations similaires qui servent \u00e0 pr\u00e9venir les risques en cas d'attaques sur notre infrastructure informatique.\n<p>Ces donn\u00e9es et informations sont n\u00e9cessaires pour (1) pr\u00e9senter correctement le contenu de notre site web, (2) optimiser le contenu de notre site web, (3) garantir le fonctionnement durable de notre infrastructure informatique et de la technique de notre site web et (4) fournir les informations n\u00e9cessaires aux autorit\u00e9s de poursuite p\u00e9nale en cas de cyberattaque.<\/p>\n<p>En outre, notre clinique peut \u00e9valuer ces donn\u00e9es et informations d'une part \u00e0 des fins statistiques et d'autre part dans le but d'augmenter la protection et la s\u00e9curit\u00e9 des donn\u00e9es de son infrastructure informatique. Les donn\u00e9es et informations collect\u00e9es ne sont trait\u00e9es qu'aux fins susmentionn\u00e9es et sont ensuite effac\u00e9es.<\/p>\n<strong>Liens d'autres sites web<\/strong><br \/>\nCe site web peut contenir des liens vers des sites web d'autres fournisseurs. Notre clinique n'a aucune influence sur ces sites web, leur contenu, leurs offres ou leur disponibilit\u00e9, ni sur les d\u00e9clarations et dispositions relatives \u00e0 la protection des donn\u00e9es qui y sont en vigueur. Elle d\u00e9cline donc toute responsabilit\u00e9 \u00e0 cet \u00e9gard.\n<strong>Cookies et autres offres de service<\/strong><br \/>\nNotre clinique peut utiliser des cookies sur son site web. Les cookies contiennent ce que l'on appelle un cookie-ID, un identifiant unique du cookie qui associe les pages web et le serveur \u00e0 un navigateur Internet concret. Un navigateur Internet donn\u00e9 peut \u00eatre reconnu et identifi\u00e9 gr\u00e2ce \u00e0 cet identifiant de cookie unique.\n<p>De telles informations sur l'utilisation de ce site web (y compris votre adresse IP) peuvent, par exemple dans le cas de Google Analytics, \u00eatre transmises \u00e0 des serveurs \u00e0 l'\u00e9tranger et y \u00eatre enregistr\u00e9es. En utilisant notre site web, vous acceptez la transmission de ces donn\u00e9es.<\/p>\n<p>Notre clinique peut utiliser d'autres offres de services de prestataires tiers pour int\u00e9grer leurs contenus et services, comme par exemple des vid\u00e9os ou des articles, dans le site web. Une telle int\u00e9gration suppose toujours que ces prestataires tiers puissent saisir et traiter l'adresse IP et d'autres informations des visiteurs de ce site web. En utilisant notre site web, vous acceptez cela.<\/p>\n<p>Sur ce site web peuvent \u00eatre plac\u00e9s des boutons (\"plugins de m\u00e9dias sociaux\") qui \u00e9tablissent un contact avec les serveurs de r\u00e9seaux sociaux (Facebook, Twitter, Instagram, etc.). En cliquant sur l'un de ces boutons, vous donnez votre accord pour que les donn\u00e9es n\u00e9cessaires telles que l'adresse IP, la visite du site web, etc. soient transmises \u00e0 l'exploitant du r\u00e9seau social concern\u00e9.<\/p>\n<strong>Bulletin d'information<\/strong><br \/>\nSur notre site web, vous avez la possibilit\u00e9 de vous abonner \u00e0 notre newsletter. Les donn\u00e9es que vous mettez \u00e0 disposition de la clinique, en particulier votre adresse e-mail et votre nom, peuvent \u00eatre utilis\u00e9es pour l'envoi r\u00e9gulier de notre newsletter. L'envoi est effectu\u00e9 soit directement par le cabinet m\u00e9dical, soit par une entreprise sp\u00e9cialis\u00e9e dans ce domaine. Vous pouvez \u00e0 tout moment vous d\u00e9sabonner de la newsletter (en cliquant sur le lien dans la newsletter ou sur le site web). Vous pouvez \u00e9galement nous le faire savoir par e-mail ou via les coordonn\u00e9es indiqu\u00e9es dans les mentions l\u00e9gales. Les donn\u00e9es personnelles restent dans notre cabinet m\u00e9dical et, le cas \u00e9ch\u00e9ant, dans l'entreprise charg\u00e9e de l'envoi de la newsletter, tant que vous \u00eates abonn\u00e9 \u00e0 la newsletter.\n<strong>Possibilit\u00e9s de communication<\/strong><br \/>\nLe site web de notre clinique contient certaines informations qui permettent une prise de contact \u00e9lectronique rapide ainsi qu'une communication directe, ce qui comprend \u00e9galement une adresse e-mail g\u00e9n\u00e9rale. Si vous prenez contact avec nous par le biais des moyens de communication propos\u00e9s sur notre site web, vos donn\u00e9es de contact et leur contenu ne seront utilis\u00e9s que pour traiter et r\u00e9pondre \u00e0 votre demande.\n<p>Attention : il n'est pas possible de garantir que vos donn\u00e9es seront transmises de mani\u00e8re confidentielle. C'est pourquoi il ne faut pas transmettre de donn\u00e9es confidentielles (demandes m\u00e9dicales, etc.) lors de cette prise de contact.<\/p>\n<strong>Vos droits<\/strong><br \/>\nSur la base de la loi sur la protection des donn\u00e9es, vous avez diff\u00e9rents droits, comme par exemple un droit d'acc\u00e8s. Pour faire valoir vos droits, veuillez prendre contact avec la clinique. Nous nous tenons \u00e0 votre disposition pour toute information compl\u00e9mentaire \u00e0 ce sujet.\n<strong>Modifications<\/strong><br \/>\nNotre clinique peut adapter cette d\u00e9claration de protection des donn\u00e9es \u00e0 tout moment et sans pr\u00e9avis. La version actuelle publi\u00e9e sur notre site web fait foi. Dans la mesure o\u00f9 la d\u00e9claration de protection des donn\u00e9es fait partie d'un contrat avec vous, nous vous informerons de la modification par e-mail ou par tout autre moyen appropri\u00e9 en cas de mise \u00e0 jour.\n<p>B\u00e2le, le 7 octobre 2025<\/p>","protected":false},"excerpt":{"rendered":"<p>Bienvenue sur le site Internet de la Klinik Zum Goldenen Schnitt AG. La d\u00e9claration de protection des donn\u00e9es ci-apr\u00e8s s'applique \u00e0 l'utilisation de notre site web ainsi qu'aux services qui y sont propos\u00e9s. La pr\u00e9sente d\u00e9claration de protection des donn\u00e9es vous informe sur la collecte de donn\u00e9es personnelles lors de votre visite sur ce site web. En utilisant ce site web, vous acceptez le traitement de vos donn\u00e9es personnelles conform\u00e9ment \u00e0 la [...].<\/p>","protected":false},"author":6,"featured_media":0,"parent":0,"menu_order":0,"comment_status":"closed","ping_status":"closed","template":"","meta":{"_seopress_robots_primary_cat":"","_seopress_titles_title":"","_seopress_titles_desc":"","_seopress_robots_index":"yes","inline_featured_image":false,"site-sidebar-layout":"default","site-content-layout":"","ast-site-content-layout":"default","site-content-style":"default","site-sidebar-style":"default","ast-global-header-display":"","ast-banner-title-visibility":"","ast-main-header-display":"","ast-hfb-above-header-display":"","ast-hfb-below-header-display":"","ast-hfb-mobile-header-display":"","site-post-title":"","ast-breadcrumbs-content":"","ast-featured-img":"","footer-sml-layout":"","theme-transparent-header-meta":"","adv-header-id-meta":"","stick-header-meta":"","header-above-stick-meta":"","header-main-stick-meta":"","header-below-stick-meta":"","astra-migrate-meta-layouts":"set","ast-page-background-enabled":"default","ast-page-background-meta":{"desktop":{"background-color":"var(--ast-global-color-4)","background-image":"","background-repeat":"repeat","background-position":"center center","background-size":"auto","background-attachment":"scroll","background-type":"","background-media":"","overlay-type":"","overlay-color":"","overlay-opacity":"","overlay-gradient":""},"tablet":{"background-color":"","background-image":"","background-repeat":"repeat","background-position":"center center","background-size":"auto","background-attachment":"scroll","background-type":"","background-media":"","overlay-type":"","overlay-color":"","overlay-opacity":"","overlay-gradient":""},"mobile":{"background-color":"","background-image":"","background-repeat":"repeat","background-position":"center center","background-size":"auto","background-attachment":"scroll","background-type":"","background-media":"","overlay-type":"","overlay-color":"","overlay-opacity":"","overlay-gradient":""}},"ast-content-background-meta":{"desktop":{"background-color":"var(--ast-global-color-5)","background-image":"","background-repeat":"repeat","background-position":"center center","background-size":"auto","background-attachment":"scroll","background-type":"","background-media":"","overlay-type":"","overlay-color":"","overlay-opacity":"","overlay-gradient":""},"tablet":{"background-color":"var(--ast-global-color-5)","background-image":"","background-repeat":"repeat","background-position":"center center","background-size":"auto","background-attachment":"scroll","background-type":"","background-media":"","overlay-type":"","overlay-color":"","overlay-opacity":"","overlay-gradient":""},"mobile":{"background-color":"var(--ast-global-color-5)","background-image":"","background-repeat":"repeat","background-position":"center center","background-size":"auto","background-attachment":"scroll","background-type":"","background-media":"","overlay-type":"","overlay-color":"","overlay-opacity":"","overlay-gradient":""}},"footnotes":""},"class_list":["post-1035","page","type-page","status-publish"],"_links":{"self":[{"href":"https:\/\/www.zumgoldenenschnitt.ch\/fr\/wp-json\/wp\/v2\/pages\/1035","targetHints":{"allow":["GET"]}}],"collection":[{"href":"https:\/\/www.zumgoldenenschnitt.ch\/fr\/wp-json\/wp\/v2\/pages"}],"about":[{"href":"https:\/\/www.zumgoldenenschnitt.ch\/fr\/wp-json\/wp\/v2\/types\/page"}],"author":[{"embeddable":true,"href":"https:\/\/www.zumgoldenenschnitt.ch\/fr\/wp-json\/wp\/v2\/users\/6"}],"replies":[{"embeddable":true,"href":"https:\/\/www.zumgoldenenschnitt.ch\/fr\/wp-json\/wp\/v2\/comments?post=1035"}],"version-history":[{"count":10,"href":"https:\/\/www.zumgoldenenschnitt.ch\/fr\/wp-json\/wp\/v2\/pages\/1035\/revisions"}],"predecessor-version":[{"id":2199,"href":"https:\/\/www.zumgoldenenschnitt.ch\/fr\/wp-json\/wp\/v2\/pages\/1035\/revisions\/2199"}],"wp:attachment":[{"href":"https:\/\/www.zumgoldenenschnitt.ch\/fr\/wp-json\/wp\/v2\/media?parent=1035"}],"curies":[{"name":"wp","href":"https:\/\/api.w.org\/{rel}","templated":true}]}}