{"id":1082,"date":"2023-09-07T21:28:55","date_gmt":"2023-09-07T19:28:55","guid":{"rendered":"https:\/\/www.zumgoldenenschnitt.ch\/?page_id=1082"},"modified":"2026-03-05T13:49:37","modified_gmt":"2026-03-05T12:49:37","slug":"faltenbehandlung-botulinum-oder-hyaluronsaeure","status":"publish","type":"page","link":"https:\/\/www.zumgoldenenschnitt.ch\/fr\/traitement-des-rides-botulinum-ou-acide-hyaluronique\/","title":{"rendered":"Traitement des rides : Botulinum ou acide hyaluronique ?"},"content":{"rendered":"<p>B\u00e2le, le 5 septembre 2023<\/p>\n<p>L'apparition des rides a diff\u00e9rentes causes et varie selon la r\u00e9gion du visage.<\/p>\n<p>Outre les pr\u00e9dispositions g\u00e9n\u00e9tiques, le style de vie, l'alimentation, la consommation de nicotine et les rayons UV jouent un r\u00f4le d\u00e9cisif dans le vieillissement de la peau et l'apparition de rides. Les rayons UV \u00e9lev\u00e9s (bains de soleil, solarium), en particulier, endommagent la peau dans une large mesure et entra\u00eenent non seulement un vieillissement cutan\u00e9 plus rapide et plus de rides chez les types de peau clairs, mais aussi un risque accru de cancer de la peau.<\/p>\n<p>On peut grossi\u00e8rement distinguer les rides mim\u00e9tiques, statiques et actives. Les rides d'expression, comme les rides du lion ou les rides du sourire, sont provoqu\u00e9es par les mouvements des muscles du visage. Les rides statiques, comme les sillons nasog\u00e9niens, sont en revanche visibles ind\u00e9pendamment de nos mimiques et r\u00e9sultent du rel\u00e2chement des tissus et de la perte d'hydratation de la peau dans le cadre du processus de vieillissement normal. Les rides actiniques (\"rides du froissement\"), en revanche, sont dues \u00e0 la d\u00e9shydratation et au vieillissement de notre peau.<\/p>\n<p>Si les causes des rides sont diff\u00e9rentes, les m\u00e9thodes de traitement utilis\u00e9es le sont tout autant : <a href=\"https:\/\/www.zumgoldenenschnitt.ch\/fr\/offre\/botulinum-hyaluron-fr\/botulinum-fr\/\">Botulinum (Botox)<\/a>, <a href=\"https:\/\/www.zumgoldenenschnitt.ch\/fr\/offre\/botulinum-hyaluron-fr\/acide-hyaluronique\/\">Filler<\/a> ou <a href=\"https:\/\/www.zumgoldenenschnitt.ch\/fr\/offre\/botulinum-hyaluron-fr\/profhilo-skinbooster\/\">Skinbooster<\/a>?<\/p>\n\t\t\t\t<img loading=\"lazy\" decoding=\"async\" src=\"https:\/\/www.zumgoldenenschnitt.ch\/wp-content\/uploads\/2023\/09\/journal-faltenbehandlung-hyaluronsaeure.jpg\" alt=\"journal traitement des rides acide hyaluronique\" itemprop=\"image\" height=\"1000\" width=\"1000\" title=\"Journal Traitement des rides Acide hyaluronique\" onerror=\"this.style.display='none'\"  \/>\n\t<h4><a href=\"https:\/\/www.zumgoldenenschnitt.ch\/fr\/offre\/botulinum-hyaluron-fr\/botulinum-fr\/\"><b>Botulinum<\/b><\/a><\/h4>\n<p>Pour les rides d'expression comme les rides de col\u00e8re, les rides du front et les rides du sourire autour des yeux (appel\u00e9es pattes d'oie), un traitement \u00e0 la toxine botulique, \u00e9galement connue sous le nom de Botox, est indiqu\u00e9. Le m\u00e9dicament se pr\u00e9sente sous forme de poudre et est m\u00e9lang\u00e9 \u00e0 un liquide st\u00e9rile pour le traitement. Outre le traitement des rides, il est utilis\u00e9 dans le traitement de la transpiration excessive (hyperhidrose), du grincement des dents (bruxisme) ou de la migraine chronique. Pour le traitement des rides, la toxine botulique est inject\u00e9e \u00e0 l'aide d'une aiguille tr\u00e8s fine dans les muscles du visage concern\u00e9s, de sorte que ceux-ci se rel\u00e2chent pour emp\u00eacher la formation active de rides. Utilis\u00e9e au bon dosage, la toxine botulique att\u00e9nue les rides d'expression sans para\u00eetre anormale ou rigide. Il est important que la toxine botulique ne soit utilis\u00e9e que par des sp\u00e9cialistes en chirurgie plastique et esth\u00e9tique form\u00e9s et exp\u00e9riment\u00e9s, \u00e0 la bonne dilution et au bon endroit. Sinon, il y a un risque que le m\u00e9dicament paralyse d'autres muscles non souhait\u00e9s.  Par mesure de pr\u00e9caution, je recommande \u00e0 mes clients de respecter la \"r\u00e8gle des deux jours\" suivante apr\u00e8s chaque traitement au Botulinum : Renoncer au sport, au travail de la t\u00eate, aux massages de la r\u00e9gion du visage trait\u00e9e et au sauna pendant 2 jours.<\/p>\n<p>&nbsp;<\/p>\n<h4><a href=\"https:\/\/www.zumgoldenenschnitt.ch\/fr\/offre\/botulinum-hyaluron-fr\/acide-hyaluronique\/\"><b>Filler<\/b><\/a><\/h4>\n<p>Une autre possibilit\u00e9 de traitement des rides est le comblement des rides avec ce que l'on appelle des fillers. Le terme g\u00e9n\u00e9rique \"filler\" d\u00e9signe des mat\u00e9riaux de comblement tels que l'acide hyaluronique, l'hydroxyapatite de calcium (par exemple Radiesse) ou la graisse autologue. Aujourd'hui, les produits de comblement \u00e0 base d'acide hyaluronique sont les plus utilis\u00e9s. L'acide hyaluronique est un composant naturel des tissus de notre corps et assure l'hydratation, l'\u00e9lasticit\u00e9 et la fermet\u00e9 de la peau et des tissus gr\u00e2ce \u00e0 sa capacit\u00e9 \u00e0 retenir l'eau. Les produits de comblement \u00e0 base d'acide hyaluronique ont une consistance de gel. Il existe une large palette de produits \u00e0 base d'acide hyaluronique de diff\u00e9rentes consistances ou viscosit\u00e9s, de sorte que les sp\u00e9cialistes exp\u00e9riment\u00e9s en chirurgie plastique et esth\u00e9tique choisissent le produit adapt\u00e9 \u00e0 l'indication de traitement correspondante. Par exemple, pour une ride profonde, il faut un produit de comblement plus ferme avec une bonne \"capacit\u00e9 de levage\" et pour des ridules fines et superficielles, un produit plus \"liquide\" qui s'\u00e9tale bien.<\/p>\n<p>L'acide hyaluronique pr\u00e9sente en outre un autre avantage de taille par rapport aux autres produits de comblement : il peut, si n\u00e9cessaire, \u00eatre dissous \u00e0 l'aide d'un antidote (appel\u00e9 hyaluronidase).<\/p>\n<p>L'acide hyaluronique est \u00e9galement \u00e9limin\u00e9 naturellement et lentement par le corps, de sorte que l'effet dure entre 6 mois et 2 ans. Outre l'injection directe de rides, l'acide hyaluronique permet \u00e9galement de modeler le visage en douceur, par exemple en soulignant les pommettes ou en corrigeant la perte de volume due au vieillissement au milieu du visage. Entre de bonnes mains, il est ainsi possible d'obtenir des r\u00e9sultats de traitement naturels et de vous offrir une nouvelle fra\u00eecheur. Souvent, moins c'est plus !<\/p>\n<p>&nbsp;<\/p>\n<h4><a href=\"https:\/\/www.zumgoldenenschnitt.ch\/fr\/offre\/botulinum-hyaluron-fr\/profhilo-skinbooster\/\"><b>Skinbooster<\/b><\/a><\/h4>\n<p>Contrairement aux fillers, les skinboosters ne servent pas \u00e0 traiter les rides profondes ou \u00e0 donner du volume, mais \u00e0 hydrater la peau de l'int\u00e9rieur et \u00e0 att\u00e9nuer les rides dites actiniques (\"rides de plissement\"). Les skinboosters font partie des produits \u00e0 base d'acide hyaluronique et sont utilis\u00e9s pour l'hydratation en profondeur et le rajeunissement de la peau. Ils sont inject\u00e9s sur une grande surface dans les couches profondes de la peau et y fixent de grandes quantit\u00e9s d'humidit\u00e9, ce qui permet d'obtenir une hydratation durable de la peau. Gr\u00e2ce \u00e0 l'\u00e9lasticit\u00e9 accrue de la peau, les traitements skinbooster permettent d'am\u00e9liorer les \"rides\" et de redonner \u00e0 la peau un nouvel \u00e9clat.<\/p>\n<p>Particuli\u00e8rement appr\u00e9ci\u00e9e est la <a href=\"https:\/\/www.zumgoldenenschnitt.ch\/fr\/offre\/botulinum-hyaluron-fr\/profhilo-skinbooster\/\">Traitement PROFHILO<\/a>PROFHILO\u00ae est un acide hyaluronique particuli\u00e8rement pur qui, outre son effet hydratant imm\u00e9diat, relance la production d'acide hyaluronique par l'organisme et favorise la formation naturelle d'\u00e9lastine et de collag\u00e8ne. Le r\u00e9sultat est un teint frais et \u00e9clatant avec une belle luminosit\u00e9 naturelle.<\/p>\n<p>En tant que sp\u00e9cialiste exp\u00e9riment\u00e9e en chirurgie plastique et esth\u00e9tique, je vous conseille volontiers en ce qui concerne <a href=\"https:\/\/www.zumgoldenenschnitt.ch\/fr\/offre\/visage\/traitement-des-rides\/\">Traitement des rides<\/a>. Les r\u00e9sultats naturels des traitements me tiennent particuli\u00e8rement \u00e0 c\u0153ur, ce qui me caract\u00e9rise et est tr\u00e8s appr\u00e9ci\u00e9 par beaucoup de mes clientes et clients.<\/p>\n<p>R\u00e9servez d\u00e8s maintenant votre rendez-vous de conseil en ligne, nous nous r\u00e9jouissons de vous rencontrer !<\/p>\n\t\t\t<a href=\"https:\/\/booking.epat.ch\/goldenschnitt\/booking\" target=\"_blank\" rel=\"noopener\" role=\"button\" aria-label=\"R\u00e9server un rendez-vous de consultation\">\n\t\t\t\t\t\t\tR\u00e9server un rendez-vous de consultation\n\t\t<\/a>","protected":false},"excerpt":{"rendered":"<p>B\u00e2le, le 5 septembre 2023 L'apparition des rides a diff\u00e9rentes causes et varie selon la r\u00e9gion du visage. Outre la pr\u00e9disposition g\u00e9n\u00e9tique, le mode de vie, l'alimentation, la consommation de nicotine et les rayons UV jouent un r\u00f4le d\u00e9cisif dans le vieillissement de la peau et l'apparition des rides. Les rayons UV \u00e9lev\u00e9s (bains de soleil, solarium), en particulier, endommagent la peau dans une large mesure et entra\u00eenent chez les types de peau clairs [...].<\/p>","protected":false},"author":4,"featured_media":0,"parent":0,"menu_order":0,"comment_status":"closed","ping_status":"closed","template":"","meta":{"_seopress_robots_primary_cat":"","_seopress_titles_title":"Faltenbehandlung: Botulinum oder Hyalurons\u00e4ure? | Journal 5. September 2023| Dr. Simona L\u00fcdi | Basel","_seopress_titles_desc":"Wann ist Botulinum oder Hylaurons\u00e4ure zur Faltenbehandlung empfohlen? Frau Dr. Simona L\u00fcdi ber\u00e4t Sie gerne in unserer Klinik in Basel.","_seopress_robots_index":"","inline_featured_image":false,"site-sidebar-layout":"default","site-content-layout":"","ast-site-content-layout":"default","site-content-style":"default","site-sidebar-style":"default","ast-global-header-display":"","ast-banner-title-visibility":"","ast-main-header-display":"","ast-hfb-above-header-display":"","ast-hfb-below-header-display":"","ast-hfb-mobile-header-display":"","site-post-title":"","ast-breadcrumbs-content":"","ast-featured-img":"","footer-sml-layout":"","theme-transparent-header-meta":"","adv-header-id-meta":"","stick-header-meta":"","header-above-stick-meta":"","header-main-stick-meta":"","header-below-stick-meta":"","astra-migrate-meta-layouts":"set","ast-page-background-enabled":"default","ast-page-background-meta":{"desktop":{"background-color":"var(--ast-global-color-4)","background-image":"","background-repeat":"repeat","background-position":"center center","background-size":"auto","background-attachment":"scroll","background-type":"","background-media":"","overlay-type":"","overlay-color":"","overlay-opacity":"","overlay-gradient":""},"tablet":{"background-color":"","background-image":"","background-repeat":"repeat","background-position":"center center","background-size":"auto","background-attachment":"scroll","background-type":"","background-media":"","overlay-type":"","overlay-color":"","overlay-opacity":"","overlay-gradient":""},"mobile":{"background-color":"","background-image":"","background-repeat":"repeat","background-position":"center center","background-size":"auto","background-attachment":"scroll","background-type":"","background-media":"","overlay-type":"","overlay-color":"","overlay-opacity":"","overlay-gradient":""}},"ast-content-background-meta":{"desktop":{"background-color":"var(--ast-global-color-5)","background-image":"","background-repeat":"repeat","background-position":"center center","background-size":"auto","background-attachment":"scroll","background-type":"","background-media":"","overlay-type":"","overlay-color":"","overlay-opacity":"","overlay-gradient":""},"tablet":{"background-color":"var(--ast-global-color-5)","background-image":"","background-repeat":"repeat","background-position":"center center","background-size":"auto","background-attachment":"scroll","background-type":"","background-media":"","overlay-type":"","overlay-color":"","overlay-opacity":"","overlay-gradient":""},"mobile":{"background-color":"var(--ast-global-color-5)","background-image":"","background-repeat":"repeat","background-position":"center center","background-size":"auto","background-attachment":"scroll","background-type":"","background-media":"","overlay-type":"","overlay-color":"","overlay-opacity":"","overlay-gradient":""}},"footnotes":""},"class_list":["post-1082","page","type-page","status-publish"],"_links":{"self":[{"href":"https:\/\/www.zumgoldenenschnitt.ch\/fr\/wp-json\/wp\/v2\/pages\/1082","targetHints":{"allow":["GET"]}}],"collection":[{"href":"https:\/\/www.zumgoldenenschnitt.ch\/fr\/wp-json\/wp\/v2\/pages"}],"about":[{"href":"https:\/\/www.zumgoldenenschnitt.ch\/fr\/wp-json\/wp\/v2\/types\/page"}],"author":[{"embeddable":true,"href":"https:\/\/www.zumgoldenenschnitt.ch\/fr\/wp-json\/wp\/v2\/users\/4"}],"replies":[{"embeddable":true,"href":"https:\/\/www.zumgoldenenschnitt.ch\/fr\/wp-json\/wp\/v2\/comments?post=1082"}],"version-history":[{"count":11,"href":"https:\/\/www.zumgoldenenschnitt.ch\/fr\/wp-json\/wp\/v2\/pages\/1082\/revisions"}],"predecessor-version":[{"id":2309,"href":"https:\/\/www.zumgoldenenschnitt.ch\/fr\/wp-json\/wp\/v2\/pages\/1082\/revisions\/2309"}],"wp:attachment":[{"href":"https:\/\/www.zumgoldenenschnitt.ch\/fr\/wp-json\/wp\/v2\/media?parent=1082"}],"curies":[{"name":"wp","href":"https:\/\/api.w.org\/{rel}","templated":true}]}}