{"id":1107,"date":"2023-09-07T21:29:44","date_gmt":"2023-09-07T19:29:44","guid":{"rendered":"https:\/\/www.zumgoldenenschnitt.ch\/?page_id=1107"},"modified":"2026-03-05T13:52:42","modified_gmt":"2026-03-05T12:52:42","slug":"wie-funktioniert-eine-bauchdeckenstraffung","status":"publish","type":"page","link":"https:\/\/www.zumgoldenenschnitt.ch\/fr\/comment-fonctionne-une-abdominoplastie\/","title":{"rendered":"Comment fonctionne une abdominoplastie ?"},"content":{"rendered":"<p>B\u00e2le, le 28 ao\u00fbt 2023<\/p>\n<p>Les causes de l'exc\u00e8s de peau et de tissus tombants au niveau du ventre sont multiples, par exemple suite \u00e0 une grossesse ou \u00e0 une perte de poids importante. La solution est souvent une <a href=\"https:\/\/www.zumgoldenenschnitt.ch\/fr\/offre\/corps\/abdominoplastie-abdominoplastie\/\">Abdominoplastie (lifting de la paroi abdominale)<\/a>Elle permet d'\u00e9liminer l'exc\u00e8s de tissu abdominal et de raffermir le ventre. Souvent, l'abdominoplastie est \u00e9galement associ\u00e9e \u00e0 une <a href=\"https:\/\/www.zumgoldenenschnitt.ch\/fr\/offre\/corps\/liposuccion-liposuccion\/\">Liposuccion<\/a> combin\u00e9s.<\/p>\n<p>&nbsp;<\/p>\n<h4><b>Technique op\u00e9ratoire<\/b><\/h4>\n<p>L'incision est choisie de mani\u00e8re \u00e0 ce que la future cicatrice soit cach\u00e9e par la culotte de bikini ou les sous-v\u00eatements. L'exc\u00e8s de peau et de graisse est ensuite d\u00e9coll\u00e9 de la paroi abdominale et enlev\u00e9. La paroi abdominale est ensuite raffermie et le nombril repositionn\u00e9. Enfin, la peau est sutur\u00e9e en plusieurs couches avec des fils auto-dissolvants.<\/p>\n\t\t\t\t<img loading=\"lazy\" decoding=\"async\" src=\"https:\/\/www.zumgoldenenschnitt.ch\/wp-content\/uploads\/2023\/09\/journal-bauchdeckenstraffung-abdominoplastik-1.jpg\" alt=\"journal abdominoplastie (plastie abdominale)\" itemprop=\"image\" height=\"1000\" width=\"1000\" title=\"Journal Abdominoplastie (abdominoplastie)\" onerror=\"this.style.display='none'\"  \/>\n\t<h4><b>Abdominoplastie dans le cadre d'un mommy makeover<\/b><\/h4>\n<p>Dans notre clinique, les femmes subissent souvent une abdominoplastie dans le cadre d'un <a href=\"https:\/\/www.zumgoldenenschnitt.ch\/fr\/offre\/corps\/abdominoplastie-abdominoplastie\/\">Maman Makovers<\/a> de la peau. Il est \u00e9galement possible d'\u00e9liminer les vergetures sous le nombril et de corriger les cicatrices de c\u00e9sarienne. En plus de la peau, l'abdominoplastie permet \u00e9galement de raffermir la paroi musculaire de l'abdomen lorsque les muscles longs de l'abdomen se sont rel\u00e2ch\u00e9s et se sont distendus (diastasis du rectum), par exemple apr\u00e8s une ou plusieurs grossesses. S'il n'y a qu'un petit exc\u00e9dent de peau dans le bas-ventre, une mini-abdominoplastie peut \u00eatre r\u00e9alis\u00e9e sans d\u00e9placer le nombril.<\/p>\n<p>&nbsp;<\/p>\n<h4><b>Dur\u00e9e de l'op\u00e9ration et temps de gu\u00e9rison<\/b><\/h4>\n<p>Une abdominoplastie dure environ deux \u00e0 trois heures et peut g\u00e9n\u00e9ralement \u00eatre r\u00e9alis\u00e9e en ambulatoire. Pendant les deux premi\u00e8res semaines suivant l'op\u00e9ration, les patients doivent se m\u00e9nager avant de pouvoir reprendre leur travail. Pour soutenir le processus de gu\u00e9rison, il convient de porter une gaine de compression pendant six semaines, apr\u00e8s quoi les activit\u00e9s sportives sont \u00e0 nouveau possibles.<\/p>\n<p>Pour plus d'informations sur l'abdominoplastie, voir <a href=\"https:\/\/www.zumgoldenenschnitt.ch\/fr\/offre\/corps\/abdominoplastie-abdominoplastie\/\">ici<\/a>.<\/p>\n<p>Je vous conseillerai volontiers lors d'un entretien personnel et r\u00e9pondrai \u00e0 vos questions. Nous nous r\u00e9jouissons de votre visite dans notre clinique \u00e0 B\u00e2le.<\/p>\n<p>R\u00e9servez d\u00e8s maintenant votre rendez-vous de conseil personnel en ligne !<\/p>\n\t\t\t<a href=\"https:\/\/booking.epat.ch\/goldenschnitt\/booking\" target=\"_blank\" rel=\"noopener\" role=\"button\" aria-label=\"R\u00e9server un rendez-vous de consultation\">\n\t\t\t\t\t\t\tR\u00e9server un rendez-vous de consultation\n\t\t<\/a>","protected":false},"excerpt":{"rendered":"<p>B\u00e2le, le 28 ao\u00fbt 2023 Les causes de l'exc\u00e8s de peau et de tissus tombants au niveau du ventre sont multiples, par exemple suite \u00e0 une grossesse ou \u00e0 une perte de poids importante. La solution est souvent une abdominoplastie, qui permet d'\u00e9liminer l'exc\u00e8s de tissu au niveau de l'abdomen et de raffermir le ventre. Souvent, l'abdominoplastie est \u00e9galement combin\u00e9e \u00e0 une liposuccion.   Technique op\u00e9ratoire La [...]<\/p>","protected":false},"author":4,"featured_media":0,"parent":0,"menu_order":0,"comment_status":"closed","ping_status":"closed","template":"","meta":{"_seopress_robots_primary_cat":"","_seopress_titles_title":"Wie funktioniert eine Bauchdeckenstraffung? | Journal 28. August 2023 | Dr. Simona L\u00fcdi | Basel","_seopress_titles_desc":"Bauchdeckenstraffung (Abdominoplastik) f\u00fcr einen straffen Bauch. Frau Dr. Simona L\u00fcdi ber\u00e4t Sie gerne in unserer Klinik in Basel.","_seopress_robots_index":"","inline_featured_image":false,"site-sidebar-layout":"default","site-content-layout":"","ast-site-content-layout":"default","site-content-style":"default","site-sidebar-style":"default","ast-global-header-display":"","ast-banner-title-visibility":"","ast-main-header-display":"","ast-hfb-above-header-display":"","ast-hfb-below-header-display":"","ast-hfb-mobile-header-display":"","site-post-title":"","ast-breadcrumbs-content":"","ast-featured-img":"","footer-sml-layout":"","theme-transparent-header-meta":"","adv-header-id-meta":"","stick-header-meta":"","header-above-stick-meta":"","header-main-stick-meta":"","header-below-stick-meta":"","astra-migrate-meta-layouts":"set","ast-page-background-enabled":"default","ast-page-background-meta":{"desktop":{"background-color":"var(--ast-global-color-4)","background-image":"","background-repeat":"repeat","background-position":"center center","background-size":"auto","background-attachment":"scroll","background-type":"","background-media":"","overlay-type":"","overlay-color":"","overlay-opacity":"","overlay-gradient":""},"tablet":{"background-color":"","background-image":"","background-repeat":"repeat","background-position":"center center","background-size":"auto","background-attachment":"scroll","background-type":"","background-media":"","overlay-type":"","overlay-color":"","overlay-opacity":"","overlay-gradient":""},"mobile":{"background-color":"","background-image":"","background-repeat":"repeat","background-position":"center center","background-size":"auto","background-attachment":"scroll","background-type":"","background-media":"","overlay-type":"","overlay-color":"","overlay-opacity":"","overlay-gradient":""}},"ast-content-background-meta":{"desktop":{"background-color":"var(--ast-global-color-5)","background-image":"","background-repeat":"repeat","background-position":"center center","background-size":"auto","background-attachment":"scroll","background-type":"","background-media":"","overlay-type":"","overlay-color":"","overlay-opacity":"","overlay-gradient":""},"tablet":{"background-color":"var(--ast-global-color-5)","background-image":"","background-repeat":"repeat","background-position":"center center","background-size":"auto","background-attachment":"scroll","background-type":"","background-media":"","overlay-type":"","overlay-color":"","overlay-opacity":"","overlay-gradient":""},"mobile":{"background-color":"var(--ast-global-color-5)","background-image":"","background-repeat":"repeat","background-position":"center center","background-size":"auto","background-attachment":"scroll","background-type":"","background-media":"","overlay-type":"","overlay-color":"","overlay-opacity":"","overlay-gradient":""}},"footnotes":""},"class_list":["post-1107","page","type-page","status-publish"],"_links":{"self":[{"href":"https:\/\/www.zumgoldenenschnitt.ch\/fr\/wp-json\/wp\/v2\/pages\/1107","targetHints":{"allow":["GET"]}}],"collection":[{"href":"https:\/\/www.zumgoldenenschnitt.ch\/fr\/wp-json\/wp\/v2\/pages"}],"about":[{"href":"https:\/\/www.zumgoldenenschnitt.ch\/fr\/wp-json\/wp\/v2\/types\/page"}],"author":[{"embeddable":true,"href":"https:\/\/www.zumgoldenenschnitt.ch\/fr\/wp-json\/wp\/v2\/users\/4"}],"replies":[{"embeddable":true,"href":"https:\/\/www.zumgoldenenschnitt.ch\/fr\/wp-json\/wp\/v2\/comments?post=1107"}],"version-history":[{"count":9,"href":"https:\/\/www.zumgoldenenschnitt.ch\/fr\/wp-json\/wp\/v2\/pages\/1107\/revisions"}],"predecessor-version":[{"id":2315,"href":"https:\/\/www.zumgoldenenschnitt.ch\/fr\/wp-json\/wp\/v2\/pages\/1107\/revisions\/2315"}],"wp:attachment":[{"href":"https:\/\/www.zumgoldenenschnitt.ch\/fr\/wp-json\/wp\/v2\/media?parent=1107"}],"curies":[{"name":"wp","href":"https:\/\/api.w.org\/{rel}","templated":true}]}}