{"id":1224,"date":"2023-10-22T17:19:06","date_gmt":"2023-10-22T15:19:06","guid":{"rendered":"https:\/\/www.zumgoldenenschnitt.ch\/?page_id=1224"},"modified":"2026-03-05T13:53:14","modified_gmt":"2026-03-05T12:53:14","slug":"vampir-lifting-fur-eine-frische-strahlende-haut","status":"publish","type":"page","link":"https:\/\/www.zumgoldenenschnitt.ch\/fr\/lifting-vampirique-pour-une-peau-fraiche-et-eclatante\/","title":{"rendered":"Un lifting vampire pour une peau fra\u00eeche et \u00e9clatante !"},"content":{"rendered":"<p>B\u00e2le, le 22 octobre 2023<\/p>\n<p>Le site <a href=\"https:\/\/www.zumgoldenenschnitt.ch\/fr\/offre\/visage\/prp-traitement-vampire-lifting-therapie-par-le-sang-autologue-a-bale\/\">Lifting vampire<\/a> est un traitement efficace pour r\u00e9g\u00e9n\u00e9rer la peau de mani\u00e8re naturelle et par ses propres moyens, ce qui permet de rajeunir et d'am\u00e9liorer la qualit\u00e9 de la peau.<\/p>\n<p>Avant le traitement, on pr\u00e9l\u00e8ve du sang autologue qui est ensuite centrifug\u00e9 et le visage est trait\u00e9 avec le PRP (Platelet Rich Plasma) obtenu.<\/p>\n<p>Dans ce cas, le PRP est inject\u00e9 directement dans la peau et peut \u00eatre compl\u00e9t\u00e9 par un produit suppl\u00e9mentaire. <a href=\"https:\/\/www.zumgoldenenschnitt.ch\/fr\/offre\/visage\/microneedling-in-basel\/\">Microneedling<\/a> peuvent \u00eatre combin\u00e9s. Le traitement est utilis\u00e9 avec succ\u00e8s pour l'anti-\u00e2ge, l'am\u00e9lioration de l'aspect de la peau, l'affinement des pores, le raffermissement de la peau, le traitement des ridules ainsi que pour les cicatrices (entre autres les cicatrices d'acn\u00e9) et les taches pigmentaires.<\/p>\n\t\t\t\t<img loading=\"lazy\" decoding=\"async\" src=\"https:\/\/www.zumgoldenenschnitt.ch\/wp-content\/uploads\/2023\/09\/journal-microneedling-in-basel.jpg\" alt=\"journal microneedling \u00e0 b\u00e2le\" itemprop=\"image\" height=\"1000\" width=\"1000\" title=\"Journal Microneedling \u00e0 B\u00e2le\" onerror=\"this.style.display='none'\"  \/>\n\t<p>L'un des grands avantages du vampire lifting r\u00e9side dans le fait que seules des substances propres au corps sont utilis\u00e9es. Il n'y a donc aucun risque de r\u00e9action d'intol\u00e9rance. Ce traitement est particuli\u00e8rement appr\u00e9ci\u00e9 en automne et en hiver, car il faut ensuite veiller \u00e0 bien prot\u00e9ger la peau du soleil. Il est recommand\u00e9 de r\u00e9p\u00e9ter le traitement PRP toutes les quatre semaines environ.<\/p>\n<p>Le r\u00e9sultat : un teint frais et \u00e9clatant !<\/p>\n<p>Avez-vous d\u00e9j\u00e0 essay\u00e9 un lifting vampire ? R\u00e9servez votre rendez-vous d\u00e8s maintenant. Nous nous r\u00e9jouissons de votre visite.<\/p>\n\t\t\t<a href=\"https:\/\/booking.epat.ch\/goldenschnitt\/booking\" target=\"_blank\" rel=\"noopener\" role=\"button\" aria-label=\"R\u00e9server un rendez-vous de consultation\">\n\t\t\t\t\t\t\tR\u00e9server un rendez-vous de consultation\n\t\t<\/a>","protected":false},"excerpt":{"rendered":"<p>B\u00e2le, le 22 octobre 2023 Le Vampire Lifting est un traitement efficace pour r\u00e9g\u00e9n\u00e9rer la peau de mani\u00e8re naturelle et par ses propres moyens et obtenir ainsi un rajeunissement et une am\u00e9lioration de la qualit\u00e9 de la peau. Avant le traitement, on pr\u00e9l\u00e8ve du sang autologue qui est ensuite centrifug\u00e9 et le visage est trait\u00e9 avec le PRP (Platelet Rich Plasma) obtenu. [...]<\/p>","protected":false},"author":4,"featured_media":0,"parent":0,"menu_order":0,"comment_status":"closed","ping_status":"closed","template":"","meta":{"_seopress_robots_primary_cat":"","_seopress_titles_title":"Vampir Lifting f\u00fcr eine frische, strahlende Haut! | Journal 22. Oktober 2023 | Dr. Simona L\u00fcdi | Basel","_seopress_titles_desc":"Vampir Lifting mit PRP f\u00fcr eine frische strahlende Haut! Frau Dr. Simona L\u00fcdi ber\u00e4t Sie gerne in unserer Klinik in Basel.","_seopress_robots_index":"","inline_featured_image":false,"site-sidebar-layout":"default","site-content-layout":"","ast-site-content-layout":"default","site-content-style":"default","site-sidebar-style":"default","ast-global-header-display":"","ast-banner-title-visibility":"","ast-main-header-display":"","ast-hfb-above-header-display":"","ast-hfb-below-header-display":"","ast-hfb-mobile-header-display":"","site-post-title":"","ast-breadcrumbs-content":"","ast-featured-img":"","footer-sml-layout":"","theme-transparent-header-meta":"","adv-header-id-meta":"","stick-header-meta":"","header-above-stick-meta":"","header-main-stick-meta":"","header-below-stick-meta":"","astra-migrate-meta-layouts":"set","ast-page-background-enabled":"default","ast-page-background-meta":{"desktop":{"background-color":"var(--ast-global-color-4)","background-image":"","background-repeat":"repeat","background-position":"center center","background-size":"auto","background-attachment":"scroll","background-type":"","background-media":"","overlay-type":"","overlay-color":"","overlay-opacity":"","overlay-gradient":""},"tablet":{"background-color":"","background-image":"","background-repeat":"repeat","background-position":"center center","background-size":"auto","background-attachment":"scroll","background-type":"","background-media":"","overlay-type":"","overlay-color":"","overlay-opacity":"","overlay-gradient":""},"mobile":{"background-color":"","background-image":"","background-repeat":"repeat","background-position":"center center","background-size":"auto","background-attachment":"scroll","background-type":"","background-media":"","overlay-type":"","overlay-color":"","overlay-opacity":"","overlay-gradient":""}},"ast-content-background-meta":{"desktop":{"background-color":"var(--ast-global-color-5)","background-image":"","background-repeat":"repeat","background-position":"center center","background-size":"auto","background-attachment":"scroll","background-type":"","background-media":"","overlay-type":"","overlay-color":"","overlay-opacity":"","overlay-gradient":""},"tablet":{"background-color":"var(--ast-global-color-5)","background-image":"","background-repeat":"repeat","background-position":"center center","background-size":"auto","background-attachment":"scroll","background-type":"","background-media":"","overlay-type":"","overlay-color":"","overlay-opacity":"","overlay-gradient":""},"mobile":{"background-color":"var(--ast-global-color-5)","background-image":"","background-repeat":"repeat","background-position":"center center","background-size":"auto","background-attachment":"scroll","background-type":"","background-media":"","overlay-type":"","overlay-color":"","overlay-opacity":"","overlay-gradient":""}},"footnotes":""},"class_list":["post-1224","page","type-page","status-publish"],"_links":{"self":[{"href":"https:\/\/www.zumgoldenenschnitt.ch\/fr\/wp-json\/wp\/v2\/pages\/1224","targetHints":{"allow":["GET"]}}],"collection":[{"href":"https:\/\/www.zumgoldenenschnitt.ch\/fr\/wp-json\/wp\/v2\/pages"}],"about":[{"href":"https:\/\/www.zumgoldenenschnitt.ch\/fr\/wp-json\/wp\/v2\/types\/page"}],"author":[{"embeddable":true,"href":"https:\/\/www.zumgoldenenschnitt.ch\/fr\/wp-json\/wp\/v2\/users\/4"}],"replies":[{"embeddable":true,"href":"https:\/\/www.zumgoldenenschnitt.ch\/fr\/wp-json\/wp\/v2\/comments?post=1224"}],"version-history":[{"count":6,"href":"https:\/\/www.zumgoldenenschnitt.ch\/fr\/wp-json\/wp\/v2\/pages\/1224\/revisions"}],"predecessor-version":[{"id":2314,"href":"https:\/\/www.zumgoldenenschnitt.ch\/fr\/wp-json\/wp\/v2\/pages\/1224\/revisions\/2314"}],"wp:attachment":[{"href":"https:\/\/www.zumgoldenenschnitt.ch\/fr\/wp-json\/wp\/v2\/media?parent=1224"}],"curies":[{"name":"wp","href":"https:\/\/api.w.org\/{rel}","templated":true}]}}