{"id":1240,"date":"2023-10-22T17:37:27","date_gmt":"2023-10-22T15:37:27","guid":{"rendered":"https:\/\/www.zumgoldenenschnitt.ch\/?page_id=1240"},"modified":"2026-02-26T14:26:18","modified_gmt":"2026-02-26T13:26:18","slug":"intimoperation-von-frau-zu-frau","status":"publish","type":"page","link":"https:\/\/www.zumgoldenenschnitt.ch\/fr\/chirurgie-intime-de-femme-a-femme\/","title":{"rendered":"Chirurgie intime de femme \u00e0 femme"},"content":{"rendered":"<p>B\u00e2le, le 2 octobre 2023<\/p>\n<p>Les op\u00e9rations intimes f\u00e9minines sont un sujet sensible et encore tabou. De nombreuses femmes sont encore g\u00ean\u00e9es d'en parler. Les motivations qui poussent une femme \u00e0 vouloir subir une labiaplastie sont multiples et intimes.<\/p>\n<p>La taille et la forme des l\u00e8vres internes et externes varient consid\u00e9rablement d'une femme \u00e0 l'autre. Les femmes qui viennent me consulter se plaignent le plus souvent de l\u00e8vres internes hypertrophi\u00e9es qui d\u00e9passent nettement entre les grandes l\u00e8vres. Dans certains cas, il existe \u00e9galement une nette asym\u00e9trie. L'hypertrophie des l\u00e8vres internes (labia minora) peut entra\u00eener des restrictions de l'intimit\u00e9, des douleurs lors de la pratique de sports tels que l'\u00e9quitation ou le cyclisme ou lors du port de pantalons serr\u00e9s. Souvent, les femmes concern\u00e9es se sentent \u00e9galement g\u00ean\u00e9es sur le plan esth\u00e9tique. Un site <a href=\"https:\/\/www.zumgoldenenschnitt.ch\/fr\/offre\/zone-intime\/reduction-des-levres-labioplastie\/\">R\u00e9duction des petites l\u00e8vres<\/a> peut \u00e9liminer ces troubles et aide de nombreuses femmes concern\u00e9es \u00e0 avoir plus confiance en elles et \u00e0 am\u00e9liorer leur qualit\u00e9 de vie.<\/p>\n\t\t\t\t<img loading=\"lazy\" decoding=\"async\" src=\"https:\/\/www.zumgoldenenschnitt.ch\/wp-content\/uploads\/2023\/09\/journal-intimoperation.jpg\" alt=\"journal chirurgie intime\" itemprop=\"image\" height=\"1000\" width=\"1000\" title=\"Journal de la chirurgie intime\" onerror=\"this.style.display='none'\"  \/>\n\t<p>Les grossesses et les accouchements peuvent \u00e9galement modifier l'aspect de la r\u00e9gion intime en raison de la constellation hormonale li\u00e9e \u00e0 la grossesse et de l'\u00e9tirement des tissus pendant l'accouchement. C'est pourquoi de nombreuses jeunes mamans me consultent pour une op\u00e9ration des parties intimes et font r\u00e9aliser une correction des l\u00e8vres dans le cadre d'un \"mommy makeover\". Dans ces cas, une correction chirurgicale ne devrait avoir lieu qu'apr\u00e8s la phase d'allaitement, car le corps a besoin de temps pour se remettre de la grossesse et retrouver sa normalit\u00e9.<\/p>\n<p>Dans le cas d'une <a href=\"https:\/\/www.zumgoldenenschnitt.ch\/fr\/offre\/zone-intime\/reduction-des-levres-labioplastie\/\">R\u00e9duction des petites l\u00e8vres<\/a> l'exc\u00e9dent de tissu des l\u00e8vres int\u00e9rieures est retir\u00e9 au cours d'une petite op\u00e9ration et la peau est raffermie. Si les l\u00e8vres ext\u00e9rieures sont plut\u00f4t petites, il est possible de leur donner plus de volume gr\u00e2ce \u00e0 un transfert de graisse autologue (appel\u00e9 lipofilling) et d'obtenir ainsi une zone intime harmonieuse. Le type de correction des l\u00e8vres et la technique chirurgicale utilis\u00e9e d\u00e9pendent toujours de l'anatomie personnelle de la femme. C'est pourquoi une correction intime est toujours faite sur mesure et s'adapte aux circonstances et aux besoins individuels. L'op\u00e9ration peut \u00eatre r\u00e9alis\u00e9e en ambulatoire, sous anesth\u00e9sie locale ou sous une courte et douce narcose dans notre propre salle d'op\u00e9ration clinique.<\/p>\n<p>En tant que sp\u00e9cialiste en chirurgie plastique, reconstructive et esth\u00e9tique, je suis sp\u00e9cialis\u00e9e dans les op\u00e9rations intimes et vous accueille volontiers dans ma clinique pour une consultation dans une atmosph\u00e8re de confiance et de discr\u00e9tion. De femme \u00e0 femme, je discute avec vous des possibilit\u00e9s de traitement ainsi que de leur d\u00e9roulement et de leur suivi. Je vous parle ouvertement de <a href=\"https:\/\/www.zumgoldenenschnitt.ch\/fr\/offre\/zone-intime\/\">Op\u00e9rations intimes<\/a>Vous pouvez me poser des questions et me faire part de vos pr\u00e9occupations sans aucun tabou.<\/p>\n<p>Nous nous r\u00e9jouissons de votre visite dans notre clinique \u00e0 B\u00e2le.<\/p>\n\t\t\t<a href=\"https:\/\/booking.epat.ch\/goldenschnitt\/booking\" target=\"_blank\" rel=\"noopener\" role=\"button\" aria-label=\"R\u00e9server un rendez-vous de consultation\">\n\t\t\t\t\t\t\tR\u00e9server un rendez-vous de consultation\n\t\t<\/a>","protected":false},"excerpt":{"rendered":"<p>B\u00e2le, le 2 octobre 2023 Les op\u00e9rations intimes f\u00e9minines sont un sujet sensible et encore tabou. De nombreuses femmes sont encore g\u00ean\u00e9es d'en parler. Les motivations qui poussent une femme \u00e0 vouloir subir une labiaplastie sont multiples et intimes. La taille et la forme des l\u00e8vres internes et externes varient consid\u00e9rablement d'une femme \u00e0 l'autre. Les femmes, [...]<\/p>","protected":false},"author":4,"featured_media":0,"parent":0,"menu_order":0,"comment_status":"closed","ping_status":"closed","template":"","meta":{"_seopress_robots_primary_cat":"","_seopress_titles_title":"Intimoperation von Frau zu Frau | Journal 2. Oktober 2023 | Dr. Simona L\u00fcdi | Basel","_seopress_titles_desc":"Intimoperationen wie Schamlippenverkleinerungen in diskreter Atmosph\u00e4re von Frau zu Frau. Frau Dr. Simona L\u00fcdi ber\u00e4t Sie gerne in unserer Klinik in Basel.","_seopress_robots_index":"","inline_featured_image":false,"site-sidebar-layout":"default","site-content-layout":"","ast-site-content-layout":"default","site-content-style":"default","site-sidebar-style":"default","ast-global-header-display":"","ast-banner-title-visibility":"","ast-main-header-display":"","ast-hfb-above-header-display":"","ast-hfb-below-header-display":"","ast-hfb-mobile-header-display":"","site-post-title":"","ast-breadcrumbs-content":"","ast-featured-img":"","footer-sml-layout":"","theme-transparent-header-meta":"","adv-header-id-meta":"","stick-header-meta":"","header-above-stick-meta":"","header-main-stick-meta":"","header-below-stick-meta":"","astra-migrate-meta-layouts":"set","ast-page-background-enabled":"default","ast-page-background-meta":{"desktop":{"background-color":"var(--ast-global-color-4)","background-image":"","background-repeat":"repeat","background-position":"center center","background-size":"auto","background-attachment":"scroll","background-type":"","background-media":"","overlay-type":"","overlay-color":"","overlay-opacity":"","overlay-gradient":""},"tablet":{"background-color":"","background-image":"","background-repeat":"repeat","background-position":"center center","background-size":"auto","background-attachment":"scroll","background-type":"","background-media":"","overlay-type":"","overlay-color":"","overlay-opacity":"","overlay-gradient":""},"mobile":{"background-color":"","background-image":"","background-repeat":"repeat","background-position":"center center","background-size":"auto","background-attachment":"scroll","background-type":"","background-media":"","overlay-type":"","overlay-color":"","overlay-opacity":"","overlay-gradient":""}},"ast-content-background-meta":{"desktop":{"background-color":"var(--ast-global-color-5)","background-image":"","background-repeat":"repeat","background-position":"center center","background-size":"auto","background-attachment":"scroll","background-type":"","background-media":"","overlay-type":"","overlay-color":"","overlay-opacity":"","overlay-gradient":""},"tablet":{"background-color":"var(--ast-global-color-5)","background-image":"","background-repeat":"repeat","background-position":"center center","background-size":"auto","background-attachment":"scroll","background-type":"","background-media":"","overlay-type":"","overlay-color":"","overlay-opacity":"","overlay-gradient":""},"mobile":{"background-color":"var(--ast-global-color-5)","background-image":"","background-repeat":"repeat","background-position":"center center","background-size":"auto","background-attachment":"scroll","background-type":"","background-media":"","overlay-type":"","overlay-color":"","overlay-opacity":"","overlay-gradient":""}},"footnotes":""},"class_list":["post-1240","page","type-page","status-publish"],"_links":{"self":[{"href":"https:\/\/www.zumgoldenenschnitt.ch\/fr\/wp-json\/wp\/v2\/pages\/1240","targetHints":{"allow":["GET"]}}],"collection":[{"href":"https:\/\/www.zumgoldenenschnitt.ch\/fr\/wp-json\/wp\/v2\/pages"}],"about":[{"href":"https:\/\/www.zumgoldenenschnitt.ch\/fr\/wp-json\/wp\/v2\/types\/page"}],"author":[{"embeddable":true,"href":"https:\/\/www.zumgoldenenschnitt.ch\/fr\/wp-json\/wp\/v2\/users\/4"}],"replies":[{"embeddable":true,"href":"https:\/\/www.zumgoldenenschnitt.ch\/fr\/wp-json\/wp\/v2\/comments?post=1240"}],"version-history":[{"count":4,"href":"https:\/\/www.zumgoldenenschnitt.ch\/fr\/wp-json\/wp\/v2\/pages\/1240\/revisions"}],"predecessor-version":[{"id":2313,"href":"https:\/\/www.zumgoldenenschnitt.ch\/fr\/wp-json\/wp\/v2\/pages\/1240\/revisions\/2313"}],"wp:attachment":[{"href":"https:\/\/www.zumgoldenenschnitt.ch\/fr\/wp-json\/wp\/v2\/media?parent=1240"}],"curies":[{"name":"wp","href":"https:\/\/api.w.org\/{rel}","templated":true}]}}