{"id":1255,"date":"2023-12-11T15:06:12","date_gmt":"2023-12-11T14:06:12","guid":{"rendered":"https:\/\/www.zumgoldenenschnitt.ch\/?page_id=1255"},"modified":"2026-03-05T13:46:49","modified_gmt":"2026-03-05T12:46:49","slug":"brustvergrosserung-wie-finde-ich-die-geeignete-brustimplantatgrosse-fur-mich","status":"publish","type":"page","link":"https:\/\/www.zumgoldenenschnitt.ch\/fr\/comment-trouver-la-taille-dimplant-mammaire-qui-me-convient\/","title":{"rendered":"Augmentation mammaire - Comment trouver la taille d'implant mammaire qui me convient ?"},"content":{"rendered":"<p>B\u00e2le, le 11 d\u00e9cembre 2023<\/p>\n<p>Lors du choix des implants pour une <a href=\"https:\/\/www.zumgoldenenschnitt.ch\/fr\/offre\/poitrine\/augmentation-des-seins-avec-implants-augmentation-mamma\/\">Augmentation mammaire<\/a> il est important de tenir compte de l'anatomie individuelle. En fonction de la largeur de votre sein existant, de la forme de votre cage thoracique, de la r\u00e9partition de vos propres tissus mammaires et de la consistance des tissus, la forme et la taille appropri\u00e9es des implants sont soigneusement choisies avec vous.<\/p>\n<p>Lors de l'entretien pr\u00e9alable, le Dr L\u00fcdi d\u00e9termine avec vous la taille et la forme des seins souhait\u00e9es. Pour cela, le Dr L\u00fcdi utilise volontiers des coussinets en silicone sp\u00e9ciaux qui peuvent \u00eatre plac\u00e9s dans le soutien-gorge dans diff\u00e9rentes tailles. Vous pouvez ainsi vous regarder dans le miroir et sentir le nouveau volume de vos seins.  Gr\u00e2ce \u00e0 cette visualisation, vous pouvez beaucoup mieux vous repr\u00e9senter la nouvelle taille de poitrine souhait\u00e9e et l'aspect futur.<\/p>\n<p>Nous n'utilisons que les implants les plus modernes et de la plus haute qualit\u00e9, fabriqu\u00e9s par des entreprises renomm\u00e9es (p. ex. Motiva).<\/p>\n\t\t\t\t<img loading=\"lazy\" decoding=\"async\" src=\"https:\/\/www.zumgoldenenschnitt.ch\/wp-content\/uploads\/2023\/09\/jounral-brustvergroesserung-brustimplantate.jpg\" alt=\"implants mammaires jounral\" itemprop=\"image\" height=\"1000\" width=\"1000\" title=\"Jounral Augmentation mammaire Implants mammaires\" onerror=\"this.style.display='none'\"  \/>\n\t<p>\u00cates-vous int\u00e9ress\u00e9(e) par une <a href=\"https:\/\/www.zumgoldenenschnitt.ch\/fr\/offre\/poitrine\/augmentation-des-seins-avec-implants-augmentation-mamma\/\">Augmentation mammaire<\/a>? Le Dr L\u00fcdi se fera un plaisir de vous recevoir pour un entretien personnel. Nous nous r\u00e9jouissons de votre visite.<\/p>\n<p>Nous nous r\u00e9jouissons de votre visite dans notre clinique \u00e0 B\u00e2le.<\/p>\n\t\t\t<a href=\"https:\/\/booking.epat.ch\/goldenschnitt\/booking\" target=\"_blank\" rel=\"noopener\" role=\"button\" aria-label=\"R\u00e9server un rendez-vous de consultation\">\n\t\t\t\t\t\t\tR\u00e9server un rendez-vous de consultation\n\t\t<\/a>","protected":false},"excerpt":{"rendered":"<p>B\u00e2le, le 11 d\u00e9cembre 2023 Lors du choix des implants pour une augmentation mammaire, il est important de tenir compte de l'anatomie individuelle. En fonction de la largeur de votre poitrine existante, de la forme de votre cage thoracique, de la r\u00e9partition de vos propres tissus mammaires et de la consistance des tissus, nous choisissons soigneusement avec vous la forme et la taille appropri\u00e9es des implants. Dans le cadre [...]<\/p>","protected":false},"author":4,"featured_media":1585,"parent":0,"menu_order":0,"comment_status":"closed","ping_status":"closed","template":"","meta":{"_seopress_robots_primary_cat":"","_seopress_titles_title":"Brustvergr\u00f6sserung - Wie finde ich die geeignete Brustimplantatgr\u00f6sse f\u00fcr mich? | Journal 11. Dezember 2023 | Dr. Simona L\u00fcdi | Basel","_seopress_titles_desc":"Frau Dr. Simona L\u00fcdi ber\u00e4t Sie als Plastische Chirurgin gerne bez\u00fcglich Brustvergr\u00f6sserung und Auswahl der geeigneten Brustimplantate in ihrer Klinik in Basel.","_seopress_robots_index":"","inline_featured_image":false,"site-sidebar-layout":"default","site-content-layout":"","ast-site-content-layout":"default","site-content-style":"default","site-sidebar-style":"default","ast-global-header-display":"","ast-banner-title-visibility":"","ast-main-header-display":"","ast-hfb-above-header-display":"","ast-hfb-below-header-display":"","ast-hfb-mobile-header-display":"","site-post-title":"","ast-breadcrumbs-content":"","ast-featured-img":"","footer-sml-layout":"","theme-transparent-header-meta":"","adv-header-id-meta":"","stick-header-meta":"","header-above-stick-meta":"","header-main-stick-meta":"","header-below-stick-meta":"","astra-migrate-meta-layouts":"set","ast-page-background-enabled":"default","ast-page-background-meta":{"desktop":{"background-color":"var(--ast-global-color-4)","background-image":"","background-repeat":"repeat","background-position":"center center","background-size":"auto","background-attachment":"scroll","background-type":"","background-media":"","overlay-type":"","overlay-color":"","overlay-opacity":"","overlay-gradient":""},"tablet":{"background-color":"","background-image":"","background-repeat":"repeat","background-position":"center center","background-size":"auto","background-attachment":"scroll","background-type":"","background-media":"","overlay-type":"","overlay-color":"","overlay-opacity":"","overlay-gradient":""},"mobile":{"background-color":"","background-image":"","background-repeat":"repeat","background-position":"center center","background-size":"auto","background-attachment":"scroll","background-type":"","background-media":"","overlay-type":"","overlay-color":"","overlay-opacity":"","overlay-gradient":""}},"ast-content-background-meta":{"desktop":{"background-color":"var(--ast-global-color-5)","background-image":"","background-repeat":"repeat","background-position":"center center","background-size":"auto","background-attachment":"scroll","background-type":"","background-media":"","overlay-type":"","overlay-color":"","overlay-opacity":"","overlay-gradient":""},"tablet":{"background-color":"var(--ast-global-color-5)","background-image":"","background-repeat":"repeat","background-position":"center center","background-size":"auto","background-attachment":"scroll","background-type":"","background-media":"","overlay-type":"","overlay-color":"","overlay-opacity":"","overlay-gradient":""},"mobile":{"background-color":"var(--ast-global-color-5)","background-image":"","background-repeat":"repeat","background-position":"center center","background-size":"auto","background-attachment":"scroll","background-type":"","background-media":"","overlay-type":"","overlay-color":"","overlay-opacity":"","overlay-gradient":""}},"footnotes":""},"class_list":["post-1255","page","type-page","status-publish","has-post-thumbnail"],"_links":{"self":[{"href":"https:\/\/www.zumgoldenenschnitt.ch\/fr\/wp-json\/wp\/v2\/pages\/1255","targetHints":{"allow":["GET"]}}],"collection":[{"href":"https:\/\/www.zumgoldenenschnitt.ch\/fr\/wp-json\/wp\/v2\/pages"}],"about":[{"href":"https:\/\/www.zumgoldenenschnitt.ch\/fr\/wp-json\/wp\/v2\/types\/page"}],"author":[{"embeddable":true,"href":"https:\/\/www.zumgoldenenschnitt.ch\/fr\/wp-json\/wp\/v2\/users\/4"}],"replies":[{"embeddable":true,"href":"https:\/\/www.zumgoldenenschnitt.ch\/fr\/wp-json\/wp\/v2\/comments?post=1255"}],"version-history":[{"count":4,"href":"https:\/\/www.zumgoldenenschnitt.ch\/fr\/wp-json\/wp\/v2\/pages\/1255\/revisions"}],"predecessor-version":[{"id":1844,"href":"https:\/\/www.zumgoldenenschnitt.ch\/fr\/wp-json\/wp\/v2\/pages\/1255\/revisions\/1844"}],"wp:featuredmedia":[{"embeddable":true,"href":"https:\/\/www.zumgoldenenschnitt.ch\/fr\/wp-json\/wp\/v2\/media\/1585"}],"wp:attachment":[{"href":"https:\/\/www.zumgoldenenschnitt.ch\/fr\/wp-json\/wp\/v2\/media?parent=1255"}],"curies":[{"name":"wp","href":"https:\/\/api.w.org\/{rel}","templated":true}]}}