{"id":1258,"date":"2023-11-27T15:33:23","date_gmt":"2023-11-27T14:33:23","guid":{"rendered":"https:\/\/www.zumgoldenenschnitt.ch\/?page_id=1258"},"modified":"2026-03-05T13:54:24","modified_gmt":"2026-03-05T12:54:24","slug":"formen-und-grossen-von-brustimplantaten","status":"publish","type":"page","link":"https:\/\/www.zumgoldenenschnitt.ch\/fr\/formes-et-tailles-des-implants-mammaires\/","title":{"rendered":"Formes et tailles des implants mammaires"},"content":{"rendered":"<p>B\u00e2le, le 27 novembre 2023<\/p>\n<p>Dans le cas d'une <a href=\"https:\/\/www.zumgoldenenschnitt.ch\/fr\/offre\/poitrine\/augmentation-des-seins-avec-implants-augmentation-mamma\/\">Augmentation mammaire par implants<\/a> on utilise aujourd'hui presque exclusivement des implants en silicone. Ces implants mammaires se composent d'une enveloppe ext\u00e9rieure en silicone remplie de silicone visqueux. Les implants mammaires sont disponibles en diff\u00e9rentes tailles, formes et surfaces (lisses, nanotextur\u00e9es ou textur\u00e9es).<\/p>\n<p>La taille des implants d\u00e9pend de leur largeur et de leur profil (low, medium, high, extra high). Pour choisir la taille id\u00e9ale de l'implant mammaire, c'est surtout la largeur ou le diam\u00e8tre de l'implant qui est d\u00e9terminant. Il s'agit ici de mesurer pr\u00e9cis\u00e9ment la poitrine et le thorax dans le cadre de l'entretien de conseil afin de d\u00e9terminer l'implant mammaire id\u00e9al pour votre corps. Il faut particuli\u00e8rement veiller \u00e0 ce que la taille de l'implant choisi corresponde aux caract\u00e9ristiques anatomiques de votre corps, comme par exemple la largeur de la cage thoracique.<\/p>\n\t\t\t\t<img loading=\"lazy\" decoding=\"async\" src=\"https:\/\/www.zumgoldenenschnitt.ch\/wp-content\/uploads\/2023\/09\/journal-brustimplantate-entfernen-oder-wechseln.jpg\" alt=\"journal retirer ou changer les implants mammaires\" itemprop=\"image\" height=\"1000\" width=\"1000\" title=\"Journal Retirer ou changer des implants mammaires\" onerror=\"this.style.display='none'\"  \/>\n\t<p>En ce qui concerne la forme, on distingue les implants ronds, les implants anatomiques et, depuis quelque temps, les implants ergonomiques. Les implants anatomiques, c'est-\u00e0-dire en forme de goutte, se caract\u00e9risent par le fait que le volume principal se trouve dans la partie inf\u00e9rieure de l'implant, ce qui \u00e9vite avec cette forme une trop forte accentuation dans la partie sup\u00e9rieure du sein. En revanche, les implants ronds permettent d'obtenir plus de volume dans la partie sup\u00e9rieure de la poitrine et donc un d\u00e9collet\u00e9 plein. La troisi\u00e8me forme, la plus moderne, est celle des implants dits ergonomiques (Motive Ergonomix\u00ae). Les implants ergonomiques - tels qu'ils sont souvent utilis\u00e9s par le Dr Simona L\u00fcdi - sont con\u00e7us de mani\u00e8re \u00e0 se comporter comme de v\u00e9ritables tissus mammaires. Ces implants s'adaptent \u00e0 la gravit\u00e9 et aux mouvements du corps en prenant une forme de goutte en position debout et une forme arrondie en position couch\u00e9e. Cela permet d'obtenir des r\u00e9sultats particuli\u00e8rement naturels.<\/p>\n<p>Lors de la consultation, le Dr Simona L\u00fcdi vous montrera volontiers les diff\u00e9rents implants afin que vous puissiez les palper.<\/p>\n\t\t\t<a href=\"https:\/\/booking.epat.ch\/goldenschnitt\/booking\" target=\"_blank\" rel=\"noopener\" role=\"button\" aria-label=\"R\u00e9server un rendez-vous de consultation\">\n\t\t\t\t\t\t\tR\u00e9server un rendez-vous de consultation\n\t\t<\/a>","protected":false},"excerpt":{"rendered":"<p>B\u00e2le, le 27 novembre 2023 Lors d'une augmentation mammaire par implants, on utilise aujourd'hui presque exclusivement des implants en silicone. Ces implants mammaires sont constitu\u00e9s d'une enveloppe externe en silicone remplie de silicone visqueux. Les implants mammaires sont disponibles en diff\u00e9rentes tailles, formes et surfaces (lisses, nanotextur\u00e9es ou textur\u00e9es). La taille des implants d\u00e9pend de leur largeur et de leur profil (low, medium, [...]).<\/p>","protected":false},"author":4,"featured_media":1585,"parent":0,"menu_order":0,"comment_status":"closed","ping_status":"closed","template":"","meta":{"_seopress_robots_primary_cat":"","_seopress_titles_title":"Formen und Gr\u00f6ssen von Brustimplantaten | Journal 27. November 2023 | Dr. Simona L\u00fcdi | Basel","_seopress_titles_desc":"Welche verschiedenen Formen und Gr\u00f6ssen von Brustimplantaten gibt es? Mehr Informationen zum Thema Brustvergr\u00f6sserung und Implantate lesen Sie in unserem Journal-Beitrag direkt aus Basel.","_seopress_robots_index":"","inline_featured_image":false,"site-sidebar-layout":"default","site-content-layout":"","ast-site-content-layout":"default","site-content-style":"default","site-sidebar-style":"default","ast-global-header-display":"","ast-banner-title-visibility":"","ast-main-header-display":"","ast-hfb-above-header-display":"","ast-hfb-below-header-display":"","ast-hfb-mobile-header-display":"","site-post-title":"","ast-breadcrumbs-content":"","ast-featured-img":"","footer-sml-layout":"","theme-transparent-header-meta":"","adv-header-id-meta":"","stick-header-meta":"","header-above-stick-meta":"","header-main-stick-meta":"","header-below-stick-meta":"","astra-migrate-meta-layouts":"set","ast-page-background-enabled":"default","ast-page-background-meta":{"desktop":{"background-color":"var(--ast-global-color-4)","background-image":"","background-repeat":"repeat","background-position":"center center","background-size":"auto","background-attachment":"scroll","background-type":"","background-media":"","overlay-type":"","overlay-color":"","overlay-opacity":"","overlay-gradient":""},"tablet":{"background-color":"","background-image":"","background-repeat":"repeat","background-position":"center center","background-size":"auto","background-attachment":"scroll","background-type":"","background-media":"","overlay-type":"","overlay-color":"","overlay-opacity":"","overlay-gradient":""},"mobile":{"background-color":"","background-image":"","background-repeat":"repeat","background-position":"center center","background-size":"auto","background-attachment":"scroll","background-type":"","background-media":"","overlay-type":"","overlay-color":"","overlay-opacity":"","overlay-gradient":""}},"ast-content-background-meta":{"desktop":{"background-color":"var(--ast-global-color-5)","background-image":"","background-repeat":"repeat","background-position":"center center","background-size":"auto","background-attachment":"scroll","background-type":"","background-media":"","overlay-type":"","overlay-color":"","overlay-opacity":"","overlay-gradient":""},"tablet":{"background-color":"var(--ast-global-color-5)","background-image":"","background-repeat":"repeat","background-position":"center center","background-size":"auto","background-attachment":"scroll","background-type":"","background-media":"","overlay-type":"","overlay-color":"","overlay-opacity":"","overlay-gradient":""},"mobile":{"background-color":"var(--ast-global-color-5)","background-image":"","background-repeat":"repeat","background-position":"center center","background-size":"auto","background-attachment":"scroll","background-type":"","background-media":"","overlay-type":"","overlay-color":"","overlay-opacity":"","overlay-gradient":""}},"footnotes":""},"class_list":["post-1258","page","type-page","status-publish","has-post-thumbnail"],"_links":{"self":[{"href":"https:\/\/www.zumgoldenenschnitt.ch\/fr\/wp-json\/wp\/v2\/pages\/1258","targetHints":{"allow":["GET"]}}],"collection":[{"href":"https:\/\/www.zumgoldenenschnitt.ch\/fr\/wp-json\/wp\/v2\/pages"}],"about":[{"href":"https:\/\/www.zumgoldenenschnitt.ch\/fr\/wp-json\/wp\/v2\/types\/page"}],"author":[{"embeddable":true,"href":"https:\/\/www.zumgoldenenschnitt.ch\/fr\/wp-json\/wp\/v2\/users\/4"}],"replies":[{"embeddable":true,"href":"https:\/\/www.zumgoldenenschnitt.ch\/fr\/wp-json\/wp\/v2\/comments?post=1258"}],"version-history":[{"count":4,"href":"https:\/\/www.zumgoldenenschnitt.ch\/fr\/wp-json\/wp\/v2\/pages\/1258\/revisions"}],"predecessor-version":[{"id":1847,"href":"https:\/\/www.zumgoldenenschnitt.ch\/fr\/wp-json\/wp\/v2\/pages\/1258\/revisions\/1847"}],"wp:featuredmedia":[{"embeddable":true,"href":"https:\/\/www.zumgoldenenschnitt.ch\/fr\/wp-json\/wp\/v2\/media\/1585"}],"wp:attachment":[{"href":"https:\/\/www.zumgoldenenschnitt.ch\/fr\/wp-json\/wp\/v2\/media?parent=1258"}],"curies":[{"name":"wp","href":"https:\/\/api.w.org\/{rel}","templated":true}]}}