{"id":1261,"date":"2024-05-25T16:29:44","date_gmt":"2024-05-25T14:29:44","guid":{"rendered":"https:\/\/www.zumgoldenenschnitt.ch\/?page_id=1261"},"modified":"2026-03-05T13:53:43","modified_gmt":"2026-03-05T12:53:43","slug":"unterlidstraffung-lassen-sie-ihre-augen-wieder-strahlen","status":"publish","type":"page","link":"https:\/\/www.zumgoldenenschnitt.ch\/fr\/lifting-des-paupieres-inferieures-redonnez-de-leclat-a-vos-yeux\/","title":{"rendered":"Raffermissement des paupi\u00e8res inf\u00e9rieures - Redonnez de l'\u00e9clat \u00e0 vos yeux !"},"content":{"rendered":"<p>B\u00e2le, le 24 mars 2024<\/p>\n<p>Votre regard semble toujours fatigu\u00e9 alors que vous \u00eates en pleine forme et plein d'\u00e9nergie ?<\/p>\n<p>Les poches sous les yeux sont souvent consid\u00e9r\u00e9es comme g\u00eanantes et font para\u00eetre le visage plus fatigu\u00e9. Un <a href=\"https:\/\/www.zumgoldenenschnitt.ch\/fr\/offre\/yeux\/lifting-des-paupieres-inferieures-extraction-des-poches-sous-les-yeux\/\">lifting de la paupi\u00e8re inf\u00e9rieure (bl\u00e9pharoplastie inf\u00e9rieure)<\/a> peut y rem\u00e9dier et vous redonnera un regard \u00e9clatant.<\/p>\n<p>Les poches sous les yeux sont dues \u00e0 une accumulation de graisse au niveau de la paupi\u00e8re inf\u00e9rieure, qui peut \u00eatre redistribu\u00e9e ou enlev\u00e9e par une op\u00e9ration. L'op\u00e9ration permet \u00e9galement d'\u00e9liminer l'exc\u00e8s de peau au niveau de la paupi\u00e8re inf\u00e9rieure, qui provoque \u00e9galement un regard fatigu\u00e9.<\/p>\n<p>Dans notre clinique de chirurgie plastique et esth\u00e9tique \u00e0 B\u00e2le, le lifting de la paupi\u00e8re inf\u00e9rieure est souvent accompagn\u00e9 d'une <a href=\"https:\/\/www.zumgoldenenschnitt.ch\/fr\/offre\/yeux\/lifting-des-paupieres-operations-des-paupieres-tombantes\/\">Lifting de la paupi\u00e8re sup\u00e9rieure<\/a> sont combin\u00e9es entre elles. Ainsi, les paupi\u00e8res tombantes et les poches sous les yeux peuvent \u00eatre \u00e9limin\u00e9es sans probl\u00e8me en une seule op\u00e9ration.<\/p>\n<p>L'intervention se d\u00e9roule en ambulatoire, sous anesth\u00e9sie g\u00e9n\u00e9rale, et vous pouvez rentrer chez vous apr\u00e8s une courte p\u00e9riode de r\u00e9cup\u00e9ration dans l'une de nos chambres de patients avec vue sur le Rhin.<\/p>\n\t\t\t\t<img loading=\"lazy\" decoding=\"async\" src=\"https:\/\/www.zumgoldenenschnitt.ch\/wp-content\/uploads\/2023\/09\/journal-unterlidstraffung-traenensaecke-entfernen.jpg\" alt=\"journal lifting des paupi\u00e8res inf\u00e9rieures enlever les poches sous les yeux\" itemprop=\"image\" height=\"1000\" width=\"1000\" title=\"Journal lifting des paupi\u00e8res inf\u00e9rieures \u00e9liminer les poches sous les yeux\" onerror=\"this.style.display='none'\"  \/>\n\t<p>Le Dr L\u00fcdi se fera un plaisir de vous informer et de vous conseiller personnellement et individuellement. Elle se fera un plaisir de vous montrer la technique ainsi que des photos avant\/apr\u00e8s dans le cadre d'une consultation. Nous nous r\u00e9jouissons de vous accueillir dans notre clinique \u00e0 B\u00e2le pour une consultation.<\/p>\n\t\t\t<a href=\"https:\/\/booking.epat.ch\/goldenschnitt\/booking\" title=\"Cliquez ici\" target=\"_blank\" rel=\"noopener\"  role=\"button\" aria-label=\"R\u00e9server un rendez-vous de consultation\">\n\t\t\t\t\t\t\tR\u00e9server un rendez-vous de consultation\n\t\t<\/a>","protected":false},"excerpt":{"rendered":"<p>B\u00e2le, le 24 mars 2024 Votre regard semble toujours fatigu\u00e9 alors que vous \u00eates en pleine forme et plein d'\u00e9nergie ? Les poches sous les yeux sont souvent consid\u00e9r\u00e9es comme g\u00eanantes et font para\u00eetre le visage plus fatigu\u00e9. Un lifting des paupi\u00e8res inf\u00e9rieures (bl\u00e9pharoplastie inf\u00e9rieure) peut y rem\u00e9dier et vous redonner un regard lumineux. Les poches sous les yeux sont dues \u00e0 des protub\u00e9rances de graisse au niveau de la paupi\u00e8re inf\u00e9rieure, qui peuvent \u00eatre redistribu\u00e9es ou enlev\u00e9es chirurgicalement [...].<\/p>","protected":false},"author":4,"featured_media":0,"parent":0,"menu_order":0,"comment_status":"closed","ping_status":"closed","template":"","meta":{"_seopress_robots_primary_cat":"","_seopress_titles_title":"Unterlidstraffung - Lassen Sie Ihre Augen wieder strahlen! | Journal 24. Mai 2024 | Dr. Simona L\u00fcdi | Basel","_seopress_titles_desc":"Strahlender Blick dank Unterlidstraffung. Frau Dr. Simona L\u00fcdi, Fach\u00e4rztin f\u00fcr Plastische, Rekonstruktive und \u00c4sthetische Chirurgie, in Basel.","_seopress_robots_index":"","inline_featured_image":false,"site-sidebar-layout":"default","site-content-layout":"","ast-site-content-layout":"default","site-content-style":"default","site-sidebar-style":"default","ast-global-header-display":"","ast-banner-title-visibility":"","ast-main-header-display":"","ast-hfb-above-header-display":"","ast-hfb-below-header-display":"","ast-hfb-mobile-header-display":"","site-post-title":"","ast-breadcrumbs-content":"","ast-featured-img":"","footer-sml-layout":"","theme-transparent-header-meta":"","adv-header-id-meta":"","stick-header-meta":"","header-above-stick-meta":"","header-main-stick-meta":"","header-below-stick-meta":"","astra-migrate-meta-layouts":"set","ast-page-background-enabled":"default","ast-page-background-meta":{"desktop":{"background-color":"var(--ast-global-color-4)","background-image":"","background-repeat":"repeat","background-position":"center center","background-size":"auto","background-attachment":"scroll","background-type":"","background-media":"","overlay-type":"","overlay-color":"","overlay-opacity":"","overlay-gradient":""},"tablet":{"background-color":"","background-image":"","background-repeat":"repeat","background-position":"center center","background-size":"auto","background-attachment":"scroll","background-type":"","background-media":"","overlay-type":"","overlay-color":"","overlay-opacity":"","overlay-gradient":""},"mobile":{"background-color":"","background-image":"","background-repeat":"repeat","background-position":"center center","background-size":"auto","background-attachment":"scroll","background-type":"","background-media":"","overlay-type":"","overlay-color":"","overlay-opacity":"","overlay-gradient":""}},"ast-content-background-meta":{"desktop":{"background-color":"var(--ast-global-color-5)","background-image":"","background-repeat":"repeat","background-position":"center center","background-size":"auto","background-attachment":"scroll","background-type":"","background-media":"","overlay-type":"","overlay-color":"","overlay-opacity":"","overlay-gradient":""},"tablet":{"background-color":"var(--ast-global-color-5)","background-image":"","background-repeat":"repeat","background-position":"center center","background-size":"auto","background-attachment":"scroll","background-type":"","background-media":"","overlay-type":"","overlay-color":"","overlay-opacity":"","overlay-gradient":""},"mobile":{"background-color":"var(--ast-global-color-5)","background-image":"","background-repeat":"repeat","background-position":"center center","background-size":"auto","background-attachment":"scroll","background-type":"","background-media":"","overlay-type":"","overlay-color":"","overlay-opacity":"","overlay-gradient":""}},"footnotes":""},"class_list":["post-1261","page","type-page","status-publish"],"_links":{"self":[{"href":"https:\/\/www.zumgoldenenschnitt.ch\/fr\/wp-json\/wp\/v2\/pages\/1261","targetHints":{"allow":["GET"]}}],"collection":[{"href":"https:\/\/www.zumgoldenenschnitt.ch\/fr\/wp-json\/wp\/v2\/pages"}],"about":[{"href":"https:\/\/www.zumgoldenenschnitt.ch\/fr\/wp-json\/wp\/v2\/types\/page"}],"author":[{"embeddable":true,"href":"https:\/\/www.zumgoldenenschnitt.ch\/fr\/wp-json\/wp\/v2\/users\/4"}],"replies":[{"embeddable":true,"href":"https:\/\/www.zumgoldenenschnitt.ch\/fr\/wp-json\/wp\/v2\/comments?post=1261"}],"version-history":[{"count":5,"href":"https:\/\/www.zumgoldenenschnitt.ch\/fr\/wp-json\/wp\/v2\/pages\/1261\/revisions"}],"predecessor-version":[{"id":2107,"href":"https:\/\/www.zumgoldenenschnitt.ch\/fr\/wp-json\/wp\/v2\/pages\/1261\/revisions\/2107"}],"wp:attachment":[{"href":"https:\/\/www.zumgoldenenschnitt.ch\/fr\/wp-json\/wp\/v2\/media?parent=1261"}],"curies":[{"name":"wp","href":"https:\/\/api.w.org\/{rel}","templated":true}]}}