{"id":1279,"date":"2024-03-25T16:12:33","date_gmt":"2024-03-25T15:12:33","guid":{"rendered":"https:\/\/www.zumgoldenenschnitt.ch\/?page_id=1279"},"modified":"2026-03-05T13:47:45","modified_gmt":"2026-03-05T12:47:45","slug":"brustvergrosserung-mit-eigenfett-lipofilling-fur-wen-eignet-sich-diese-methode","status":"publish","type":"page","link":"https:\/\/www.zumgoldenenschnitt.ch\/fr\/augmentation-mammaire-avec-graisse-autologue-lipofilling-a-qui-cette-methode-convient-elle\/","title":{"rendered":"Augmentation mammaire par injection de graisse autologue (lipofilling) - \u00e0 qui cette m\u00e9thode convient-elle ?"},"content":{"rendered":"<p>B\u00e2le, le 25 mars 2024<\/p>\n<p>Comme alternative aux implants mammaires, il est \u00e9galement possible d'utiliser de la graisse autologue pour augmenter le volume des seins. Pour qui une <a href=\"https:\/\/www.zumgoldenenschnitt.ch\/fr\/offre\/poitrine\/augmentation-poitrine-avec-graisse-propre\/\">le lipofilling ou le transfert de graisse autologue pour l'augmentation mammaire<\/a> L'article du Journal d'aujourd'hui vous explique comment l'op\u00e9ration se d\u00e9roule.<\/p>\n<p>Actuellement, on constate une augmentation des augmentations mammaires par injection de graisse autologue, car de nombreuses femmes pr\u00e9f\u00e8rent les tissus autologues \u00e0 un corps \u00e9tranger comme un implant. De plus, la tendance est \u00e0 l'aspect naturel des seins ainsi qu'aux \"petites augmentations mammaires\", ce que la transplantation de graisse autologue permet d'obtenir en beaut\u00e9.<\/p>\n\t\t\t\t<img loading=\"lazy\" decoding=\"async\" src=\"https:\/\/www.zumgoldenenschnitt.ch\/wp-content\/uploads\/2023\/09\/journal-brustvergroesserung-mit-eigenfett-lipofilling.jpg\" alt=\"journal augmentation mammaire par injection de graisse autologue (lipofilling)\" itemprop=\"image\" height=\"1000\" width=\"1000\" title=\"Journal Augmentation mammaire par injection de graisse autologue (lipofilling)\" onerror=\"this.style.display='none'\"  \/>\n\t<p>Dans le cas d'une <a href=\"https:\/\/www.zumgoldenenschnitt.ch\/fr\/offre\/poitrine\/augmentation-poitrine-avec-graisse-propre\/\">Augmentation mammaire par graisse autologue<\/a> les cellules graisseuses sont aspir\u00e9es d'une r\u00e9gion du corps par liposuccion et transplant\u00e9es dans le sein. Il faut alors faire tr\u00e8s attention et m\u00e9nager les cellules adipeuses, car l'objectif est que les cellules adipeuses se d\u00e9veloppent \u00e0 nouveau dans la poitrine. Une fois que les cellules adipeuses se sont d\u00e9velopp\u00e9es, elles se comportent comme toutes les autres cellules adipeuses de notre corps : elles gonflent en cas de prise de poids et diminuent en cas de perte de poids. En r\u00e8gle g\u00e9n\u00e9rale, toutes les cellules graisseuses introduites ne grossissent pas et une partie d'entre elles est \u00e9limin\u00e9e par le corps dans les trois mois suivant l'op\u00e9ration. Il est difficile de pr\u00e9voir combien de cellules adipeuses vont r\u00e9ellement s'implanter et \"survivre\" au transfert de graisse et il est tr\u00e8s individuel, c'est pourquoi il est difficile de pr\u00e9dire quelle sera l'augmentation r\u00e9elle du volume des seins par la suite. Le taux de cicatrisation d\u00e9pend de nombreux facteurs diff\u00e9rents, en particulier des conditions individuelles, de sorte que dans certains cas, m\u00eame si l'op\u00e9ration a \u00e9t\u00e9 r\u00e9alis\u00e9e correctement, l'augmentation de volume dans la r\u00e9gion mammaire peut \u00eatre plus faible que pr\u00e9vu. En principe, la m\u00e9thode de la graisse autologue permet d'obtenir une augmentation du volume des seins d'environ la taille d'un bonnet de soutien-gorge. Le traitement \u00e0 la graisse autologue peut \u00eatre r\u00e9p\u00e9t\u00e9 \u00e0 des intervalles d'au moins trois mois, de sorte que dans certains cas, un remplissage r\u00e9p\u00e9t\u00e9 peut \u00eatre indiqu\u00e9 pour obtenir un volume plus important.<\/p>\n<p>A qui s'adresse la m\u00e9thode de la graisse autologue pour l'augmentation mammaire ? En gros, on peut d\u00e9limiter les indications suivantes pour un lipofilling des seins :<\/p>\n<ul>\n<li>Les patientes qui sont g\u00ean\u00e9es par des bourrelets de graisse ou une zone probl\u00e9matique de leur corps et qui souhaitent en premier lieu s'en d\u00e9barrasser. Mais en m\u00eame temps, elles ne voient pas d'inconv\u00e9nient \u00e0 ce que la poitrine prenne un peu plus de volume et que la graisse aspir\u00e9e de toute fa\u00e7on puisse \u00eatre \"recycl\u00e9e\".<\/li>\n<li>Patientes qui ne veulent pas d'un implant comme corps \u00e9tranger, mais qui souhaitent tout de m\u00eame une l\u00e9g\u00e8re augmentation mammaire avec des tissus autologues.<\/li>\n<li>Les patientes qui ont <a href=\"https:\/\/www.zumgoldenenschnitt.ch\/fr\/offre\/poitrine\/enlever-ou-changer-des-implants-de-poitrine\/\">Se faire retirer des implants mammaires<\/a>Vous souhaitez tout de m\u00eame avoir une belle poitrine, m\u00eame si elle est un peu plus petite. Dans ce cas, il est possible de proc\u00e9der \u00e0 une <a href=\"https:\/\/www.zumgoldenenschnitt.ch\/fr\/offre\/poitrine\/lifting-des-seins-mastopexie\/\">Raffermissement des seins<\/a> en combinaison avec un <a href=\"https:\/\/www.zumgoldenenschnitt.ch\/fr\/offre\/poitrine\/augmentation-poitrine-avec-graisse-propre\/\">Transfert de graisse autologue<\/a> \u00eatre une bonne solution.<\/li>\n<li>Patientes pr\u00e9sentant une asym\u00e9trie mammaire cong\u00e9nitale. Selon l'importance de l'asym\u00e9trie, le lipofilling permet ici d'am\u00e9liorer la sym\u00e9trie et constitue une bonne option de traitement pour de nombreuses patientes.<\/li>\n<\/ul>\n<p>Les patientes qui souhaitent une forte augmentation mammaire ou qui ont trop peu d'amas graisseux pour un pr\u00e9l\u00e8vement de graisse autologue ne sont pas adapt\u00e9es \u00e0 la m\u00e9thode du lipofilling. Dans ces cas, la <a href=\"https:\/\/www.zumgoldenenschnitt.ch\/fr\/offre\/poitrine\/augmentation-des-seins-avec-implants-augmentation-mamma\/\">Augmentation mammaire par implants<\/a> est recommand\u00e9. L'un des grands avantages des implants est que l'augmentation du volume peut \u00eatre d\u00e9finie avec pr\u00e9cision. Ce n'est pas le cas avec le lipofilling en raison du taux de cicatrisation variable, de sorte que les patientes doivent pouvoir vivre avec cette impr\u00e9visibilit\u00e9 et ne pas se faire de fausses id\u00e9es sur l'ampleur de l'augmentation. N\u00e9anmoins, chez de nombreuses patientes, la graisse autologue permet d'obtenir une augmentation tr\u00e8s belle et naturelle.<\/p>\n<p>La condition la plus importante pour r\u00e9ussir une augmentation mammaire par injection de graisse autologue est de disposer d'un volume suffisant de graisse. Il faut toutefois savoir qu'il n'est pas possible de transf\u00e9rer autant de graisse que l'on veut par s\u00e9ance de lipofilling. Il doit y avoir suffisamment de place dans le sein pour les nouvelles cellules graisseuses et une bonne r\u00e9partition lors de l'injection est importante pour un taux de cicatrisation aussi \u00e9lev\u00e9 que possible. Si l'on transf\u00e8re trop de graisse, le sein est sous tension, l'approvisionnement en sang est donc moins bon et les cellules adipeuses ont moins de \"chances de survie\".<\/p>\n<p>L'augmentation mammaire par injection de graisse autologue est-elle le bon choix pour moi ou plut\u00f4t une augmentation par implants ? Pour de nombreuses femmes, le lipofilling est le bon choix. Pour les femmes qui souhaitent une augmentation de plus d'une taille de bonnet de soutien-gorge, l'augmentation mammaire par implants reste toutefois la meilleure option. Pour prendre une d\u00e9cision, il est utile d'avoir un entretien avec le Dr L\u00fcdi afin de d\u00e9terminer vos souhaits et vos attentes et de trouver la meilleure option pour vous. La graisse autologue et les implants ont tous deux des avantages et des inconv\u00e9nients. Il s'agit de savoir ce qui est le mieux pour vous.<\/p>\n<p>Le Dr L\u00fcdi se tient volontiers \u00e0 votre disposition pour un entretien de conseil approfondi. Nous nous r\u00e9jouissons de votre prise de contact.<\/p>\n\t\t\t<a href=\"https:\/\/booking.epat.ch\/goldenschnitt\/booking\" target=\"_blank\" rel=\"noopener\" role=\"button\" aria-label=\"R\u00e9server un rendez-vous de consultation\">\n\t\t\t\t\t\t\tR\u00e9server un rendez-vous de consultation\n\t\t<\/a>","protected":false},"excerpt":{"rendered":"<p>B\u00e2le, le 25 mars 2024 La graisse autologue peut \u00eatre utilis\u00e9e comme alternative aux implants mammaires pour l'augmentation des seins. Dans notre article du Journal d'aujourd'hui, nous vous expliquons \u00e0 qui s'adresse le lipofilling ou le transfert de graisse autologue pour l'augmentation mammaire et comment se d\u00e9roule l'op\u00e9ration. Actuellement, on constate une augmentation des augmentations mammaires avec de la graisse autologue, car de nombreuses femmes pr\u00e9f\u00e8rent utiliser leurs propres tissus plut\u00f4t que [...] &gt; D\u00e9tail<\/p>","protected":false},"author":4,"featured_media":1579,"parent":0,"menu_order":0,"comment_status":"closed","ping_status":"closed","template":"","meta":{"_seopress_robots_primary_cat":"","_seopress_titles_title":"Brustvergr\u00f6sserung mit Eigenfett (Lipofilling) - f\u00fcr wen eignet sich diese Methode? | Journal 25. M\u00e4rz 2024 | Dr. Simona L\u00fcdi | Basel","_seopress_titles_desc":"Die Plastische Chirurgin Frau Dr. L\u00fcdi  aus Basel kl\u00e4rt \u00fcber Vor- und Nachteile einer Brustvergr\u00f6sserung mit Eigenfett (Lipofilling) sowie die Operationstechnik auf.","_seopress_robots_index":"","inline_featured_image":false,"site-sidebar-layout":"default","site-content-layout":"","ast-site-content-layout":"default","site-content-style":"default","site-sidebar-style":"default","ast-global-header-display":"","ast-banner-title-visibility":"","ast-main-header-display":"","ast-hfb-above-header-display":"","ast-hfb-below-header-display":"","ast-hfb-mobile-header-display":"","site-post-title":"","ast-breadcrumbs-content":"","ast-featured-img":"","footer-sml-layout":"","theme-transparent-header-meta":"","adv-header-id-meta":"","stick-header-meta":"","header-above-stick-meta":"","header-main-stick-meta":"","header-below-stick-meta":"","astra-migrate-meta-layouts":"set","ast-page-background-enabled":"default","ast-page-background-meta":{"desktop":{"background-color":"var(--ast-global-color-4)","background-image":"","background-repeat":"repeat","background-position":"center center","background-size":"auto","background-attachment":"scroll","background-type":"","background-media":"","overlay-type":"","overlay-color":"","overlay-opacity":"","overlay-gradient":""},"tablet":{"background-color":"","background-image":"","background-repeat":"repeat","background-position":"center center","background-size":"auto","background-attachment":"scroll","background-type":"","background-media":"","overlay-type":"","overlay-color":"","overlay-opacity":"","overlay-gradient":""},"mobile":{"background-color":"","background-image":"","background-repeat":"repeat","background-position":"center center","background-size":"auto","background-attachment":"scroll","background-type":"","background-media":"","overlay-type":"","overlay-color":"","overlay-opacity":"","overlay-gradient":""}},"ast-content-background-meta":{"desktop":{"background-color":"var(--ast-global-color-5)","background-image":"","background-repeat":"repeat","background-position":"center center","background-size":"auto","background-attachment":"scroll","background-type":"","background-media":"","overlay-type":"","overlay-color":"","overlay-opacity":"","overlay-gradient":""},"tablet":{"background-color":"var(--ast-global-color-5)","background-image":"","background-repeat":"repeat","background-position":"center center","background-size":"auto","background-attachment":"scroll","background-type":"","background-media":"","overlay-type":"","overlay-color":"","overlay-opacity":"","overlay-gradient":""},"mobile":{"background-color":"var(--ast-global-color-5)","background-image":"","background-repeat":"repeat","background-position":"center center","background-size":"auto","background-attachment":"scroll","background-type":"","background-media":"","overlay-type":"","overlay-color":"","overlay-opacity":"","overlay-gradient":""}},"footnotes":""},"class_list":["post-1279","page","type-page","status-publish","has-post-thumbnail"],"_links":{"self":[{"href":"https:\/\/www.zumgoldenenschnitt.ch\/fr\/wp-json\/wp\/v2\/pages\/1279","targetHints":{"allow":["GET"]}}],"collection":[{"href":"https:\/\/www.zumgoldenenschnitt.ch\/fr\/wp-json\/wp\/v2\/pages"}],"about":[{"href":"https:\/\/www.zumgoldenenschnitt.ch\/fr\/wp-json\/wp\/v2\/types\/page"}],"author":[{"embeddable":true,"href":"https:\/\/www.zumgoldenenschnitt.ch\/fr\/wp-json\/wp\/v2\/users\/4"}],"replies":[{"embeddable":true,"href":"https:\/\/www.zumgoldenenschnitt.ch\/fr\/wp-json\/wp\/v2\/comments?post=1279"}],"version-history":[{"count":4,"href":"https:\/\/www.zumgoldenenschnitt.ch\/fr\/wp-json\/wp\/v2\/pages\/1279\/revisions"}],"predecessor-version":[{"id":1345,"href":"https:\/\/www.zumgoldenenschnitt.ch\/fr\/wp-json\/wp\/v2\/pages\/1279\/revisions\/1345"}],"wp:featuredmedia":[{"embeddable":true,"href":"https:\/\/www.zumgoldenenschnitt.ch\/fr\/wp-json\/wp\/v2\/media\/1579"}],"wp:attachment":[{"href":"https:\/\/www.zumgoldenenschnitt.ch\/fr\/wp-json\/wp\/v2\/media?parent=1279"}],"curies":[{"name":"wp","href":"https:\/\/api.w.org\/{rel}","templated":true}]}}