{"id":1500,"date":"2024-08-21T16:44:58","date_gmt":"2024-08-21T14:44:58","guid":{"rendered":"https:\/\/www.zumgoldenenschnitt.ch\/?page_id=1500"},"modified":"2026-02-26T14:26:43","modified_gmt":"2026-02-26T13:26:43","slug":"lippenmodellage","status":"publish","type":"page","link":"https:\/\/www.zumgoldenenschnitt.ch\/fr\/modelage-des-levres\/","title":{"rendered":"Modelage des l\u00e8vres \u00e0 l'acide hyaluronique"},"content":{"rendered":"Vous souhaitez avoir de belles l\u00e8vres naturellement pulpeuses ou vous voulez faire corriger une asym\u00e9trie des l\u00e8vres ?<br \/>\nLes l\u00e8vres pulpeuses sont souvent consid\u00e9r\u00e9es comme belles et sensuelles, mais ce n'est pas le cas de tout le monde. Les l\u00e8vres changent \u00e9galement avec le temps, de sorte que le volume diminue et que les l\u00e8vres paraissent souvent \u00e9troites. Gr\u00e2ce au modelage des l\u00e8vres \u00e0 l'hyaluron, vous pouvez r\u00e9aliser votre souhait d'avoir de belles l\u00e8vres naturellement pulpeuses. L'exp\u00e9rience du Dr Simona L\u00fcdi permet d'obtenir des r\u00e9sultats naturels et discrets, adapt\u00e9s \u00e0 votre visage. Souvent, moins c'est plus. Le modelage des l\u00e8vres \u00e0 l'acide hyaluronique permet de donner aux l\u00e8vres non seulement un beau contour et du volume, mais aussi de l'humidit\u00e9. Il est \u00e9galement possible de corriger les asym\u00e9tries des l\u00e8vres.\n\t\t\t\t<img loading=\"lazy\" decoding=\"async\" src=\"https:\/\/www.zumgoldenenschnitt.ch\/wp-content\/uploads\/2024\/08\/lippen-hyaluronsaeure-franzoesisch.svg\" alt=\"modelage des l\u00e8vres injection d&#039;acide hyaluronique basel\" itemprop=\"image\" height=\"1000\" width=\"1000\" title=\"Modelage des l\u00e8vres Injection de l\u00e8vres Acide hyaluronique B\u00e2le\" onerror=\"this.style.display='none'\"  \/>\n\t\t\t\t<img loading=\"lazy\" decoding=\"async\" src=\"https:\/\/www.zumgoldenenschnitt.ch\/wp-content\/uploads\/2023\/01\/nasenkorrektur-mit-hyaluronsaeure-basel.jpg\" alt=\"correction du nez avec acide hyaluronique b\u00e2le\" itemprop=\"image\" height=\"1000\" width=\"1000\" title=\"correction-du-nez-avec-l&#039;acide-hyaluronique-basel\" onerror=\"this.style.display='none'\"  \/>","protected":false},"excerpt":{"rendered":"<p>Vous souhaitez avoir de belles l\u00e8vres naturellement pulpeuses ou vous voulez corriger une asym\u00e9trie des l\u00e8vres ? Les l\u00e8vres pulpeuses sont souvent consid\u00e9r\u00e9es comme belles et sensuelles, mais ce n'est pas le cas de tout le monde. Les l\u00e8vres changent \u00e9galement avec le temps, de sorte que le volume diminue et que les l\u00e8vres paraissent souvent \u00e9troites. Avec le modelage des l\u00e8vres avec [...]<\/p>","protected":false},"author":4,"featured_media":296,"parent":0,"menu_order":0,"comment_status":"closed","ping_status":"closed","template":"","meta":{"_seopress_robots_primary_cat":"","_seopress_titles_title":"Lippenmodellage mit Hyalurons\u00e4ure | Dr. Simona L\u00fcdi | Basel","_seopress_titles_desc":"Sanftes und nat\u00fcrliches Aufspritzen der Lippen mit Hyalurons\u00e4ure durch Frau Dr. Simona L\u00fcdi, Plastische Chirurgin in Basel. Nat\u00fcrliche Ergebnisse.","_seopress_robots_index":"","inline_featured_image":false,"site-sidebar-layout":"default","site-content-layout":"","ast-site-content-layout":"default","site-content-style":"default","site-sidebar-style":"default","ast-global-header-display":"","ast-banner-title-visibility":"","ast-main-header-display":"","ast-hfb-above-header-display":"","ast-hfb-below-header-display":"","ast-hfb-mobile-header-display":"","site-post-title":"","ast-breadcrumbs-content":"","ast-featured-img":"","footer-sml-layout":"","theme-transparent-header-meta":"","adv-header-id-meta":"","stick-header-meta":"","header-above-stick-meta":"","header-main-stick-meta":"","header-below-stick-meta":"","astra-migrate-meta-layouts":"set","ast-page-background-enabled":"default","ast-page-background-meta":{"desktop":{"background-color":"var(--ast-global-color-4)","background-image":"","background-repeat":"repeat","background-position":"center center","background-size":"auto","background-attachment":"scroll","background-type":"","background-media":"","overlay-type":"","overlay-color":"","overlay-opacity":"","overlay-gradient":""},"tablet":{"background-color":"","background-image":"","background-repeat":"repeat","background-position":"center center","background-size":"auto","background-attachment":"scroll","background-type":"","background-media":"","overlay-type":"","overlay-color":"","overlay-opacity":"","overlay-gradient":""},"mobile":{"background-color":"","background-image":"","background-repeat":"repeat","background-position":"center center","background-size":"auto","background-attachment":"scroll","background-type":"","background-media":"","overlay-type":"","overlay-color":"","overlay-opacity":"","overlay-gradient":""}},"ast-content-background-meta":{"desktop":{"background-color":"var(--ast-global-color-5)","background-image":"","background-repeat":"repeat","background-position":"center center","background-size":"auto","background-attachment":"scroll","background-type":"","background-media":"","overlay-type":"","overlay-color":"","overlay-opacity":"","overlay-gradient":""},"tablet":{"background-color":"var(--ast-global-color-5)","background-image":"","background-repeat":"repeat","background-position":"center center","background-size":"auto","background-attachment":"scroll","background-type":"","background-media":"","overlay-type":"","overlay-color":"","overlay-opacity":"","overlay-gradient":""},"mobile":{"background-color":"var(--ast-global-color-5)","background-image":"","background-repeat":"repeat","background-position":"center center","background-size":"auto","background-attachment":"scroll","background-type":"","background-media":"","overlay-type":"","overlay-color":"","overlay-opacity":"","overlay-gradient":""}},"footnotes":""},"class_list":["post-1500","page","type-page","status-publish","has-post-thumbnail"],"_links":{"self":[{"href":"https:\/\/www.zumgoldenenschnitt.ch\/fr\/wp-json\/wp\/v2\/pages\/1500","targetHints":{"allow":["GET"]}}],"collection":[{"href":"https:\/\/www.zumgoldenenschnitt.ch\/fr\/wp-json\/wp\/v2\/pages"}],"about":[{"href":"https:\/\/www.zumgoldenenschnitt.ch\/fr\/wp-json\/wp\/v2\/types\/page"}],"author":[{"embeddable":true,"href":"https:\/\/www.zumgoldenenschnitt.ch\/fr\/wp-json\/wp\/v2\/users\/4"}],"replies":[{"embeddable":true,"href":"https:\/\/www.zumgoldenenschnitt.ch\/fr\/wp-json\/wp\/v2\/comments?post=1500"}],"version-history":[{"count":2,"href":"https:\/\/www.zumgoldenenschnitt.ch\/fr\/wp-json\/wp\/v2\/pages\/1500\/revisions"}],"predecessor-version":[{"id":1504,"href":"https:\/\/www.zumgoldenenschnitt.ch\/fr\/wp-json\/wp\/v2\/pages\/1500\/revisions\/1504"}],"wp:featuredmedia":[{"embeddable":true,"href":"https:\/\/www.zumgoldenenschnitt.ch\/fr\/wp-json\/wp\/v2\/media\/296"}],"wp:attachment":[{"href":"https:\/\/www.zumgoldenenschnitt.ch\/fr\/wp-json\/wp\/v2\/media?parent=1500"}],"curies":[{"name":"wp","href":"https:\/\/api.w.org\/{rel}","templated":true}]}}