{"id":2058,"date":"2025-06-01T18:19:40","date_gmt":"2025-06-01T16:19:40","guid":{"rendered":"https:\/\/www.zumgoldenenschnitt.ch\/?page_id=2058"},"modified":"2026-02-26T13:58:47","modified_gmt":"2026-02-26T12:58:47","slug":"behandlung-zahneknirschen-bruxismus-masseter","status":"publish","type":"page","link":"https:\/\/www.zumgoldenenschnitt.ch\/fr\/offre\/botulinum-hyaluron-fr\/traitement-grincement-des-dents-bruxisme-masseter\/","title":{"rendered":"Botox | Botulinum pour le traitement du grincement des dents | Bruxisme | Masseter"},"content":{"rendered":"<p>Le grincement des dents, \u00e9galement connu sous le nom de bruxisme, se produit surtout la nuit ou dans des situations de stress et entra\u00eene un frottement intense des dents dans la m\u00e2choire sup\u00e9rieure et inf\u00e9rieure. Si le bruxisme n'est pas trait\u00e9, il peut entra\u00eener \u00e0 long terme de s\u00e9rieux dommages aux dents (p. ex. dents sensibles, usure des dents, fractures des dents), des probl\u00e8mes au niveau de la m\u00e2choire, mais aussi des maux de t\u00eate, des tensions au niveau de la m\u00e2choire, du cou et des \u00e9paules ainsi que des troubles du sommeil. Il est donc important de d\u00e9tecter ce ph\u00e9nom\u00e8ne \u00e0 temps et de le traiter si n\u00e9cessaire.<\/p>\n\t\t\t\t<img loading=\"lazy\" decoding=\"async\" src=\"https:\/\/www.zumgoldenenschnitt.ch\/wp-content\/uploads\/2023\/02\/7-botulinum-info-fr.svg\" alt=\"7 infos botulinum\" itemprop=\"image\" height=\"1000\" width=\"1000\" title=\"7-botulinum-infos\" onerror=\"this.style.display='none'\"  \/>\n\t\t\t\t<img loading=\"lazy\" decoding=\"async\" src=\"https:\/\/www.zumgoldenenschnitt.ch\/wp-content\/uploads\/2023\/09\/journal-faltenbehandlung-hyaluronsaeure.jpg\" alt=\"journal traitement des rides acide hyaluronique\" itemprop=\"image\" height=\"1000\" width=\"1000\" title=\"Journal Traitement des rides Acide hyaluronique\" onerror=\"this.style.display='none'\"  \/>\n\t<p>Une m\u00e9thode de traitement efficace contre le bruxisme est l'utilisation de la toxine botulique. La toxine botulique a un effet myorelaxant. Dans le traitement du grincement des dents, la toxine botulique est inject\u00e9e de mani\u00e8re cibl\u00e9e dans le muscle masticateur, \u00e0 des endroits pr\u00e9cis de chaque c\u00f4t\u00e9 de la joue. Cela entra\u00eene une d\u00e9tente du muscle masticateur (mass\u00e9ter) sans que celui-ci ne se rel\u00e2che compl\u00e8tement. La mastication et les repas restent possibles sans probl\u00e8me, mais le grincement incontr\u00f4l\u00e9 des dents ainsi que le fort serrage des dents sont \u00e9vit\u00e9s. De nombreux patients font \u00e9tat d'un soulagement rapide de la douleur d\u00e8s le premier traitement. En outre, le traitement du bruxisme par la toxine botulique contribue consid\u00e9rablement \u00e0 l'am\u00e9lioration de la qualit\u00e9 de vie, car les maux de t\u00eate et les tensions sont nettement r\u00e9duits.<\/p>\n<h2>Avantages de la toxine botulique en cas de grincement de dents<\/h2>\n<p>L'utilisation de la toxine botulique dans les muscles masticateurs pr\u00e9sente un certain nombre d'avantages pour les patients et patientes souffrant de bruxisme :<\/p>\n<ul>\n<li>Solution non invasive<\/li>\n<li>D\u00e9tente cibl\u00e9e des muscles masticateurs hyperactifs (masseter)<\/li>\n<li>R\u00e9sultats rapides<\/li>\n<li>Am\u00e9lioration de la qualit\u00e9 du sommeil<\/li>\n<li>Pas de temps d'arr\u00eat apr\u00e8s le traitement<\/li>\n<li>Bien tol\u00e9r\u00e9 par de nombreux patients<\/li>\n<li>Taux de r\u00e9ussite \u00e9lev\u00e9 et satisfaction des patients :<\/li>\n<\/ul>\n<h2>D\u00e9roulement d'un traitement du bruxisme au Botox<\/h2>\n<ol>\n<li>Conseil personnalis\u00e9 et examen des muscles masticateurs<\/li>\n<li>Marquage des injections dans la zone des joues selon les besoins individuels<\/li>\n<li>Traitement : l'injection de Botox dans le muscle masticateur est rapide et simple et ne dure que quelques minutes. La toxine botulique est inject\u00e9e directement dans le muscle masticateur \u00e0 l'aide d'une aiguille tr\u00e8s fine. La plupart des patients consid\u00e8rent l'injection comme indolore ou ressentent tout au plus une l\u00e9g\u00e8re sensation de br\u00fblure.<\/li>\n<li>Attendre l'effet : en r\u00e8gle g\u00e9n\u00e9rale, l'effet du Botox se manifeste lentement au bout de 3-4 jours et il faut g\u00e9n\u00e9ralement 10-12 jours pour que l'effet soit complet. \u00c0 partir de l\u00e0, vous devriez constater une am\u00e9lioration des sympt\u00f4mes. Pour \u00e9viter les effets secondaires ind\u00e9sirables, nous vous recommandons de renoncer au sport, au sauna et aux massages intensifs du visage deux jours apr\u00e8s le traitement.<\/li>\n<\/ol>\n<h2>Exp\u00e9riences avec le Botox contre le grincement des dents<\/h2>\n<p>Les patients qui ont suivi un traitement \u00e0 la toxine botulique contre le bruxisme rapportent pour la plupart des exp\u00e9riences positives. On observe souvent une diminution sensible du grincement des dents ainsi qu'un soulagement significatif des maux de t\u00eate et des douleurs de la m\u00e2choire.<\/p>\n<h2>Co\u00fbt du Botox en cas de bruxisme<\/h2>\n<p>Le co\u00fbt du Botox\u00ae dans le muscle masticateur \/ en cas de grincement des dents commence \u00e0 450 CHF par traitement.<\/p>\n<h2>Questions fr\u00e9quentes<\/h2>\n\t\t\t\t\t\t\t\t\t\t<h3 tabindex=\"0\">Que peut-on faire contre le grincement des dents \/ le bruxisme ?<\/h3>\n\t\t\t\t\t<p>Le traitement au Botox \/ Botulinum est une possibilit\u00e9 de traitement des grincements de dents. Il consiste \u00e0 d\u00e9tendre le muscle masticateur (mass\u00e9ter) \u00e0 l'aide de Botulinum. Le muscle masticateur devient ainsi moins puissant, se d\u00e9tend et les douleurs et tensions au niveau de la m\u00e2choire ainsi que le grincement des dents diminuent.<\/p>\n\t\t\t\t\t\t\t\t\t\t<h3 tabindex=\"0\">Combien de temps dure l'effet d'un traitement du bruxisme au Botulinum ?<\/h3>\n\t\t\t\t\t<p>La dur\u00e9e de l'effet varie d'une personne \u00e0 l'autre, mais en r\u00e8gle g\u00e9n\u00e9rale, l'effet dure environ trois mois. Apr\u00e8s plusieurs traitements, on observe m\u00eame parfois une dur\u00e9e d'action plus longue.<\/p>\n\t\t\t\t\t\t\t\t\t\t<h3 tabindex=\"0\">Un traitement du bruxisme au Botulinum peut-il \u00eatre r\u00e9p\u00e9t\u00e9 ?<\/h3>\n\t\t\t\t\t<p>Oui, il est conseill\u00e9 de r\u00e9p\u00e9ter le traitement apr\u00e8s 3-4 mois. Apr\u00e8s des injections initialement r\u00e9guli\u00e8res, le traitement peut \u00e9ventuellement \u00eatre interrompu ou les intervalles entre les traitements prolong\u00e9s.<\/p>\n\t\t\t\t\t\t\t\t\t\t<h3 tabindex=\"0\">Quelles sont les pr\u00e9cautions \u00e0 prendre apr\u00e8s un traitement du bruxisme au Botulinum ?<\/h3>\n\t\t\t\t\t<p>Pour un r\u00e9sultat optimal, \u00e9vitez le sport et le sauna pendant les 2 jours qui suivent le traitement au Botulinum.<\/p>\n\t\t\t\t\t\t\t\t\t\t<h3 tabindex=\"0\">Peut-on manger et boire normalement apr\u00e8s avoir re\u00e7u du Botox dans le muscle de la mastication ?<\/h3>\n\t\t\t\t\t<p>Apr\u00e8s un traitement \u00e0 la toxine botulique contre le grincement des dents (bruxisme), la mastication et l'alimentation restent possibles sans probl\u00e8me et vous pouvez imm\u00e9diatement reprendre vos habitudes alimentaires et de boisson habituelles. Nous recommandons toutefois de renoncer aux chewing-gums afin de ne pas \"entra\u00eener\" et renforcer inutilement le mass\u00e9ter.<\/p>\n\t\t\t\t\t\t\t\t\t\t<h3 tabindex=\"0\">Quelle est la dur\u00e9e de l'effet du Botox sur les muscles de la m\u00e2choire ?<\/h3>\n\t\t\t\t\t<p>La dur\u00e9e d'action du Botox\u00ae dans le muscle de la m\u00e2choire peut varier d'une personne \u00e0 l'autre et d\u00e9pend entre autres du m\u00e9tabolisme, de la force musculaire ainsi que de la dose administr\u00e9e. En r\u00e8gle g\u00e9n\u00e9rale, l'effet myorelaxant dure environ trois \u00e0 quatre mois. Pendant cette phase, le muscle masticateur responsable du grincement des dents se d\u00e9tend, ce qui entra\u00eene souvent une nette r\u00e9duction, voire une interruption compl\u00e8te du grincement. Apr\u00e8s cette p\u00e9riode, une nouvelle injection peut s'av\u00e9rer n\u00e9cessaire pour maintenir l'effet \u00e0 long terme.<\/p>\n\t\t\t\t\t\t\t\t\t\t<h3 tabindex=\"0\">Le traitement du masseur par Botox est-il douloureux ?<\/h3>\n\t\t\t\t\t<p>Non, des aiguilles tr\u00e8s fines sont utilis\u00e9es et la plupart des patients trouvent les injections indolores ou ressentent tout au plus une l\u00e9g\u00e8re br\u00fblure.<\/p>\n\t<p>Le Dr Simona L\u00fcdi vous accueille volontiers pour un entretien personnel dans notre clinique \u00e0 B\u00e2le. Nous nous r\u00e9jouissons de vous rencontrer.<\/p>\n\t\t\t<a href=\"https:\/\/booking.epat.ch\/goldenschnitt\/booking\" title=\"Cliquez ici\" target=\"_blank\" rel=\"noopener\"  role=\"button\" aria-label=\"R\u00e9server un rendez-vous de consultation\">\n\t\t\t\t\t\t\tR\u00e9server un rendez-vous de consultation\n\t\t<\/a>","protected":false},"excerpt":{"rendered":"<p>Le grincement des dents, \u00e9galement connu sous le nom de bruxisme, se produit surtout la nuit ou dans des situations de stress et entra\u00eene un frottement intense des dents dans la m\u00e2choire sup\u00e9rieure et inf\u00e9rieure. Si le bruxisme n'est pas trait\u00e9, il peut entra\u00eener \u00e0 long terme de s\u00e9rieux dommages aux dents (p. ex. dents sensibles, usure des dents, fractures des dents), des probl\u00e8mes au niveau de la m\u00e2choire, mais aussi des maux de t\u00eate, des tensions dans la m\u00e2choire, la nuque et [...].<\/p>","protected":false},"author":4,"featured_media":0,"parent":544,"menu_order":0,"comment_status":"closed","ping_status":"closed","template":"","meta":{"_seopress_robots_primary_cat":"","_seopress_titles_title":"Botox | Botulinum zur Behandlung von Z\u00e4hneknirschen | Bruxismus | Dr. Simona L\u00fcdi | Basel","_seopress_titles_desc":"Botox \/ Botulinum gegen Z\u00e4hneknirschen\/Brusixmus - effektive Behandlung bei \u00fcberm\u00e4ssig kr\u00e4ftigem Kaumuskel (Masseter). Wir beraten Sie gerne in unserer Klinik in Basel.","_seopress_robots_index":"","inline_featured_image":false,"site-sidebar-layout":"default","site-content-layout":"","ast-site-content-layout":"default","site-content-style":"default","site-sidebar-style":"default","ast-global-header-display":"","ast-banner-title-visibility":"","ast-main-header-display":"","ast-hfb-above-header-display":"","ast-hfb-below-header-display":"","ast-hfb-mobile-header-display":"","site-post-title":"","ast-breadcrumbs-content":"","ast-featured-img":"","footer-sml-layout":"","theme-transparent-header-meta":"","adv-header-id-meta":"","stick-header-meta":"","header-above-stick-meta":"","header-main-stick-meta":"","header-below-stick-meta":"","astra-migrate-meta-layouts":"set","ast-page-background-enabled":"default","ast-page-background-meta":{"desktop":{"background-color":"var(--ast-global-color-4)","background-image":"","background-repeat":"repeat","background-position":"center center","background-size":"auto","background-attachment":"scroll","background-type":"","background-media":"","overlay-type":"","overlay-color":"","overlay-opacity":"","overlay-gradient":""},"tablet":{"background-color":"","background-image":"","background-repeat":"repeat","background-position":"center center","background-size":"auto","background-attachment":"scroll","background-type":"","background-media":"","overlay-type":"","overlay-color":"","overlay-opacity":"","overlay-gradient":""},"mobile":{"background-color":"","background-image":"","background-repeat":"repeat","background-position":"center center","background-size":"auto","background-attachment":"scroll","background-type":"","background-media":"","overlay-type":"","overlay-color":"","overlay-opacity":"","overlay-gradient":""}},"ast-content-background-meta":{"desktop":{"background-color":"var(--ast-global-color-5)","background-image":"","background-repeat":"repeat","background-position":"center center","background-size":"auto","background-attachment":"scroll","background-type":"","background-media":"","overlay-type":"","overlay-color":"","overlay-opacity":"","overlay-gradient":""},"tablet":{"background-color":"var(--ast-global-color-5)","background-image":"","background-repeat":"repeat","background-position":"center center","background-size":"auto","background-attachment":"scroll","background-type":"","background-media":"","overlay-type":"","overlay-color":"","overlay-opacity":"","overlay-gradient":""},"mobile":{"background-color":"var(--ast-global-color-5)","background-image":"","background-repeat":"repeat","background-position":"center center","background-size":"auto","background-attachment":"scroll","background-type":"","background-media":"","overlay-type":"","overlay-color":"","overlay-opacity":"","overlay-gradient":""}},"footnotes":""},"class_list":["post-2058","page","type-page","status-publish"],"_links":{"self":[{"href":"https:\/\/www.zumgoldenenschnitt.ch\/fr\/wp-json\/wp\/v2\/pages\/2058","targetHints":{"allow":["GET"]}}],"collection":[{"href":"https:\/\/www.zumgoldenenschnitt.ch\/fr\/wp-json\/wp\/v2\/pages"}],"about":[{"href":"https:\/\/www.zumgoldenenschnitt.ch\/fr\/wp-json\/wp\/v2\/types\/page"}],"author":[{"embeddable":true,"href":"https:\/\/www.zumgoldenenschnitt.ch\/fr\/wp-json\/wp\/v2\/users\/4"}],"replies":[{"embeddable":true,"href":"https:\/\/www.zumgoldenenschnitt.ch\/fr\/wp-json\/wp\/v2\/comments?post=2058"}],"version-history":[{"count":4,"href":"https:\/\/www.zumgoldenenschnitt.ch\/fr\/wp-json\/wp\/v2\/pages\/2058\/revisions"}],"predecessor-version":[{"id":2142,"href":"https:\/\/www.zumgoldenenschnitt.ch\/fr\/wp-json\/wp\/v2\/pages\/2058\/revisions\/2142"}],"up":[{"embeddable":true,"href":"https:\/\/www.zumgoldenenschnitt.ch\/fr\/wp-json\/wp\/v2\/pages\/544"}],"wp:attachment":[{"href":"https:\/\/www.zumgoldenenschnitt.ch\/fr\/wp-json\/wp\/v2\/media?parent=2058"}],"curies":[{"name":"wp","href":"https:\/\/api.w.org\/{rel}","templated":true}]}}