{"id":2062,"date":"2025-06-01T18:18:20","date_gmt":"2025-06-01T16:18:20","guid":{"rendered":"https:\/\/www.zumgoldenenschnitt.ch\/?page_id=2062"},"modified":"2026-02-26T13:58:32","modified_gmt":"2026-02-26T12:58:32","slug":"botox-migraene","status":"publish","type":"page","link":"https:\/\/www.zumgoldenenschnitt.ch\/fr\/offre\/botulinum-hyaluron-fr\/botox-migraine\/","title":{"rendered":"Botox | Botulinum contre la migraine"},"content":{"rendered":"<p>Vous souffrez de migraines chroniques et de forts maux de t\u00eate ? Le traitement au Botox (toxine botulique) s'est \u00e9tabli comme une m\u00e9thode efficace pour soulager les personnes souffrant de migraines. D\u00e9velopp\u00e9 \u00e0 l'origine pour traiter les muscles spastiques, le Botox peut aujourd'hui, apr\u00e8s un diagnostic minutieux, constituer un compl\u00e9ment pr\u00e9cieux au traitement de la migraine.<\/p>\n\t\t\t\t<img loading=\"lazy\" decoding=\"async\" src=\"https:\/\/www.zumgoldenenschnitt.ch\/wp-content\/uploads\/2023\/02\/7-botulinum-info-fr.svg\" alt=\"7 infos botulinum\" itemprop=\"image\" height=\"1000\" width=\"1000\" title=\"7-botulinum-infos\" onerror=\"this.style.display='none'\"  \/>\n\t\t\t\t<img loading=\"lazy\" decoding=\"async\" src=\"https:\/\/www.zumgoldenenschnitt.ch\/wp-content\/uploads\/2023\/09\/journal-botulinum.jpg\" alt=\"journal botulinum\" itemprop=\"image\" height=\"1000\" width=\"1000\" title=\"Journal Botulinum\" onerror=\"this.style.display='none'\"  \/>\n\t<p>Les crises de migraine s'accompagnent souvent d'une forte tension des muscles au niveau des \u00e9paules, de la nuque, du cou et du visage. Cette tension peut influencer la circulation sanguine, ce qui peut entra\u00eener un manque d'oxyg\u00e8ne - une cause des forts maux de t\u00eate typiques, souvent accompagn\u00e9s de naus\u00e9es et d'une sensibilit\u00e9 \u00e0 la lumi\u00e8re et aux bruits. La toxine botulique agit en inhibant la s\u00e9cr\u00e9tion d'ac\u00e9tylcholine, un neurotransmetteur responsable de l'activation musculaire. Cela permet de r\u00e9duire la tension musculaire pendant une crise de migraine. En outre, on suppose que le botulinum peut emp\u00eacher la transmission des signaux de douleur.\u00a0<\/p>\n<p>Des injections cibl\u00e9es de toxine botulique dans les zones musculaires concern\u00e9es, principalement au niveau du visage, de la t\u00eate et de la nuque, permettent souvent de r\u00e9duire de mani\u00e8re significative la fr\u00e9quence des crises de migraine et la s\u00e9v\u00e9rit\u00e9 des maux de t\u00eate. De nombreux patients font en outre \u00e9tat d'un besoin moindre en analg\u00e9siques.<\/p>\n<p>Le traitement comprend g\u00e9n\u00e9ralement plusieurs injections dans diff\u00e9rents groupes musculaires et est typiquement r\u00e9p\u00e9t\u00e9 tous les 3 \u00e0 4 mois. L'effet dure g\u00e9n\u00e9ralement de 3 \u00e0 6 mois, mais peut se prolonger apr\u00e8s des traitements r\u00e9p\u00e9t\u00e9s.Pour obtenir un r\u00e9sultat optimal et \u00e9viter les effets secondaires ind\u00e9sirables, il est conseill\u00e9 d'\u00e9viter le sport et le sauna pendant deux jours apr\u00e8s le traitement au Botulinum.<\/p>\n<h2>Co\u00fbts d'un traitement au Botox contre la migraine<\/h2>\n<p>Le co\u00fbt d'un traitement \u00e0 la toxine botulique contre la migraine commence \u00e0 partir de 800 CHF et varie en fonction du nombre de zones \u00e0 traiter.<\/p>\n<h2>Questions fr\u00e9quentes<\/h2>\n\t\t\t\t\t\t\t\t\t\t<h3 tabindex=\"0\">Que peut-on faire contre les maux de t\u00eate ou les migraines ?<\/h3>\n\t\t\t\t\t<p>Le traitement au Botox \/ Botulinum est une possibilit\u00e9 de traitement des maux de t\u00eate ou des migraines. Selon les troubles et la localisation des tensions, diff\u00e9rentes zones de la t\u00eate, de la nuque et des \u00e9paules sont trait\u00e9es avec de la toxine botulique. Le Dr L\u00fcdi se fera un plaisir de vous conseiller individuellement sur les zones \u00e0 traiter dans votre cas.<\/p>\n\t\t\t\t\t\t\t\t\t\t<h3 tabindex=\"0\">Combien de temps dure l'effet d'un traitement de la migraine au Botulinum ?<\/h3>\n\t\t\t\t\t<p>La dur\u00e9e d'action varie d'une personne \u00e0 l'autre, mais en r\u00e8gle g\u00e9n\u00e9rale, l'effet dure de 3 \u00e0 6 mois. Apr\u00e8s plusieurs traitements, on observe m\u00eame parfois une dur\u00e9e d'action plus longue.<\/p>\n\t\t\t\t\t\t\t\t\t\t<h3 tabindex=\"0\">Un traitement de la migraine au Botulinum peut-il \u00eatre r\u00e9p\u00e9t\u00e9 ?<\/h3>\n\t\t\t\t\t<p>Oui, d\u00e8s que l'effet de la toxine botulique diminue, le traitement peut \u00eatre r\u00e9p\u00e9t\u00e9.<\/p>\n\t\t\t\t\t\t\t\t\t\t<h3 tabindex=\"0\">Quelles sont les pr\u00e9cautions \u00e0 prendre apr\u00e8s un traitement de la migraine au Botulinum ?<\/h3>\n\t\t\t\t\t<p>Pour un r\u00e9sultat optimal, \u00e9vitez le sport et le sauna pendant les 2 jours qui suivent le traitement au Botulinum.<\/p>\n\t<p>Le Dr Simona L\u00fcdi se fera un plaisir de vous conseiller personnellement dans notre clinique Zum Goldenen Schnitt \u00e0 B\u00e2le afin de d\u00e9terminer avec vous les zones de traitement les mieux adapt\u00e9es \u00e0 vos besoins et de soulager efficacement vos douleurs. Prenez d\u00e8s maintenant rendez-vous pour une consultation personnelle.<\/p>\n\t\t\t<a href=\"https:\/\/booking.epat.ch\/goldenschnitt\/booking\" title=\"Cliquez ici\" target=\"_blank\" rel=\"noopener\"  role=\"button\" aria-label=\"R\u00e9server un rendez-vous de consultation\">\n\t\t\t\t\t\t\tR\u00e9server un rendez-vous de consultation\n\t\t<\/a>","protected":false},"excerpt":{"rendered":"<p>Vous souffrez de migraines chroniques et de forts maux de t\u00eate ? Le traitement au Botox (toxine botulique) s'est \u00e9tabli comme une m\u00e9thode efficace pour soulager les personnes souffrant de migraines. D\u00e9velopp\u00e9 \u00e0 l'origine pour traiter les muscles spastiques, le Botox peut aujourd'hui, apr\u00e8s un diagnostic minutieux, constituer un compl\u00e9ment pr\u00e9cieux au traitement de la migraine. Les crises de migraine s'accompagnent souvent d'une forte tension des muscles au niveau des \u00e9paules, [...].<\/p>","protected":false},"author":4,"featured_media":0,"parent":544,"menu_order":0,"comment_status":"closed","ping_status":"closed","template":"","meta":{"_seopress_robots_primary_cat":"","_seopress_titles_title":"Botox \/ Botulinum gegen Migr\u00e4ne | Dr. Simona L\u00fcdi | Basel","_seopress_titles_desc":"Botox \/ Botulinum gegen Migr\u00e4ne - effektive Behandlung bei Kopfschmerzen und Migr\u00e4ne. Frau Dr. Simona L\u00fcdi ber\u00e4t Sie gerne in unserer Klinik in Basel.","_seopress_robots_index":"","inline_featured_image":false,"site-sidebar-layout":"default","site-content-layout":"","ast-site-content-layout":"default","site-content-style":"default","site-sidebar-style":"default","ast-global-header-display":"","ast-banner-title-visibility":"","ast-main-header-display":"","ast-hfb-above-header-display":"","ast-hfb-below-header-display":"","ast-hfb-mobile-header-display":"","site-post-title":"","ast-breadcrumbs-content":"","ast-featured-img":"","footer-sml-layout":"","theme-transparent-header-meta":"","adv-header-id-meta":"","stick-header-meta":"","header-above-stick-meta":"","header-main-stick-meta":"","header-below-stick-meta":"","astra-migrate-meta-layouts":"set","ast-page-background-enabled":"default","ast-page-background-meta":{"desktop":{"background-color":"var(--ast-global-color-4)","background-image":"","background-repeat":"repeat","background-position":"center center","background-size":"auto","background-attachment":"scroll","background-type":"","background-media":"","overlay-type":"","overlay-color":"","overlay-opacity":"","overlay-gradient":""},"tablet":{"background-color":"","background-image":"","background-repeat":"repeat","background-position":"center center","background-size":"auto","background-attachment":"scroll","background-type":"","background-media":"","overlay-type":"","overlay-color":"","overlay-opacity":"","overlay-gradient":""},"mobile":{"background-color":"","background-image":"","background-repeat":"repeat","background-position":"center center","background-size":"auto","background-attachment":"scroll","background-type":"","background-media":"","overlay-type":"","overlay-color":"","overlay-opacity":"","overlay-gradient":""}},"ast-content-background-meta":{"desktop":{"background-color":"var(--ast-global-color-5)","background-image":"","background-repeat":"repeat","background-position":"center center","background-size":"auto","background-attachment":"scroll","background-type":"","background-media":"","overlay-type":"","overlay-color":"","overlay-opacity":"","overlay-gradient":""},"tablet":{"background-color":"var(--ast-global-color-5)","background-image":"","background-repeat":"repeat","background-position":"center center","background-size":"auto","background-attachment":"scroll","background-type":"","background-media":"","overlay-type":"","overlay-color":"","overlay-opacity":"","overlay-gradient":""},"mobile":{"background-color":"var(--ast-global-color-5)","background-image":"","background-repeat":"repeat","background-position":"center center","background-size":"auto","background-attachment":"scroll","background-type":"","background-media":"","overlay-type":"","overlay-color":"","overlay-opacity":"","overlay-gradient":""}},"footnotes":""},"class_list":["post-2062","page","type-page","status-publish"],"_links":{"self":[{"href":"https:\/\/www.zumgoldenenschnitt.ch\/fr\/wp-json\/wp\/v2\/pages\/2062","targetHints":{"allow":["GET"]}}],"collection":[{"href":"https:\/\/www.zumgoldenenschnitt.ch\/fr\/wp-json\/wp\/v2\/pages"}],"about":[{"href":"https:\/\/www.zumgoldenenschnitt.ch\/fr\/wp-json\/wp\/v2\/types\/page"}],"author":[{"embeddable":true,"href":"https:\/\/www.zumgoldenenschnitt.ch\/fr\/wp-json\/wp\/v2\/users\/4"}],"replies":[{"embeddable":true,"href":"https:\/\/www.zumgoldenenschnitt.ch\/fr\/wp-json\/wp\/v2\/comments?post=2062"}],"version-history":[{"count":4,"href":"https:\/\/www.zumgoldenenschnitt.ch\/fr\/wp-json\/wp\/v2\/pages\/2062\/revisions"}],"predecessor-version":[{"id":2143,"href":"https:\/\/www.zumgoldenenschnitt.ch\/fr\/wp-json\/wp\/v2\/pages\/2062\/revisions\/2143"}],"up":[{"embeddable":true,"href":"https:\/\/www.zumgoldenenschnitt.ch\/fr\/wp-json\/wp\/v2\/pages\/544"}],"wp:attachment":[{"href":"https:\/\/www.zumgoldenenschnitt.ch\/fr\/wp-json\/wp\/v2\/media?parent=2062"}],"curies":[{"name":"wp","href":"https:\/\/api.w.org\/{rel}","templated":true}]}}