{"id":2102,"date":"2025-06-01T17:56:23","date_gmt":"2025-06-01T15:56:23","guid":{"rendered":"https:\/\/www.zumgoldenenschnitt.ch\/?page_id=2102"},"modified":"2026-02-26T14:03:58","modified_gmt":"2026-02-26T13:03:58","slug":"3d-simulation-crisalix-2-2","status":"publish","type":"page","link":"https:\/\/www.zumgoldenenschnitt.ch\/fr\/offre\/poitrine\/simulation-3d-crisalix-2-2\/","title":{"rendered":"Simulation 3D avec Crisalix"},"content":{"rendered":"<p>Vous r\u00eavez d'une poitrine plus g\u00e9n\u00e9reuse et harmonieuse et vous envisagez une augmentation mammaire ? L'incertitude quant au r\u00e9sultat futur et le choix des implants appropri\u00e9s peuvent soulever de nombreuses questions. Quelle est la bonne taille ? Quelle forme convient le mieux \u00e0 mon corps ? Pour vous aider \u00e0 prendre cette d\u00e9cision importante, nous vous proposons \u00e0 la clinique Zum Goldenen Schnitt une solution innovante : la simulation 3D Crisalix. La simulation 3D avec Crisalix vous aide \u00e0 vous faire une id\u00e9e du r\u00e9sultat possible, ce qui facilite souvent la d\u00e9cision.<\/p>\n<p>Crisalix est n\u00e9 d'un projet de recherche des universit\u00e9s de Berne et de Lausanne et fait aujourd'hui partie des pr\u00e9curseurs dans le domaine de la visualisation moderne en 3D et 4D en chirurgie plastique. Gr\u00e2ce \u00e0 la simulation 3D de Crisalix, vous pouvez voir le r\u00e9sultat possible d'une op\u00e9ration du sein avant m\u00eame l'intervention.<\/p>\n\t\t\t\t<img loading=\"lazy\" decoding=\"async\" src=\"https:\/\/www.zumgoldenenschnitt.ch\/wp-content\/uploads\/2023\/01\/brustvergroesserung-mit-implantaten-mammaaugmentation-basel.jpg\" alt=\"augmentation mammaire par implants basel\" itemprop=\"image\" height=\"1000\" width=\"1000\" title=\"augmentation-des-seins-avec-implants-augmentation-mamma-basel\" onerror=\"this.style.display='none'\"  \/>\n\t<h2>Comment se d\u00e9roule une simulation 3D avec Crisalix ?<\/h2>\n<p>Dans le cadre de la consultation, des photos de votre torse sont prises sous diff\u00e9rents angles : de face, du c\u00f4t\u00e9 gauche et du c\u00f4t\u00e9 droit. Ces photos servent de base \u00e0 la cr\u00e9ation de votre mod\u00e8le 3D individuel. Le logiciel Crisalix g\u00e9n\u00e8re ensuite en quelques secondes une image tridimensionnelle de votre corps \u00e0 partir de ces photos.<\/p>\n<p>D\u00e8s que votre mod\u00e8le 3D personnel est cr\u00e9\u00e9, vous pouvez essayer virtuellement avec le Dr L\u00fcdi diff\u00e9rentes tailles, formes et positions d'implants. Le Dr L\u00fcdi tient compte de votre anatomie individuelle afin d'obtenir le meilleur r\u00e9sultat possible et le plus harmonieux pour vous. La simulation proche de la r\u00e9alit\u00e9 vous montre le r\u00e9sultat possible sous diff\u00e9rents angles. Outre la simulation d'une <a href=\"https:\/\/www.zumgoldenenschnitt.ch\/fr\/offre\/poitrine\/augmentation-des-seins-avec-implants-augmentation-mamma\/\">augmentation mammaire classique<\/a>Crisalix peut \u00e9galement \u00eatre utilis\u00e9 pour visualiser une augmentation mammaire avec des implants. <a href=\"https:\/\/www.zumgoldenenschnitt.ch\/fr\/offre\/poitrine\/augmentation-mammaire-mia-femtech\/\">Mia Femtech\u2122<\/a>, <a href=\"https:\/\/www.zumgoldenenschnitt.ch\/fr\/offre\/poitrine\/augmentation-mammaire-reserve\/\">Preserv\u00e9\u2122<\/a> ou d'une <a href=\"https:\/\/www.zumgoldenenschnitt.ch\/fr\/offre\/poitrine\/lifting-des-seins-mastopexie\/\">Raffermissement des seins<\/a> (avec ou sans implants).<\/p>\n<p>Bien entendu, la simulation 3D de Crisalix n'est pas une image avant\/apr\u00e8s et aucune promesse de succ\u00e8s n'est faite pour votre op\u00e9ration du sein, mais vous obtenez une premi\u00e8re impression de la mani\u00e8re dont votre corps pourrait \u00eatre modifi\u00e9 visuellement par une \u00e9ventuelle op\u00e9ration du sein.<\/p>\n<p>La simulation 3D est une approche r\u00e9aliste du r\u00e9sultat possible et un compl\u00e9ment pr\u00e9cieux \u00e0 la consultation m\u00e9dicale sp\u00e9cialis\u00e9e, mais elle ne la remplace pas.<\/p>\n\t<p>Lisez aussi les articles du Journal <a href=\"https:\/\/www.zumgoldenenschnitt.ch\/fr\/formes-et-tailles-des-implants-mammaires\/\">\"Formes et tailles des implants mammaires\".<\/a>\u00a0et <a href=\"https:\/\/www.zumgoldenenschnitt.ch\/fr\/comment-trouver-la-taille-dimplant-mammaire-qui-me-convient\/\">\"Augmentation mammaire - Comment trouver la taille d'implant mammaire qui me convient ?\"<\/a>.<\/p>\n<p>R\u00e9servez d\u00e8s maintenant votre rendez-vous de consultation avec le Dr L\u00fcdi. Nous nous r\u00e9jouissons de vous accueillir bient\u00f4t dans notre clinique \u00e0 B\u00e2le.<\/p>\n\t\t\t<a href=\"https:\/\/booking.epat.ch\/goldenschnitt\/booking\" title=\"Cliquez ici\" target=\"_blank\" rel=\"noopener\"  role=\"button\" aria-label=\"R\u00e9server un rendez-vous de consultation\">\n\t\t\t\t\t\t\tR\u00e9server un rendez-vous de consultation\n\t\t<\/a>","protected":false},"excerpt":{"rendered":"<p>Vous r\u00eavez d'une poitrine plus g\u00e9n\u00e9reuse et harmonieuse et vous envisagez une augmentation mammaire ? L'incertitude quant au r\u00e9sultat futur et le choix des implants appropri\u00e9s peuvent soulever de nombreuses questions. Quelle est la bonne taille ? Quelle forme convient le mieux \u00e0 mon corps ? Pour vous aider \u00e0 prendre cette d\u00e9cision importante, nous vous proposons [...].<\/p>","protected":false},"author":4,"featured_media":2276,"parent":555,"menu_order":1,"comment_status":"closed","ping_status":"closed","template":"","meta":{"_seopress_robots_primary_cat":"","_seopress_titles_title":"3D-Simulation einer Brustvergr\u00f6sserung mit Crisalix | Dr. Simona L\u00fcdi | Basel","_seopress_titles_desc":"3D-Simulation einer Brustvergr\u00f6sserung mit Crisalix in Basel (Schweiz) \u2013 Dr. Simona L\u00fcdi, Klinik Zum Goldenen Schnitt: pers\u00f6nliche Beratung & nat\u00fcrliche Resultate.","_seopress_robots_index":"","inline_featured_image":false,"site-sidebar-layout":"default","site-content-layout":"","ast-site-content-layout":"default","site-content-style":"default","site-sidebar-style":"default","ast-global-header-display":"","ast-banner-title-visibility":"","ast-main-header-display":"","ast-hfb-above-header-display":"","ast-hfb-below-header-display":"","ast-hfb-mobile-header-display":"","site-post-title":"","ast-breadcrumbs-content":"","ast-featured-img":"","footer-sml-layout":"","theme-transparent-header-meta":"","adv-header-id-meta":"","stick-header-meta":"","header-above-stick-meta":"","header-main-stick-meta":"","header-below-stick-meta":"","astra-migrate-meta-layouts":"set","ast-page-background-enabled":"default","ast-page-background-meta":{"desktop":{"background-color":"var(--ast-global-color-4)","background-image":"","background-repeat":"repeat","background-position":"center center","background-size":"auto","background-attachment":"scroll","background-type":"","background-media":"","overlay-type":"","overlay-color":"","overlay-opacity":"","overlay-gradient":""},"tablet":{"background-color":"","background-image":"","background-repeat":"repeat","background-position":"center center","background-size":"auto","background-attachment":"scroll","background-type":"","background-media":"","overlay-type":"","overlay-color":"","overlay-opacity":"","overlay-gradient":""},"mobile":{"background-color":"","background-image":"","background-repeat":"repeat","background-position":"center center","background-size":"auto","background-attachment":"scroll","background-type":"","background-media":"","overlay-type":"","overlay-color":"","overlay-opacity":"","overlay-gradient":""}},"ast-content-background-meta":{"desktop":{"background-color":"var(--ast-global-color-5)","background-image":"","background-repeat":"repeat","background-position":"center center","background-size":"auto","background-attachment":"scroll","background-type":"","background-media":"","overlay-type":"","overlay-color":"","overlay-opacity":"","overlay-gradient":""},"tablet":{"background-color":"var(--ast-global-color-5)","background-image":"","background-repeat":"repeat","background-position":"center center","background-size":"auto","background-attachment":"scroll","background-type":"","background-media":"","overlay-type":"","overlay-color":"","overlay-opacity":"","overlay-gradient":""},"mobile":{"background-color":"var(--ast-global-color-5)","background-image":"","background-repeat":"repeat","background-position":"center center","background-size":"auto","background-attachment":"scroll","background-type":"","background-media":"","overlay-type":"","overlay-color":"","overlay-opacity":"","overlay-gradient":""}},"footnotes":""},"class_list":["post-2102","page","type-page","status-publish","has-post-thumbnail"],"_links":{"self":[{"href":"https:\/\/www.zumgoldenenschnitt.ch\/fr\/wp-json\/wp\/v2\/pages\/2102","targetHints":{"allow":["GET"]}}],"collection":[{"href":"https:\/\/www.zumgoldenenschnitt.ch\/fr\/wp-json\/wp\/v2\/pages"}],"about":[{"href":"https:\/\/www.zumgoldenenschnitt.ch\/fr\/wp-json\/wp\/v2\/types\/page"}],"author":[{"embeddable":true,"href":"https:\/\/www.zumgoldenenschnitt.ch\/fr\/wp-json\/wp\/v2\/users\/4"}],"replies":[{"embeddable":true,"href":"https:\/\/www.zumgoldenenschnitt.ch\/fr\/wp-json\/wp\/v2\/comments?post=2102"}],"version-history":[{"count":3,"href":"https:\/\/www.zumgoldenenschnitt.ch\/fr\/wp-json\/wp\/v2\/pages\/2102\/revisions"}],"predecessor-version":[{"id":2110,"href":"https:\/\/www.zumgoldenenschnitt.ch\/fr\/wp-json\/wp\/v2\/pages\/2102\/revisions\/2110"}],"up":[{"embeddable":true,"href":"https:\/\/www.zumgoldenenschnitt.ch\/fr\/wp-json\/wp\/v2\/pages\/555"}],"wp:featuredmedia":[{"embeddable":true,"href":"https:\/\/www.zumgoldenenschnitt.ch\/fr\/wp-json\/wp\/v2\/media\/2276"}],"wp:attachment":[{"href":"https:\/\/www.zumgoldenenschnitt.ch\/fr\/wp-json\/wp\/v2\/media?parent=2102"}],"curies":[{"name":"wp","href":"https:\/\/api.w.org\/{rel}","templated":true}]}}