{"id":48,"date":"2023-01-19T17:57:13","date_gmt":"2023-01-19T16:57:13","guid":{"rendered":"https:\/\/www.zumgoldenenschnitt.ch\/?page_id=48"},"modified":"2025-08-27T16:33:59","modified_gmt":"2025-08-27T14:33:59","slug":"klinik","status":"publish","type":"page","link":"https:\/\/www.zumgoldenenschnitt.ch\/fr\/clinique\/","title":{"rendered":"Clinique"},"content":{"rendered":"<link rel=\"preload\" as=\"image\" href=\"https:\/\/www.zumgoldenenschnitt.ch\/wp-content\/uploads\/2025\/08\/poster-zum-goldenen-schnitt2.jpg\">\n    \n    <div class=\"vh-min au-vh-min\"\n        style=\"--vh-h: 640px; --vh-ratio: 16\/9;\">\n        <!-- Sofort sichtbares Poster -->\n                    <img class=\"vh-poster\"\n                src=\"https:\/\/www.zumgoldenenschnitt.ch\/wp-content\/uploads\/2025\/08\/poster-zum-goldenen-schnitt2.jpg\"\n                alt=\"\"\n                decoding=\"async\"\n                fetchpriority=\"high\"\n                loading=\"eager\">\n        \n        <video class=\"vhv\"\n            muted\n playsinline\n webkit-playsinline\n loop\n preload=\"none\"\n            poster=\"https:\/\/www.zumgoldenenschnitt.ch\/wp-content\/uploads\/2025\/08\/poster-zum-goldenen-schnitt2.jpg\"             data-src720=\"\/wp-content\/uploads\/videos\/Zum-Goldenen-Schnitt-imagefilm_15-08-25_sc_720p.mp4\"\n            data-src1080=\"\/wp-content\/uploads\/videos\/Zum-Goldenen-Schnitt-imagefilm_15-08-25_sc_1080p.mp4\"\n            data-src2160=\"\/wp-content\/uploads\/videos\/Zum-Goldenen-Schnitt-imagefilm_15-08-25_sc.mp4\">\n            <noscript>\n                <source src=\"\/wp-content\/uploads\/videos\/Zum-Goldenen-Schnitt-imagefilm_15-08-25_sc_720p.mp4\" type=\"video\/mp4\">\n            <\/noscript>\n        <\/video>\n\n        <!-- Controls (leicht) -->\n        <div class=\"vh-ctrls\" aria-label=\"Contr\u00f4les vid\u00e9o\">\n            <button type=\"button\" class=\"vh-btn vh-play\" data-role=\"play\">Lancement<\/button>\n            <div class=\"vh-progress\" role=\"slider\" aria-label=\"Progr\u00e8s\" aria-valuemin=\"0\" aria-valuemax=\"100\" aria-valuenow=\"0\" tabindex=\"0\">\n                <div class=\"vh-progress-fill\"><\/div>\n            <\/div>\n        <\/div>\n        <button type=\"button\" class=\"vh-mute-badge\" data-role=\"mute\" aria-label=\"Changer de son\" title=\"Son\"><\/button>\n        <button type=\"button\" class=\"vh-fs-badge\" data-role=\"fs\" aria-label=\"Plein \u00e9cran\" title=\"Plein \u00e9cran\"><\/button>\n    <\/div>\n\n    <style>\n        .vh-min {\n            position: relative;\n            overflow: hidden;\n            background: #000;\n            height: var(--vh-h, 640px)\n        }\n\n        .vhv,\n        .vh-poster {\n            position: absolute;\n            inset: 0;\n            width: 100%;\n            height: 100%;\n            object-fit: cover\n        }\n\n        .vhv {\n            background: #000\n        }\n\n        .vh-poster {\n            transition: opacity .25s ease\n        }\n\n        .vh-min.is-ready .vh-poster {\n            opacity: 0\n        }\n\n        @media (max-width:768px) {\n            .vh-min {\n                height: auto;\n                aspect-ratio: var(--vh-ratio, 16\/9)\n            }\n\n            @supports not (aspect-ratio:16\/9) {\n                .vh-min::before {\n                    content: \"\";\n                    display: block;\n                    padding-top: 56.25%\n                }\n\n                .vhv,\n                .vh-poster {\n                    position: absolute;\n                    inset: 0\n                }\n            }\n        }\n\n        \/* Controls *\/\n        .vh-ctrls {\n            position: absolute;\n            left: 0;\n            right: 0;\n            bottom: 0;\n            z-index: 2;\n            display: flex;\n            align-items: center;\n            gap: 12px;\n            padding: 10px 160px 10px 12px;\n            background: linear-gradient(transparent, rgba(0, 0, 0, .45));\n            opacity: 0;\n            pointer-events: none;\n            transition: opacity .2s\n        }\n\n        .vh-min:hover .vh-ctrls,\n        .vh-min:focus-within .vh-ctrls {\n            opacity: 1;\n            pointer-events: auto\n        }\n\n        .vh-min.vh-show-ctrls .vh-ctrls {\n            opacity: 1;\n            pointer-events: auto\n        }\n\n        .vh-min.vh-show-ctrls:not(.is-muted) .vh-mute-badge {\n            opacity: 1;\n            pointer-events: auto\n        }\n\n        .vh-btn {\n            border: 1px solid rgba(255, 255, 255, .75);\n            background: rgba(0, 0, 0, .35);\n            color: #fff;\n            padding: 6px 10px;\n            border-radius: 6px;\n            cursor: pointer;\n            font: inherit;\n            line-height: 1\n        }\n\n        .vh-btn:focus {\n            outline: 2px solid rgba(255, 255, 255, .9);\n            outline-offset: 2px\n        }\n\n        .vh-progress {\n            position: relative;\n            flex: 1;\n            height: 6px;\n            border-radius: 999px;\n            background: rgba(255, 255, 255, .35);\n            overflow: hidden;\n            cursor: pointer\n        }\n\n        .vh-progress-fill {\n            position: absolute;\n            left: 0;\n            top: 0;\n            bottom: 0;\n            width: 0%;\n            background: #fff;\n            transition: width .08s linear\n        }\n\n        \/* Badges *\/\n        .vh-mute-badge,\n        .vh-fs-badge {\n            position: absolute;\n            z-index: 3;\n            width: 40px;\n            height: 40px;\n            border-radius: 999px;\n            border: 1px solid rgba(255, 255, 255, .85);\n            background: rgba(0, 0, 0, .45) no-repeat center\/20px;\n            opacity: 0;\n            pointer-events: none;\n            transition: opacity .2s, transform .1s;\n            touch-action: manipulation\n        }\n\n        .vh-mute-badge {\n            right: 12px;\n            bottom: 12px\n        }\n\n        .vh-fs-badge {\n            right: 80px;\n            bottom: 12px;\n            background-image: url(\"data:image\/svg+xml;utf8,<svg xmlns='http:\/\/www.w3.org\/2000\/svg' viewBox='0 0 24 24'><path d='M4 9V4h5M4 4l6 6M20 15v5h-5M20 20l-6-6' stroke='white' stroke-width='2' fill='none' stroke-linecap='round' stroke-linejoin='round'\/><\/svg>\")\n        }\n\n        .vh-mute-badge:active,\n        .vh-fs-badge:active {\n            transform: scale(.97)\n        }\n\n        .vh-min:hover .vh-mute-badge,\n        .vh-min:hover .vh-fs-badge {\n            opacity: 1;\n            pointer-events: auto\n        }\n\n        .vh-min.vh-show-ctrls .vh-fs-badge {\n            opacity: 1;\n            pointer-events: auto\n        }\n\n        \/* Mute Icons *\/\n        .vh-mute-badge {\n            background-image: url(\"data:image\/svg+xml;utf8,<svg xmlns='http:\/\/www.w3.org\/2000\/svg' viewBox='0 0 24 24'><path fill='white' d='M3 10v4h4l5 4V6l-5 4H3z'\/><path d='M16 8c1.5 1.5 1.5 6.5 0 8M18.5 5.5c3 3 3 10 0 13' stroke='white' stroke-width='2' stroke-linecap='round' fill='none'\/><\/svg>\")\n        }\n\n        .is-muted .vh-mute-badge {\n            opacity: 1;\n            pointer-events: auto;\n            animation: adduse_vh_pulse 1.25s ease-in-out infinite;\n            background-image: url(\"data:image\/svg+xml;utf8,<svg xmlns='http:\/\/www.w3.org\/2000\/svg' viewBox='0 0 24 24'><path fill='white' d='M3 10v4h4l5 4V6l-5 4H3z'\/><path d='M16 9l5 5m0-5l-5 5' stroke='white' stroke-width='2' stroke-linecap='round' fill='none'\/><\/svg>\")\n        }\n\n        .vh-min.is-fs .vh-fs-badge {\n            background-image: url(\"data:image\/svg+xml;utf8,<svg xmlns='http:\/\/www.w3.org\/2000\/svg' viewBox='0 0 24 24'><path d='M9 4H4v5M4 4l6 6M15 20h5v-5M20 20l-6-6' stroke='white' stroke-width='2' fill='none' stroke-linecap='round' stroke-linejoin='round'\/><\/svg>\")\n        }\n\n        @media (hover:none) and (pointer:coarse) {\n\n            .vh-fs-badge,\n            .vh-mute-badge {\n                opacity: 1;\n                pointer-events: auto;\n                width: 48px;\n                height: 48px;\n                background-size: 22px\n            }\n\n            .vh-ctrls {\n                padding-right: 176px\n            }\n\n            .vh-fs-badge {\n                right: 84px;\n                bottom: 10px\n            }\n\n            .vh-mute-badge {\n                right: 12px;\n                bottom: 10px\n            }\n        }\n\n        @media (prefers-reduced-motion:reduce) {\n            .is-muted .vh-mute-badge {\n                animation: none\n            }\n        }\n\n        @keyframes adduse_vh_pulse {\n\n            0%,\n            100% {\n                box-shadow: 0 0 0 0 rgba(255, 255, 255, .55);\n                opacity: 1\n            }\n\n            50% {\n                box-shadow: 0 0 0 10px rgba(255, 255, 255, 0);\n                opacity: .72\n            }\n        }\n    <\/style>\n\n    <script>\n        (function() {\n            \/\/ --- Auswahl: 2160p NIE im Autoplay\/Viewport ---\n            function au_pickBaseSrc(box, v) {\n                var w = Math.max(box.clientWidth || 0, window.innerWidth || 0);\n                var conn = (navigator.connection || {});\n                var save = !!conn.saveData || \/(^|-)2g$\/.test(conn.effectiveType || \"\");\n                var s720 = v.getAttribute('data-src720') || \"\";\n                var s1080 = v.getAttribute('data-src1080') || \"\";\n                \/\/ Mobile\/Save-Data: 720p; sonst 1080p\n                if (save || w <= 768) return s720 || s1080;\n                return s1080 || s720;\n            }\n\n            \/\/ Optionales Upgrade auf 2160p nur f\u00fcr Fullscreen\n            function au_shouldUpgrade2160(v) {\n                var s2160 = v.getAttribute('data-src2160') || \"\";\n                if (!s2160) return false;\n                var conn = (navigator.connection || {});\n                var save = !!conn.saveData || \/(^|-)2g$\/.test(conn.effectiveType || \"\");\n                var dpr = window.devicePixelRatio || 1;\n                \/\/ Upgrade-Kriterien: kein Save-Data, grosses\/hochaufgel\u00f6stes Display\n                return !save && dpr > 1.5;\n            }\n\n            function au_loadVideo(v, src) {\n                if (!src) return;\n                if (v.getAttribute('data-au-src') === src) return;\n                var wasPaused = v.paused;\n                var t = v.currentTime || 0;\n                v.setAttribute('data-au-src', src);\n                v.src = src;\n                try {\n                    v.load();\n                } catch (e) {}\n                \/\/ Zeit & Playstate nach loadedmetadata wiederherstellen\n                var once = function() {\n                    try {\n                        if (t > 0 && v.duration) v.currentTime = Math.min(t, v.duration - 0.2);\n                    } catch (e) {}\n                    if (!wasPaused) {\n                        try {\n                            var p = v.play();\n                            if (p && p.catch) p.catch(function() {});\n                        } catch (e) {}\n                    }\n                    v.removeEventListener('loadedmetadata', once);\n                };\n                v.addEventListener('loadedmetadata', once);\n            }\n\n            function au_init_vh_min(box) {\n                var v = box.querySelector('.vhv');\n                if (!v) return;\n\n                \/\/ iOS\/Safari sicher: wirklich stumm & inline\n                v.defaultMuted = true;\n                v.muted = true;\n                v.volume = 0;\n                v.playsInline = true;\n                v.setAttribute('playsinline', '');\n                v.setAttribute('webkit-playsinline', '');\n\n                var playBtn = box.querySelector('[data-role=\"play\"]');\n                var muteBtn = box.querySelector('[data-role=\"mute\"]');\n                var fsBtn = box.querySelector('[data-role=\"fs\"]');\n                var prog = box.querySelector('.vh-progress');\n                var fill = box.querySelector('.vh-progress-fill');\n                var hideT;\n                var upgraded2160 = false;\n\n                function showCtrls() {\n                    box.classList.add('vh-show-ctrls');\n                    clearTimeout(hideT);\n                    hideT = setTimeout(function() {\n                        box.classList.remove('vh-show-ctrls');\n                    }, 2500);\n                }\n\n                function updatePlay() {\n                    if (playBtn) playBtn.textContent = v.paused ? 'Start' : 'Pause';\n                }\n\n                function updateMuted() {\n                    box.classList.toggle('is-muted', v.muted || v.volume === 0);\n                }\n\n                function updateProgress() {\n                    var d = v.duration || 0,\n                        p = d ? (v.currentTime \/ d) * 100 : 0;\n                    if (fill) fill.style.width = p + '%';\n                    if (prog) prog.setAttribute('aria-valuenow', Math.round(p));\n                }\n\n                function isFS() {\n                    return !!(document.fullscreenElement || document.webkitFullscreenElement || document.msFullscreenElement);\n                }\n\n                function enterFS() {\n                    return v.requestFullscreen ? v.requestFullscreen() : (v.webkitEnterFullscreen ? v.webkitEnterFullscreen() : (v.webkitRequestFullscreen ? v.webkitRequestFullscreen() : (v.msRequestFullscreen ? v.msRequestFullscreen() : null)));\n                }\n\n                function exitFS() {\n                    return document.exitFullscreen ? document.exitFullscreen() : (document.webkitExitFullscreen ? document.webkitExitFullscreen() : (document.msExitFullscreen ? document.msExitFullscreen() : null));\n                }\n\n                function au_loadBaseOnce() {\n                    if (v.getAttribute('data-au-loaded')) return;\n                    var base = au_pickBaseSrc(box, v);\n                    if (base) {\n                        au_loadVideo(v, base);\n                        v.setAttribute('data-au-loaded', '1');\n                        try {\n                            var p = v.play();\n                            if (p && p.catch) p.catch(function() {});\n                        } catch (e) {}\n                    }\n                }\n\n                \/\/ Lazy: erst im Viewport laden\n                if ('IntersectionObserver' in window) {\n                    var io = new IntersectionObserver(function(entries) {\n                        entries.forEach(function(en) {\n                            if (en.isIntersecting) {\n                                au_loadBaseOnce();\n                                io.disconnect();\n                            }\n                        });\n                    }, {\n                        rootMargin: '200px 0px'\n                    });\n                    io.observe(box);\n                } else {\n                    au_loadBaseOnce();\n                }\n\n                \/\/ Poster erst nach canplay ausblenden\n                v.addEventListener('canplay', function() {\n                    box.classList.add('is-ready');\n                });\n\n                \/\/ Controls\n                if (playBtn) playBtn.addEventListener('click', function() {\n                    if (v.paused) {\n                        v.play().catch(function() {});\n                    } else {\n                        v.pause();\n                    }\n                    showCtrls();\n                });\n                if (prog) {\n                    prog.addEventListener('click', function(e) {\n                        var r = prog.getBoundingClientRect();\n                        var ratio = Math.max(0, Math.min(1, (e.clientX - r.left) \/ r.width));\n                        if (v.duration) v.currentTime = ratio * v.duration;\n                        showCtrls();\n                    });\n                    prog.addEventListener('keydown', function(e) {\n                        if (e.key === 'ArrowLeft') {\n                            v.currentTime = Math.max(0, v.currentTime - 5);\n                            e.preventDefault();\n                        }\n                        if (e.key === 'ArrowRight') {\n                            v.currentTime = Math.min(v.duration || 0, v.currentTime + 5);\n                            e.preventDefault();\n                        }\n                        showCtrls();\n                    });\n                }\n                if (muteBtn) muteBtn.addEventListener('click', function() {\n                    if (v.muted || v.volume === 0) {\n                        v.muted = false;\n                        v.defaultMuted = false;\n                        try {\n                            v.volume = 1;\n                        } catch (e) {}\n                        try {\n                            v.play().catch(function() {});\n                        } catch (e) {}\n                    } else {\n                        v.muted = true;\n                        v.defaultMuted = true;\n                        try {\n                            v.volume = 0;\n                        } catch (e) {}\n                    }\n                    updateMuted();\n                    showCtrls();\n                });\n\n                \/\/ FS mit optionalem 2160p-Upgrade\n                function upgradeTo2160IfWanted() {\n                    if (upgraded2160) return;\n                    if (!au_shouldUpgrade2160(v)) return;\n                    var s2160 = v.getAttribute('data-src2160') || \"\";\n                    if (!s2160) return;\n                    upgraded2160 = true;\n                    au_loadVideo(v, s2160);\n                }\n\n                if (fsBtn) fsBtn.addEventListener('click', function(e) {\n                    e.preventDefault();\n                    try {\n                        v.muted = false;\n                        v.defaultMuted = false;\n                        v.volume = 1;\n                    } catch (e) {}\n                    \/\/ Erst auf 2160 upgraden (wenn sinnvoll), dann Fullscreen\n                    upgradeTo2160IfWanted();\n                    var p = enterFS();\n                    if (p && p.catch) p.catch(function() {});\n                    showCtrls();\n                });\n\n                function syncFS() {\n                    var fs = isFS();\n                    box.classList.toggle('is-fs', fs);\n                    \/\/ Beim Verlassen von Fullscreen ggf. zur\u00fcck auf 1080\/720\n                    if (!fs && upgraded2160) {\n                        upgraded2160 = false;\n                        var base = au_pickBaseSrc(box, v);\n                        if (base) au_loadVideo(v, base);\n                    }\n                }\n                ['fullscreenchange', 'webkitfullscreenchange', 'msfullscreenchange'].forEach(function(ev) {\n                    document.addEventListener(ev, syncFS);\n                });\n                v.addEventListener('webkitbeginfullscreen', function() {\n                    box.classList.add('is-fs');\n                    upgradeTo2160IfWanted();\n                });\n                v.addEventListener('webkitendfullscreen', function() {\n                    box.classList.remove('is-fs');\n                    if (upgraded2160) {\n                        upgraded2160 = false;\n                        var base = au_pickBaseSrc(box, v);\n                        if (base) au_loadVideo(v, base);\n                    }\n                });\n\n                \/\/ UI\n                v.addEventListener('play', function() {\n                    updatePlay();\n                    showCtrls();\n                });\n                v.addEventListener('pause', function() {\n                    updatePlay();\n                    showCtrls();\n                });\n                v.addEventListener('volumechange', updateMuted);\n                v.addEventListener('timeupdate', updateProgress);\n                v.addEventListener('loadedmetadata', updateProgress);\n\n                \/\/ Erste UI-Sync\n                updatePlay();\n                updateMuted();\n                updateProgress();\n\n                \/\/ Mobile: Controls kurz zeigen\n                try {\n                    var mm = window.matchMedia && window.matchMedia('(hover: none) and (pointer: coarse)');\n                    if (mm && mm.matches) {\n                        box.classList.add('vh-show-ctrls');\n                        setTimeout(function() {\n                            box.classList.remove('vh-show-ctrls');\n                        }, 2000);\n                    }\n                } catch (_) {}\n            }\n\n            if (document.readyState === 'loading') {\n                document.addEventListener('DOMContentLoaded', function() {\n                    document.querySelectorAll('.vh-min').forEach(au_init_vh_min);\n                });\n            } else {\n                document.querySelectorAll('.vh-min').forEach(au_init_vh_min);\n            }\n        })();\n    <\/script>\n\n\t<p>Notre clinique de chirurgie plastique et esth\u00e9tique est situ\u00e9e au c\u0153ur de B\u00e2le, sur les rives idylliques du Rhin. Outre sa propre salle d'op\u00e9ration, la clinique comprend plusieurs salles de consultation et de patients et vous offre une atmosph\u00e8re discr\u00e8te et familiale. Nous pouvons vous proposer toutes les interventions ambulatoires sous anesth\u00e9sie locale ou sous narcose dans nos locaux.<\/p>\n\tApr\u00e8s l'op\u00e9ration, vous vous reposerez de l'intervention dans l'une de nos chambres de patients avec vue sur le Rhin et serez pris en charge par notre \u00e9quipe.<br \/>\n\u200b<br \/>\nNous nous r\u00e9jouissons de vous accueillir dans notre clinique.","protected":false},"excerpt":{"rendered":"<p>Notre clinique de chirurgie plastique et esth\u00e9tique est situ\u00e9e au c\u0153ur de B\u00e2le, sur les rives idylliques du Rhin. Outre sa propre salle d'op\u00e9ration, la clinique comprend plusieurs salles de consultation et de patients et vous offre une atmosph\u00e8re discr\u00e8te et familiale. Nous pouvons vous proposer toutes les interventions ambulatoires sous anesth\u00e9sie locale ou sous narcose dans nos locaux. Apr\u00e8s l'op\u00e9ration, vous r\u00e9cup\u00e9rez [...].<\/p>","protected":false},"author":6,"featured_media":0,"parent":0,"menu_order":0,"comment_status":"closed","ping_status":"closed","template":"","meta":{"_seopress_robots_primary_cat":"","_seopress_titles_title":"Klinik | Klinik Zum Goldenen Schnitt | Basel","_seopress_titles_desc":"Unsere Klinik f\u00fcr Plastische &amp; \u00c4sthetische Chirurgie mit eigenem Operationssaal liegt mitten in Basel &amp; bietet eine famili\u00e4re Atmosph\u00e4re mit Sicht auf den Rhein. ","_seopress_robots_index":"","inline_featured_image":false,"site-sidebar-layout":"default","site-content-layout":"","ast-site-content-layout":"default","site-content-style":"default","site-sidebar-style":"default","ast-global-header-display":"","ast-banner-title-visibility":"","ast-main-header-display":"","ast-hfb-above-header-display":"","ast-hfb-below-header-display":"","ast-hfb-mobile-header-display":"","site-post-title":"","ast-breadcrumbs-content":"","ast-featured-img":"","footer-sml-layout":"","theme-transparent-header-meta":"","adv-header-id-meta":"","stick-header-meta":"","header-above-stick-meta":"","header-main-stick-meta":"","header-below-stick-meta":"","astra-migrate-meta-layouts":"set","ast-page-background-enabled":"default","ast-page-background-meta":{"desktop":{"background-color":"var(--ast-global-color-4)","background-image":"","background-repeat":"repeat","background-position":"center center","background-size":"auto","background-attachment":"scroll","background-type":"","background-media":"","overlay-type":"","overlay-color":"","overlay-opacity":"","overlay-gradient":""},"tablet":{"background-color":"","background-image":"","background-repeat":"repeat","background-position":"center center","background-size":"auto","background-attachment":"scroll","background-type":"","background-media":"","overlay-type":"","overlay-color":"","overlay-opacity":"","overlay-gradient":""},"mobile":{"background-color":"","background-image":"","background-repeat":"repeat","background-position":"center center","background-size":"auto","background-attachment":"scroll","background-type":"","background-media":"","overlay-type":"","overlay-color":"","overlay-opacity":"","overlay-gradient":""}},"ast-content-background-meta":{"desktop":{"background-color":"var(--ast-global-color-5)","background-image":"","background-repeat":"repeat","background-position":"center center","background-size":"auto","background-attachment":"scroll","background-type":"","background-media":"","overlay-type":"","overlay-color":"","overlay-opacity":"","overlay-gradient":""},"tablet":{"background-color":"var(--ast-global-color-5)","background-image":"","background-repeat":"repeat","background-position":"center center","background-size":"auto","background-attachment":"scroll","background-type":"","background-media":"","overlay-type":"","overlay-color":"","overlay-opacity":"","overlay-gradient":""},"mobile":{"background-color":"var(--ast-global-color-5)","background-image":"","background-repeat":"repeat","background-position":"center center","background-size":"auto","background-attachment":"scroll","background-type":"","background-media":"","overlay-type":"","overlay-color":"","overlay-opacity":"","overlay-gradient":""}},"footnotes":""},"class_list":["post-48","page","type-page","status-publish"],"_links":{"self":[{"href":"https:\/\/www.zumgoldenenschnitt.ch\/fr\/wp-json\/wp\/v2\/pages\/48","targetHints":{"allow":["GET"]}}],"collection":[{"href":"https:\/\/www.zumgoldenenschnitt.ch\/fr\/wp-json\/wp\/v2\/pages"}],"about":[{"href":"https:\/\/www.zumgoldenenschnitt.ch\/fr\/wp-json\/wp\/v2\/types\/page"}],"author":[{"embeddable":true,"href":"https:\/\/www.zumgoldenenschnitt.ch\/fr\/wp-json\/wp\/v2\/users\/6"}],"replies":[{"embeddable":true,"href":"https:\/\/www.zumgoldenenschnitt.ch\/fr\/wp-json\/wp\/v2\/comments?post=48"}],"version-history":[{"count":26,"href":"https:\/\/www.zumgoldenenschnitt.ch\/fr\/wp-json\/wp\/v2\/pages\/48\/revisions"}],"predecessor-version":[{"id":2192,"href":"https:\/\/www.zumgoldenenschnitt.ch\/fr\/wp-json\/wp\/v2\/pages\/48\/revisions\/2192"}],"wp:attachment":[{"href":"https:\/\/www.zumgoldenenschnitt.ch\/fr\/wp-json\/wp\/v2\/media?parent=48"}],"curies":[{"name":"wp","href":"https:\/\/api.w.org\/{rel}","templated":true}]}}