{"id":52,"date":"2023-01-19T17:57:40","date_gmt":"2023-01-19T16:57:40","guid":{"rendered":"https:\/\/www.zumgoldenenschnitt.ch\/?page_id=52"},"modified":"2026-01-23T13:13:27","modified_gmt":"2026-01-23T12:13:27","slug":"philosophie-2-2-2","status":"publish","type":"page","link":"https:\/\/www.zumgoldenenschnitt.ch\/fr\/philosophie-2-2-2\/","title":{"rendered":"Philosophie"},"content":{"rendered":"<p>Jeder Mensch ist einzigartig &#8211; bei uns stehen Sie im Mittelpunkt. Wir nehmen uns f\u00fcr Sie ausreichend Zeit und beraten Sie pers\u00f6nlich und individuell, um gemeinsam mit Ihnen \u00fcber Ihre W\u00fcnsche und Vorstellungen zu sprechen und einen auf Sie zugeschnittenen Behandlungsplan zu erstellen. Mit den Augen einer Frau und viel Liebe zum Detail begleitet Sie Frau Dr. L\u00fcdi und ihr Team auf Ihrem Weg von der Beratung, \u00fcber die Operation bis zu den sorgsamen Nachkontrollen in unserer Klinik. Nach einem Eingriff sind wir rund um die Uhr telefonisch f\u00fcr Sie erreichbar.<\/p>\n\t<p>Nous nous distinguons par des r\u00e9sultats naturels, la perfection et la pr\u00e9cision, l'individualit\u00e9 et le plaisir et la passion pour la chirurgie plastique et esth\u00e9tique. Notre objectif n'est pas de modifier votre apparence, mais de faire ressortir et de mettre en valeur votre personnalit\u00e9 unique et votre beaut\u00e9 individuelle.<\/p>","protected":false},"excerpt":{"rendered":"<p>Jeder Mensch ist einzigartig &#8211; bei uns stehen Sie im Mittelpunkt. Wir nehmen uns f\u00fcr Sie ausreichend Zeit und beraten Sie pers\u00f6nlich und individuell, um gemeinsam mit Ihnen \u00fcber Ihre W\u00fcnsche und Vorstellungen zu sprechen und einen auf Sie zugeschnittenen Behandlungsplan zu erstellen. Mit den Augen einer Frau und viel Liebe zum Detail begleitet Sie [&hellip;]<\/p>","protected":false},"author":6,"featured_media":0,"parent":0,"menu_order":0,"comment_status":"closed","ping_status":"closed","template":"","meta":{"_seopress_robots_primary_cat":"","_seopress_titles_title":"Philosophie | Klinik Zum Goldenen Schnitt | Basel","_seopress_titles_desc":"Jeder Mensch ist einzigartig \u2013 bei uns stehen Sie im Mittelpunkt. Frau Dr. Simona L\u00fcdi nimmt sich sehr gerne Zeit f\u00fcr Sie und empf\u00e4ngt Sie in unserer Klinik in Basel.","_seopress_robots_index":"","inline_featured_image":false,"site-sidebar-layout":"default","site-content-layout":"","ast-site-content-layout":"default","site-content-style":"default","site-sidebar-style":"default","ast-global-header-display":"","ast-banner-title-visibility":"","ast-main-header-display":"","ast-hfb-above-header-display":"","ast-hfb-below-header-display":"","ast-hfb-mobile-header-display":"","site-post-title":"","ast-breadcrumbs-content":"","ast-featured-img":"","footer-sml-layout":"","theme-transparent-header-meta":"","adv-header-id-meta":"","stick-header-meta":"","header-above-stick-meta":"","header-main-stick-meta":"","header-below-stick-meta":"","astra-migrate-meta-layouts":"set","ast-page-background-enabled":"default","ast-page-background-meta":{"desktop":{"background-color":"var(--ast-global-color-4)","background-image":"","background-repeat":"repeat","background-position":"center center","background-size":"auto","background-attachment":"scroll","background-type":"","background-media":"","overlay-type":"","overlay-color":"","overlay-opacity":"","overlay-gradient":""},"tablet":{"background-color":"","background-image":"","background-repeat":"repeat","background-position":"center center","background-size":"auto","background-attachment":"scroll","background-type":"","background-media":"","overlay-type":"","overlay-color":"","overlay-opacity":"","overlay-gradient":""},"mobile":{"background-color":"","background-image":"","background-repeat":"repeat","background-position":"center center","background-size":"auto","background-attachment":"scroll","background-type":"","background-media":"","overlay-type":"","overlay-color":"","overlay-opacity":"","overlay-gradient":""}},"ast-content-background-meta":{"desktop":{"background-color":"var(--ast-global-color-5)","background-image":"","background-repeat":"repeat","background-position":"center center","background-size":"auto","background-attachment":"scroll","background-type":"","background-media":"","overlay-type":"","overlay-color":"","overlay-opacity":"","overlay-gradient":""},"tablet":{"background-color":"var(--ast-global-color-5)","background-image":"","background-repeat":"repeat","background-position":"center center","background-size":"auto","background-attachment":"scroll","background-type":"","background-media":"","overlay-type":"","overlay-color":"","overlay-opacity":"","overlay-gradient":""},"mobile":{"background-color":"var(--ast-global-color-5)","background-image":"","background-repeat":"repeat","background-position":"center center","background-size":"auto","background-attachment":"scroll","background-type":"","background-media":"","overlay-type":"","overlay-color":"","overlay-opacity":"","overlay-gradient":""}},"footnotes":""},"class_list":["post-52","page","type-page","status-publish"],"_links":{"self":[{"href":"https:\/\/www.zumgoldenenschnitt.ch\/fr\/wp-json\/wp\/v2\/pages\/52","targetHints":{"allow":["GET"]}}],"collection":[{"href":"https:\/\/www.zumgoldenenschnitt.ch\/fr\/wp-json\/wp\/v2\/pages"}],"about":[{"href":"https:\/\/www.zumgoldenenschnitt.ch\/fr\/wp-json\/wp\/v2\/types\/page"}],"author":[{"embeddable":true,"href":"https:\/\/www.zumgoldenenschnitt.ch\/fr\/wp-json\/wp\/v2\/users\/6"}],"replies":[{"embeddable":true,"href":"https:\/\/www.zumgoldenenschnitt.ch\/fr\/wp-json\/wp\/v2\/comments?post=52"}],"version-history":[{"count":15,"href":"https:\/\/www.zumgoldenenschnitt.ch\/fr\/wp-json\/wp\/v2\/pages\/52\/revisions"}],"predecessor-version":[{"id":2267,"href":"https:\/\/www.zumgoldenenschnitt.ch\/fr\/wp-json\/wp\/v2\/pages\/52\/revisions\/2267"}],"wp:attachment":[{"href":"https:\/\/www.zumgoldenenschnitt.ch\/fr\/wp-json\/wp\/v2\/media?parent=52"}],"curies":[{"name":"wp","href":"https:\/\/api.w.org\/{rel}","templated":true}]}}