{"id":54,"date":"2023-01-19T17:57:50","date_gmt":"2023-01-19T16:57:50","guid":{"rendered":"https:\/\/www.zumgoldenenschnitt.ch\/?page_id=54"},"modified":"2023-09-09T14:01:55","modified_gmt":"2023-09-09T12:01:55","slug":"goldener-schnitt","status":"publish","type":"page","link":"https:\/\/www.zumgoldenenschnitt.ch\/fr\/coupe-dor\/","title":{"rendered":"Le nombre d'or"},"content":{"rendered":"<p>Le nombre d'or, \u00e9galement d\u00e9fini en math\u00e9matiques par la lettre grecque \u03c6 (Phi), d\u00e9signe le rapport de proportion parfait entre deux parties (1:1.618...), qui se r\u00e9p\u00e8te \u00e0 l'infini dans la nature, la science et l'art et qui est en m\u00eame temps per\u00e7u comme particuli\u00e8rement harmonieux. Le caract\u00e8re unique et la beaut\u00e9 de cette proportion, qui d\u00e9termine la nature et sert de guide esth\u00e9tique dans l'art et l'architecture depuis 2500 ans, peuvent \u00eatre observ\u00e9s dans un nombre infini d'exemples, par exemple dans le corps humain, les \u00e9chantillons de graines de plantes, les coquillages, ou encore dans les pyramides de Gizeh et les \u0153uvres des ma\u00eetres anciens.<\/p>\n\t\t\t\t<img loading=\"lazy\" decoding=\"async\" src=\"https:\/\/www.zumgoldenenschnitt.ch\/wp-content\/uploads\/2023\/01\/phi-300x132.png\" alt=\"phi\" itemprop=\"image\" height=\"132\" width=\"300\" title=\"phi\" onerror=\"this.style.display='none'\"  \/>\n\t\t\t\t<img loading=\"lazy\" decoding=\"async\" src=\"https:\/\/www.zumgoldenenschnitt.ch\/wp-content\/uploads\/2023\/01\/gesicht-goldener-schnitt.png\" alt=\"visage coupe d&#039;or\" itemprop=\"image\" height=\"269\" width=\"217\" title=\"coupe-or-fixe\" onerror=\"this.style.display='none'\"  \/>\n\t<p>Aujourd'hui, la chirurgie plastique et esth\u00e9tique s'oriente \u00e9galement vers les proportions du nombre d'or, car ce rapport est per\u00e7u comme particuli\u00e8rement attractif. Plus les proportions du corps et du visage se rapprochent de la formule du nombre d'or, plus l'impression g\u00e9n\u00e9rale de la personne est per\u00e7ue comme harmonieuse.<\/p>\n\t<p>Si l'on divise un carr\u00e9 selon le nombre d'or, le nombre \u03c6 (Phi = 1.618...), on obtient une s\u00e9rie de rectangles imbriqu\u00e9s. Dans ce cas, chaque longueur de c\u00f4t\u00e9 dans le rectangle r\u00e9sulte de la longueur totale des deux rectangles qui le suivent. Si les sommets de ces carr\u00e9s sont reli\u00e9s entre eux par une ligne courbe, les points de ces rotations forment une spirale logarithmique - la \"spirale d'or\". Le rapport des rayons des secteurs circulaires correspond \u00e0 la suite de Fibonacci, du nom du math\u00e9maticien italien Leonardo Fibonacci (1170 - 1240). La coquille de l'escargot Nautilus, les ouragans, les feuilles de foug\u00e8res et les galaxies ne sont que quelques exemples de la spirale d'or dans la nature.<\/p>\n\t\t\t\t<img loading=\"lazy\" decoding=\"async\" src=\"https:\/\/www.zumgoldenenschnitt.ch\/wp-content\/uploads\/2023\/01\/goldener-schnitt.png\" alt=\"coupe d&#039;or\" itemprop=\"image\" height=\"220\" width=\"342\" title=\"coupe d&#039;or\" onerror=\"this.style.display='none'\"  \/>\n\t\t\t\t<img loading=\"lazy\" decoding=\"async\" src=\"https:\/\/www.zumgoldenenschnitt.ch\/wp-content\/uploads\/2023\/01\/da-vinci.png\" alt=\"da vinci\" itemprop=\"image\" height=\"354\" width=\"344\" title=\"da-vinci\" onerror=\"this.style.display='none'\"  \/>\n\t<p>Avec son dessin \"L'homme de Vitruve\", l'artiste italien L\u00e9onard de Vinci (1452 - 1519) a cr\u00e9\u00e9 un merveilleux syst\u00e8me de mesure pour le nombre d'or \u00e0 l'exemple des proportions humaines. L'homme touche du bout des doigts le carr\u00e9 qui l'entoure, tandis que ses semelles touchent le cercle qui l'entoure. La figure humaine n'est pas seulement align\u00e9e sur la mesure d'or \u00e0 l'aide du carr\u00e9 et du cercle - les proportions des diff\u00e9rentes parties du corps correspondent \u00e9galement au nombre d'or.<\/p>","protected":false},"excerpt":{"rendered":"<p>Le nombre d'or, \u00e9galement d\u00e9fini en math\u00e9matiques par la lettre grecque \u03c6 (Phi), d\u00e9signe le rapport de proportion parfait entre deux parties (1:1.618...), qui se r\u00e9p\u00e8te \u00e0 l'infini dans la nature, la science et l'art et qui est en m\u00eame temps per\u00e7u comme particuli\u00e8rement harmonieux. Le caract\u00e8re unique et la beaut\u00e9 de cette proportion, qui d\u00e9termine la nature et sert de guide esth\u00e9tique depuis 2500 ans [...].<\/p>","protected":false},"author":6,"featured_media":0,"parent":0,"menu_order":0,"comment_status":"closed","ping_status":"closed","template":"","meta":{"_seopress_robots_primary_cat":"","_seopress_titles_title":"Der Goldene Schnitt | Klinik Zum Goldenen Schnitt | Basel","_seopress_titles_desc":"Hier finden Sie was es mit dem Goldenen Schnitt auf sich hat und wie es um seine Bedeutung in der Kunst, Architektur und der Plastischen Chirurgie steht.","_seopress_robots_index":"","inline_featured_image":false,"site-sidebar-layout":"default","site-content-layout":"","ast-site-content-layout":"","site-content-style":"default","site-sidebar-style":"default","ast-global-header-display":"","ast-banner-title-visibility":"","ast-main-header-display":"","ast-hfb-above-header-display":"","ast-hfb-below-header-display":"","ast-hfb-mobile-header-display":"","site-post-title":"","ast-breadcrumbs-content":"","ast-featured-img":"","footer-sml-layout":"","theme-transparent-header-meta":"","adv-header-id-meta":"","stick-header-meta":"","header-above-stick-meta":"","header-main-stick-meta":"","header-below-stick-meta":"","astra-migrate-meta-layouts":"default","ast-page-background-enabled":"default","ast-page-background-meta":{"desktop":{"background-color":"var(--ast-global-color-4)","background-image":"","background-repeat":"repeat","background-position":"center center","background-size":"auto","background-attachment":"scroll","background-type":"","background-media":"","overlay-type":"","overlay-color":"","overlay-opacity":"","overlay-gradient":""},"tablet":{"background-color":"","background-image":"","background-repeat":"repeat","background-position":"center center","background-size":"auto","background-attachment":"scroll","background-type":"","background-media":"","overlay-type":"","overlay-color":"","overlay-opacity":"","overlay-gradient":""},"mobile":{"background-color":"","background-image":"","background-repeat":"repeat","background-position":"center center","background-size":"auto","background-attachment":"scroll","background-type":"","background-media":"","overlay-type":"","overlay-color":"","overlay-opacity":"","overlay-gradient":""}},"ast-content-background-meta":{"desktop":{"background-color":"var(--ast-global-color-5)","background-image":"","background-repeat":"repeat","background-position":"center center","background-size":"auto","background-attachment":"scroll","background-type":"","background-media":"","overlay-type":"","overlay-color":"","overlay-opacity":"","overlay-gradient":""},"tablet":{"background-color":"var(--ast-global-color-5)","background-image":"","background-repeat":"repeat","background-position":"center center","background-size":"auto","background-attachment":"scroll","background-type":"","background-media":"","overlay-type":"","overlay-color":"","overlay-opacity":"","overlay-gradient":""},"mobile":{"background-color":"var(--ast-global-color-5)","background-image":"","background-repeat":"repeat","background-position":"center center","background-size":"auto","background-attachment":"scroll","background-type":"","background-media":"","overlay-type":"","overlay-color":"","overlay-opacity":"","overlay-gradient":""}},"footnotes":""},"class_list":["post-54","page","type-page","status-publish"],"_links":{"self":[{"href":"https:\/\/www.zumgoldenenschnitt.ch\/fr\/wp-json\/wp\/v2\/pages\/54","targetHints":{"allow":["GET"]}}],"collection":[{"href":"https:\/\/www.zumgoldenenschnitt.ch\/fr\/wp-json\/wp\/v2\/pages"}],"about":[{"href":"https:\/\/www.zumgoldenenschnitt.ch\/fr\/wp-json\/wp\/v2\/types\/page"}],"author":[{"embeddable":true,"href":"https:\/\/www.zumgoldenenschnitt.ch\/fr\/wp-json\/wp\/v2\/users\/6"}],"replies":[{"embeddable":true,"href":"https:\/\/www.zumgoldenenschnitt.ch\/fr\/wp-json\/wp\/v2\/comments?post=54"}],"version-history":[{"count":12,"href":"https:\/\/www.zumgoldenenschnitt.ch\/fr\/wp-json\/wp\/v2\/pages\/54\/revisions"}],"predecessor-version":[{"id":1129,"href":"https:\/\/www.zumgoldenenschnitt.ch\/fr\/wp-json\/wp\/v2\/pages\/54\/revisions\/1129"}],"wp:attachment":[{"href":"https:\/\/www.zumgoldenenschnitt.ch\/fr\/wp-json\/wp\/v2\/media?parent=54"}],"curies":[{"name":"wp","href":"https:\/\/api.w.org\/{rel}","templated":true}]}}