{"id":540,"date":"2023-01-26T16:18:51","date_gmt":"2023-01-26T15:18:51","guid":{"rendered":"https:\/\/www.zumgoldenenschnitt.ch\/?page_id=540"},"modified":"2026-02-24T16:39:12","modified_gmt":"2026-02-24T15:39:12","slug":"faltenbehandlung","status":"publish","type":"page","link":"https:\/\/www.zumgoldenenschnitt.ch\/fr\/offre\/visage\/traitement-des-rides\/","title":{"rendered":"Traitement des rides"},"content":{"rendered":"<p>Dans notre clinique de chirurgie plastique et esth\u00e9tique \u00e0 B\u00e2le, nous sommes sp\u00e9cialis\u00e9s dans les proc\u00e9dures modernes de m\u00e9decine esth\u00e9tique. Parmi les diff\u00e9rentes possibilit\u00e9s de traitement peu invasif des rides, on trouve les injections de rides avec <a href=\"https:\/\/www.zumgoldenenschnitt.ch\/fr\/offre\/botulinum-hyaluron-fr\/acide-hyaluronique\/\">Acide hyaluronique<\/a> ou de la graisse autologue, des traitements des rides avec <a href=\"https:\/\/www.zumgoldenenschnitt.ch\/fr\/offre\/botulinum-hyaluron-fr\/botulinum-fr\/\">Botulinum<\/a>, <a href=\"https:\/\/www.zumgoldenenschnitt.ch\/fr\/offre\/botulinum-hyaluron-fr\/profhilo-skinbooster\/\">Traitements Skinbooster<\/a> mais aussi <a href=\"https:\/\/www.zumgoldenenschnitt.ch\/fr\/offre\/visage\/prp-traitement-vampire-lifting-therapie-par-le-sang-autologue-a-bale\/\">Th\u00e9rapies par le sang autologue (PRP)<\/a> pour le rajeunissement de la peau.<\/p>\n\t\t\t\t<img loading=\"lazy\" decoding=\"async\" src=\"https:\/\/www.zumgoldenenschnitt.ch\/wp-content\/uploads\/2023\/01\/faltenbehandlung.png\" alt=\"traitement des rides\" itemprop=\"image\" height=\"3086\" width=\"3086\" title=\"Traitement des rides\" onerror=\"this.style.display='none'\"  \/>\n\t\t\t\t<img loading=\"lazy\" decoding=\"async\" src=\"https:\/\/www.zumgoldenenschnitt.ch\/wp-content\/uploads\/2023\/01\/faltenbehandlung-basel.jpg\" alt=\"traitement des rides \u00e0 B\u00e2le\" itemprop=\"image\" height=\"1000\" width=\"1000\" title=\"traitement des rides-basel\" onerror=\"this.style.display='none'\"  \/>\n\t<p>L'\u00e9ventail des diff\u00e9rents traitements et combinaisons possibles est tr\u00e8s vari\u00e9. Le Dr Simona L\u00fcdi vous conseillera volontiers dans sa clinique de B\u00e2le et \u00e9tablira avec vous un plan de traitement individuel. Nous nous r\u00e9jouissons de vous rencontrer.<\/p>\n<p>Lisez aussi notre article du Journal <a href=\"https:\/\/www.zumgoldenenschnitt.ch\/fr\/traitement-des-rides-botulinum-ou-acide-hyaluronique\/\">\"Traitement des rides : Botulinum ou acide hyaluronique ?\"<\/a>.<\/p>\n\t\t\t<a href=\"https:\/\/booking.epat.ch\/goldenschnitt\/booking\" target=\"_blank\" rel=\"noopener\" role=\"button\" aria-label=\"R\u00e9server un rendez-vous de consultation\">\n\t\t\t\t\t\t\tR\u00e9server un rendez-vous de consultation\n\t\t<\/a>","protected":false},"excerpt":{"rendered":"<p>Dans notre clinique de chirurgie plastique et esth\u00e9tique \u00e0 B\u00e2le, nous sommes sp\u00e9cialis\u00e9s dans les proc\u00e9dures modernes de m\u00e9decine esth\u00e9tique. Parmi les diff\u00e9rentes possibilit\u00e9s de traitement peu invasif des rides, on trouve les injections de rides \u00e0 l'acide hyaluronique ou de graisse autologue, les traitements des rides au botulinum, les traitements skinbooster mais aussi les th\u00e9rapies par autoh\u00e9moth\u00e9rapie (PRP) pour le rajeunissement de la peau. L'\u00e9ventail des diff\u00e9rents traitements et combinaisons possibles est tr\u00e8s vari\u00e9. Madame Dr. med. Simona [...]<\/p>","protected":false},"author":6,"featured_media":0,"parent":164,"menu_order":0,"comment_status":"closed","ping_status":"closed","template":"","meta":{"_seopress_robots_primary_cat":"","_seopress_titles_title":"Faltenbehandlung | Klinik Zum Goldenen Schnitt | Basel","_seopress_titles_desc":"Erholtes Aussehen & nat\u00fcrliche Faltenbehandlung mit Botulinum & Hyaluron durch Frau Dr. Simona L\u00fcdi, Fach\u00e4rztin f\u00fcr Plastische & \u00c4sthetische Chirurgie in Basel.","_seopress_robots_index":"","inline_featured_image":false,"site-sidebar-layout":"default","site-content-layout":"","ast-site-content-layout":"default","site-content-style":"default","site-sidebar-style":"default","ast-global-header-display":"","ast-banner-title-visibility":"","ast-main-header-display":"","ast-hfb-above-header-display":"","ast-hfb-below-header-display":"","ast-hfb-mobile-header-display":"","site-post-title":"","ast-breadcrumbs-content":"","ast-featured-img":"","footer-sml-layout":"","theme-transparent-header-meta":"","adv-header-id-meta":"","stick-header-meta":"","header-above-stick-meta":"","header-main-stick-meta":"","header-below-stick-meta":"","astra-migrate-meta-layouts":"set","ast-page-background-enabled":"default","ast-page-background-meta":{"desktop":{"background-color":"var(--ast-global-color-4)","background-image":"","background-repeat":"repeat","background-position":"center center","background-size":"auto","background-attachment":"scroll","background-type":"","background-media":"","overlay-type":"","overlay-color":"","overlay-opacity":"","overlay-gradient":""},"tablet":{"background-color":"","background-image":"","background-repeat":"repeat","background-position":"center center","background-size":"auto","background-attachment":"scroll","background-type":"","background-media":"","overlay-type":"","overlay-color":"","overlay-opacity":"","overlay-gradient":""},"mobile":{"background-color":"","background-image":"","background-repeat":"repeat","background-position":"center center","background-size":"auto","background-attachment":"scroll","background-type":"","background-media":"","overlay-type":"","overlay-color":"","overlay-opacity":"","overlay-gradient":""}},"ast-content-background-meta":{"desktop":{"background-color":"var(--ast-global-color-5)","background-image":"","background-repeat":"repeat","background-position":"center center","background-size":"auto","background-attachment":"scroll","background-type":"","background-media":"","overlay-type":"","overlay-color":"","overlay-opacity":"","overlay-gradient":""},"tablet":{"background-color":"var(--ast-global-color-5)","background-image":"","background-repeat":"repeat","background-position":"center center","background-size":"auto","background-attachment":"scroll","background-type":"","background-media":"","overlay-type":"","overlay-color":"","overlay-opacity":"","overlay-gradient":""},"mobile":{"background-color":"var(--ast-global-color-5)","background-image":"","background-repeat":"repeat","background-position":"center center","background-size":"auto","background-attachment":"scroll","background-type":"","background-media":"","overlay-type":"","overlay-color":"","overlay-opacity":"","overlay-gradient":""}},"footnotes":""},"class_list":["post-540","page","type-page","status-publish"],"_links":{"self":[{"href":"https:\/\/www.zumgoldenenschnitt.ch\/fr\/wp-json\/wp\/v2\/pages\/540","targetHints":{"allow":["GET"]}}],"collection":[{"href":"https:\/\/www.zumgoldenenschnitt.ch\/fr\/wp-json\/wp\/v2\/pages"}],"about":[{"href":"https:\/\/www.zumgoldenenschnitt.ch\/fr\/wp-json\/wp\/v2\/types\/page"}],"author":[{"embeddable":true,"href":"https:\/\/www.zumgoldenenschnitt.ch\/fr\/wp-json\/wp\/v2\/users\/6"}],"replies":[{"embeddable":true,"href":"https:\/\/www.zumgoldenenschnitt.ch\/fr\/wp-json\/wp\/v2\/comments?post=540"}],"version-history":[{"count":11,"href":"https:\/\/www.zumgoldenenschnitt.ch\/fr\/wp-json\/wp\/v2\/pages\/540\/revisions"}],"predecessor-version":[{"id":2281,"href":"https:\/\/www.zumgoldenenschnitt.ch\/fr\/wp-json\/wp\/v2\/pages\/540\/revisions\/2281"}],"up":[{"embeddable":true,"href":"https:\/\/www.zumgoldenenschnitt.ch\/fr\/wp-json\/wp\/v2\/pages\/164"}],"wp:attachment":[{"href":"https:\/\/www.zumgoldenenschnitt.ch\/fr\/wp-json\/wp\/v2\/media?parent=540"}],"curies":[{"name":"wp","href":"https:\/\/api.w.org\/{rel}","templated":true}]}}