{"id":542,"date":"2023-01-26T16:19:15","date_gmt":"2023-01-26T15:19:15","guid":{"rendered":"https:\/\/www.zumgoldenenschnitt.ch\/?page_id=542"},"modified":"2026-02-24T16:41:20","modified_gmt":"2026-02-24T15:41:20","slug":"halsverjuengung","status":"publish","type":"page","link":"https:\/\/www.zumgoldenenschnitt.ch\/fr\/offre\/visage\/rajeunissement-du-cou\/","title":{"rendered":"Rajeunissement du cou"},"content":{"rendered":"<p>Jusqu'\u00e0 pr\u00e9sent, on disait que \"le cou trahit le v\u00e9ritable \u00e2ge\". Tr\u00e8s t\u00f4t, la peau du cou perd de son \u00e9lasticit\u00e9, de fines rides et des sillons transversaux plus profonds apparaissent. Mais gr\u00e2ce aux possibilit\u00e9s de traitement modernes et vari\u00e9es de la m\u00e9decine esth\u00e9tique, il n'est plus n\u00e9cessaire aujourd'hui, \u00e0 partir d'un certain \u00e2ge, de porter des \u00e9charpes et des pulls \u00e0 col roul\u00e9 pour cacher son cou.<\/p>\n<p>Selon la situation de d\u00e9part, diff\u00e9rentes m\u00e9thodes de traitement sont propos\u00e9es pour le rajeunissement du cou :<\/p>\n<ul>\n<li><a href=\"https:\/\/www.zumgoldenenschnitt.ch\/en\/offer\/botulinum-hyaluron\/profhilo-skinbooster\/\">Skinbooster \/ PROFHILO<\/a><\/li>\n<li><a href=\"https:\/\/www.zumgoldenenschnitt.ch\/fr\/offre\/visage\/prp-traitement-vampire-lifting-therapie-par-le-sang-autologue-a-bale\/\">PRP\/Vampire Lifting<\/a><\/li>\n<li>Radiesse\u00ae - le nom de la plante<\/li>\n<li>D\u00e9tente des cordons musculaires verticaux (platysma) avec <a href=\"https:\/\/www.zumgoldenenschnitt.ch\/fr\/offre\/botulinum-hyaluron-fr\/botulinum-fr\/\">Botulinum<\/a><\/li>\n<\/ul>\n\t\t\t\t<img loading=\"lazy\" decoding=\"async\" src=\"https:\/\/www.zumgoldenenschnitt.ch\/wp-content\/uploads\/2023\/01\/halsverjuengung-basel.jpg\" alt=\"rajeunissement du cou \u00e0 B\u00e2le\" itemprop=\"image\" height=\"1000\" width=\"1000\" title=\"rajeunissement du cou \u00e0 B\u00e2le\" onerror=\"this.style.display='none'\"  \/>\n\t<p>En tant que chirurgienne plastique et esth\u00e9tique, le Dr L\u00fcdi est sp\u00e9cialis\u00e9e dans les m\u00e9thodes de traitement mini-invasives et chirurgicales. Elle se fera un plaisir de vous conseiller personnellement sur le rajeunissement du cou dans sa clinique de B\u00e2le. Nous nous r\u00e9jouissons de vous rencontrer.<\/p>\n\t\t\t<a href=\"https:\/\/booking.epat.ch\/goldenschnitt\/booking\" title=\"Cliquez ici\" target=\"_blank\" rel=\"noopener\"  role=\"button\" aria-label=\"R\u00e9server un rendez-vous de consultation\">\n\t\t\t\t\t\t\tR\u00e9server un rendez-vous de consultation\n\t\t<\/a>","protected":false},"excerpt":{"rendered":"<p>Jusqu'\u00e0 pr\u00e9sent, on disait que \"le cou trahit le v\u00e9ritable \u00e2ge\". Tr\u00e8s t\u00f4t, la peau du cou perd de son \u00e9lasticit\u00e9, de fines rides et des sillons transversaux plus profonds apparaissent. Mais gr\u00e2ce aux possibilit\u00e9s de traitement modernes et vari\u00e9es de la m\u00e9decine esth\u00e9tique, il n'est plus n\u00e9cessaire aujourd'hui, \u00e0 partir d'un certain \u00e2ge, de porter des \u00e9charpes et des pulls \u00e0 col roul\u00e9 pour cacher son cou. En fonction de la situation de d\u00e9part, des [...]<\/p>","protected":false},"author":6,"featured_media":0,"parent":164,"menu_order":0,"comment_status":"closed","ping_status":"closed","template":"","meta":{"_seopress_robots_primary_cat":"","_seopress_titles_title":"Halsverj\u00fcngung | Klinik Zum Goldenen Schnitt | Basel","_seopress_titles_desc":"Gerne ber\u00e4t Sie Frau Dr. Simona L\u00fcdi in unserer Klinik Zum Goldenen Schnitt in Basel bez\u00fcglich Halsverj\u00fcngung zur Straffung und Faltenbehandlung im Halsbereich.","_seopress_robots_index":"","inline_featured_image":false,"site-sidebar-layout":"default","site-content-layout":"","ast-site-content-layout":"default","site-content-style":"default","site-sidebar-style":"default","ast-global-header-display":"","ast-banner-title-visibility":"","ast-main-header-display":"","ast-hfb-above-header-display":"","ast-hfb-below-header-display":"","ast-hfb-mobile-header-display":"","site-post-title":"","ast-breadcrumbs-content":"","ast-featured-img":"","footer-sml-layout":"","theme-transparent-header-meta":"","adv-header-id-meta":"","stick-header-meta":"","header-above-stick-meta":"","header-main-stick-meta":"","header-below-stick-meta":"","astra-migrate-meta-layouts":"set","ast-page-background-enabled":"default","ast-page-background-meta":{"desktop":{"background-color":"var(--ast-global-color-4)","background-image":"","background-repeat":"repeat","background-position":"center center","background-size":"auto","background-attachment":"scroll","background-type":"","background-media":"","overlay-type":"","overlay-color":"","overlay-opacity":"","overlay-gradient":""},"tablet":{"background-color":"","background-image":"","background-repeat":"repeat","background-position":"center center","background-size":"auto","background-attachment":"scroll","background-type":"","background-media":"","overlay-type":"","overlay-color":"","overlay-opacity":"","overlay-gradient":""},"mobile":{"background-color":"","background-image":"","background-repeat":"repeat","background-position":"center center","background-size":"auto","background-attachment":"scroll","background-type":"","background-media":"","overlay-type":"","overlay-color":"","overlay-opacity":"","overlay-gradient":""}},"ast-content-background-meta":{"desktop":{"background-color":"var(--ast-global-color-5)","background-image":"","background-repeat":"repeat","background-position":"center center","background-size":"auto","background-attachment":"scroll","background-type":"","background-media":"","overlay-type":"","overlay-color":"","overlay-opacity":"","overlay-gradient":""},"tablet":{"background-color":"var(--ast-global-color-5)","background-image":"","background-repeat":"repeat","background-position":"center center","background-size":"auto","background-attachment":"scroll","background-type":"","background-media":"","overlay-type":"","overlay-color":"","overlay-opacity":"","overlay-gradient":""},"mobile":{"background-color":"var(--ast-global-color-5)","background-image":"","background-repeat":"repeat","background-position":"center center","background-size":"auto","background-attachment":"scroll","background-type":"","background-media":"","overlay-type":"","overlay-color":"","overlay-opacity":"","overlay-gradient":""}},"footnotes":""},"class_list":["post-542","page","type-page","status-publish"],"_links":{"self":[{"href":"https:\/\/www.zumgoldenenschnitt.ch\/fr\/wp-json\/wp\/v2\/pages\/542","targetHints":{"allow":["GET"]}}],"collection":[{"href":"https:\/\/www.zumgoldenenschnitt.ch\/fr\/wp-json\/wp\/v2\/pages"}],"about":[{"href":"https:\/\/www.zumgoldenenschnitt.ch\/fr\/wp-json\/wp\/v2\/types\/page"}],"author":[{"embeddable":true,"href":"https:\/\/www.zumgoldenenschnitt.ch\/fr\/wp-json\/wp\/v2\/users\/6"}],"replies":[{"embeddable":true,"href":"https:\/\/www.zumgoldenenschnitt.ch\/fr\/wp-json\/wp\/v2\/comments?post=542"}],"version-history":[{"count":9,"href":"https:\/\/www.zumgoldenenschnitt.ch\/fr\/wp-json\/wp\/v2\/pages\/542\/revisions"}],"predecessor-version":[{"id":2283,"href":"https:\/\/www.zumgoldenenschnitt.ch\/fr\/wp-json\/wp\/v2\/pages\/542\/revisions\/2283"}],"up":[{"embeddable":true,"href":"https:\/\/www.zumgoldenenschnitt.ch\/fr\/wp-json\/wp\/v2\/pages\/164"}],"wp:attachment":[{"href":"https:\/\/www.zumgoldenenschnitt.ch\/fr\/wp-json\/wp\/v2\/media?parent=542"}],"curies":[{"name":"wp","href":"https:\/\/api.w.org\/{rel}","templated":true}]}}