{"id":56,"date":"2023-01-19T17:57:59","date_gmt":"2023-01-19T16:57:59","guid":{"rendered":"https:\/\/www.zumgoldenenschnitt.ch\/?page_id=56"},"modified":"2025-10-14T18:05:06","modified_gmt":"2025-10-14T16:05:06","slug":"kontakt","status":"publish","type":"page","link":"https:\/\/www.zumgoldenenschnitt.ch\/fr\/contact\/","title":{"rendered":"Contact"},"content":{"rendered":"<a href=\"https:\/\/www.google.com\/maps\/place\/Dr.+med.+Simona+L%C3%BCdi\/data=!4m2!3m1!1s0x0:0x98f206d8bbb050a2?sa=X&#038;ved=1t:2428&#038;ictx=111&#038;cshid=1760457850690368\" target=\"_blank\" rel=\"noopener\"  itemprop=\"url\">\n\t\t\t\t<img loading=\"lazy\" decoding=\"async\" src=\"https:\/\/www.zumgoldenenschnitt.ch\/wp-content\/uploads\/2023\/01\/karte.jpg\" alt=\"carte\" itemprop=\"image\" height=\"1000\" width=\"1000\" title=\"carte\" onerror=\"this.style.display='none'\"  \/>\n\t\t\t\t<\/a>\n\t\t\t<h2>LE NOMBRE D'OR<\/h2>\t\t\t\n<p>Clinique Zum Goldenen Schnitt AG<br \/>St. Johanns-Vorstadt 70<br \/>CH-4056 B\u00e2le<\/p>\n<a href=\"tel: 41613868080\">+41 61 386 80 80<\/a>\n<a href=\"mailto:klinik@zumgoldenenschnitt.ch\">klinik@zumgoldenenschnitt.ch<\/a>\n\t\t\t<h3>Heures d'ouverture<\/h3>\t\t\t\n<table border=\"0\" cellspacing=\"0\" cellpadding=\"0\">\n<tbody>\n<tr>\n<td>Lundi<\/td>\n<td>8h \u00e0 12h | 13h \u00e0 17h<\/td>\n<\/tr>\n<tr>\n<td>Mardi<\/td>\n<td>8h \u00e0 12h | 13h \u00e0 19h<\/td>\n<\/tr>\n<tr>\n<td>Mercredi<\/td>\n<td>8h \u00e0 12h | 13h \u00e0 19h<\/td>\n<\/tr>\n<tr>\n<td>Jeudi<\/td>\n<td>8h \u00e0 12h | 13h \u00e0 17h<\/td>\n<\/tr>\n<tr>\n<td>Vendredi<\/td>\n<td>8h \u00e0 12h | 13h \u00e0 17h<\/td>\n<\/tr>\n<\/tbody>\n<\/table>\n<p>Rendez-vous en soir\u00e9e sur demande<\/p>\n\t\t\t<h3>Acc\u00e8s et itin\u00e9raire<\/h3>\t\t\t\n<p>En voiture :\u00a0<br \/>Le parking City de l'H\u00f4pital universitaire de B\u00e2le se trouve \u00e0 2 minutes \u00e0 pied de notre clinique.<\/p>\n<p>Avec les transports publics :\u00a0<br \/>Ligne de tram 11 jusqu'\u00e0 l'arr\u00eat Johanniterbr\u00fccke<br \/>Ligne de bus 30 jusqu'\u00e0 l'arr\u00eat Johanniterbr\u00fccke<\/p>","protected":false},"excerpt":{"rendered":"<p>ZUM GOLDENEN SCHNITT Klinik Zum Goldenen Schnitt AGSt. Johanns-Vorstadt 70CH-4056 Basel +41 61 386 80 80 klinik@zumgoldenenschnitt.ch \u00d6ffnungszeiten Montag 8 bis 12 Uhr | 13 bis 17 Uhr Dienstag 8 bis 12 Uhr | 13 bis 19 Uhr Mittwoch 8 bis 12 Uhr | 13 bis 19 Uhr Donnerstag 8 bis 12 Uhr | 13 [&hellip;]<\/p>","protected":false},"author":6,"featured_media":0,"parent":0,"menu_order":0,"comment_status":"closed","ping_status":"closed","template":"","meta":{"_seopress_robots_primary_cat":"","_seopress_titles_title":"Kontakt | Klinik Zum Goldenen Schnitt | Basel","_seopress_titles_desc":"Frau Dr. Simona L\u00fcdi und ihr Team empf\u00e4ngt Sie gerne in unserer Klinik Zum Goldenen Schnitt in Basel am Rheinufer. Wir freuen uns auf Sie.","_seopress_robots_index":"","inline_featured_image":false,"site-sidebar-layout":"default","site-content-layout":"","ast-site-content-layout":"default","site-content-style":"default","site-sidebar-style":"default","ast-global-header-display":"","ast-banner-title-visibility":"","ast-main-header-display":"","ast-hfb-above-header-display":"","ast-hfb-below-header-display":"","ast-hfb-mobile-header-display":"","site-post-title":"","ast-breadcrumbs-content":"","ast-featured-img":"","footer-sml-layout":"","theme-transparent-header-meta":"","adv-header-id-meta":"","stick-header-meta":"","header-above-stick-meta":"","header-main-stick-meta":"","header-below-stick-meta":"","astra-migrate-meta-layouts":"set","ast-page-background-enabled":"default","ast-page-background-meta":{"desktop":{"background-color":"var(--ast-global-color-4)","background-image":"","background-repeat":"repeat","background-position":"center center","background-size":"auto","background-attachment":"scroll","background-type":"","background-media":"","overlay-type":"","overlay-color":"","overlay-opacity":"","overlay-gradient":""},"tablet":{"background-color":"","background-image":"","background-repeat":"repeat","background-position":"center center","background-size":"auto","background-attachment":"scroll","background-type":"","background-media":"","overlay-type":"","overlay-color":"","overlay-opacity":"","overlay-gradient":""},"mobile":{"background-color":"","background-image":"","background-repeat":"repeat","background-position":"center center","background-size":"auto","background-attachment":"scroll","background-type":"","background-media":"","overlay-type":"","overlay-color":"","overlay-opacity":"","overlay-gradient":""}},"ast-content-background-meta":{"desktop":{"background-color":"var(--ast-global-color-5)","background-image":"","background-repeat":"repeat","background-position":"center center","background-size":"auto","background-attachment":"scroll","background-type":"","background-media":"","overlay-type":"","overlay-color":"","overlay-opacity":"","overlay-gradient":""},"tablet":{"background-color":"var(--ast-global-color-5)","background-image":"","background-repeat":"repeat","background-position":"center center","background-size":"auto","background-attachment":"scroll","background-type":"","background-media":"","overlay-type":"","overlay-color":"","overlay-opacity":"","overlay-gradient":""},"mobile":{"background-color":"var(--ast-global-color-5)","background-image":"","background-repeat":"repeat","background-position":"center center","background-size":"auto","background-attachment":"scroll","background-type":"","background-media":"","overlay-type":"","overlay-color":"","overlay-opacity":"","overlay-gradient":""}},"footnotes":""},"class_list":["post-56","page","type-page","status-publish"],"_links":{"self":[{"href":"https:\/\/www.zumgoldenenschnitt.ch\/fr\/wp-json\/wp\/v2\/pages\/56","targetHints":{"allow":["GET"]}}],"collection":[{"href":"https:\/\/www.zumgoldenenschnitt.ch\/fr\/wp-json\/wp\/v2\/pages"}],"about":[{"href":"https:\/\/www.zumgoldenenschnitt.ch\/fr\/wp-json\/wp\/v2\/types\/page"}],"author":[{"embeddable":true,"href":"https:\/\/www.zumgoldenenschnitt.ch\/fr\/wp-json\/wp\/v2\/users\/6"}],"replies":[{"embeddable":true,"href":"https:\/\/www.zumgoldenenschnitt.ch\/fr\/wp-json\/wp\/v2\/comments?post=56"}],"version-history":[{"count":23,"href":"https:\/\/www.zumgoldenenschnitt.ch\/fr\/wp-json\/wp\/v2\/pages\/56\/revisions"}],"predecessor-version":[{"id":2252,"href":"https:\/\/www.zumgoldenenschnitt.ch\/fr\/wp-json\/wp\/v2\/pages\/56\/revisions\/2252"}],"wp:attachment":[{"href":"https:\/\/www.zumgoldenenschnitt.ch\/fr\/wp-json\/wp\/v2\/media?parent=56"}],"curies":[{"name":"wp","href":"https:\/\/api.w.org\/{rel}","templated":true}]}}