{"id":563,"date":"2023-01-26T16:31:19","date_gmt":"2023-01-26T15:31:19","guid":{"rendered":"https:\/\/www.zumgoldenenschnitt.ch\/?page_id=563"},"modified":"2023-07-04T13:58:57","modified_gmt":"2023-07-04T11:58:57","slug":"haare","status":"publish","type":"page","link":"https:\/\/www.zumgoldenenschnitt.ch\/fr\/offre\/cheveux\/","title":{"rendered":"Cheveux"},"content":{"rendered":"<img decoding=\"async\" src=\"https:\/\/www.zumgoldenenschnitt.ch\/wp-content\/uploads\/2023\/01\/icon-haare.svg\" alt=\"icon hair\" itemprop=\"image\" title=\"icon-hair\" onerror=\"this.style.display='none'\"  \/>","protected":false},"excerpt":{"rendered":"","protected":false},"author":6,"featured_media":0,"parent":45,"menu_order":0,"comment_status":"closed","ping_status":"closed","template":"","meta":{"_seopress_robots_primary_cat":"","_seopress_titles_title":"Behandlung Haarausfall | Klinik Zum Goldenen Schnitt | Basel","_seopress_titles_desc":"Lassen Sie sich bei Frau Dr. Simona L\u00fcdi, Fach\u00e4rztin f\u00fcr Plastische &amp; \u00c4sthetische Chirurgie in Basel bez\u00fcglich den Behandlungsoptionen bei Haarausfall beraten.\r\n","_seopress_robots_index":"","inline_featured_image":false,"site-sidebar-layout":"default","site-content-layout":"","ast-site-content-layout":"","site-content-style":"default","site-sidebar-style":"default","ast-global-header-display":"","ast-banner-title-visibility":"","ast-main-header-display":"","ast-hfb-above-header-display":"","ast-hfb-below-header-display":"","ast-hfb-mobile-header-display":"","site-post-title":"","ast-breadcrumbs-content":"","ast-featured-img":"","footer-sml-layout":"","theme-transparent-header-meta":"","adv-header-id-meta":"","stick-header-meta":"","header-above-stick-meta":"","header-main-stick-meta":"","header-below-stick-meta":"","astra-migrate-meta-layouts":"default","ast-page-background-enabled":"default","ast-page-background-meta":{"desktop":{"background-color":"var(--ast-global-color-4)","background-image":"","background-repeat":"repeat","background-position":"center center","background-size":"auto","background-attachment":"scroll","background-type":"","background-media":"","overlay-type":"","overlay-color":"","overlay-opacity":"","overlay-gradient":""},"tablet":{"background-color":"","background-image":"","background-repeat":"repeat","background-position":"center center","background-size":"auto","background-attachment":"scroll","background-type":"","background-media":"","overlay-type":"","overlay-color":"","overlay-opacity":"","overlay-gradient":""},"mobile":{"background-color":"","background-image":"","background-repeat":"repeat","background-position":"center center","background-size":"auto","background-attachment":"scroll","background-type":"","background-media":"","overlay-type":"","overlay-color":"","overlay-opacity":"","overlay-gradient":""}},"ast-content-background-meta":{"desktop":{"background-color":"var(--ast-global-color-5)","background-image":"","background-repeat":"repeat","background-position":"center center","background-size":"auto","background-attachment":"scroll","background-type":"","background-media":"","overlay-type":"","overlay-color":"","overlay-opacity":"","overlay-gradient":""},"tablet":{"background-color":"var(--ast-global-color-5)","background-image":"","background-repeat":"repeat","background-position":"center center","background-size":"auto","background-attachment":"scroll","background-type":"","background-media":"","overlay-type":"","overlay-color":"","overlay-opacity":"","overlay-gradient":""},"mobile":{"background-color":"var(--ast-global-color-5)","background-image":"","background-repeat":"repeat","background-position":"center center","background-size":"auto","background-attachment":"scroll","background-type":"","background-media":"","overlay-type":"","overlay-color":"","overlay-opacity":"","overlay-gradient":""}},"footnotes":""},"class_list":["post-563","page","type-page","status-publish"],"_links":{"self":[{"href":"https:\/\/www.zumgoldenenschnitt.ch\/fr\/wp-json\/wp\/v2\/pages\/563","targetHints":{"allow":["GET"]}}],"collection":[{"href":"https:\/\/www.zumgoldenenschnitt.ch\/fr\/wp-json\/wp\/v2\/pages"}],"about":[{"href":"https:\/\/www.zumgoldenenschnitt.ch\/fr\/wp-json\/wp\/v2\/types\/page"}],"author":[{"embeddable":true,"href":"https:\/\/www.zumgoldenenschnitt.ch\/fr\/wp-json\/wp\/v2\/users\/6"}],"replies":[{"embeddable":true,"href":"https:\/\/www.zumgoldenenschnitt.ch\/fr\/wp-json\/wp\/v2\/comments?post=563"}],"version-history":[{"count":6,"href":"https:\/\/www.zumgoldenenschnitt.ch\/fr\/wp-json\/wp\/v2\/pages\/563\/revisions"}],"predecessor-version":[{"id":1011,"href":"https:\/\/www.zumgoldenenschnitt.ch\/fr\/wp-json\/wp\/v2\/pages\/563\/revisions\/1011"}],"up":[{"embeddable":true,"href":"https:\/\/www.zumgoldenenschnitt.ch\/fr\/wp-json\/wp\/v2\/pages\/45"}],"wp:attachment":[{"href":"https:\/\/www.zumgoldenenschnitt.ch\/fr\/wp-json\/wp\/v2\/media?parent=563"}],"curies":[{"name":"wp","href":"https:\/\/api.w.org\/{rel}","templated":true}]}}