{"id":592,"date":"2023-01-26T16:50:35","date_gmt":"2023-01-26T15:50:35","guid":{"rendered":"https:\/\/www.zumgoldenenschnitt.ch\/?page_id=592"},"modified":"2026-04-30T09:54:47","modified_gmt":"2026-04-30T07:54:47","slug":"augenlidstraffung-schlupflider-operieren","status":"publish","type":"page","link":"https:\/\/www.zumgoldenenschnitt.ch\/fr\/offre\/yeux\/lifting-des-paupieres-operations-des-paupieres-tombantes\/","title":{"rendered":"lifting des paupi\u00e8res | op\u00e9rer les paupi\u00e8res tombantes"},"content":{"rendered":"<p>Les paupi\u00e8res tombantes font para\u00eetre les yeux nettement plus petits et donnent souvent une impression de fatigue et de tristesse. Un lifting des paupi\u00e8res (lifting des paupi\u00e8res sup\u00e9rieures, correction des paupi\u00e8res tombantes), \u00e9galement appel\u00e9 bl\u00e9pharoplastie par les sp\u00e9cialistes, peut redonner de l'\u00e9clat \u00e0 vos yeux. Gr\u00e2ce \u00e0 une petite intervention ambulatoire sous anesth\u00e9sie locale dans notre clinique de B\u00e2le, vous pouvez vous faire op\u00e9rer des paupi\u00e8res tombantes et avoir ensuite l'air frais et repos\u00e9.<\/p>\n\t\t\t\t<img loading=\"lazy\" decoding=\"async\" src=\"https:\/\/www.zumgoldenenschnitt.ch\/wp-content\/uploads\/2023\/02\/10-blepharoplastie-superieure-operation-des-paupieres-tombantes-info-fr.svg\" alt=\"10 infos sur le lifting des paupi\u00e8res\" itemprop=\"image\" height=\"1000\" width=\"1000\" title=\"10-relaxation des paupi\u00e8res-infos\" onerror=\"this.style.display='none'\"  \/>\n\t\t\t\t<img loading=\"lazy\" decoding=\"async\" src=\"https:\/\/www.zumgoldenenschnitt.ch\/wp-content\/uploads\/2023\/01\/augenlidstraffung-schlupflider-entfernen-basel.jpg\" alt=\"lifting des paupi\u00e8res enlever paupi\u00e8res tombantes b\u00e2le\" itemprop=\"image\" height=\"1000\" width=\"1000\" title=\"lifting des paupi\u00e8res-\u00e9limination des paupi\u00e8res tombantes-basel\" onerror=\"this.style.display='none'\"  \/>\n\t<h2>La consultation pour un lifting des paupi\u00e8res \u00e0 B\u00e2le<\/h2>\n<p>Lors d'une premi\u00e8re consultation d\u00e9taill\u00e9e, le Dr L\u00fcdi prend le temps de r\u00e9pondre \u00e0 votre demande, analyse avec vous les r\u00e9sultats et vous conseille sur les possibilit\u00e9s de traitement. L\u00fcdi vous explique ensuite la technique op\u00e9ratoire et le trac\u00e9 exact de l'incision \u00e0 l'aide de photos et de dessins et discute avec vous des soins postop\u00e9ratoires ainsi que des risques et complications \u00e9ventuels. Il est tr\u00e8s important pour nous que vous soyez bien inform\u00e9(e) sur l'intervention, que nous r\u00e9pondions \u00e0 toutes les questions en suspens et que vos souhaits soient pris en compte.<\/p>\n<h2>Le jour de l'op\u00e9ration d'un lifting des paupi\u00e8res<\/h2>\n<p>Avant l'op\u00e9ration, le Dr L\u00fcdi r\u00e9alise une documentation photographique et dessine l'exc\u00e9dent de peau sur la paupi\u00e8re sup\u00e9rieure. Ensuite, elle vous pr\u00e9pare \u00e0 l'op\u00e9ration \u00e0 venir et vous accompagne dans la salle d'op\u00e9ration.<\/p>\n<h2>L'op\u00e9ration - comment fonctionne un lifting des paupi\u00e8res ?<\/h2>\n<p>Le lifting de la paupi\u00e8re sup\u00e9rieure est r\u00e9alis\u00e9 dans notre propre salle d'op\u00e9ration clinique \u00e0 B\u00e2le, en ambulatoire et sous anesth\u00e9sie locale (sur demande, sous somnolence ou sous anesth\u00e9sie g\u00e9n\u00e9rale). Lors de l'op\u00e9ration, l'exc\u00e9dent de peau et le tissu graisseux souvent g\u00eanant dans le coin interne de l'\u0153il sont retir\u00e9s en douceur. La peau est ensuite referm\u00e9e \u00e0 l'aide d'un mat\u00e9riel de suture tr\u00e8s fin. Comme l'incision est pratiqu\u00e9e dans le pli de la paupi\u00e8re sup\u00e9rieure, la fine cicatrice est bien cach\u00e9e et n'est g\u00e9n\u00e9ralement plus visible apr\u00e8s la gu\u00e9rison compl\u00e8te.<\/p>\n<h2>Juste apr\u00e8s le lifting des paupi\u00e8res<\/h2>\n<p>Apr\u00e8s l'op\u00e9ration, vous pouvez vous reposer de l'intervention dans nos belles chambres de patients avec vue sur le Rhin et refroidir la partie des yeux pendant environ une heure. Ensuite, vous pouvez demander \u00e0 un accompagnateur de venir vous chercher et de rentrer chez vous le jour m\u00eame.<\/p>\n<h2>Le traitement ult\u00e9rieur<\/h2>\n<ul>\n<li>Pour une gu\u00e9rison optimale apr\u00e8s un lifting de la paupi\u00e8re sup\u00e9rieure et pour r\u00e9duire l'\u0153d\u00e8me, nous recommandons de refroidir r\u00e9guli\u00e8rement le contour des yeux et de dormir avec le haut du corps l\u00e9g\u00e8rement sur\u00e9lev\u00e9 pendant les premiers jours.<\/li>\n<li>Pour que l'\u0153il reste bien humidifi\u00e9, des gouttes oculaires sont administr\u00e9es 3 fois par jour.<\/li>\n<li>Les fins pansements sp\u00e9ciaux et les fils sont retir\u00e9s apr\u00e8s 1 semaine en consultation lors d'un lifting des paupi\u00e8res sup\u00e9rieures.<\/li>\n<li>Ensuite, les soins de la cicatrice peuvent commencer.<\/li>\n<\/ul>\n<h2>Risques et complications d'un lifting des paupi\u00e8res<\/h2>\n<p>L'op\u00e9ration des paupi\u00e8res tombantes est une op\u00e9ration tr\u00e8s bien tol\u00e9r\u00e9e, peu risqu\u00e9e et les complications sont rares. Dans les premiers jours suivant l'op\u00e9ration, il faut s'attendre \u00e0 des gonflements du contour de l'\u0153il et \u00e9ventuellement \u00e0 de l\u00e9gers h\u00e9matomes, qui gu\u00e9rissent toutefois bien dans les premiers jours. En r\u00e8gle g\u00e9n\u00e9rale, le lifting des paupi\u00e8res sup\u00e9rieures n'est pas douloureux. En raison de l'\u0153d\u00e8me, la fermeture des paupi\u00e8res peut \u00eatre temporairement incompl\u00e8te dans les premiers jours apr\u00e8s l'op\u00e9ration, de sorte que les yeux peuvent \u00eatre un peu secs au toucher. Des gouttes oculaires humidifiantes sont alors utiles. Les cicatrices sont cach\u00e9es dans le pli de la paupi\u00e8re et gu\u00e9rissent g\u00e9n\u00e9ralement de mani\u00e8re tr\u00e8s fine et \u00e0 peine visible. Les saignements et les infections sont tr\u00e8s rares apr\u00e8s une op\u00e9ration de la paupi\u00e8re tombante.<\/p>\n<h2>Co\u00fbts d'un lifting des paupi\u00e8res en Suisse<\/h2>\n<p>Les co\u00fbts d'un lifting des paupi\u00e8res sup\u00e9rieures d\u00e9pendent du type et de l'ampleur de l'op\u00e9ration ainsi que du type d'anesth\u00e9sie. Dans le cadre d'un entretien de conseil, le Dr L\u00fcdi \u00e9tablira un traitement sur mesure pour vous et vous soumettra un devis individuel.<\/p>\n<h2>Questions fr\u00e9quentes<\/h2>\n\t\t\t\t\t\t\t\t\t\t<h3 tabindex=\"0\">Quand faut-il se faire op\u00e9rer des paupi\u00e8res tombantes ?<\/h3>\n\t\t\t\t\t<p>Les paupi\u00e8res tombantes doivent \u00eatre op\u00e9r\u00e9es lorsque l'exc\u00e8s de peau est g\u00eanant. Les patients rapportent souvent qu'ils souffrent de paupi\u00e8res sup\u00e9rieures lourdes ou de rides sur le front dues au rel\u00e8vement compensatoire des sourcils. Les personnes concern\u00e9es entendent aussi souvent leur entourage dire \"Tu as l'air fatigu\u00e9e et \u00e9puis\u00e9e !\", alors qu'elles se sentent en pleine forme. De nombreuses patientes se plaignent \u00e9galement d'avoir du mal \u00e0 se maquiller et que le mascara s'estompe constamment. C'est au plus tard \u00e0 ce moment-l\u00e0 qu'il faut envisager un lifting des paupi\u00e8res sup\u00e9rieures.<\/p>\n\t\t\t\t\t\t\t\t\t\t<h3 tabindex=\"0\">Le lifting des paupi\u00e8res sup\u00e9rieures est-il douloureux ?<\/h3>\n\t\t\t\t\t<p>Non. En r\u00e8gle g\u00e9n\u00e9rale, les patients n'ont pas besoin d'analg\u00e9siques ou seulement de tr\u00e8s faibles analg\u00e9siques pendant les premiers jours apr\u00e8s un lifting de la paupi\u00e8re sup\u00e9rieure.<\/p>\n\t\t\t\t\t\t\t\t\t\t<h3 tabindex=\"0\">Combien de temps durent les gonflements apr\u00e8s un lifting des paupi\u00e8res ?<\/h3>\n\t\t\t\t\t<p>Apr\u00e8s un lifting des paupi\u00e8res sup\u00e9rieures, des gonflements peuvent appara\u00eetre dans la r\u00e9gion des yeux, mais ils disparaissent g\u00e9n\u00e9ralement au bout d'une semaine. Un refroidissement local et un sommeil avec le haut du corps l\u00e9g\u00e8rement sur\u00e9lev\u00e9 permettent de r\u00e9duire plus rapidement l'\u0153d\u00e8me.<\/p>\n\t\t\t\t\t\t\t\t\t\t<h3 tabindex=\"0\">Apr\u00e8s un lifting des paupi\u00e8res, quand serai-je \u00e0 nouveau capable de vivre en soci\u00e9t\u00e9 ?<\/h3>\n\t\t\t\t\t<p>Cela d\u00e9pend du processus de gu\u00e9rison individuel, des exigences personnelles et des obligations professionnelles et sociales. Lors d'un lifting des paupi\u00e8res sup\u00e9rieures, il faut compter environ une semaine pour que les gonflements et les d\u00e9colorations dus \u00e0 l'op\u00e9ration disparaissent en grande partie. Une semaine apr\u00e8s l'op\u00e9ration, vous pouvez \u00e9galement maquiller les d\u00e9colorations ou la cicatrice encore l\u00e9g\u00e8rement rouge.<\/p>\n\t\t\t\t\t\t\t\t\t\t<h3 tabindex=\"0\">Combien de temps dure la gu\u00e9rison apr\u00e8s un lifting des paupi\u00e8res ?<\/h3>\n\t\t\t\t\t<p>Les plaies du visage gu\u00e9rissent tr\u00e8s rapidement et les fils peuvent \u00eatre retir\u00e9s au bout de 5 \u00e0 7 jours. En r\u00e8gle g\u00e9n\u00e9rale, la gu\u00e9rison primaire apr\u00e8s un lifting des paupi\u00e8res dure 10 \u00e0 14 jours. <\/p>\n\t\t\t\t\t\t\t\t\t\t<h3 tabindex=\"0\">Des cicatrices seront-elles visibles apr\u00e8s un lifting des paupi\u00e8res ?<\/h3>\n\t\t\t\t\t<p>En principe, toute op\u00e9ration laisse des cicatrices. Dans le cas du lifting des paupi\u00e8res, la fine cicatrice est bien cach\u00e9e dans le pli de la paupi\u00e8re sup\u00e9rieure et tout au plus l\u00e9g\u00e8rement visible sur le c\u00f4t\u00e9 de l'\u0153il. Au d\u00e9but, la cicatrice peut para\u00eetre un peu rouge\u00e2tre et peut \u00eatre recouverte de maquillage si n\u00e9cessaire. Apr\u00e8s la gu\u00e9rison compl\u00e8te et la maturation de la cicatrice, la fine cicatrice n'est g\u00e9n\u00e9ralement plus visible.<\/p>\n\t\t\t\t\t\t\t\t\t\t<h3 tabindex=\"0\">Comment puis-je imaginer le r\u00e9sultat d'une op\u00e9ration des paupi\u00e8res tombantes ?<\/h3>\n\t\t\t\t\t<p>Dans le cadre de la consultation, le Dr L\u00fcdi vous montrera volontiers des photos avant et apr\u00e8s le lifting de la paupi\u00e8re sup\u00e9rieure. Il est \u00e9galement possible de simuler une comparaison avant\/apr\u00e8s un lifting des paupi\u00e8res \u00e0 l'aide d'un programme informatique.<\/p>\n\t\t\t\t\t\t\t\t\t\t<h3 tabindex=\"0\">Quand puis-je reprendre le travail apr\u00e8s un lifting des paupi\u00e8res ?<\/h3>\n\t\t\t\t\t<p>En principe, vous \u00eates \u00e0 nouveau capable de travailler apr\u00e8s 1 \u00e0 2 jours en Home Office. Pour les activit\u00e9s impliquant un contact avec la client\u00e8le ou des efforts physiques plus importants, la capacit\u00e9 de travail est r\u00e9tablie apr\u00e8s 7 \u00e0 10 jours.<\/p>\n\t\t\t\t\t\t\t\t\t\t<h3 tabindex=\"0\">Quand puis-je me remaquiller les yeux apr\u00e8s un lifting des paupi\u00e8res ?<\/h3>\n\t\t\t\t\t<p>Une semaine apr\u00e8s le lifting de la paupi\u00e8re sup\u00e9rieure, la plaie est suffisamment cicatris\u00e9e pour que l'on puisse \u00e0 nouveau se maquiller prudemment au niveau des yeux.<\/p>\n\t\t\t\t\t\t\t\t\t\t<h3 tabindex=\"0\">Quand puis-je \u00e0 nouveau porter des lentilles de contact apr\u00e8s un lifting de la paupi\u00e8re sup\u00e9rieure ?<\/h3>\n\t\t\t\t\t<p>Les lentilles de contact ne doivent pas \u00eatre port\u00e9es pendant 10 \u00e0 14 jours apr\u00e8s l'op\u00e9ration. Vous pouvez remettre vos lunettes imm\u00e9diatement apr\u00e8s l'intervention. <\/p>\n\t\t\t\t\t\t\t\t\t\t<h3 tabindex=\"0\">Combien co\u00fbte un lifting des paupi\u00e8res en Suisse ?<\/h3>\n\t\t\t\t\t<p>Le prix d'un lifting des paupi\u00e8res d\u00e9pend du type et de l'ampleur de l'op\u00e9ration ainsi que du type d'anesth\u00e9sie. Une fois la consultation termin\u00e9e, le Dr L\u00fcdi vous soumettra une offre personnalis\u00e9e.<\/p>\n\t<p>Lisez aussi notre article du Journal <a href=\"https:\/\/www.zumgoldenenschnitt.ch\/fr\/lifting-des-paupieres-petite-operation-grands-effets\/\">\"Raffermissement des paupi\u00e8res - Petite op\u00e9ration, grand effet !\"<\/a>.<\/p>\nLe Dr Simona L\u00fcdi vous accueille volontiers pour un entretien personnel dans notre clinique \u00e0 B\u00e2le.<br \/>\nNous nous r\u00e9jouissons de vous accueillir.\n\t\t\t<a href=\"https:\/\/booking.epat.ch\/goldenschnitt\/booking\" title=\"R\u00e9server un rendez-vous de consultation\" target=\"_blank\" rel=\"noopener\"  role=\"button\" aria-label=\"R\u00e9server un rendez-vous de consultation\">\n\t\t\t\t\t\t\tR\u00e9server un rendez-vous de consultation\n\t\t<\/a>","protected":false},"excerpt":{"rendered":"<p>Les paupi\u00e8res tombantes font para\u00eetre les yeux nettement plus petits et donnent souvent une impression de fatigue et de tristesse. Un lifting des paupi\u00e8res (lifting des paupi\u00e8res sup\u00e9rieures, correction des paupi\u00e8res tombantes), \u00e9galement appel\u00e9 bl\u00e9pharoplastie par les sp\u00e9cialistes, peut redonner de l'\u00e9clat \u00e0 vos yeux. Gr\u00e2ce \u00e0 une petite intervention ambulatoire sous anesth\u00e9sie locale dans notre clinique de B\u00e2le, vous pouvez vous faire op\u00e9rer des paupi\u00e8res tombantes et avoir ensuite l'air frais et repos\u00e9. [...]<\/p>","protected":false},"author":6,"featured_media":0,"parent":546,"menu_order":0,"comment_status":"closed","ping_status":"closed","template":"","meta":{"_seopress_robots_primary_cat":"","_seopress_titles_title":"Augenlidstraffung | Oberlidstraffung | Schlupflider operieren | Basel","_seopress_titles_desc":"Bringen Sie Ihre Augen wieder zum Strahlen dank einer Augenlidstraffung (Schlupflidoperation, Oberlidstraffung) in der Klinik von Frau Dr. Simona L\u00fcdi in Basel.","_seopress_robots_index":"","inline_featured_image":false,"site-sidebar-layout":"default","site-content-layout":"","ast-site-content-layout":"default","site-content-style":"default","site-sidebar-style":"default","ast-global-header-display":"","ast-banner-title-visibility":"","ast-main-header-display":"","ast-hfb-above-header-display":"","ast-hfb-below-header-display":"","ast-hfb-mobile-header-display":"","site-post-title":"","ast-breadcrumbs-content":"","ast-featured-img":"","footer-sml-layout":"","theme-transparent-header-meta":"","adv-header-id-meta":"","stick-header-meta":"","header-above-stick-meta":"","header-main-stick-meta":"","header-below-stick-meta":"","astra-migrate-meta-layouts":"set","ast-page-background-enabled":"default","ast-page-background-meta":{"desktop":{"background-color":"var(--ast-global-color-4)","background-image":"","background-repeat":"repeat","background-position":"center center","background-size":"auto","background-attachment":"scroll","background-type":"","background-media":"","overlay-type":"","overlay-color":"","overlay-opacity":"","overlay-gradient":""},"tablet":{"background-color":"","background-image":"","background-repeat":"repeat","background-position":"center center","background-size":"auto","background-attachment":"scroll","background-type":"","background-media":"","overlay-type":"","overlay-color":"","overlay-opacity":"","overlay-gradient":""},"mobile":{"background-color":"","background-image":"","background-repeat":"repeat","background-position":"center center","background-size":"auto","background-attachment":"scroll","background-type":"","background-media":"","overlay-type":"","overlay-color":"","overlay-opacity":"","overlay-gradient":""}},"ast-content-background-meta":{"desktop":{"background-color":"var(--ast-global-color-5)","background-image":"","background-repeat":"repeat","background-position":"center center","background-size":"auto","background-attachment":"scroll","background-type":"","background-media":"","overlay-type":"","overlay-color":"","overlay-opacity":"","overlay-gradient":""},"tablet":{"background-color":"var(--ast-global-color-5)","background-image":"","background-repeat":"repeat","background-position":"center center","background-size":"auto","background-attachment":"scroll","background-type":"","background-media":"","overlay-type":"","overlay-color":"","overlay-opacity":"","overlay-gradient":""},"mobile":{"background-color":"var(--ast-global-color-5)","background-image":"","background-repeat":"repeat","background-position":"center center","background-size":"auto","background-attachment":"scroll","background-type":"","background-media":"","overlay-type":"","overlay-color":"","overlay-opacity":"","overlay-gradient":""}},"footnotes":""},"class_list":["post-592","page","type-page","status-publish"],"_links":{"self":[{"href":"https:\/\/www.zumgoldenenschnitt.ch\/fr\/wp-json\/wp\/v2\/pages\/592","targetHints":{"allow":["GET"]}}],"collection":[{"href":"https:\/\/www.zumgoldenenschnitt.ch\/fr\/wp-json\/wp\/v2\/pages"}],"about":[{"href":"https:\/\/www.zumgoldenenschnitt.ch\/fr\/wp-json\/wp\/v2\/types\/page"}],"author":[{"embeddable":true,"href":"https:\/\/www.zumgoldenenschnitt.ch\/fr\/wp-json\/wp\/v2\/users\/6"}],"replies":[{"embeddable":true,"href":"https:\/\/www.zumgoldenenschnitt.ch\/fr\/wp-json\/wp\/v2\/comments?post=592"}],"version-history":[{"count":11,"href":"https:\/\/www.zumgoldenenschnitt.ch\/fr\/wp-json\/wp\/v2\/pages\/592\/revisions"}],"predecessor-version":[{"id":2325,"href":"https:\/\/www.zumgoldenenschnitt.ch\/fr\/wp-json\/wp\/v2\/pages\/592\/revisions\/2325"}],"up":[{"embeddable":true,"href":"https:\/\/www.zumgoldenenschnitt.ch\/fr\/wp-json\/wp\/v2\/pages\/546"}],"wp:attachment":[{"href":"https:\/\/www.zumgoldenenschnitt.ch\/fr\/wp-json\/wp\/v2\/media?parent=592"}],"curies":[{"name":"wp","href":"https:\/\/api.w.org\/{rel}","templated":true}]}}