{"id":596,"date":"2023-01-26T16:51:51","date_gmt":"2023-01-26T15:51:51","guid":{"rendered":"https:\/\/www.zumgoldenenschnitt.ch\/?page_id=596"},"modified":"2026-02-26T13:55:53","modified_gmt":"2026-02-26T12:55:53","slug":"augenbrauenlifting","status":"publish","type":"page","link":"https:\/\/www.zumgoldenenschnitt.ch\/fr\/offre\/yeux\/lifting-des-sourcils\/","title":{"rendered":"Lifting des sourcils"},"content":{"rendered":"<p>Avec l'\u00e2ge, les sourcils lat\u00e9raux peuvent s'affaisser chez les femmes comme chez les hommes, ce que l'on appelle la ptose des sourcils. Les tissus situ\u00e9s sous les sourcils glissent \u00e9galement et accentuent les paupi\u00e8res tombantes, surtout dans leur partie lat\u00e9rale. Dans ces cas, il est judicieux de r\u00e9tablir d'abord la position naturelle des sourcils \u00e0 l'aide d'un lifting des sourcils. Souvent, au cours de la m\u00eame op\u00e9ration, on proc\u00e8de \u00e9galement \u00e0 une chirurgie des paupi\u00e8res (lifting de la paupi\u00e8re sup\u00e9rieure) et on enl\u00e8ve l'exc\u00e9dent de peau de la paupi\u00e8re sup\u00e9rieure. Le rel\u00e8vement des sourcils ouvre les yeux, raffermit la peau des paupi\u00e8res et donne une apparence rajeunie.<\/p>\n\t\t\t\t<img loading=\"lazy\" decoding=\"async\" src=\"https:\/\/www.zumgoldenenschnitt.ch\/wp-content\/uploads\/2023\/02\/12-lifting-des-sourcils-info-fr.svg\" alt=\"12 infos sur le lifting des sourcils\" itemprop=\"image\" title=\"12-infos sur le lifting des sourcils\" onerror=\"this.style.display='none'\" width=\"1000\" height=\"1000\">\n\t\t\t\t<img loading=\"lazy\" decoding=\"async\" src=\"https:\/\/www.zumgoldenenschnitt.ch\/wp-content\/uploads\/2023\/01\/augenbrauenlifting-basel.jpg\" alt=\"lifting des sourcils b\u00e2le\" itemprop=\"image\" title=\"lifting des sourcils basel\" onerror=\"this.style.display='none'\" width=\"1000\" height=\"1000\">\n\t<h2>La consultation pour un lifting des sourcils<\/h2>\n<p>Lors d'une premi\u00e8re consultation d\u00e9taill\u00e9e, le Dr L\u00fcdi prend le temps de r\u00e9pondre \u00e0 votre demande, analyse avec vous les r\u00e9sultats et vous conseille sur les possibilit\u00e9s de traitement. L\u00fcdi vous explique ensuite la technique op\u00e9ratoire et le trac\u00e9 exact de l'incision \u00e0 l'aide de photos et de dessins et discute avec vous du traitement postop\u00e9ratoire ainsi que des risques et complications \u00e9ventuels. Il est tr\u00e8s important pour nous que vous soyez bien inform\u00e9(e) sur l'intervention, que nous r\u00e9pondions \u00e0 toutes les questions en suspens et que vos souhaits soient pris en compte.<\/p>\n<h2>Le jour de l'op\u00e9ration<\/h2>\n<p>Le jour de l'op\u00e9ration, le Dr L\u00fcdi r\u00e9alise une documentation photographique avant l'intervention et effectue les dessins exacts. Ensuite, elle vous pr\u00e9pare \u00e0 l'op\u00e9ration \u00e0 venir et vous accompagne dans la salle d'op\u00e9ration.<\/p>\n<h2>L'op\u00e9ration<\/h2>\nLe lifting des sourcils est r\u00e9alis\u00e9 par le Dr Simona L\u00fcdi en ambulatoire sous anesth\u00e9sie locale ou sous une douce anesth\u00e9sie g\u00e9n\u00e9rale dans notre propre salle d'op\u00e9ration clinique \u00e0 B\u00e2le.<br>\nIl faut faire la diff\u00e9rence entre un lifting direct des sourcils et un lifting indirect des sourcils (temporal). Dans le cas d'un lifting direct des sourcils, l'incision se fait dans les cheveux, sur le bord sup\u00e9rieur du sourcil. Une \u00e9troite bande de peau y est retir\u00e9e et les bords de la plaie sont \u00e0 nouveau sutur\u00e9s avec pr\u00e9cision.<br>\nIl est \u00e9galement possible de proc\u00e9der \u00e0 un lifting temporal (temporal lifting). Les incisions sont pratiqu\u00e9es dans la tempe, \u00e0 la racine des cheveux ou dans les cheveux, de sorte que les cicatrices soient cach\u00e9es. La peau est d\u00e9tach\u00e9e puis tir\u00e9e \u00e0 la hauteur souhait\u00e9e et les incisions sont sutur\u00e9es. Le lifting temporal permet surtout de relever les sourcils lat\u00e9raux et de raffermir la tempe.\n<h2>Juste apr\u00e8s l'op\u00e9ration<\/h2>\n<p>Apr\u00e8s l'op\u00e9ration, vous pourrez vous reposer de l'intervention dans nos belles chambres de patients avec vue sur le Rhin et vous serez pris en charge par notre \u00e9quipe. Apr\u00e8s une nouvelle visite du Dr L\u00fcdi, vous pouvez demander \u00e0 un accompagnateur de venir vous chercher et de rentrer chez vous le jour m\u00eame.<\/p>\n<h2>Le traitement ult\u00e9rieur<\/h2>\n<ul>\n<li>Reposez-vous pendant quelques jours apr\u00e8s l'intervention.<\/li>\n<li>Pour r\u00e9duire l'enflure, nous vous recommandons de vous rafra\u00eechir localement et de dormir avec le haut du corps l\u00e9g\u00e8rement sur\u00e9lev\u00e9.<\/li>\n<li>Ne mettez pas de maquillage sur les cicatrices pendant les 2 premi\u00e8res semaines et ne massez pas le visage.<\/li>\n<li>Veillez \u00e0 vous prot\u00e9ger suffisamment du soleil (facteur de protection solaire 50+) et renoncez aux bains de soleil.<\/li>\n<li>En outre, vous devez vous abstenir de faire du sport pendant 4 semaines apr\u00e8s l'op\u00e9ration.<\/li>\n<\/ul>\n<h2>Risques et complications<\/h2>\n<p>Le lifting chirurgical des sourcils est consid\u00e9r\u00e9 comme une proc\u00e9dure s\u00fbre. Cependant, comme pour toute op\u00e9ration, des complications telles que des saignements, des gonflements ou des h\u00e9matomes peuvent survenir dans de rares cas. Les douleurs post-op\u00e9ratoires peuvent g\u00e9n\u00e9ralement \u00eatre trait\u00e9es avec des analg\u00e9siques classiques.<\/p>\n<h2>Co\u00fbts<\/h2>\n<p>Le co\u00fbt d'un lifting des sourcils d\u00e9pend de vos souhaits, du type et de l'ampleur de l'op\u00e9ration ainsi que du type d'anesth\u00e9sie. Dans le cadre d'un entretien de conseil, le Dr L\u00fcdi \u00e9tablira un traitement adapt\u00e9 \u00e0 vos besoins personnels et vous soumettra un devis individuel.<\/p>\n<h2>Questions fr\u00e9quentes<\/h2>\n\t\t\t\t\t\t\t\t\t\t<h3 tabindex=\"0\">Existe-t-il une possibilit\u00e9 de lifting non chirurgical des sourcils ?<\/h3>\n\t\t\t\t\t<p>Si seul un lifting mod\u00e9r\u00e9 d'environ 1 \u00e0 2 millim\u00e8tres est souhait\u00e9, il peut \u00eatre obtenu dans de nombreux cas par une injection de Botulinum. Le Botulinum fait en sorte que le muscle sous les sourcils se d\u00e9tend et que ceux-ci se rel\u00e8vent ainsi l\u00e9g\u00e8rement. Si le besoin de rehaussement est plus important, un lifting chirurgical des sourcils est recommand\u00e9.<\/p>\n\t\t\t\t\t\t\t\t\t\t<h3 tabindex=\"0\">Apr\u00e8s un lifting des sourcils chirurgical, quand serai-je \u00e0 nouveau apte \u00e0 vivre en soci\u00e9t\u00e9 ?<\/h3>\n\t\t\t\t\t<p>Apr\u00e8s la disparition de l'enflure et de la d\u00e9coloration, vous serez \u00e0 nouveau apte \u00e0 la vie sociale apr\u00e8s environ 1 \u00e0 2 semaines maximum.<\/p>\n\t\t\t\t\t\t\t\t\t\t<h3 tabindex=\"0\">Quand puis-je reprendre le travail apr\u00e8s un lifting des sourcils ?<\/h3>\n\t\t\t\t\t<p>Selon votre activit\u00e9 professionnelle, vous serez \u00e0 nouveau capable de travailler apr\u00e8s quelques jours seulement. <\/p>\n\t\t\t\t\t\t\t\t\t\t<h3 tabindex=\"0\">Quand puis-je reprendre le sport apr\u00e8s un lifting des sourcils chirurgical ?<\/h3>\n\t\t\t\t\t<p>Pour une gu\u00e9rison optimale, nous vous recommandons de ne pas faire de sport pendant 4 semaines.<\/p>\n\t<p>Le Dr Simona L\u00fcdi vous accueille volontiers pour un entretien personnel dans notre clinique \u00e0 B\u00e2le. Nous nous r\u00e9jouissons de vous rencontrer.<\/p>\n\t\t\t<a href=\"https:\/\/booking.epat.ch\/goldenschnitt\/booking\" target=\"_blank\" rel=\"noopener\" role=\"button\" aria-label=\"R\u00e9server un rendez-vous de consultation\">\n\t\t\t\t\t\t\tR\u00e9server un rendez-vous de consultation\n\t\t<\/a>","protected":false},"excerpt":{"rendered":"<p>Avec l'\u00e2ge, les sourcils lat\u00e9raux peuvent s'affaisser chez les femmes comme chez les hommes, ce que l'on appelle la ptose des sourcils. Les tissus situ\u00e9s sous les sourcils glissent \u00e9galement et accentuent les paupi\u00e8res tombantes, surtout dans leur partie lat\u00e9rale. Dans ces cas, il est judicieux de r\u00e9tablir d'abord la position naturelle des sourcils \u00e0 l'aide d'un lifting des sourcils. Souvent, dans [...]<\/p>","protected":false},"author":6,"featured_media":0,"parent":546,"menu_order":0,"comment_status":"closed","ping_status":"closed","template":"","meta":{"_seopress_robots_primary_cat":"","_seopress_titles_title":"Operatives Augenbrauenlifting | Dr. Simona L\u00fcdi | Basel","_seopress_titles_desc":"M\u00fcder Gesichtsausdruck & tiefh\u00e4ngende Augenbrauen? Frau Dr. Simona L\u00fcdi ber\u00e4t Sie gerne ausf\u00fchrlich \u00fcber das operative Augenbrauenlifting in unserer Klinik in Basel.","_seopress_robots_index":"","inline_featured_image":false,"site-sidebar-layout":"default","site-content-layout":"","ast-site-content-layout":"default","site-content-style":"default","site-sidebar-style":"default","ast-global-header-display":"","ast-banner-title-visibility":"","ast-main-header-display":"","ast-hfb-above-header-display":"","ast-hfb-below-header-display":"","ast-hfb-mobile-header-display":"","site-post-title":"","ast-breadcrumbs-content":"","ast-featured-img":"","footer-sml-layout":"","theme-transparent-header-meta":"","adv-header-id-meta":"","stick-header-meta":"","header-above-stick-meta":"","header-main-stick-meta":"","header-below-stick-meta":"","astra-migrate-meta-layouts":"set","ast-page-background-enabled":"default","ast-page-background-meta":{"desktop":{"background-color":"var(--ast-global-color-4)","background-image":"","background-repeat":"repeat","background-position":"center center","background-size":"auto","background-attachment":"scroll","background-type":"","background-media":"","overlay-type":"","overlay-color":"","overlay-opacity":"","overlay-gradient":""},"tablet":{"background-color":"","background-image":"","background-repeat":"repeat","background-position":"center center","background-size":"auto","background-attachment":"scroll","background-type":"","background-media":"","overlay-type":"","overlay-color":"","overlay-opacity":"","overlay-gradient":""},"mobile":{"background-color":"","background-image":"","background-repeat":"repeat","background-position":"center center","background-size":"auto","background-attachment":"scroll","background-type":"","background-media":"","overlay-type":"","overlay-color":"","overlay-opacity":"","overlay-gradient":""}},"ast-content-background-meta":{"desktop":{"background-color":"var(--ast-global-color-5)","background-image":"","background-repeat":"repeat","background-position":"center center","background-size":"auto","background-attachment":"scroll","background-type":"","background-media":"","overlay-type":"","overlay-color":"","overlay-opacity":"","overlay-gradient":""},"tablet":{"background-color":"var(--ast-global-color-5)","background-image":"","background-repeat":"repeat","background-position":"center center","background-size":"auto","background-attachment":"scroll","background-type":"","background-media":"","overlay-type":"","overlay-color":"","overlay-opacity":"","overlay-gradient":""},"mobile":{"background-color":"var(--ast-global-color-5)","background-image":"","background-repeat":"repeat","background-position":"center center","background-size":"auto","background-attachment":"scroll","background-type":"","background-media":"","overlay-type":"","overlay-color":"","overlay-opacity":"","overlay-gradient":""}},"footnotes":""},"class_list":["post-596","page","type-page","status-publish"],"_links":{"self":[{"href":"https:\/\/www.zumgoldenenschnitt.ch\/fr\/wp-json\/wp\/v2\/pages\/596","targetHints":{"allow":["GET"]}}],"collection":[{"href":"https:\/\/www.zumgoldenenschnitt.ch\/fr\/wp-json\/wp\/v2\/pages"}],"about":[{"href":"https:\/\/www.zumgoldenenschnitt.ch\/fr\/wp-json\/wp\/v2\/types\/page"}],"author":[{"embeddable":true,"href":"https:\/\/www.zumgoldenenschnitt.ch\/fr\/wp-json\/wp\/v2\/users\/6"}],"replies":[{"embeddable":true,"href":"https:\/\/www.zumgoldenenschnitt.ch\/fr\/wp-json\/wp\/v2\/comments?post=596"}],"version-history":[{"count":4,"href":"https:\/\/www.zumgoldenenschnitt.ch\/fr\/wp-json\/wp\/v2\/pages\/596\/revisions"}],"predecessor-version":[{"id":2292,"href":"https:\/\/www.zumgoldenenschnitt.ch\/fr\/wp-json\/wp\/v2\/pages\/596\/revisions\/2292"}],"up":[{"embeddable":true,"href":"https:\/\/www.zumgoldenenschnitt.ch\/fr\/wp-json\/wp\/v2\/pages\/546"}],"wp:attachment":[{"href":"https:\/\/www.zumgoldenenschnitt.ch\/fr\/wp-json\/wp\/v2\/media?parent=596"}],"curies":[{"name":"wp","href":"https:\/\/api.w.org\/{rel}","templated":true}]}}