{"id":606,"date":"2023-01-26T16:54:03","date_gmt":"2023-01-26T15:54:03","guid":{"rendered":"https:\/\/www.zumgoldenenschnitt.ch\/?page_id=606"},"modified":"2026-02-26T14:04:16","modified_gmt":"2026-02-26T13:04:16","slug":"brustvergroesserung-mit-implantaten-mammaaugmentation","status":"publish","type":"page","link":"https:\/\/www.zumgoldenenschnitt.ch\/fr\/offre\/poitrine\/augmentation-des-seins-avec-implants-augmentation-mamma\/","title":{"rendered":"Augmentation mammaire avec implants | Augmentation mammaire"},"content":{"rendered":"<p>Une poitrine d'aspect naturel, plus grosse et bien form\u00e9e est le souhait de nombreuses patientes. L'augmentation mammaire (mammoplastie) reste l'une des op\u00e9rations esth\u00e9tiques les plus courantes. Tant les jeunes femmes qui n'ont qu'une petite poitrine \u00e0 la fin de la croissance mammaire que les femmes qui ont moins de volume mammaire apr\u00e8s une grossesse ou une phase d'allaitement et qui souffrent d'un rel\u00e2chement des seins souhaitent une augmentation mammaire naturelle. Celle-ci est possible avec des implants et\/ou de la graisse autologue. Selon la situation initiale, il peut \u00eatre n\u00e9cessaire, outre l'augmentation mammaire, de retendre le manteau cutan\u00e9 et de repositionner le mamelon.<\/p>\n\t\t\t\t<img loading=\"lazy\" decoding=\"async\" src=\"https:\/\/www.zumgoldenenschnitt.ch\/wp-content\/uploads\/2023\/02\/16-augmentation-mammaire-par-implants-mammoplastie-d-augmentation-info-fr.svg\" alt=\"16 augmentation mammaire par implants infos\" itemprop=\"image\" height=\"1000\" width=\"1000\" title=\"16-augmentation-des-poitrines-avec-implants-infos\" onerror=\"this.style.display='none'\"  \/>\n\t\t\t\t<img loading=\"lazy\" decoding=\"async\" src=\"https:\/\/www.zumgoldenenschnitt.ch\/wp-content\/uploads\/2023\/01\/brustvergroesserung-mit-implantaten-mammaaugmentation-basel.jpg\" alt=\"augmentation mammaire par implants basel\" itemprop=\"image\" height=\"1000\" width=\"1000\" title=\"augmentation-des-seins-avec-implants-augmentation-mamma-basel\" onerror=\"this.style.display='none'\"  \/>\n\t<h2>La consultation pour une augmentation mammaire<\/h2>\nEn tant que chirurgienne plasticienne, le Dr L\u00fcdi est sp\u00e9cialis\u00e9e dans les op\u00e9rations des seins et se fera un plaisir de vous conseiller personnellement, de femme \u00e0 femme, sur le th\u00e8me de l'augmentation mammaire dans sa clinique de B\u00e2le.<br \/>\nAvant une augmentation mammaire, deux consultations d\u00e9taill\u00e9es ont g\u00e9n\u00e9ralement lieu. Il est tr\u00e8s important pour nous que vous soyez bien inform\u00e9e sur l'intervention, que l'on r\u00e9ponde \u00e0 toutes les questions en suspens et que l'on prenne en compte vos souhaits. Le Dr L\u00fcdi discute avec vous de la technique op\u00e9ratoire, de l'incision exacte et de la mise en place de l'implant, des risques et des complications possibles ainsi que du traitement postop\u00e9ratoire. Le Dr L\u00fcdi se fera \u00e9galement un plaisir de vous montrer des photos avant et apr\u00e8s une augmentation mammaire.\n<h2>Le choix de l'implant<\/h2>\nLors de la deuxi\u00e8me consultation, le Dr L\u00fcdi d\u00e9termine avec vous la taille et la forme futures souhait\u00e9es pour vos seins. Pour cela, des coussinets de soutien-gorge sp\u00e9ciaux ainsi qu'une <a href=\"https:\/\/www.zumgoldenenschnitt.ch\/fr\/offre\/poitrine\/simulation-3d-crisalix\/\">Simulation 3D (Crisalix)<\/a> afin que vous puissiez mieux vous repr\u00e9senter le r\u00e9sultat.<br \/>\nPour l'augmentation mammaire, nous n'utilisons que les implants les plus modernes et de la plus haute qualit\u00e9 de soci\u00e9t\u00e9s renomm\u00e9es (entre autres Motiva).\n<p>Lisez aussi notre article du Journal sur le sujet <a href=\"https:\/\/www.zumgoldenenschnitt.ch\/fr\/comment-trouver-la-taille-dimplant-mammaire-qui-me-convient\/\">\"Augmentation mammaire - Comment trouver la taille d'implant mammaire qui me convient ?\"<\/a>.<\/p>\n<h2>Le jour de l'op\u00e9ration<\/h2>\n<p>Le jour de l'op\u00e9ration, le Dr L\u00fcdi r\u00e9alise une documentation photographique avant l'intervention et proc\u00e8de aux marquages sur la poitrine. Ensuite, elle vous pr\u00e9pare \u00e0 l'op\u00e9ration \u00e0 venir et vous accompagne en salle d'op\u00e9ration.<\/p>\n<h2>L'op\u00e9ration - Augmentation mammaire \u00e0 B\u00e2le<\/h2>\nL'augmentation mammaire peut \u00eatre r\u00e9alis\u00e9e en ambulatoire sous anesth\u00e9sie g\u00e9n\u00e9rale dans notre clinique \u00e0 B\u00e2le et dure environ 90 minutes.<br \/>\nLes implants sont introduits par une petite incision dans le pli sous le sein ou sur le bord inf\u00e9rieur du mamelon et sont plac\u00e9s, selon les conditions individuelles de la patiente, soit au-dessus du muscle pectoral (\u00e9pip\u00e9ctoral), soit en dessous du muscle pectoral (sous-pectoral). Selon l'indication, une augmentation mammaire par implants peut \u00e9galement \u00eatre combin\u00e9e avec un transfert suppl\u00e9mentaire de graisse autologue (augmentation mammaire dite hybride). Selon la situation initiale, il peut \u00eatre n\u00e9cessaire, en plus de l'augmentation mammaire, de raffermir le manteau cutan\u00e9 et de repositionner le mamelon.\n<h2>Juste apr\u00e8s l'op\u00e9ration<\/h2>\n<p>Apr\u00e8s l'op\u00e9ration, vous pourrez vous reposer de l'intervention dans nos belles chambres de patients avec vue sur le Rhin et vous serez pris en charge par notre \u00e9quipe. Apr\u00e8s une nouvelle visite du Dr L\u00fcdi, vous pouvez demander \u00e0 un accompagnateur de venir vous chercher et de rentrer chez vous le jour m\u00eame.<\/p>\n<h2>Le traitement ult\u00e9rieur<\/h2>\n<ul>\n<li>Le premier contr\u00f4le de suivi par le Dr L\u00fcdi a lieu d\u00e8s le lendemain.<\/li>\n<li>Pendant 6 semaines, vous devriez porter un soutien-gorge de sport bien ajust\u00e9 le jour et la nuit.<\/li>\n<li>Nous recommandons une p\u00e9riode de repos de 6 semaines afin de favoriser une gu\u00e9rison optimale. Cela signifie que pendant cette p\u00e9riode, vous devez \u00e9viter de faire du sport, de porter ou de soulever des charges et de dormir sur le ventre. Les sports tels que l'escalade, la plong\u00e9e, le golf, le tennis et le PowerPlate doivent m\u00eame \u00eatre \u00e9vit\u00e9s pendant les 3 premiers mois apr\u00e8s l'op\u00e9ration afin de favoriser une cicatrisation optimale de l'implant. Il est \u00e9galement conseill\u00e9 de ne pas porter de soutien-gorge push-up pendant les 3 mois suivant l'op\u00e9ration.<\/li>\n<li>L'intensit\u00e9 de la douleur apr\u00e8s l'op\u00e9ration est g\u00e9n\u00e9ralement mod\u00e9r\u00e9e et bien contr\u00f4l\u00e9e par les analg\u00e9siques courants.<\/li>\n<li>D\u00e8s le deuxi\u00e8me jour apr\u00e8s l'op\u00e9ration, vous pouvez \u00e0 nouveau prendre une douche avec un pansement sp\u00e9cial imperm\u00e9able.<\/li>\n<li>Les soins des cicatrices peuvent commencer \u00e0 partir de 3 semaines apr\u00e8s l'op\u00e9ration. Le Dr L\u00fcdi vous donnera les instructions n\u00e9cessaires le moment venu.<\/li>\n<\/ul>\n<h2>Risques et complications d'une augmentation mammaire<\/h2>\n<p>En principe, toute op\u00e9ration comporte certains risques, mais en g\u00e9n\u00e9ral, l'augmentation mammaire est une intervention \u00e0 faible risque et les complications sont tr\u00e8s rares. Outre les risques g\u00e9n\u00e9raux li\u00e9s \u00e0 l'op\u00e9ration (p. ex. h\u00e9matomes, troubles de la cicatrisation, probl\u00e8mes de cicatrice), il existe dans de rares cas un risque d'infection ou d'h\u00e9morragie secondaire. Les \u00e9ventuels troubles de la sensibilit\u00e9 au niveau du mamelon disparaissent g\u00e9n\u00e9ralement d'eux-m\u00eames au bout d'un certain temps. Apr\u00e8s environ 6 semaines, le corps enveloppe les implants d'une fine capsule de tissu conjonctif. Si cette capsule s'\u00e9paissit et durcit apr\u00e8s plusieurs ann\u00e9es, on parle de fibrose capsulaire. Des sympt\u00f4mes tels que douleurs, durcissement et d\u00e9formation de la forme du sein peuvent alors appara\u00eetre, de sorte que dans ces cas, les implants doivent \u00eatre chang\u00e9s. Les implants modernes, comme ceux utilis\u00e9s par le Dr L\u00fcdi, ont une surface nanotextur\u00e9e, c'est-\u00e0-dire tr\u00e8s finement rugueuse. Par rapport aux implants lisses, le risque de fibrose capsulaire est donc plus faible. Lors de l'entretien de consultation, le Dr L\u00fcdi discutera en d\u00e9tail avec vous des risques et des complications possibles et r\u00e9pondra volontiers \u00e0 toutes vos questions.<\/p>\n<h2>M\u00e9thodes de traitement alternatives<\/h2>\n<p>Une alternative aux implants mammaires est la <a href=\"https:\/\/www.zumgoldenenschnitt.ch\/fr\/offre\/poitrine\/augmentation-poitrine-avec-graisse-propre\/\">Traitement par graisse autologue<\/a> qui consiste \u00e0 pr\u00e9lever du tissu adipeux dans une autre partie du corps, \u00e0 le pr\u00e9parer et \u00e0 l'introduire dans le sein. Pour obtenir la taille de poitrine souhait\u00e9e, plusieurs interventions (2 \u00e0 3 s\u00e9ances) sont parfois n\u00e9cessaires \u00e0 des intervalles d'environ 3 \u00e0 6 mois.<\/p>\n<h2>Co\u00fbts<\/h2>\n<p>Les co\u00fbts d'une augmentation mammaire d\u00e9pendent de vos souhaits, du type et de l'ampleur de l'op\u00e9ration ainsi que du mat\u00e9riel n\u00e9cessaire (entre autres les implants). Dans le cadre d'un entretien de conseil, le Dr L\u00fcdi \u00e9tablira un traitement adapt\u00e9 \u00e0 vos besoins personnels et vous soumettra un devis individuel. En r\u00e8gle g\u00e9n\u00e9rale, la caisse de maladie ne prend pas en charge les frais d'une augmentation mammaire, car il s'agit d'une intervention esth\u00e9tique.<\/p>\n<h2>Questions fr\u00e9quentes<\/h2>\n\t\t\t\t\t\t\t\t\t\t<h3 tabindex=\"0\">Comment se d\u00e9roule une premi\u00e8re consultation pour une augmentation mammaire et comment puis-je me pr\u00e9parer au mieux ?<\/h3>\n\t\t\t\t\t<p>De femme \u00e0 femme, le Dr L\u00fcdi discute de vos souhaits et \u00e9value avec vous l'\u00e9tat initial de votre poitrine. Le Dr L\u00fcdi vous donne toutes les informations sur le d\u00e9roulement et le suivi d'une augmentation mammaire par implants et vous informe des risques et des complications possibles. Le Dr L\u00fcdi d\u00e9termine ensuite avec vous quel implant, dans quelle position et quelle taille, vous convient le mieux.<\/p>\n<p>Pour de nombreuses femmes, il est utile d'apporter des notes personnelles avec des questions \u00e9ventuelles, des souhaits et des craintes \u00e9ventuelles lors de la consultation. Le Dr L\u00fcdi prendra volontiers le temps de discuter avec vous de ces diff\u00e9rents points. Si vous le souhaitez, vous pouvez \u00e9galement venir avec une personne qui vous accompagne, par exemple votre m\u00e8re ou une amie proche.<\/p>\n\t\t\t\t\t\t\t\t\t\t<h3 tabindex=\"0\">Comment trouver la taille de poitrine qui me convient ?<\/h3>\n\t\t\t\t\t<p>La taille de poitrine souhait\u00e9e est discut\u00e9e avec vous au pr\u00e9alable. Lors de l'entretien de consultation, le Dr L\u00fcdi attache une grande importance \u00e0 comprendre tr\u00e8s pr\u00e9cis\u00e9ment ce que vous souhaitez. En mesurant pr\u00e9cis\u00e9ment l'anatomie de votre poitrine et en tenant compte de vos souhaits, elle d\u00e9finit avec vous la taille de l'implant. Pour que vous puissiez mieux vous repr\u00e9senter le r\u00e9sultat et la taille, le Dr L\u00fcdi utilise en outre des coussinets de soutien-gorge sp\u00e9ciaux ainsi qu'une simulation sur ordinateur.<\/p>\n\t\t\t\t\t\t\t\t\t\t<h3 tabindex=\"0\">Comment se manifestent les douleurs apr\u00e8s une augmentation mammaire ?<\/h3>\n\t\t\t\t\t<p>Gr\u00e2ce \u00e0 une technique op\u00e9ratoire douce, les douleurs et l'inconfort sont mod\u00e9r\u00e9s imm\u00e9diatement apr\u00e8s l'op\u00e9ration et peuvent \u00eatre contr\u00f4l\u00e9s avec des analg\u00e9siques courants. Les douleurs ressemblent \u00e0 des courbatures au niveau de la poitrine et correspondent \u00e0 une sensation de tension. <\/p>\n\t\t\t\t\t\t\t\t\t\t<h3 tabindex=\"0\">Des cicatrices seront-elles visibles apr\u00e8s une augmentation mammaire par implants ?<\/h3>\n\t\t\t\t\t<p>Les implants mammaires sont introduits par un acc\u00e8s dans le pli sous le sein, plus rarement par une incision sur le bord inf\u00e9rieur du mamelon. De petites cicatrices subsistent au niveau des incisions. Toutefois, celles-ci sont g\u00e9n\u00e9ralement \u00e0 peine visibles apr\u00e8s la gu\u00e9rison compl\u00e8te et la maturation de la cicatrice. Apr\u00e8s l'op\u00e9ration, le Dr L\u00fcdi vous donnera des instructions pr\u00e9cises sur les soins \u00e0 apporter aux cicatrices afin de favoriser une belle cicatrisation.<\/p>\n\t\t\t\t\t\t\t\t\t\t<h3 tabindex=\"0\">Combien de temps puis-je ne pas travailler apr\u00e8s une op\u00e9ration du sein ?<\/h3>\n\t\t\t\t\t<p>En fonction de l'activit\u00e9 professionnelle et de l'effort physique, vous devez vous attendre \u00e0 une incapacit\u00e9 de travail d'environ une semaine. Ensuite, les activit\u00e9s qui n'impliquent pas une forte utilisation des bras peuvent \u00e0 nouveau \u00eatre exerc\u00e9es. Pour les professions o\u00f9 les bras sont fortement sollicit\u00e9s (p. ex. coiffure, massage, professions de soins), il faut compter 3 \u00e0 4 semaines avant d'\u00eatre \u00e0 nouveau 100% op\u00e9rationnel et performant.<\/p>\n\t\t\t\t\t\t\t\t\t\t<h3 tabindex=\"0\">Combien de temps puis-je ne pas faire de sport apr\u00e8s une augmentation mammaire ?<\/h3>\n\t\t\t\t\t<p>Apr\u00e8s six semaines, la gu\u00e9rison est suffisamment avanc\u00e9e pour que vous puissiez reprendre lentement une activit\u00e9 sportive. Soyez \u00e0 l'\u00e9coute de votre corps et observez les signaux d'alarme tels que les douleurs ou l'augmentation du gonflement. Dans ce cas, il est recommand\u00e9 d'attendre avant de poursuivre l'entra\u00eenement et d'accorder un peu de repos au corps. Les sports qui sollicitent fortement le muscle pectoral, comme le golf, le tennis ou l'escalade, ne devraient \u00eatre repris qu'apr\u00e8s trois mois.<\/p>\n\t\t\t\t\t\t\t\t\t\t<h3 tabindex=\"0\">Combien de temps dois-je porter un soutien-gorge de maintien apr\u00e8s une augmentation mammaire ?<\/h3>\n\t\t\t\t\t<p>Apr\u00e8s l'op\u00e9ration, vous devez porter un soutien-gorge de soutien jour et nuit pendant 6 semaines. Vous pouvez l'enlever pour vous doucher.<\/p>\n\t\t\t\t\t\t\t\t\t\t<h3 tabindex=\"0\">Quand puis-je reprendre une douche apr\u00e8s une augmentation mammaire ?<\/h3>\n\t\t\t\t\t<p>D\u00e8s le deuxi\u00e8me jour apr\u00e8s l'op\u00e9ration, vous pouvez \u00e0 nouveau vous doucher avec un pansement sp\u00e9cial imperm\u00e9able.<\/p>\n\t\t\t\t\t\t\t\t\t\t<h3 tabindex=\"0\">L'implant doit-il \u00eatre remplac\u00e9 apr\u00e8s un certain temps ?<\/h3>\n\t\t\t\t\t<p>Non, en raison de la qualit\u00e9 et de la s\u00e9curit\u00e9 \u00e9lev\u00e9es des implants mammaires actuels, les implants mammaires modernes ne doivent \u00eatre remplac\u00e9s qu'en cas de complications \u00e9ventuelles. Un changement planifi\u00e9 tous les 10 \u00e0 15 ans, comme cela \u00e9tait recommand\u00e9 auparavant, n'est plus n\u00e9cessaire. En l'absence de troubles, des contr\u00f4les r\u00e9guliers suffisent. Des op\u00e9rations de suivi, par exemple en raison d'une fibrose de la capsule, peuvent \u00eatre n\u00e9cessaires au cours de l'\u00e9volution.<\/p>\n\t\t\t\t\t\t\t\t\t\t<h3 tabindex=\"0\">Les implants mammaires peuvent-ils se casser ?<\/h3>\n\t\t\t\t\t<p>Gr\u00e2ce \u00e0 leur enveloppe ext\u00e9rieure solide, les implants mammaires actuels sont extr\u00eamement r\u00e9sistants et ne se cassent pratiquement pas. Dans de rares cas, en particulier pour les implants d'ancienne g\u00e9n\u00e9ration, l'enveloppe de l'implant peut se d\u00e9chirer (rupture de l'implant) en raison de l'usure subie pendant de nombreuses ann\u00e9es ou de violences ext\u00e9rieures importantes, par exemple lors d'un grave accident de voiture. Une \u00e9ventuelle d\u00e9t\u00e9rioration de l'implant peut \u00eatre constat\u00e9e par IRM. Les implants modernes actuels \u00e9tant compos\u00e9s de gel de silicone coh\u00e9sif et ind\u00e9formable, les implants ne fuient plus. N\u00e9anmoins, nous recommandons de proc\u00e9der \u00e0 un changement d'implant en cas d'endommagement de celui-ci.<\/p>\n\t\t\t\t\t\t\t\t\t\t<h3 tabindex=\"0\">L'implant mammaire peut-il fuir ?<\/h3>\n\t\t\t\t\t<p>Les implants modernes, tels que ceux utilis\u00e9s par le Dr L\u00fcdi, sont compos\u00e9s d'un gel de silicone coh\u00e9sif qui conserve sa forme et ne fuit pas dans le corps m\u00eame si l'enveloppe de l'implant est endommag\u00e9e.<\/p>\n\t\t\t\t\t\t\t\t\t\t<h3 tabindex=\"0\">Quels sont les implants utilis\u00e9s ?<\/h3>\n\t\t\t\t\t<p>Nous n'utilisons que les implants les plus modernes et de la plus haute qualit\u00e9 de soci\u00e9t\u00e9s renomm\u00e9es. La forme, la taille et la surface de l'implant choisi sont discut\u00e9es avec vous dans le cadre de la consultation.<\/p>\n\t\t\t\t\t\t\t\t\t\t<h3 tabindex=\"0\">Peut-on encore allaiter apr\u00e8s une augmentation mammaire par implants ?<\/h3>\n\t\t\t\t\t<p>Oui, l'allaitement est possible m\u00eame apr\u00e8s une augmentation mammaire, car l'implant est plac\u00e9 derri\u00e8re les glandes mammaires et l'allaitement n'est pas affect\u00e9.<\/p>\n\t\t\t\t\t\t\t\t\t\t<h3 tabindex=\"0\">Combien de temps dois-je attendre apr\u00e8s une grossesse pour subir une augmentation mammaire ?<\/h3>\n\t\t\t\t\t<p>Pendant la grossesse et aussi pendant la phase d'allaitement, la poitrine f\u00e9minine se modifie. Pour un r\u00e9sultat optimal, nous recommandons d'attendre au moins 3 \u00e0 6 mois apr\u00e8s le sevrage avant de proc\u00e9der \u00e0 une augmentation mammaire, afin que les seins puissent se remettre des changements physiques. Le Dr L\u00fcdi se fera un plaisir de vous conseiller personnellement dans notre clinique \u00e0 B\u00e2le pour savoir quel est le meilleur moment pour votre augmentation mammaire.<\/p>\n\t\t\t\t\t\t\t\t\t\t<h3 tabindex=\"0\">L'augmentation mammaire affecte-t-elle le d\u00e9pistage du cancer ?<\/h3>\n\t\t\t\t\t<p>Non, les implants sont plac\u00e9s derri\u00e8re la glande mammaire et les examens de d\u00e9pistage du cancer (palpation, \u00e9chographie, IRM, mammographie) sont effectu\u00e9s par des professionnels entra\u00een\u00e9s et exp\u00e9riment\u00e9s, de sorte que le d\u00e9pistage du cancer n'est pas compromis.<\/p>\n\t<p>Lisez aussi les articles du Journal <a href=\"https:\/\/www.zumgoldenenschnitt.ch\/fr\/formes-et-tailles-des-implants-mammaires\/\">\"Formes et tailles des implants mammaires\".<\/a>\u00a0et <a href=\"https:\/\/www.zumgoldenenschnitt.ch\/fr\/comment-trouver-la-taille-dimplant-mammaire-qui-me-convient\/\">\"Augmentation mammaire - Comment trouver la taille d'implant mammaire qui me convient ?\"<\/a>.<\/p>\n<p>Le Dr Simona L\u00fcdi vous accueille volontiers pour un entretien personnel en vue d'une augmentation mammaire dans notre clinique \u00e0 B\u00e2le. Nous nous r\u00e9jouissons de vous rencontrer.<\/p>\n\t\t\t<a href=\"https:\/\/booking.epat.ch\/goldenschnitt\/booking\" title=\"Cliquez ici\" target=\"_blank\" rel=\"noopener\"  role=\"button\" aria-label=\"R\u00e9server un rendez-vous de consultation\">\n\t\t\t\t\t\t\tR\u00e9server un rendez-vous de consultation\n\t\t<\/a>","protected":false},"excerpt":{"rendered":"<p>Une poitrine d'aspect naturel, plus grosse et bien form\u00e9e est le souhait de nombreuses patientes. L'augmentation mammaire (mammoplastie) reste l'une des op\u00e9rations esth\u00e9tiques les plus courantes. Aussi bien les jeunes femmes qui n'ont qu'une petite poitrine apr\u00e8s la fin de la croissance mammaire que les femmes qui ont moins de volume mammaire apr\u00e8s une grossesse ou une phase d'allaitement et qui souffrent d'un rel\u00e2chement [...].<\/p>","protected":false},"author":6,"featured_media":1585,"parent":555,"menu_order":1,"comment_status":"closed","ping_status":"closed","template":"","meta":{"_seopress_robots_primary_cat":"","_seopress_titles_title":"Brustvergr\u00f6sserung mit Implantaten | Dr. Simona L\u00fcdi | Basel","_seopress_titles_desc":"Brustvergr\u00f6sserung Basel \u2013 Dr. Simona L\u00fcdi, Zum Goldenen Schnitt: sichere Implantate, pers\u00f6nliche Beratung & nat\u00fcrliche Resultate.","_seopress_robots_index":"","inline_featured_image":false,"site-sidebar-layout":"default","site-content-layout":"","ast-site-content-layout":"default","site-content-style":"default","site-sidebar-style":"default","ast-global-header-display":"","ast-banner-title-visibility":"","ast-main-header-display":"","ast-hfb-above-header-display":"","ast-hfb-below-header-display":"","ast-hfb-mobile-header-display":"","site-post-title":"","ast-breadcrumbs-content":"","ast-featured-img":"","footer-sml-layout":"","theme-transparent-header-meta":"","adv-header-id-meta":"","stick-header-meta":"","header-above-stick-meta":"","header-main-stick-meta":"","header-below-stick-meta":"","astra-migrate-meta-layouts":"set","ast-page-background-enabled":"default","ast-page-background-meta":{"desktop":{"background-color":"var(--ast-global-color-4)","background-image":"","background-repeat":"repeat","background-position":"center center","background-size":"auto","background-attachment":"scroll","background-type":"","background-media":"","overlay-type":"","overlay-color":"","overlay-opacity":"","overlay-gradient":""},"tablet":{"background-color":"","background-image":"","background-repeat":"repeat","background-position":"center center","background-size":"auto","background-attachment":"scroll","background-type":"","background-media":"","overlay-type":"","overlay-color":"","overlay-opacity":"","overlay-gradient":""},"mobile":{"background-color":"","background-image":"","background-repeat":"repeat","background-position":"center center","background-size":"auto","background-attachment":"scroll","background-type":"","background-media":"","overlay-type":"","overlay-color":"","overlay-opacity":"","overlay-gradient":""}},"ast-content-background-meta":{"desktop":{"background-color":"var(--ast-global-color-5)","background-image":"","background-repeat":"repeat","background-position":"center center","background-size":"auto","background-attachment":"scroll","background-type":"","background-media":"","overlay-type":"","overlay-color":"","overlay-opacity":"","overlay-gradient":""},"tablet":{"background-color":"var(--ast-global-color-5)","background-image":"","background-repeat":"repeat","background-position":"center center","background-size":"auto","background-attachment":"scroll","background-type":"","background-media":"","overlay-type":"","overlay-color":"","overlay-opacity":"","overlay-gradient":""},"mobile":{"background-color":"var(--ast-global-color-5)","background-image":"","background-repeat":"repeat","background-position":"center center","background-size":"auto","background-attachment":"scroll","background-type":"","background-media":"","overlay-type":"","overlay-color":"","overlay-opacity":"","overlay-gradient":""}},"footnotes":""},"class_list":["post-606","page","type-page","status-publish","has-post-thumbnail"],"_links":{"self":[{"href":"https:\/\/www.zumgoldenenschnitt.ch\/fr\/wp-json\/wp\/v2\/pages\/606","targetHints":{"allow":["GET"]}}],"collection":[{"href":"https:\/\/www.zumgoldenenschnitt.ch\/fr\/wp-json\/wp\/v2\/pages"}],"about":[{"href":"https:\/\/www.zumgoldenenschnitt.ch\/fr\/wp-json\/wp\/v2\/types\/page"}],"author":[{"embeddable":true,"href":"https:\/\/www.zumgoldenenschnitt.ch\/fr\/wp-json\/wp\/v2\/users\/6"}],"replies":[{"embeddable":true,"href":"https:\/\/www.zumgoldenenschnitt.ch\/fr\/wp-json\/wp\/v2\/comments?post=606"}],"version-history":[{"count":13,"href":"https:\/\/www.zumgoldenenschnitt.ch\/fr\/wp-json\/wp\/v2\/pages\/606\/revisions"}],"predecessor-version":[{"id":2146,"href":"https:\/\/www.zumgoldenenschnitt.ch\/fr\/wp-json\/wp\/v2\/pages\/606\/revisions\/2146"}],"up":[{"embeddable":true,"href":"https:\/\/www.zumgoldenenschnitt.ch\/fr\/wp-json\/wp\/v2\/pages\/555"}],"wp:featuredmedia":[{"embeddable":true,"href":"https:\/\/www.zumgoldenenschnitt.ch\/fr\/wp-json\/wp\/v2\/media\/1585"}],"wp:attachment":[{"href":"https:\/\/www.zumgoldenenschnitt.ch\/fr\/wp-json\/wp\/v2\/media?parent=606"}],"curies":[{"name":"wp","href":"https:\/\/api.w.org\/{rel}","templated":true}]}}