{"id":610,"date":"2023-01-26T16:55:30","date_gmt":"2023-01-26T15:55:30","guid":{"rendered":"https:\/\/www.zumgoldenenschnitt.ch\/?page_id=610"},"modified":"2026-02-26T14:05:33","modified_gmt":"2026-02-26T13:05:33","slug":"bruststraffung-mastopexie","status":"publish","type":"page","link":"https:\/\/www.zumgoldenenschnitt.ch\/fr\/offre\/poitrine\/lifting-des-seins-mastopexie\/","title":{"rendered":"lifting des seins | mastopexie"},"content":{"rendered":"<p>La poitrine f\u00e9minine se modifie au fil du temps. Les grossesses, les phases d'allaitement, les pertes de poids importantes, le processus de vieillissement normal mais aussi la gravit\u00e9 peuvent entra\u00eener un rel\u00e2chement de la poitrine f\u00e9minine, une modification de sa forme et une diminution de sa fermet\u00e9. Cela peut \u00eatre corrig\u00e9 par un lifting des seins, \u00e9galement appel\u00e9 mastopexie. Cette intervention permet de remodeler la forme des seins en enlevant la peau exc\u00e9dentaire, en remontant le complexe du mamelon et en remodelant et redistribuant le tissu glandulaire mammaire. Dans certains cas, outre le lifting, une augmentation mammaire suppl\u00e9mentaire avec des implants ou de la graisse autologue peut \u00eatre n\u00e9cessaire pour obtenir le r\u00e9sultat souhait\u00e9 (mastopexie d'augmentation).<\/p>\n\t\t\t\t<img loading=\"lazy\" decoding=\"async\" src=\"https:\/\/www.zumgoldenenschnitt.ch\/wp-content\/uploads\/2023\/02\/18-lifting-des-seins-mastopexie-info-fr.svg\" alt=\"18 informations sur le lifting des seins\" itemprop=\"image\" height=\"1000\" width=\"1000\" title=\"18-relaxation des seins-infos\" onerror=\"this.style.display='none'\">\n\t\t\t\t<img loading=\"lazy\" decoding=\"async\" src=\"https:\/\/www.zumgoldenenschnitt.ch\/wp-content\/uploads\/2023\/01\/bruststraffung-mastopexie-basel.jpg\" alt=\"lifting des seins mastopexie basel\" itemprop=\"image\" height=\"1000\" width=\"1000\" title=\"lifting des seins-mastopexie-basel\" onerror=\"this.style.display='none'\">\n\t<h2>La consultation<\/h2>\nEn tant que chirurgienne plasticienne, le Dr L\u00fcdi est sp\u00e9cialis\u00e9e dans les op\u00e9rations des seins et se fera un plaisir de vous conseiller personnellement, de femme \u00e0 femme, sur le th\u00e8me du lifting des seins dans sa clinique de B\u00e2le.<br>\nEn r\u00e8gle g\u00e9n\u00e9rale, deux consultations d\u00e9taill\u00e9es ont lieu avant un lifting des seins. Il est tr\u00e8s important pour nous que vous soyez bien inform\u00e9e sur l'intervention, que nous r\u00e9pondions \u00e0 toutes les questions en suspens et que vos souhaits soient pris en compte. Le Dr L\u00fcdi discute avec vous de la technique op\u00e9ratoire et de l'incision exacte pour raffermir les seins, des risques et des complications possibles ainsi que du traitement postop\u00e9ratoire. Le Dr L\u00fcdi se fera \u00e9galement un plaisir de vous montrer les r\u00e9sultats avant et apr\u00e8s une op\u00e9ration de lifting des seins.\n<h2>Le jour de l'op\u00e9ration<\/h2>\n<p>Le jour de l'op\u00e9ration, le Dr L\u00fcdi r\u00e9alise une documentation photographique avant l'intervention et proc\u00e8de aux marquages exacts sur la poitrine. Ensuite, elle vous pr\u00e9pare \u00e0 l'op\u00e9ration \u00e0 venir et vous accompagne en salle d'op\u00e9ration.<\/p>\n<h2>L'op\u00e9ration - comment peut-on raffermir les seins ?<\/h2>\n<p>Le lifting des seins peut \u00eatre r\u00e9alis\u00e9 en ambulatoire sous anesth\u00e9sie g\u00e9n\u00e9rale dans notre clinique de B\u00e2le et dure environ 2 \u00e0 2,5 heures. L'incision est g\u00e9n\u00e9ralement pratiqu\u00e9e autour de l'ar\u00e9ole du mamelon, verticalement vers le bas dans le pli sous-mammaire (incision verticale) et, si indiqu\u00e9, horizontalement dans le pli sous-mammaire (incision en T). Le complexe du mamelon est ensuite repositionn\u00e9, la peau exc\u00e9dentaire est retir\u00e9e et le corps glandulaire est redistribu\u00e9 et remodel\u00e9 de mani\u00e8re \u00e0 obtenir une forme de sein esth\u00e9tique et ferme.<\/p>\n<h2>Juste apr\u00e8s l'op\u00e9ration<\/h2>\n<p>Apr\u00e8s l'op\u00e9ration, vous pourrez vous reposer de l'intervention dans nos belles chambres de patients avec vue sur le Rhin et vous serez pris en charge par notre \u00e9quipe. Apr\u00e8s une nouvelle visite du Dr L\u00fcdi, vous pouvez demander \u00e0 un accompagnateur de venir vous chercher et de rentrer chez vous le jour m\u00eame.<\/p>\n<h2>Le traitement ult\u00e9rieur<\/h2>\n<ul>\n<li>Le premier contr\u00f4le de suivi par le Dr L\u00fcdi a lieu d\u00e8s le lendemain.<\/li>\n<li>Pendant 6 semaines, vous devriez porter un soutien-gorge de sport bien ajust\u00e9 le jour et la nuit.<\/li>\n<li>Nous recommandons une p\u00e9riode de repos de 6 semaines. Pendant cette p\u00e9riode, \u00e9vitez autant que possible de faire du sport, de porter ou de soulever des charges et de dormir sur le ventre.<\/li>\n<li>L'intensit\u00e9 de la douleur apr\u00e8s l'op\u00e9ration est g\u00e9n\u00e9ralement mod\u00e9r\u00e9e et bien contr\u00f4l\u00e9e par les analg\u00e9siques courants.<\/li>\n<li>Les soins des cicatrices peuvent commencer \u00e0 partir de 3 semaines apr\u00e8s le lifting des seins.<\/li>\n<\/ul>\n<h2>Risques et complications<\/h2>\n<p>En principe, toute op\u00e9ration comporte certains risques, mais en g\u00e9n\u00e9ral, le lifting des seins est une intervention \u00e0 faible risque et les complications sont tr\u00e8s rares. Outre les risques g\u00e9n\u00e9raux li\u00e9s \u00e0 l'op\u00e9ration (p. ex. h\u00e9matomes, troubles de la cicatrisation), il existe dans de rares cas un risque d'infection ou d'h\u00e9morragie secondaire. Les troubles de la sensibilit\u00e9 dans la r\u00e9gion du mamelon disparaissent g\u00e9n\u00e9ralement d'eux-m\u00eames au bout d'un certain temps. Dans quelques cas, il peut \u00eatre n\u00e9cessaire de corriger secondairement des cicatrices \u00e9largies, ce qui peut \u00eatre fait sous anesth\u00e9sie locale. Dans le cadre de l'entretien de consultation, le Dr L\u00fcdi discute avec vous en d\u00e9tail des risques et des complications possibles et r\u00e9pond volontiers \u00e0 toutes vos questions.<\/p>\n<h2>Co\u00fbts<\/h2>\n<p>Le co\u00fbt d'un lifting des seins d\u00e9pend de vos souhaits, du type et de l'ampleur de l'op\u00e9ration ainsi que du mat\u00e9riel n\u00e9cessaire. Dans le cadre d'un entretien de conseil, le Dr L\u00fcdi \u00e9tablira un traitement adapt\u00e9 \u00e0 vos besoins personnels et vous soumettra un devis individuel.<\/p>\n<p>En r\u00e8gle g\u00e9n\u00e9rale, la caisse de maladie ne prend pas en charge les frais d'un lifting des seins, car il s'agit d'une intervention esth\u00e9tique.<\/p>\n<h2>Questions fr\u00e9quentes<\/h2>\n\t\t\t\t\t\t\t\t\t\t<h3 tabindex=\"0\">\u00c0 qui s'adresse le lifting des seins ?<\/h3>\n\t\t\t\t\t<p>Les grossesses, mais aussi l'avanc\u00e9e en \u00e2ge, modifient la poitrine f\u00e9minine, de sorte que la peau et le tissu mammaire peuvent se rel\u00e2cher et entra\u00eener un affaissement de la poitrine. De nombreuses femmes souhaitent donc retrouver une poitrine ferme. En tant que chirurgienne plasticienne, le Dr L\u00fcdi est sp\u00e9cialis\u00e9e dans les op\u00e9rations des seins et se fera un plaisir de vous conseiller personnellement, de femme \u00e0 femme, sur le th\u00e8me du lifting des seins dans sa clinique de B\u00e2le.<\/p>\n\t\t\t\t\t\t\t\t\t\t<h3 tabindex=\"0\">Combien de temps faut-il attendre apr\u00e8s une grossesse pour subir un lifting des seins ?<\/h3>\n\t\t\t\t\t<p>Pendant la grossesse et aussi pendant la phase d'allaitement, la poitrine f\u00e9minine se modifie. Pour un r\u00e9sultat optimal, nous recommandons d'attendre au moins 3 \u00e0 6 mois apr\u00e8s le sevrage avant de proc\u00e9der \u00e0 un lifting des seins.<\/p>\n\t\t\t\t\t\t\t\t\t\t<h3 tabindex=\"0\">Comment sont les douleurs apr\u00e8s un lifting des seins ?<\/h3>\n\t\t\t\t\t<p>Les douleurs et l'inconfort directement apr\u00e8s l'op\u00e9ration sont mod\u00e9r\u00e9s et peuvent \u00eatre contr\u00f4l\u00e9s avec des analg\u00e9siques courants.<\/p>\n\t\t\t\t\t\t\t\t\t\t<h3 tabindex=\"0\">Quelles sont les cicatrices dues au lifting des seins ?<\/h3>\n\t\t\t\t\t<p>Selon le type d'incision, les cicatrices entourent l'ar\u00e9ole, descendent verticalement dans le pli sous-mammaire (incision verticale) et, si cela est indiqu\u00e9, s'\u00e9tendent horizontalement dans le pli sous-mammaire (incision en T). Apr\u00e8s la gu\u00e9rison et la maturation de la cicatrice, les cicatrices sont en g\u00e9n\u00e9ral tr\u00e8s fines, estomp\u00e9es et \u00e0 peine visibles. Apr\u00e8s l'op\u00e9ration, le Dr L\u00fcdi vous donnera des instructions pr\u00e9cises sur les soins \u00e0 apporter aux cicatrices afin de favoriser une belle cicatrisation. Dans de rares cas, une correction secondaire des cicatrices \u00e9largies peut s'av\u00e9rer n\u00e9cessaire.<\/p>\n\t\t\t\t\t\t\t\t\t\t<h3 tabindex=\"0\">Combien de temps ne puis-je pas travailler apr\u00e8s un lifting des seins ?<\/h3>\n\t\t\t\t\t<p>En fonction de l'activit\u00e9 professionnelle et de l'effort physique, vous devez vous attendre \u00e0 une incapacit\u00e9 de travail d'environ une semaine.<\/p>\n\t\t\t\t\t\t\t\t\t\t<h3 tabindex=\"0\">Quand puis-je reprendre le sport apr\u00e8s un lifting des seins ?<\/h3>\n\t\t\t\t\t<p>Apr\u00e8s six semaines, la gu\u00e9rison est suffisamment avanc\u00e9e pour que vous puissiez reprendre lentement une activit\u00e9 sportive. Soyez \u00e0 l'\u00e9coute de votre corps et observez les signaux d'alarme tels que les douleurs ou l'augmentation du gonflement. Dans ce cas, il est recommand\u00e9 d'attendre avant de reprendre l'entra\u00eenement et de laisser le corps se reposer un peu.<\/p>\n\t\t\t\t\t\t\t\t\t\t<h3 tabindex=\"0\">Peut-on encore allaiter apr\u00e8s un lifting des seins ?<\/h3>\n\t\t\t\t\t<p>Selon la technique chirurgicale et l'anatomie individuelle, s'il y a suffisamment de tissu lactif\u00e8re dans le sein, il est encore possible d'allaiter, du moins partiellement.<\/p>\n\t<p>Le Dr Simona L\u00fcdi se fera un plaisir de vous recevoir pour un entretien personnel concernant un lifting des seins dans notre clinique \u00e0 B\u00e2le. Nous nous r\u00e9jouissons de vous rencontrer.<\/p>\n\t\t\t<a href=\"https:\/\/booking.epat.ch\/goldenschnitt\/booking\" target=\"_blank\" rel=\"noopener\" role=\"button\" aria-label=\"R\u00e9server un rendez-vous de consultation\">\n\t\t\t\t\t\t\tR\u00e9server un rendez-vous de consultation\n\t\t<\/a>","protected":false},"excerpt":{"rendered":"<p>La poitrine f\u00e9minine se modifie au fil du temps. Les grossesses, les phases d'allaitement, les pertes de poids importantes, le processus de vieillissement normal mais aussi la gravit\u00e9 peuvent entra\u00eener un rel\u00e2chement de la poitrine f\u00e9minine, une modification de sa forme et une diminution de sa fermet\u00e9. Cela peut \u00eatre corrig\u00e9 par un lifting des seins, \u00e9galement appel\u00e9 mastopexie. Cette op\u00e9ration consiste \u00e0 remodeler la forme des seins en enlevant l'exc\u00e9dent de graisse et en [...].<\/p>","protected":false},"author":6,"featured_media":1579,"parent":555,"menu_order":4,"comment_status":"closed","ping_status":"closed","template":"","meta":{"_seopress_robots_primary_cat":"","_seopress_titles_title":"Bruststraffung | Klinik Zum Goldenen Schnitt | Basel","_seopress_titles_desc":"Erschlaffte Brust nach Schwangerschaft & Stillen? Operative Bruststraffung durch Frau Dr. Simona L\u00fcdi, Fach\u00e4rztin f\u00fcr Plastische & \u00c4sthetische Chirurgie in Basel.","_seopress_robots_index":"","inline_featured_image":false,"site-sidebar-layout":"default","site-content-layout":"","ast-site-content-layout":"default","site-content-style":"default","site-sidebar-style":"default","ast-global-header-display":"","ast-banner-title-visibility":"","ast-main-header-display":"","ast-hfb-above-header-display":"","ast-hfb-below-header-display":"","ast-hfb-mobile-header-display":"","site-post-title":"","ast-breadcrumbs-content":"","ast-featured-img":"","footer-sml-layout":"","theme-transparent-header-meta":"","adv-header-id-meta":"","stick-header-meta":"","header-above-stick-meta":"","header-main-stick-meta":"","header-below-stick-meta":"","astra-migrate-meta-layouts":"set","ast-page-background-enabled":"default","ast-page-background-meta":{"desktop":{"background-color":"var(--ast-global-color-4)","background-image":"","background-repeat":"repeat","background-position":"center center","background-size":"auto","background-attachment":"scroll","background-type":"","background-media":"","overlay-type":"","overlay-color":"","overlay-opacity":"","overlay-gradient":""},"tablet":{"background-color":"","background-image":"","background-repeat":"repeat","background-position":"center center","background-size":"auto","background-attachment":"scroll","background-type":"","background-media":"","overlay-type":"","overlay-color":"","overlay-opacity":"","overlay-gradient":""},"mobile":{"background-color":"","background-image":"","background-repeat":"repeat","background-position":"center center","background-size":"auto","background-attachment":"scroll","background-type":"","background-media":"","overlay-type":"","overlay-color":"","overlay-opacity":"","overlay-gradient":""}},"ast-content-background-meta":{"desktop":{"background-color":"var(--ast-global-color-5)","background-image":"","background-repeat":"repeat","background-position":"center center","background-size":"auto","background-attachment":"scroll","background-type":"","background-media":"","overlay-type":"","overlay-color":"","overlay-opacity":"","overlay-gradient":""},"tablet":{"background-color":"var(--ast-global-color-5)","background-image":"","background-repeat":"repeat","background-position":"center center","background-size":"auto","background-attachment":"scroll","background-type":"","background-media":"","overlay-type":"","overlay-color":"","overlay-opacity":"","overlay-gradient":""},"mobile":{"background-color":"var(--ast-global-color-5)","background-image":"","background-repeat":"repeat","background-position":"center center","background-size":"auto","background-attachment":"scroll","background-type":"","background-media":"","overlay-type":"","overlay-color":"","overlay-opacity":"","overlay-gradient":""}},"footnotes":""},"class_list":["post-610","page","type-page","status-publish","has-post-thumbnail"],"_links":{"self":[{"href":"https:\/\/www.zumgoldenenschnitt.ch\/fr\/wp-json\/wp\/v2\/pages\/610","targetHints":{"allow":["GET"]}}],"collection":[{"href":"https:\/\/www.zumgoldenenschnitt.ch\/fr\/wp-json\/wp\/v2\/pages"}],"about":[{"href":"https:\/\/www.zumgoldenenschnitt.ch\/fr\/wp-json\/wp\/v2\/types\/page"}],"author":[{"embeddable":true,"href":"https:\/\/www.zumgoldenenschnitt.ch\/fr\/wp-json\/wp\/v2\/users\/6"}],"replies":[{"embeddable":true,"href":"https:\/\/www.zumgoldenenschnitt.ch\/fr\/wp-json\/wp\/v2\/comments?post=610"}],"version-history":[{"count":8,"href":"https:\/\/www.zumgoldenenschnitt.ch\/fr\/wp-json\/wp\/v2\/pages\/610\/revisions"}],"predecessor-version":[{"id":1849,"href":"https:\/\/www.zumgoldenenschnitt.ch\/fr\/wp-json\/wp\/v2\/pages\/610\/revisions\/1849"}],"up":[{"embeddable":true,"href":"https:\/\/www.zumgoldenenschnitt.ch\/fr\/wp-json\/wp\/v2\/pages\/555"}],"wp:featuredmedia":[{"embeddable":true,"href":"https:\/\/www.zumgoldenenschnitt.ch\/fr\/wp-json\/wp\/v2\/media\/1579"}],"wp:attachment":[{"href":"https:\/\/www.zumgoldenenschnitt.ch\/fr\/wp-json\/wp\/v2\/media?parent=610"}],"curies":[{"name":"wp","href":"https:\/\/api.w.org\/{rel}","templated":true}]}}