{"id":614,"date":"2023-01-26T16:56:24","date_gmt":"2023-01-26T15:56:24","guid":{"rendered":"https:\/\/www.zumgoldenenschnitt.ch\/?page_id=614"},"modified":"2026-02-26T14:05:15","modified_gmt":"2026-02-26T13:05:15","slug":"brustimplantate-entfernen-oder-wechseln","status":"publish","type":"page","link":"https:\/\/www.zumgoldenenschnitt.ch\/fr\/offre\/poitrine\/enlever-ou-changer-des-implants-de-poitrine\/","title":{"rendered":"Retirer ou changer des implants mammaires"},"content":{"rendered":"<p>L'augmentation mammaire par implants reste l'une des op\u00e9rations esth\u00e9tiques les plus courantes. Il n'est plus n\u00e9cessaire de planifier le remplacement des implants tous les 10 \u00e0 15 ans, comme cela \u00e9tait recommand\u00e9 auparavant. Il se peut toutefois que des op\u00e9rations de suivi soient n\u00e9cessaires au cours de l'\u00e9volution, par exemple en raison d'une fibrose de la capsule. Comme l'implant est un corps \u00e9tranger, le corps l'enveloppe naturellement d'une fine capsule de tissu conjonctif. Dans certains cas, cette capsule peut s'\u00e9paissir apr\u00e8s plusieurs ann\u00e9es et on parle alors de fibrose capsulaire. Des sympt\u00f4mes tels que des douleurs, un durcissement et une d\u00e9formation de la forme du sein peuvent appara\u00eetre, de sorte que dans ces cas, la capsule doit \u00eatre retir\u00e9e (capsulectomie) et les implants chang\u00e9s. Dans la mesure o\u00f9 le sein a pris une forme tombante en raison, entre autres, de modifications du corps et du sein dues \u00e0 l'\u00e2ge, aux variations de poids ou apr\u00e8s une grossesse ou un allaitement, il convient de proc\u00e9der \u00e0 un lifting en combinaison avec le changement d'implant. Si la patiente souhaite renoncer \u00e0 la r\u00e9insertion d'un implant, un lifting des seins avec ou sans remplacement du volume par de la graisse autologue peut \u00eatre indiqu\u00e9 pour retrouver une forme de poitrine esth\u00e9tique apr\u00e8s le retrait de l'implant.<\/p>\n\t\t\t\t<img loading=\"lazy\" decoding=\"async\" src=\"https:\/\/www.zumgoldenenschnitt.ch\/wp-content\/uploads\/2023\/02\/20-retirer-ou-changer-des-implants-mammaires-info-fr.svg\" alt=\"20 infos sur le retrait des implants mammaires\" itemprop=\"image\" height=\"1000\" width=\"1000\" title=\"20-retirer les implants mammaires-infos\" onerror=\"this.style.display='none'\">\n\t\t\t\t<img loading=\"lazy\" decoding=\"async\" src=\"https:\/\/www.zumgoldenenschnitt.ch\/wp-content\/uploads\/2023\/01\/brustimplantate-entfernen-oder-wechseln-basel.jpg\" alt=\"enlever ou changer des implants mammaires basel\" itemprop=\"image\" height=\"1000\" width=\"1000\" title=\"enlever-ou-changer-des-implants-de-poitrine-basel\" onerror=\"this.style.display='none'\">\n\t<h2>La consultation<\/h2>\nEn tant que chirurgienne plasticienne, le Dr L\u00fcdi est sp\u00e9cialis\u00e9e dans les op\u00e9rations du sein et se fera un plaisir de vous conseiller personnellement, de femme \u00e0 femme, dans sa clinique de B\u00e2le.<br>\nAvant un changement ou un retrait d'implant, deux consultations d\u00e9taill\u00e9es ont g\u00e9n\u00e9ralement lieu avec le Dr L\u00fcdi. Il est tr\u00e8s important pour nous que vous soyez bien inform\u00e9(e) sur l'intervention, que toutes les questions en suspens aient trouv\u00e9 une r\u00e9ponse et que vos souhaits aient \u00e9t\u00e9 pris en compte. Dans certains cas, il peut \u00eatre n\u00e9cessaire de proc\u00e9der \u00e0 des examens compl\u00e9mentaires, par exemple par \u00e9chographie ou IRM, avant l'op\u00e9ration. Le Dr L\u00fcdi discute avec vous de la technique chirurgicale, de l'incision exacte et de la mise en place de l'implant, des risques et des complications possibles ainsi que du traitement postop\u00e9ratoire.\n<h2>Le choix de l'implant<\/h2>\n<p>Dans le cadre d'un changement d'implant, nous recommandons g\u00e9n\u00e9ralement de choisir un implant un peu plus grand en raison de la pr\u00e9-expansion du manteau du tissu mammaire ainsi que du tissu capsulaire retir\u00e9. Nous n'utilisons que les implants les plus modernes et de la plus haute qualit\u00e9, fabriqu\u00e9s par des entreprises renomm\u00e9es.<\/p>\n<h2>Le jour de l'op\u00e9ration<\/h2>\n<p>Le jour de l'op\u00e9ration, le Dr L\u00fcdi r\u00e9alise une documentation photographique avant l'intervention et proc\u00e8de aux marquages sur la poitrine. Ensuite, elle vous pr\u00e9pare \u00e0 l'op\u00e9ration \u00e0 venir et vous accompagne en salle d'op\u00e9ration.<\/p>\n<h2>L'op\u00e9ration<\/h2>\n<p>Un changement d'implant peut \u00eatre effectu\u00e9 sous anesth\u00e9sie g\u00e9n\u00e9rale, en chirurgie ambulatoire de jour dans notre clinique \u00e0 B\u00e2le ou en hospitalisation dans l'un de nos h\u00f4pitaux affili\u00e9s. Dans la mesure du possible, les cicatrices existantes sont utilis\u00e9es pour l'acc\u00e8s. Selon les cas, il peut \u00eatre n\u00e9cessaire d'\u00e9largir l'incision ou de pratiquer une incision suppl\u00e9mentaire pour un lifting des seins. Cela sera discut\u00e9 avec vous avant l'op\u00e9ration. L'implant et, selon l'indication, la totalit\u00e9 ou une partie seulement de la capsule sont retir\u00e9s. Un nouvel implant est ensuite mis en place ou, le cas \u00e9ch\u00e9ant, le volume de l'implant est remplac\u00e9 par de la graisse autologue. Dans le cas d'un transfert suppl\u00e9mentaire de graisse autologue, la graisse est pr\u00e9lev\u00e9e par liposuccion d'une autre partie du corps, comme par exemple le ventre, les flancs ou les cuisses, pr\u00e9par\u00e9e puis introduite dans le sein par de petites incisions \u00e0 l'aide d'une canule.<\/p>\n<h2>Juste apr\u00e8s l'op\u00e9ration<\/h2>\n<p>Apr\u00e8s l'op\u00e9ration, vous pourrez vous reposer de l'intervention dans nos belles chambres de patients avec vue sur le Rhin et vous serez pris en charge par notre \u00e9quipe. Apr\u00e8s une nouvelle visite du Dr L\u00fcdi, vous pouvez demander \u00e0 un accompagnateur de venir vous chercher et de rentrer chez vous le jour m\u00eame. Si l'intervention a lieu en milieu hospitalier, elle est r\u00e9alis\u00e9e dans un h\u00f4pital agr\u00e9\u00e9 et comprend g\u00e9n\u00e9ralement 1 \u00e0 2 nuit\u00e9es.<\/p>\n<h2>Le traitement ult\u00e9rieur<\/h2>\n<ul>\n<li>Le premier contr\u00f4le de suivi par le Dr L\u00fcdi a lieu d\u00e8s le lendemain.<\/li>\n<li>Pendant 6 semaines, vous devriez porter un soutien-gorge de sport bien ajust\u00e9 le jour et la nuit.<\/li>\n<li>Nous recommandons une p\u00e9riode de repos de 6 semaines afin de favoriser une gu\u00e9rison optimale. Cela signifie que pendant cette p\u00e9riode, vous devez \u00e9viter de faire du sport, de porter ou de soulever des charges et de dormir sur le ventre. Les sports tels que l'escalade, la plong\u00e9e, le golf, le tennis et le PowerPlate doivent m\u00eame \u00eatre \u00e9vit\u00e9s pendant les 3 premiers mois apr\u00e8s l'op\u00e9ration afin de favoriser une cicatrisation optimale de l'implant. Il est \u00e9galement conseill\u00e9 de ne pas porter de soutien-gorge push-up pendant les 3 mois suivant l'op\u00e9ration.<\/li>\n<li>L'intensit\u00e9 de la douleur apr\u00e8s l'op\u00e9ration est g\u00e9n\u00e9ralement mod\u00e9r\u00e9e et bien contr\u00f4l\u00e9e par les analg\u00e9siques courants.<\/li>\n<li>Les soins des cicatrices peuvent commencer \u00e0 partir de 3 semaines apr\u00e8s l'op\u00e9ration.<\/li>\n<\/ul>\n<h2>Risques et complications<\/h2>\nEn principe, toute op\u00e9ration comporte certains risques, mais en g\u00e9n\u00e9ral, un changement d'implant est une intervention \u00e0 faible risque et les complications sont tr\u00e8s rares. Les risques et les complications d'un changement d'implant sont les m\u00eames que ceux de la premi\u00e8re op\u00e9ration. Outre les risques g\u00e9n\u00e9raux li\u00e9s \u00e0 l'op\u00e9ration (p. ex. h\u00e9matomes, troubles de la cicatrisation, h\u00e9morragie secondaire, infection, probl\u00e8mes de cicatrice), les implants mammaires pr\u00e9sentent un certain risque de fibrose capsulaire. Un traitement de celle-ci n'est n\u00e9cessaire que dans la mesure o\u00f9 des troubles sont pr\u00e9sents.<br>\nDans le cadre de l'entretien de consultation, le Dr L\u00fcdi discute avec vous en d\u00e9tail des risques et complications possibles et r\u00e9pond volontiers \u00e0 toutes vos questions.\n<h2>Co\u00fbts<\/h2>\n<p>Le co\u00fbt d'un changement ou d'un retrait d'implant d\u00e9pend de vos souhaits, du type et de l'\u00e9tendue de l'op\u00e9ration ainsi que du mat\u00e9riel n\u00e9cessaire. Dans le cadre d'un entretien de conseil, le Dr L\u00fcdi \u00e9tablira un traitement adapt\u00e9 \u00e0 vos besoins personnels et vous soumettra un devis individuel.<\/p>\n<p>En r\u00e8gle g\u00e9n\u00e9rale, les caisses d'assurance-maladie prennent en charge une partie des frais d'op\u00e9ration (retrait des implants et capsulectomie) apr\u00e8s accord pr\u00e9alable de prise en charge des co\u00fbts, \u00e0 condition qu'il y ait une indication m\u00e9dicale (fibrose de la capsule, rupture d'implant). La partie esth\u00e9tique de l'op\u00e9ration, y compris les frais pour les nouveaux implants, le lifting ou le transfert de graisse autologue, doit cependant toujours \u00eatre prise en charge par la patiente elle-m\u00eame.<\/p>\n<h2>Questions fr\u00e9quentes<\/h2>\n\t\t\t\t\t\t\t\t\t\t<h3 tabindex=\"0\">Quelles sont les douleurs apr\u00e8s un changement d'implant ?<\/h3>\n\t\t\t\t\t<p>Gr\u00e2ce \u00e0 une technique op\u00e9ratoire douce, les douleurs et l'inconfort sont mod\u00e9r\u00e9s imm\u00e9diatement apr\u00e8s l'op\u00e9ration et peuvent \u00eatre contr\u00f4l\u00e9s avec des analg\u00e9siques courants. Les douleurs ressemblent \u00e0 des courbatures au niveau de la poitrine et correspondent \u00e0 une sensation de tension. <\/p>\n\t\t\t\t\t\t\t\t\t\t<h3 tabindex=\"0\">Des cicatrices seront-elles visibles apr\u00e8s l'ablation d'implants mammaires ?<\/h3>\n\t\t\t\t\t<p>Pour le changement d'implant, on choisit g\u00e9n\u00e9ralement la cicatrice existante dans le pli sous-mammaire. Selon les cas, il peut \u00eatre n\u00e9cessaire d'\u00e9largir l\u00e9g\u00e8rement l'incision (notamment en cas de capsulectomie) ou de pratiquer une incision suppl\u00e9mentaire pour un lifting des seins. Le Dr L\u00fcdi discutera pr\u00e9cis\u00e9ment avec vous de l'incision avant l'op\u00e9ration. <br>Chaque op\u00e9ration laisse des cicatrices, mais celles-ci sont en g\u00e9n\u00e9ral \u00e0 peine visibles apr\u00e8s la gu\u00e9rison compl\u00e8te et la maturation des cicatrices. Apr\u00e8s l'op\u00e9ration, le Dr L\u00fcdi vous donnera des instructions pr\u00e9cises sur les soins \u00e0 apporter aux cicatrices afin de favoriser une belle cicatrisation.<\/p>\n\t\t\t\t\t\t\t\t\t\t<h3 tabindex=\"0\">Combien de temps ne puis-je pas travailler ?<\/h3>\n\t\t\t\t\t<p>En fonction de l'activit\u00e9 professionnelle et de la charge physique, vous devez vous attendre \u00e0 une incapacit\u00e9 de travail d'environ 1 \u00e0 2 semaines.<\/p>\n\t\t\t\t\t\t\t\t\t\t<h3 tabindex=\"0\">Quand pourrai-je reprendre le sport ?<\/h3>\n\t\t\t\t\t<p>Apr\u00e8s six semaines, la gu\u00e9rison est suffisamment avanc\u00e9e pour que vous puissiez reprendre lentement une activit\u00e9 sportive. Soyez \u00e0 l'\u00e9coute de votre corps et observez les signaux d'alarme tels que les douleurs ou l'augmentation du gonflement. Dans ce cas, il est recommand\u00e9 d'attendre avant de poursuivre l'entra\u00eenement et d'accorder un peu de repos au corps. Les sports qui sollicitent fortement le muscle pectoral, comme le golf, le tennis ou l'escalade, ne devraient \u00eatre repris qu'apr\u00e8s trois mois.<\/p>\n\t\t\t\t\t\t\t\t\t\t<h3 tabindex=\"0\">L'implant doit-il \u00eatre remplac\u00e9 apr\u00e8s un certain temps ?<\/h3>\n\t\t\t\t\t<p>Non, il n'est plus n\u00e9cessaire de planifier un changement tous les 10 \u00e0 15 ans, comme cela \u00e9tait recommand\u00e9 auparavant. En l'absence de sympt\u00f4mes, des contr\u00f4les r\u00e9guliers suffisent. Des op\u00e9rations de suivi, par exemple en raison d'une fibrose de la capsule, peuvent \u00eatre n\u00e9cessaires au cours de l'\u00e9volution.<\/p>\n\t\t\t\t\t\t\t\t\t\t<h3 tabindex=\"0\">Qu'est-ce qui peut provoquer la rupture des implants mammaires ?<\/h3>\n\t\t\t\t\t<p>Les implants mammaires actuels sont extr\u00eamement r\u00e9sistants gr\u00e2ce \u00e0 leur enveloppe ext\u00e9rieure solide et ne se cassent pratiquement pas. Dans de rares cas, l'enveloppe de l'implant peut se d\u00e9chirer en raison de l'usure subie pendant de nombreuses ann\u00e9es ou de violences ext\u00e9rieures importantes, par exemple lors d'un grave accident de voiture. Un \u00e9ventuel endommagement de l'implant peut \u00eatre constat\u00e9 par IRM. Les implants modernes actuels \u00e9tant compos\u00e9s de gel de silicone coh\u00e9sif et ind\u00e9formable, les implants ne fuient plus. N\u00e9anmoins, nous recommandons de proc\u00e9der \u00e0 un changement d'implant si celui-ci est endommag\u00e9.<\/p>\n\t\t\t\t\t\t\t\t\t\t<h3 tabindex=\"0\">L'implant peut-il fuir ?<\/h3>\n\t\t\t\t\t<p>Les implants modernes, tels que ceux utilis\u00e9s par le Dr L\u00fcdi, sont compos\u00e9s d'un gel de silicone coh\u00e9sif qui conserve sa forme et ne fuit pas dans le corps m\u00eame si l'enveloppe de l'implant est endommag\u00e9e.<\/p>\n\t\t\t\t\t\t\t\t\t\t<h3 tabindex=\"0\">Quels sont les implants utilis\u00e9s ?<\/h3>\n\t\t\t\t\t<p>Nous n'utilisons que les implants les plus modernes et de la plus haute qualit\u00e9 de soci\u00e9t\u00e9s renomm\u00e9es. La forme, la taille et la surface de l'implant choisi sont discut\u00e9es avec vous dans le cadre de la consultation.<\/p>\n\t\t\t\t\t\t\t\t\t\t<h3 tabindex=\"0\">Peut-on encore allaiter apr\u00e8s une augmentation mammaire par implants ?<\/h3>\n\t\t\t\t\t<p>Oui, l'allaitement est possible m\u00eame apr\u00e8s une augmentation mammaire ou un changement d'implant, car l'implant est plac\u00e9 derri\u00e8re les glandes mammaires et n'affecte pas la capacit\u00e9 d'allaiter.<\/p>\n\t\t\t\t\t\t\t\t\t\t<h3 tabindex=\"0\">L'augmentation mammaire affecte-t-elle le d\u00e9pistage du cancer ?<\/h3>\n\t\t\t\t\t<p>Non, les implants sont plac\u00e9s derri\u00e8re la glande mammaire et les examens de d\u00e9pistage du cancer (palpation, \u00e9chographie, IRM, mammographie) sont effectu\u00e9s par des professionnels entra\u00een\u00e9s et exp\u00e9riment\u00e9s, de sorte que le d\u00e9pistage du cancer n'est pas compromis.<\/p>\n\t<p>Le Dr Simona L\u00fcdi vous accueille volontiers pour un entretien personnel dans notre clinique \u00e0 B\u00e2le. Nous nous r\u00e9jouissons de vous rencontrer.<\/p>\n\t\t\t<a href=\"https:\/\/booking.epat.ch\/goldenschnitt\/booking\" target=\"_blank\" rel=\"noopener\" role=\"button\" aria-label=\"R\u00e9server un rendez-vous de consultation\">\n\t\t\t\t\t\t\tR\u00e9server un rendez-vous de consultation\n\t\t<\/a>","protected":false},"excerpt":{"rendered":"<p>L'augmentation mammaire par implants reste l'une des op\u00e9rations esth\u00e9tiques les plus courantes. Il n'est plus n\u00e9cessaire de planifier le remplacement des implants tous les 10 \u00e0 15 ans, comme cela \u00e9tait recommand\u00e9 auparavant. Il se peut toutefois que des op\u00e9rations de suivi soient n\u00e9cessaires au cours de l'\u00e9volution, par exemple en raison d'une fibrose de la capsule. \u00c9tant donn\u00e9 qu'un implant est [...]<\/p>","protected":false},"author":6,"featured_media":1842,"parent":555,"menu_order":3,"comment_status":"closed","ping_status":"closed","template":"","meta":{"_seopress_robots_primary_cat":"","_seopress_titles_title":"Brustimplantate wechseln oder entfernen | Dr. Simona L\u00fcdi Basel","_seopress_titles_desc":"Entfernung und Wechsel von Brustimplantaten: Frau Dr. Simona L\u00fcdi, Fach\u00e4rztin f\u00fcr Plastische & \u00c4sthetische Chirurgie ber\u00e4t Sie gerne in unserer Klinik in Basel.","_seopress_robots_index":"","inline_featured_image":false,"site-sidebar-layout":"default","site-content-layout":"","ast-site-content-layout":"default","site-content-style":"default","site-sidebar-style":"default","ast-global-header-display":"","ast-banner-title-visibility":"","ast-main-header-display":"","ast-hfb-above-header-display":"","ast-hfb-below-header-display":"","ast-hfb-mobile-header-display":"","site-post-title":"","ast-breadcrumbs-content":"","ast-featured-img":"","footer-sml-layout":"","theme-transparent-header-meta":"","adv-header-id-meta":"","stick-header-meta":"","header-above-stick-meta":"","header-main-stick-meta":"","header-below-stick-meta":"","astra-migrate-meta-layouts":"set","ast-page-background-enabled":"default","ast-page-background-meta":{"desktop":{"background-color":"var(--ast-global-color-4)","background-image":"","background-repeat":"repeat","background-position":"center center","background-size":"auto","background-attachment":"scroll","background-type":"","background-media":"","overlay-type":"","overlay-color":"","overlay-opacity":"","overlay-gradient":""},"tablet":{"background-color":"","background-image":"","background-repeat":"repeat","background-position":"center center","background-size":"auto","background-attachment":"scroll","background-type":"","background-media":"","overlay-type":"","overlay-color":"","overlay-opacity":"","overlay-gradient":""},"mobile":{"background-color":"","background-image":"","background-repeat":"repeat","background-position":"center center","background-size":"auto","background-attachment":"scroll","background-type":"","background-media":"","overlay-type":"","overlay-color":"","overlay-opacity":"","overlay-gradient":""}},"ast-content-background-meta":{"desktop":{"background-color":"var(--ast-global-color-5)","background-image":"","background-repeat":"repeat","background-position":"center center","background-size":"auto","background-attachment":"scroll","background-type":"","background-media":"","overlay-type":"","overlay-color":"","overlay-opacity":"","overlay-gradient":""},"tablet":{"background-color":"var(--ast-global-color-5)","background-image":"","background-repeat":"repeat","background-position":"center center","background-size":"auto","background-attachment":"scroll","background-type":"","background-media":"","overlay-type":"","overlay-color":"","overlay-opacity":"","overlay-gradient":""},"mobile":{"background-color":"var(--ast-global-color-5)","background-image":"","background-repeat":"repeat","background-position":"center center","background-size":"auto","background-attachment":"scroll","background-type":"","background-media":"","overlay-type":"","overlay-color":"","overlay-opacity":"","overlay-gradient":""}},"footnotes":""},"class_list":["post-614","page","type-page","status-publish","has-post-thumbnail"],"_links":{"self":[{"href":"https:\/\/www.zumgoldenenschnitt.ch\/fr\/wp-json\/wp\/v2\/pages\/614","targetHints":{"allow":["GET"]}}],"collection":[{"href":"https:\/\/www.zumgoldenenschnitt.ch\/fr\/wp-json\/wp\/v2\/pages"}],"about":[{"href":"https:\/\/www.zumgoldenenschnitt.ch\/fr\/wp-json\/wp\/v2\/types\/page"}],"author":[{"embeddable":true,"href":"https:\/\/www.zumgoldenenschnitt.ch\/fr\/wp-json\/wp\/v2\/users\/6"}],"replies":[{"embeddable":true,"href":"https:\/\/www.zumgoldenenschnitt.ch\/fr\/wp-json\/wp\/v2\/comments?post=614"}],"version-history":[{"count":7,"href":"https:\/\/www.zumgoldenenschnitt.ch\/fr\/wp-json\/wp\/v2\/pages\/614\/revisions"}],"predecessor-version":[{"id":1848,"href":"https:\/\/www.zumgoldenenschnitt.ch\/fr\/wp-json\/wp\/v2\/pages\/614\/revisions\/1848"}],"up":[{"embeddable":true,"href":"https:\/\/www.zumgoldenenschnitt.ch\/fr\/wp-json\/wp\/v2\/pages\/555"}],"wp:featuredmedia":[{"embeddable":true,"href":"https:\/\/www.zumgoldenenschnitt.ch\/fr\/wp-json\/wp\/v2\/media\/1842"}],"wp:attachment":[{"href":"https:\/\/www.zumgoldenenschnitt.ch\/fr\/wp-json\/wp\/v2\/media?parent=614"}],"curies":[{"name":"wp","href":"https:\/\/api.w.org\/{rel}","templated":true}]}}