{"id":616,"date":"2023-01-26T16:57:02","date_gmt":"2023-01-26T15:57:02","guid":{"rendered":"https:\/\/www.zumgoldenenschnitt.ch\/?page_id=616"},"modified":"2026-02-26T14:06:49","modified_gmt":"2026-02-26T13:06:49","slug":"maennerbrust-gynaekomastie-lipomastie","status":"publish","type":"page","link":"https:\/\/www.zumgoldenenschnitt.ch\/fr\/offre\/poitrine\/gynecomastie-lipomastie-du-sein-masculin\/","title":{"rendered":"poitrine d'homme | gyn\u00e9comastie | lipomastie"},"content":{"rendered":"La gyn\u00e9comastie, appel\u00e9e aussi famili\u00e8rement poitrine masculine, d\u00e9signe la f\u00e9minisation de la forme des seins chez l'homme.<br>\nLa \"vraie\" gyn\u00e9comastie est une augmentation unilat\u00e9rale ou bilat\u00e9rale du tissu de la glande mammaire, tandis que la \"pseudogyn\u00e9comastie\" se caract\u00e9rise uniquement par une augmentation des d\u00e9p\u00f4ts de graisse dans la r\u00e9gion mammaire. Dans la grande majorit\u00e9 des cas, les prolif\u00e9rations des glandes mammaires sont b\u00e9nignes et ne pr\u00e9sentent donc aucun risque pour la sant\u00e9. Les causes d'une gyn\u00e9comastie sont multiples, notamment des facteurs h\u00e9r\u00e9ditaires, des troubles hormonaux, mais aussi certains m\u00e9dicaments ou l'utilisation de st\u00e9ro\u00efdes anabolisants ou de cannabis.<br>\nUne poitrine masculine a souvent des r\u00e9percussions n\u00e9gatives sur la confiance en soi et le bien-\u00eatre dans son propre corps et entra\u00eene souvent un sentiment de honte et un retrait social. Comme les modifications des contours de la poitrine ne peuvent souvent \u00eatre ma\u00eetris\u00e9es ni par le sport ni par une adaptation de l'alimentation, seule une correction chirurgicale est g\u00e9n\u00e9ralement efficace. Une op\u00e9ration de la gyn\u00e9comastie n'am\u00e9liore pas seulement l'apparence, mais renforce la confiance en soi et favorise le bien-\u00eatre dans son propre corps.\n\t\t\t\t<img loading=\"lazy\" decoding=\"async\" src=\"https:\/\/www.zumgoldenenschnitt.ch\/wp-content\/uploads\/2023\/02\/21-reduction-poitrine-masculine-gynecomastie_lipomastie-info-fr.svg\" alt=\"21 seins d&#039;homme gyn\u00e9comastie lipomastie infos\" itemprop=\"image\" title=\"21-maennerbrust-gynaekomastie_lipomastie-infos\" onerror=\"this.style.display='none'\" width=\"1000\" height=\"1000\">\n\t\t\t\t<img loading=\"lazy\" decoding=\"async\" src=\"https:\/\/www.zumgoldenenschnitt.ch\/wp-content\/uploads\/2023\/01\/maennerbrust-gynaekomastie-lipomastie-basel.jpg\" alt=\"poitrine d&#039;homme gyn\u00e9comastie lipomastie b\u00e2le\" itemprop=\"image\" title=\"maennerbrust-gynaekomastie-lipomastie-basel\" onerror=\"this.style.display='none'\" width=\"1000\" height=\"1000\">\n\t<h2>La consultation<\/h2>\n<p>Avant une correction de la gyn\u00e9comastie, deux consultations d\u00e9taill\u00e9es ont g\u00e9n\u00e9ralement lieu avec le Dr L\u00fcdi. Il est tr\u00e8s important pour nous que vous soyez bien inform\u00e9e sur l'intervention, que l'on r\u00e9ponde \u00e0 toutes les questions en suspens et que l'on prenne en compte vos souhaits. Le Dr L\u00fcdi discute avec vous de la technique op\u00e9ratoire, de l'incision exacte, des risques et des complications possibles ainsi que du traitement postop\u00e9ratoire.<\/p>\n<p>Afin d'exclure les troubles hormonaux ou d'autres causes m\u00e9dicales de la poitrine masculine, un examen endocrinologique (clarification des troubles hormonaux) chez un sp\u00e9cialiste ainsi qu'une \u00e9chographie des seins sont effectu\u00e9s avant une op\u00e9ration pr\u00e9vue.<\/p>\n<h2>Le jour de l'op\u00e9ration<\/h2>\n<p>Le jour de l'op\u00e9ration, le Dr L\u00fcdi r\u00e9alise une documentation photographique avant l'intervention et proc\u00e8de aux marquages sur la poitrine. Ensuite, elle vous pr\u00e9pare \u00e0 l'op\u00e9ration \u00e0 venir et vous accompagne en salle d'op\u00e9ration.<\/p>\n<h2>L'op\u00e9ration de la gyn\u00e9comastie<\/h2>\n<p>La correction de la gyn\u00e9comastie peut \u00eatre r\u00e9alis\u00e9e en ambulatoire, par chirurgie de jour, dans notre clinique de B\u00e2le, sous anesth\u00e9sie locale ou g\u00e9n\u00e9rale, et dure environ 1 \u00e0 2 heures. Le tissu glandulaire exc\u00e9dentaire est retir\u00e9 par une incision au niveau du bord inf\u00e9rieur du mamelon et le contour du sein est d\u00e9fini par liposuccion. Il ne reste alors que de tr\u00e8s petites cicatrices \u00e0 peine visibles. Dans de rares cas graves avec un exc\u00e9dent de peau plus important, un lifting cutan\u00e9 suppl\u00e9mentaire peut \u00eatre n\u00e9cessaire.<\/p>\n<h2>Juste apr\u00e8s l'op\u00e9ration<\/h2>\n<p>Apr\u00e8s l'op\u00e9ration, vous pourrez vous reposer de l'intervention dans nos belles chambres de patients avec vue sur le Rhin et vous serez pris en charge par notre \u00e9quipe. Apr\u00e8s une nouvelle visite du Dr L\u00fcdi, vous pouvez demander \u00e0 un accompagnateur de venir vous chercher et de rentrer chez vous le jour m\u00eame.<\/p>\n<h2>Le traitement ult\u00e9rieur<\/h2>\n<ul>\n<li>Pendant 6 semaines, vous devez porter le gilet de compression adapt\u00e9 le jour et aussi la nuit.<\/li>\n<li>Nous recommandons une p\u00e9riode de repos de 6 semaines afin de favoriser une gu\u00e9rison optimale. Cela signifie qu'ils doivent s'abstenir de faire du sport et de porter ou soulever des charges pendant cette p\u00e9riode.<\/li>\n<li>L'intensit\u00e9 de la douleur apr\u00e8s l'op\u00e9ration est g\u00e9n\u00e9ralement mod\u00e9r\u00e9e et bien contr\u00f4l\u00e9e par les analg\u00e9siques courants.<\/li>\n<li>Les soins des cicatrices peuvent commencer \u00e0 partir de 3 semaines apr\u00e8s l'op\u00e9ration.<\/li>\n<\/ul>\n<h2>Risques et complications<\/h2>\nEn principe, toute op\u00e9ration comporte certains risques, mais en g\u00e9n\u00e9ral, la correction des seins masculins est une intervention \u00e0 faible risque et les complications sont rares. Outre les risques g\u00e9n\u00e9raux li\u00e9s \u00e0 l'op\u00e9ration (p. ex. h\u00e9matomes, troubles de la cicatrisation, infection), il peut arriver dans certains cas qu'une h\u00e9morragie postop\u00e9ratoire se produise ou, en cas de raffermissement suppl\u00e9mentaire de la poitrine, qu'un engourdissement temporaire du mamelon se produise occasionnellement.<br>\nDans le cadre de l'entretien de consultation, le Dr L\u00fcdi discute avec vous en d\u00e9tail des risques et complications possibles et r\u00e9pond volontiers \u00e0 toutes vos questions.\n<h2>Co\u00fbts<\/h2>\n<p>Les co\u00fbts d'une correction de gyn\u00e9comastie d\u00e9pendent de vos souhaits, du type et de l'ampleur de l'op\u00e9ration, du type d'anesth\u00e9sie ainsi que du mat\u00e9riel n\u00e9cessaire. Dans le cadre d'un entretien de conseil, le Dr L\u00fcdi \u00e9tablira un traitement adapt\u00e9 \u00e0 vos besoins personnels et vous soumettra un devis individuel.<\/p>\n<p>En r\u00e8gle g\u00e9n\u00e9rale, la caisse d'assurance maladie ne prend pas en charge les co\u00fbts d'une correction de la gyn\u00e9comastie, car il s'agit d'une intervention esth\u00e9tique. Ce n'est que dans de rares cas exceptionnels avec une indication m\u00e9dicale que les frais sont pris en charge par la caisse de maladie.<\/p>\n<h2>Questions fr\u00e9quentes<\/h2>\n\t\t\t\t\t\t\t\t\t\t<h3 tabindex=\"0\">Comment sont les douleurs apr\u00e8s une op\u00e9ration de la gyn\u00e9comastie ?<\/h3>\n\t\t\t\t\t<p>Les douleurs et l'inconfort qui suivent imm\u00e9diatement l'op\u00e9ration sont mod\u00e9r\u00e9s et peuvent \u00eatre facilement contr\u00f4l\u00e9s avec des analg\u00e9siques courants. Les douleurs ressemblent \u00e0 des courbatures au niveau de la poitrine et une l\u00e9g\u00e8re sensation de tension peut appara\u00eetre. <\/p>\n\t\t\t\t\t\t\t\t\t\t<h3 tabindex=\"0\">Des cicatrices seront-elles visibles apr\u00e8s une op\u00e9ration de gyn\u00e9comastie ?<\/h3>\n\t\t\t\t\t<p>La liposuccion des seins n\u00e9cessite g\u00e9n\u00e9ralement deux ou trois petites incisions d'environ 3 \u00e0 4 mm de long. Si du tissu glandulaire mammaire est \u00e9galement retir\u00e9, une incision est pratiqu\u00e9e directement sur le bord inf\u00e9rieur du mamelon. De petites cicatrices subsistent dans la zone des incisions. Toutefois, apr\u00e8s la gu\u00e9rison compl\u00e8te et la maturation de la cicatrice, celles-ci sont g\u00e9n\u00e9ralement \u00e0 peine visibles et passent totalement inaper\u00e7ues. Apr\u00e8s l'op\u00e9ration, le Dr L\u00fcdi vous donnera des instructions pr\u00e9cises sur les soins \u00e0 apporter aux cicatrices afin de favoriser une belle cicatrisation.<\/p>\n\t\t\t\t\t\t\t\t\t\t<h3 tabindex=\"0\">Combien de temps puis-je m'arr\u00eater de travailler apr\u00e8s une op\u00e9ration de la gyn\u00e9comastie ?<\/h3>\n\t\t\t\t\t<p>En fonction de l'activit\u00e9 professionnelle et de l'effort physique, vous devez vous attendre \u00e0 une incapacit\u00e9 de travail d'environ 4 \u00e0 7 jours.<\/p>\n\t\t\t\t\t\t\t\t\t\t<h3 tabindex=\"0\">Quand puis-je reprendre le sport apr\u00e8s une op\u00e9ration de la gyn\u00e9comastie ?<\/h3>\n\t\t\t\t\t<p>Apr\u00e8s six semaines, la gu\u00e9rison est suffisamment avanc\u00e9e pour que vous puissiez reprendre lentement une activit\u00e9 sportive. Soyez \u00e0 l'\u00e9coute de votre corps et observez les signes avant-coureurs tels que les douleurs ou l'augmentation du gonflement. Dans ce cas, il est recommand\u00e9 d'attendre avant de reprendre l'entra\u00eenement et de laisser le corps se reposer un peu.<\/p>\n\t\t\t\t\t\t\t\t\t\t<h3 tabindex=\"0\">Le surpoids joue-t-il un r\u00f4le dans la gyn\u00e9comastie ?<\/h3>\n\t\t\t\t\t<p>Oui, cela joue un r\u00f4le important dans la pseudogyn\u00e9comastie. Il s'agit simplement d'un stockage accru de graisse au niveau des seins. Chez la plupart des hommes, ce ph\u00e9nom\u00e8ne se produit lorsque leur poids est sup\u00e9rieur de 10 \u00e0 20 kg \u00e0 leur poids normal.<\/p>\n\t\t\t\t\t\t\t\t\t\t<h3 tabindex=\"0\">La poitrine des hommes peut-elle repousser apr\u00e8s l'op\u00e9ration ?<\/h3>\n\t\t\t\t\t<p>Oui, en particulier dans le cas de la pseudogyn\u00e9comastie, dont la cause est une simple augmentation de la graisse au niveau des seins, une prise de poids peut entra\u00eener une \"repousse\" des seins de l'homme. Comme apr\u00e8s une liposuccion \u00e0 d'autres endroits du corps, le poids corporel doit rester stable pour que le r\u00e9sultat de l'op\u00e9ration puisse \u00eatre maintenu.<\/p>\n\t<p>Le Dr Simona L\u00fcdi vous accueille volontiers pour un entretien personnel en vue d'une op\u00e9ration de la gyn\u00e9comastie dans notre clinique \u00e0 B\u00e2le. Nous nous r\u00e9jouissons de vous rencontrer.<\/p>\n\t\t\t<a href=\"https:\/\/booking.epat.ch\/goldenschnitt\/booking\" target=\"_blank\" rel=\"noopener\" role=\"button\" aria-label=\"R\u00e9server un rendez-vous de consultation\">\n\t\t\t\t\t\t\tR\u00e9server un rendez-vous de consultation\n\t\t<\/a>","protected":false},"excerpt":{"rendered":"<p>La gyn\u00e9comastie, \u00e9galement appel\u00e9e \"poitrine d'homme\" dans le langage courant, d\u00e9signe la f\u00e9minisation de la forme des seins chez l'homme. La \"vraie\" gyn\u00e9comastie est une augmentation unilat\u00e9rale ou bilat\u00e9rale du tissu glandulaire mammaire, tandis que la \"pseudogyn\u00e9comastie\" se caract\u00e9rise uniquement par une augmentation des d\u00e9p\u00f4ts de graisse dans la r\u00e9gion mammaire. Dans la grande majorit\u00e9 des cas, les prolif\u00e9rations des glandes mammaires sont b\u00e9nignes et ne pr\u00e9sentent donc aucun risque pour la sant\u00e9. Les [...]<\/p>","protected":false},"author":6,"featured_media":1559,"parent":555,"menu_order":6,"comment_status":"closed","ping_status":"closed","template":"","meta":{"_seopress_robots_primary_cat":"","_seopress_titles_title":"M\u00e4nnerbrust | Gyn\u00e4komastie | Klinik Zum Goldenen Schnitt | Basel","_seopress_titles_desc":"Flache & straffe M\u00e4nnerbrust - in unserer Klinik Zum Goldenen Schnitt in Basel beraten wir Sie gerne bez\u00fcglich Gyn\u00e4komastie & Lipomastie Operation.","_seopress_robots_index":"","inline_featured_image":false,"site-sidebar-layout":"default","site-content-layout":"","ast-site-content-layout":"default","site-content-style":"default","site-sidebar-style":"default","ast-global-header-display":"","ast-banner-title-visibility":"","ast-main-header-display":"","ast-hfb-above-header-display":"","ast-hfb-below-header-display":"","ast-hfb-mobile-header-display":"","site-post-title":"","ast-breadcrumbs-content":"","ast-featured-img":"","footer-sml-layout":"","theme-transparent-header-meta":"","adv-header-id-meta":"","stick-header-meta":"","header-above-stick-meta":"","header-main-stick-meta":"","header-below-stick-meta":"","astra-migrate-meta-layouts":"set","ast-page-background-enabled":"default","ast-page-background-meta":{"desktop":{"background-color":"var(--ast-global-color-4)","background-image":"","background-repeat":"repeat","background-position":"center center","background-size":"auto","background-attachment":"scroll","background-type":"","background-media":"","overlay-type":"","overlay-color":"","overlay-opacity":"","overlay-gradient":""},"tablet":{"background-color":"","background-image":"","background-repeat":"repeat","background-position":"center center","background-size":"auto","background-attachment":"scroll","background-type":"","background-media":"","overlay-type":"","overlay-color":"","overlay-opacity":"","overlay-gradient":""},"mobile":{"background-color":"","background-image":"","background-repeat":"repeat","background-position":"center center","background-size":"auto","background-attachment":"scroll","background-type":"","background-media":"","overlay-type":"","overlay-color":"","overlay-opacity":"","overlay-gradient":""}},"ast-content-background-meta":{"desktop":{"background-color":"var(--ast-global-color-5)","background-image":"","background-repeat":"repeat","background-position":"center center","background-size":"auto","background-attachment":"scroll","background-type":"","background-media":"","overlay-type":"","overlay-color":"","overlay-opacity":"","overlay-gradient":""},"tablet":{"background-color":"var(--ast-global-color-5)","background-image":"","background-repeat":"repeat","background-position":"center center","background-size":"auto","background-attachment":"scroll","background-type":"","background-media":"","overlay-type":"","overlay-color":"","overlay-opacity":"","overlay-gradient":""},"mobile":{"background-color":"var(--ast-global-color-5)","background-image":"","background-repeat":"repeat","background-position":"center center","background-size":"auto","background-attachment":"scroll","background-type":"","background-media":"","overlay-type":"","overlay-color":"","overlay-opacity":"","overlay-gradient":""}},"footnotes":""},"class_list":["post-616","page","type-page","status-publish","has-post-thumbnail"],"_links":{"self":[{"href":"https:\/\/www.zumgoldenenschnitt.ch\/fr\/wp-json\/wp\/v2\/pages\/616","targetHints":{"allow":["GET"]}}],"collection":[{"href":"https:\/\/www.zumgoldenenschnitt.ch\/fr\/wp-json\/wp\/v2\/pages"}],"about":[{"href":"https:\/\/www.zumgoldenenschnitt.ch\/fr\/wp-json\/wp\/v2\/types\/page"}],"author":[{"embeddable":true,"href":"https:\/\/www.zumgoldenenschnitt.ch\/fr\/wp-json\/wp\/v2\/users\/6"}],"replies":[{"embeddable":true,"href":"https:\/\/www.zumgoldenenschnitt.ch\/fr\/wp-json\/wp\/v2\/comments?post=616"}],"version-history":[{"count":7,"href":"https:\/\/www.zumgoldenenschnitt.ch\/fr\/wp-json\/wp\/v2\/pages\/616\/revisions"}],"predecessor-version":[{"id":1851,"href":"https:\/\/www.zumgoldenenschnitt.ch\/fr\/wp-json\/wp\/v2\/pages\/616\/revisions\/1851"}],"up":[{"embeddable":true,"href":"https:\/\/www.zumgoldenenschnitt.ch\/fr\/wp-json\/wp\/v2\/pages\/555"}],"wp:featuredmedia":[{"embeddable":true,"href":"https:\/\/www.zumgoldenenschnitt.ch\/fr\/wp-json\/wp\/v2\/media\/1559"}],"wp:attachment":[{"href":"https:\/\/www.zumgoldenenschnitt.ch\/fr\/wp-json\/wp\/v2\/media?parent=616"}],"curies":[{"name":"wp","href":"https:\/\/api.w.org\/{rel}","templated":true}]}}