{"id":620,"date":"2023-01-26T16:58:19","date_gmt":"2023-01-26T15:58:19","guid":{"rendered":"https:\/\/www.zumgoldenenschnitt.ch\/?page_id=620"},"modified":"2026-02-26T14:08:15","modified_gmt":"2026-02-26T13:08:15","slug":"bauchdeckenstraffung-abdominoplastik","status":"publish","type":"page","link":"https:\/\/www.zumgoldenenschnitt.ch\/fr\/offre\/corps\/abdominoplastie-abdominoplastie\/","title":{"rendered":"abdominoplastie | Abdominoplastie"},"content":{"rendered":"<p>Apr\u00e8s une grossesse ou une perte de poids importante, la paroi abdominale ne se reforme pas toujours comme souhait\u00e9, ce qui peut entra\u00eener un rel\u00e2chement de la partie abdominale, voire un tablier graisseux. Il en r\u00e9sulte souvent un d\u00e9sir de raffermir le ventre. Gr\u00e2ce \u00e0 une abdominoplastie, \u00e9galement appel\u00e9e tummy tuck en anglais, nous redonnons \u00e0 votre ventre sa forme et ses contours. L'exc\u00e9dent de peau et de graisse est retir\u00e9, le ventre est raffermi et le nombril ainsi que les muscles abdominaux sont correctement positionn\u00e9s. Souvent, l'abdominoplastie est \u00e9galement combin\u00e9e \u00e0 une liposuccion. L'objectif d'une abdominoplastie est toujours d'obtenir un ventre ferme et bien dessin\u00e9.<\/p>\n<p>Dans notre clinique de chirurgie plastique et esth\u00e9tique \u00e0 B\u00e2le, les femmes ont souvent recours \u00e0 une abdominoplastie dans le cadre d'un Mommy Makover. L'abdominoplastie permet \u00e9galement d'\u00e9liminer les vergetures situ\u00e9es sous le nombril. Si l'exc\u00e9dent de peau est peu prononc\u00e9, une mini-abdominoplastie peut suffire \u00e0 le corriger. Dans le cadre d'une abdominoplastie apr\u00e8s une grossesse, il est \u00e9galement possible de corriger les cicatrices de c\u00e9sarienne. En cas de distension des muscles abdominaux longs apr\u00e8s une ou plusieurs grossesses, une op\u00e9ration suppl\u00e9mentaire du rectus diastasis peut parfois \u00eatre n\u00e9cessaire. Le Dr L\u00fcdi vous conseillera volontiers lors d'un entretien personnel de femme \u00e0 femme.<\/p>\n\t\t\t\t<img loading=\"lazy\" decoding=\"async\" src=\"https:\/\/www.zumgoldenenschnitt.ch\/wp-content\/uploads\/2023\/02\/23-abdominoplastie-lifting-de-la-paroi-abdominale-info-fr.svg\" alt=\"23 informations sur le lifting du ventre\" itemprop=\"image\" height=\"1000\" width=\"1000\" title=\"23-relaxation de l&#039;abdomen-infos\" onerror=\"this.style.display='none'\"  \/>\n\t\t\t\t<img loading=\"lazy\" decoding=\"async\" src=\"https:\/\/www.zumgoldenenschnitt.ch\/wp-content\/uploads\/2023\/01\/bauchdeckenstraffung-abdominoplastik-basel.jpg\" alt=\"abdominoplastie b\u00e2le\" itemprop=\"image\" height=\"1000\" width=\"1000\" title=\"abdominoplastie-basel\" onerror=\"this.style.display='none'\"  \/>\n\t<h2>La consultation<\/h2>\nEn tant que chirurgienne plasticienne, le Dr L\u00fcdi est sp\u00e9cialis\u00e9e dans les interventions de remodelage du corps et se fera un plaisir de vous conseiller personnellement sur le th\u00e8me de l'abdominoplastie dans sa clinique de B\u00e2le.<br \/>\nLors d'une premi\u00e8re consultation d\u00e9taill\u00e9e, le Dr L\u00fcdi prend le temps de r\u00e9pondre \u00e0 votre demande, analyse avec vous les r\u00e9sultats et vous conseille sur les possibilit\u00e9s de traitement. Elle d\u00e9termine si une abdominoplastie ou une mini-abdominoplastie constitue le bon choix pour vous ou si, par exemple, une autre m\u00e9thode de traitement vous conviendrait mieux. Le Dr L\u00fcdi vous explique ensuite la technique op\u00e9ratoire et l'incision exacte \u00e0 l'aide de photos et de dessins et discute avec vous des soins postop\u00e9ratoires ainsi que des risques et complications \u00e9ventuels. Le Dr L\u00fcdi se fera \u00e9galement un plaisir de vous montrer des photos avant et apr\u00e8s une abdominoplastie.\n<h2>Le jour de l'op\u00e9ration<\/h2>\n<p>Le jour de l'op\u00e9ration, le Dr L\u00fcdi r\u00e9alise une documentation photographique avant l'intervention et effectue les dessins exacts sur le ventre. Ensuite, elle vous pr\u00e9pare \u00e0 l'op\u00e9ration \u00e0 venir et vous accompagne en salle d'op\u00e9ration.<\/p>\n<h2>L'op\u00e9ration - abdominoplastie avec liposuccion<\/h2>\n<p>L'abdominoplastie est r\u00e9alis\u00e9e sous anesth\u00e9sie g\u00e9n\u00e9rale, en ambulatoire, dans notre propre salle d'op\u00e9ration clinique ou, selon l'indication, avec un s\u00e9jour d'une nuit. L'incision est choisie de mani\u00e8re \u00e0 ce que la future cicatrice soit cach\u00e9e par la culotte de bikini ou les sous-v\u00eatements.<\/p>\n<h4>Abdominoplastie classique<\/h4>\n<p>La liposuccion est d'abord pratiqu\u00e9e dans la partie sup\u00e9rieure et inf\u00e9rieure de l'abdomen. Ensuite, l'exc\u00e8s de peau et de graisse est d\u00e9tach\u00e9 de la paroi abdominale et enlev\u00e9. Enfin, la paroi abdominale est tir\u00e9e vers le bas et raffermie. En pr\u00e9sence d'un diastasis du rectum, c'est-\u00e0-dire de muscles abdominaux qui s'\u00e9cartent, ceux-ci sont recentr\u00e9s et raffermis afin de renforcer la paroi abdominale. De plus, lors d'une abdominoplastie, le nombril est d\u00e9plac\u00e9 et repositionn\u00e9.<\/p>\n<h4>Mini-abdominoplastie<\/h4>\n<p>S'il n'y a qu'un petit exc\u00e9dent de peau dans le bas-ventre, une mini-abdominoplastie peut \u00eatre r\u00e9alis\u00e9e sans d\u00e9placer le nombril. L'incision est horizontale, au-dessus de la pilosit\u00e9 pubienne, et est un peu plus courte que pour une abdominoplastie classique. L'exc\u00e9dent de tissu est retir\u00e9 en forme de fuseau et le bas-ventre est raffermi.<\/p>\n<h2>Juste apr\u00e8s l'op\u00e9ration<\/h2>\nApr\u00e8s l'op\u00e9ration, vous pourrez vous reposer de l'intervention dans nos belles chambres de patients avec vue sur le Rhin et vous serez pris en charge par notre \u00e9quipe. Apr\u00e8s une nouvelle visite du Dr L\u00fcdi, vous pouvez demander \u00e0 un accompagnateur de venir vous chercher et de rentrer chez vous le jour m\u00eame.<br \/>\nSelon l'indication, l'op\u00e9ration est \u00e9galement r\u00e9alis\u00e9e en hospitalisation courte avec une nuit d'hospitalisation.\n<h2>Le traitement ult\u00e9rieur<\/h2>\n<ul>\n<li>Le premier contr\u00f4le de suivi par le Dr L\u00fcdi a lieu d\u00e8s le lendemain.<\/li>\n<li>Pendant les 6 premi\u00e8res semaines apr\u00e8s l'op\u00e9ration, vous devez porter les v\u00eatements de compression (ceinture abdominale ou pantalon de compression) pour soutenir le ventre et favoriser le processus de gu\u00e9rison.<\/li>\n<li>Nous recommandons une p\u00e9riode de repos de 6 semaines afin de favoriser une gu\u00e9rison optimale. Cela signifie que pendant cette p\u00e9riode, vous devez \u00e9viter de faire du sport et de porter ou de soulever des charges de plus de 5 kg.<\/li>\n<li>L'intensit\u00e9 de la douleur apr\u00e8s l'op\u00e9ration est g\u00e9n\u00e9ralement mod\u00e9r\u00e9e et bien contr\u00f4l\u00e9e par les analg\u00e9siques courants.<\/li>\n<li>Les soins des cicatrices peuvent commencer \u00e0 partir de 3 semaines apr\u00e8s l'op\u00e9ration.<\/li>\n<\/ul>\n<h2>Risques et complications<\/h2>\n<p>Une sensation initiale d'engourdissement dans la r\u00e9gion du bas-ventre dispara\u00eet g\u00e9n\u00e9ralement dans les 6 \u00e0 8 semaines suivant l'intervention. De petits troubles de la cicatrisation peuvent \u00e9galement survenir, mais ils gu\u00e9rissent g\u00e9n\u00e9ralement sans probl\u00e8me. Dans de rares cas, des complications telles que des h\u00e9morragies secondaires, une accumulation de liquide sous la peau (s\u00e9rome) et des infections peuvent survenir dans les premiers jours suivant l'op\u00e9ration. En cas de cicatrice l\u00e9g\u00e8rement \u00e9largie, celle-ci peut \u00eatre corrig\u00e9e au plus t\u00f4t apr\u00e8s 6 mois lors d'une petite op\u00e9ration sous anesth\u00e9sie locale.<\/p>\n<h2>Co\u00fbts de l'abdominoplastie<\/h2>\n<p>Les co\u00fbts d'une abdominoplastie d\u00e9pendent de vos souhaits, du type et de l'ampleur de l'op\u00e9ration ainsi que du mat\u00e9riel n\u00e9cessaire. Dans le cadre d'un entretien de conseil, le Dr L\u00fcdi \u00e9tablira un traitement adapt\u00e9 \u00e0 vos besoins personnels et vous soumettra un devis individuel.<\/p>\n<h2>Questions fr\u00e9quentes<\/h2>\n\t\t\t\t\t\t\t\t\t\t<h3 tabindex=\"0\">\u00c0 qui s'adresse l'abdominoplastie ?<\/h3>\n\t\t\t\t\t<p>L'abdominoplastie convient \u00e0 toutes les personnes qui souffrent d'un exc\u00e8s de peau et\/ou de graisse au niveau du ventre, notamment apr\u00e8s une grossesse ou une perte de poids importante. S'il n'y a qu'un l\u00e9ger exc\u00e9dent de tissu sous le nombril, une mini-abdominoplastie suffit.<\/p>\n\t\t\t\t\t\t\t\t\t\t<h3 tabindex=\"0\">L'abdominoplastie est-elle tr\u00e8s douloureuse ?<\/h3>\n\t\t\t\t\t<p>Apr\u00e8s l'op\u00e9ration, de l\u00e9g\u00e8res douleurs associ\u00e9es \u00e0 une sensation de tiraillement ou de tension peuvent appara\u00eetre. Celles-ci peuvent \u00eatre facilement contr\u00f4l\u00e9es avec des analg\u00e9siques normaux.<\/p>\n\t\t\t\t\t\t\t\t\t\t<h3 tabindex=\"0\">Combien de temps ne puis-je pas travailler apr\u00e8s une abdominoplastie ?<\/h3>\n\t\t\t\t\t<p>Comme l'abdominoplastie est une intervention chirurgicale majeure, il faut s'attendre \u00e0 un arr\u00eat de travail de deux semaines, selon le type d'activit\u00e9. En cas d'activit\u00e9 physique lourde ou de mouvement intensif (par exemple personnel soignant, personnel de nettoyage), l'arr\u00eat de travail peut aller jusqu'\u00e0 six semaines.<br \/>Laissez-vous suffisamment de temps pour vous remettre de l'intervention.<\/p>\n\t\t\t\t\t\t\t\t\t\t<h3 tabindex=\"0\">Quand puis-je reprendre le sport apr\u00e8s une abdominoplastie ?<\/h3>\n\t\t\t\t\t<p>Nous recommandons de ne pas faire de sport pendant une p\u00e9riode de repos de 6 semaines. Vous pourrez ensuite reprendre le sport progressivement. Soyez \u00e0 l'\u00e9coute de votre corps et r\u00e9duisez l'intensit\u00e9 de l'entra\u00eenement au d\u00e9but en cas de douleurs ou de troubles.<\/p>\n\t\t\t\t\t\t\t\t\t\t<h3 tabindex=\"0\">Des cicatrices seront-elles visibles apr\u00e8s une abdominoplastie ?<\/h3>\n\t\t\t\t\t<p>Une abdominoplastie laisse g\u00e9n\u00e9ralement une longue mais fine cicatrice dans le bas-ventre ainsi qu'une fine cicatrice autour du nombril qui, apr\u00e8s maturation compl\u00e8te de la cicatrice, est claire et peu visible. De plus, l'incision est choisie de mani\u00e8re \u00e0 ce que la cicatrice soit cach\u00e9e dans la culotte de bikini ou les sous-v\u00eatements.<br \/>Selon la pr\u00e9disposition et la cicatrisation, une cicatrice plus \u00e9paisse ou plus large peut se former dans certains cas, mais elle peut \u00eatre corrig\u00e9e apr\u00e8s 6 mois lors d'une petite op\u00e9ration sous anesth\u00e9sie locale.<\/p>\n\t\t\t\t\t\t\t\t\t\t<h3 tabindex=\"0\">Quelle est la dur\u00e9e de vie du r\u00e9sultat d'une abdominoplastie ?<\/h3>\n\t\t\t\t\t<p>Le r\u00e9sultat de l'abdominoplastie est g\u00e9n\u00e9ralement durable si l'\u00e9volution du poids est stable.<\/p>\n\t\t\t\t\t\t\t\t\t\t<h3 tabindex=\"0\">Quel est le prix d'une abdominoplastie ?<\/h3>\n\t\t\t\t\t<p>Le prix d'une abdominoplastie d\u00e9pend entre autres du type, de l'ampleur et de la dur\u00e9e de l'op\u00e9ration ainsi que du type d'anesth\u00e9sie. Une fois la consultation termin\u00e9e, le Dr L\u00fcdi vous soumettra une offre personnalis\u00e9e.<\/p>\n\t<p>Lisez aussi notre article du Journal <a href=\"https:\/\/www.zumgoldenenschnitt.ch\/fr\/comment-fonctionne-une-abdominoplastie\/\">\"Comment fonctionne une abdominoplastie ?\"<\/a>.<\/p>\n<p>Le Dr Simona L\u00fcdi vous accueille volontiers pour un entretien personnel en vue d'une abdominoplastie dans notre clinique de B\u00e2le. Nous nous r\u00e9jouissons de vous rencontrer.<\/p>\n\t\t\t<a href=\"https:\/\/booking.epat.ch\/goldenschnitt\/booking\" target=\"_blank\" rel=\"noopener\" role=\"button\" aria-label=\"R\u00e9server un rendez-vous de consultation\">\n\t\t\t\t\t\t\tR\u00e9server un rendez-vous de consultation\n\t\t<\/a>","protected":false},"excerpt":{"rendered":"<p>Apr\u00e8s une grossesse ou une perte de poids importante, la paroi abdominale ne se reforme pas toujours comme souhait\u00e9, ce qui peut entra\u00eener un rel\u00e2chement de la partie abdominale, voire un tablier graisseux. Il en r\u00e9sulte souvent un d\u00e9sir de raffermir le ventre. Gr\u00e2ce \u00e0 une abdominoplastie, \u00e9galement appel\u00e9e tummy tuck en anglais, nous redonnons \u00e0 votre ventre sa forme [...].<\/p>","protected":false},"author":6,"featured_media":0,"parent":557,"menu_order":0,"comment_status":"closed","ping_status":"closed","template":"","meta":{"_seopress_robots_primary_cat":"","_seopress_titles_title":"Bauchdeckenstraffung | Klinik Zum Goldenen Schnitt | Basel","_seopress_titles_desc":"Bauchdeckenstraffung (Abdominoplastik) durch Frau Dr. Simona L\u00fcdi in Basel f\u00fcr einen straffen, konturierten Bauch nach Schwangerschaft oder Gewichtsabnahme.","_seopress_robots_index":"","inline_featured_image":false,"site-sidebar-layout":"default","site-content-layout":"","ast-site-content-layout":"default","site-content-style":"default","site-sidebar-style":"default","ast-global-header-display":"","ast-banner-title-visibility":"","ast-main-header-display":"","ast-hfb-above-header-display":"","ast-hfb-below-header-display":"","ast-hfb-mobile-header-display":"","site-post-title":"","ast-breadcrumbs-content":"","ast-featured-img":"","footer-sml-layout":"","theme-transparent-header-meta":"","adv-header-id-meta":"","stick-header-meta":"","header-above-stick-meta":"","header-main-stick-meta":"","header-below-stick-meta":"","astra-migrate-meta-layouts":"set","ast-page-background-enabled":"default","ast-page-background-meta":{"desktop":{"background-color":"var(--ast-global-color-4)","background-image":"","background-repeat":"repeat","background-position":"center center","background-size":"auto","background-attachment":"scroll","background-type":"","background-media":"","overlay-type":"","overlay-color":"","overlay-opacity":"","overlay-gradient":""},"tablet":{"background-color":"","background-image":"","background-repeat":"repeat","background-position":"center center","background-size":"auto","background-attachment":"scroll","background-type":"","background-media":"","overlay-type":"","overlay-color":"","overlay-opacity":"","overlay-gradient":""},"mobile":{"background-color":"","background-image":"","background-repeat":"repeat","background-position":"center center","background-size":"auto","background-attachment":"scroll","background-type":"","background-media":"","overlay-type":"","overlay-color":"","overlay-opacity":"","overlay-gradient":""}},"ast-content-background-meta":{"desktop":{"background-color":"var(--ast-global-color-5)","background-image":"","background-repeat":"repeat","background-position":"center center","background-size":"auto","background-attachment":"scroll","background-type":"","background-media":"","overlay-type":"","overlay-color":"","overlay-opacity":"","overlay-gradient":""},"tablet":{"background-color":"var(--ast-global-color-5)","background-image":"","background-repeat":"repeat","background-position":"center center","background-size":"auto","background-attachment":"scroll","background-type":"","background-media":"","overlay-type":"","overlay-color":"","overlay-opacity":"","overlay-gradient":""},"mobile":{"background-color":"var(--ast-global-color-5)","background-image":"","background-repeat":"repeat","background-position":"center center","background-size":"auto","background-attachment":"scroll","background-type":"","background-media":"","overlay-type":"","overlay-color":"","overlay-opacity":"","overlay-gradient":""}},"footnotes":""},"class_list":["post-620","page","type-page","status-publish"],"_links":{"self":[{"href":"https:\/\/www.zumgoldenenschnitt.ch\/fr\/wp-json\/wp\/v2\/pages\/620","targetHints":{"allow":["GET"]}}],"collection":[{"href":"https:\/\/www.zumgoldenenschnitt.ch\/fr\/wp-json\/wp\/v2\/pages"}],"about":[{"href":"https:\/\/www.zumgoldenenschnitt.ch\/fr\/wp-json\/wp\/v2\/types\/page"}],"author":[{"embeddable":true,"href":"https:\/\/www.zumgoldenenschnitt.ch\/fr\/wp-json\/wp\/v2\/users\/6"}],"replies":[{"embeddable":true,"href":"https:\/\/www.zumgoldenenschnitt.ch\/fr\/wp-json\/wp\/v2\/comments?post=620"}],"version-history":[{"count":14,"href":"https:\/\/www.zumgoldenenschnitt.ch\/fr\/wp-json\/wp\/v2\/pages\/620\/revisions"}],"predecessor-version":[{"id":2299,"href":"https:\/\/www.zumgoldenenschnitt.ch\/fr\/wp-json\/wp\/v2\/pages\/620\/revisions\/2299"}],"up":[{"embeddable":true,"href":"https:\/\/www.zumgoldenenschnitt.ch\/fr\/wp-json\/wp\/v2\/pages\/557"}],"wp:attachment":[{"href":"https:\/\/www.zumgoldenenschnitt.ch\/fr\/wp-json\/wp\/v2\/media?parent=620"}],"curies":[{"name":"wp","href":"https:\/\/api.w.org\/{rel}","templated":true}]}}