{"id":624,"date":"2023-01-26T16:59:08","date_gmt":"2023-01-26T15:59:08","guid":{"rendered":"https:\/\/www.zumgoldenenschnitt.ch\/?page_id=624"},"modified":"2026-02-26T14:10:15","modified_gmt":"2026-02-26T13:10:15","slug":"oberschenkelstraffung","status":"publish","type":"page","link":"https:\/\/www.zumgoldenenschnitt.ch\/fr\/offre\/corps\/lifting-des-cuisses\/","title":{"rendered":"Raffermissement des cuisses"},"content":{"rendered":"<p>Le rel\u00e2chement et le froissement de la peau au niveau des bras peuvent \u00eatre dus \u00e0 une diminution de l'\u00e9lasticit\u00e9 de la peau avec le processus de vieillissement ou \u00e0 une perte de poids importante. Un lifting des cuisses peut aider \u00e0 retrouver un meilleur contour des cuisses en enlevant chirurgicalement l'exc\u00e8s de peau et de tissu adipeux \u00e0 l'int\u00e9rieur des cuisses. Selon l'\u00e9tendue du probl\u00e8me, l'op\u00e9ration est combin\u00e9e \u00e0 une liposuccion.<\/p>\n\t\t\t\t<img loading=\"lazy\" decoding=\"async\" src=\"https:\/\/www.zumgoldenenschnitt.ch\/wp-content\/uploads\/2023\/02\/25-raffermissement-des-cuisses-info-fr.svg\" alt=\"25 infos sur le lifting des cuisses\" itemprop=\"image\" height=\"1000\" width=\"1000\" title=\"25-relaxation des cuisses-infos\" onerror=\"this.style.display='none'\"  \/>\n\t\t\t\t<img loading=\"lazy\" decoding=\"async\" src=\"https:\/\/www.zumgoldenenschnitt.ch\/wp-content\/uploads\/2023\/01\/oberschenkelstraffung-basel.jpg\" alt=\"lifting des cuisses b\u00e2le\" itemprop=\"image\" height=\"1000\" width=\"1000\" title=\"lifting des cuisses basel\" onerror=\"this.style.display='none'\"  \/>\n\t<h2>La consultation<\/h2>\nEn tant que chirurgienne plasticienne, le Dr L\u00fcdi est sp\u00e9cialis\u00e9e dans les interventions de remodelage du corps et se fera un plaisir de vous conseiller personnellement sur le th\u00e8me du lifting des cuisses dans sa clinique de B\u00e2le.<br \/>\nLors d'une premi\u00e8re consultation d\u00e9taill\u00e9e, le Dr L\u00fcdi prend le temps de r\u00e9pondre \u00e0 votre demande, analyse avec vous les r\u00e9sultats et vous conseille sur les possibilit\u00e9s de traitement. L\u00fcdi vous explique ensuite la technique op\u00e9ratoire et le trac\u00e9 exact de l'incision \u00e0 l'aide de photos et de dessins et discute avec vous du traitement postop\u00e9ratoire ainsi que des risques et complications \u00e9ventuels. Il est tr\u00e8s important pour nous que vous soyez bien inform\u00e9(e) sur l'intervention, que nous r\u00e9pondions \u00e0 toutes les questions en suspens et que vos souhaits soient pris en compte.\n<h2>Le jour de l'op\u00e9ration<\/h2>\n<p>Le jour de l'op\u00e9ration, le Dr L\u00fcdi r\u00e9alise une documentation photographique avant l'intervention et proc\u00e8de aux trac\u00e9s exacts sur les cuisses. Ensuite, elle vous pr\u00e9pare \u00e0 l'op\u00e9ration \u00e0 venir et vous accompagne en salle d'op\u00e9ration.<\/p>\n<h2>L'op\u00e9ration<\/h2>\n<p>Le lifting des cuisses peut \u00eatre r\u00e9alis\u00e9 sous anesth\u00e9sie g\u00e9n\u00e9rale en ambulatoire dans notre propre salle d'op\u00e9ration clinique \u00e0 B\u00e2le. Selon les r\u00e9sultats initiaux, l'incision est verticale (incision le long de la face interne de la cuisse) ou horizontale (incision le long de l'aine). L'exc\u00e8s de peau et de graisse est retir\u00e9, le tissu est retendu et les bords de la plaie sont sutur\u00e9s. Selon les r\u00e9sultats, une combinaison avec une liposuccion peut s'av\u00e9rer judicieuse, par exemple pour redessiner la face externe des cuisses (culotte de cheval).<\/p>\n<h2>Juste apr\u00e8s l'op\u00e9ration<\/h2>\n<p>Apr\u00e8s l'op\u00e9ration, vous pourrez vous reposer de l'intervention dans nos belles chambres de patients avec vue sur le Rhin et vous serez pris en charge par notre \u00e9quipe. Apr\u00e8s une nouvelle visite du Dr L\u00fcdi, vous pouvez demander \u00e0 un accompagnateur de venir vous chercher et de rentrer chez vous le jour m\u00eame.<\/p>\n<h2>Le traitement ult\u00e9rieur<\/h2>\n<ul>\n<li>Pendant les 6 premi\u00e8res semaines, vous devez porter syst\u00e9matiquement les pantalons de compression adapt\u00e9s.<\/li>\n<li>Nous recommandons une p\u00e9riode de repos de 6 semaines. Pendant cette p\u00e9riode, il est conseill\u00e9 de ne pas faire de sport.<\/li>\n<li>A partir d'une semaine apr\u00e8s l'op\u00e9ration, le drainage lymphatique peut \u00eatre commenc\u00e9 pour r\u00e9duire l'\u0153d\u00e8me.<\/li>\n<li>L'intensit\u00e9 de la douleur apr\u00e8s l'op\u00e9ration est g\u00e9n\u00e9ralement mod\u00e9r\u00e9e et bien contr\u00f4l\u00e9e par les analg\u00e9siques courants.<\/li>\n<li>Les soins des cicatrices peuvent commencer \u00e0 partir de 3 semaines apr\u00e8s l'op\u00e9ration.<\/li>\n<\/ul>\n<h2>Risques et complications<\/h2>\n<p>En principe, toute op\u00e9ration comporte certains risques, mais les complications graves sont rares apr\u00e8s un lifting des cuisses. Dans la phase initiale, il faut g\u00e9n\u00e9ralement s'attendre \u00e0 des gonflements et des bleus, qui disparaissent toutefois compl\u00e8tement. Outre les risques g\u00e9n\u00e9raux li\u00e9s \u00e0 l'op\u00e9ration (p. ex. h\u00e9matome, saignements secondaires, infection), des troubles de la cicatrisation peuvent survenir, mais ils gu\u00e9rissent g\u00e9n\u00e9ralement sans probl\u00e8me.<\/p>\n<h2>Co\u00fbts<\/h2>\n<p>Le co\u00fbt d'un lifting des cuisses d\u00e9pend de vos souhaits, du type et de l'\u00e9tendue de l'op\u00e9ration, du type d'anesth\u00e9sie ainsi que du mat\u00e9riel n\u00e9cessaire. Dans le cadre d'un entretien de conseil, le Dr L\u00fcdi \u00e9tablira un traitement sur mesure pour vous et vous soumettra un devis individuel.<\/p>\n<h2>Questions fr\u00e9quentes<\/h2>\n\t\t\t\t\t\t\t\t\t\t<h3 tabindex=\"0\">Quel est le moment id\u00e9al pour effectuer un lifting des cuisses ?<\/h3>\n\t\t\t\t\t<p>Dans l'id\u00e9al, un poids stable devrait pouvoir \u00eatre prouv\u00e9 sur une p\u00e9riode d'au moins 6 mois. Si vous souhaitez actuellement perdre davantage de poids ou si le poids id\u00e9al n'est pas encore atteint apr\u00e8s une op\u00e9ration bariatique, nous vous recommandons d'attendre avant de vous faire op\u00e9rer, car une nouvelle perte de poids significative pourrait \u00e0 nouveau entra\u00eener un rel\u00e2chement de la peau au niveau des cuisses.<\/p>\n\t\t\t\t\t\t\t\t\t\t<h3 tabindex=\"0\">Le lifting des cuisses est-il douloureux ?<\/h3>\n\t\t\t\t\t<p>Il est normal de ressentir de l\u00e9g\u00e8res douleurs et une sensation de tension apr\u00e8s l'op\u00e9ration. Celles-ci sont g\u00e9n\u00e9ralement bien contr\u00f4l\u00e9es par les analg\u00e9siques courants et tout \u00e0 fait supportables.<\/p>\n\t\t\t\t\t\t\t\t\t\t<h3 tabindex=\"0\">Combien de temps ne puis-je pas travailler apr\u00e8s un lifting des cuisses ?<\/h3>\n\t\t\t\t\t<p>Selon l'activit\u00e9, il faut compter avec une incapacit\u00e9 de travail de 2 semaines.<\/p>\n\t\t\t\t\t\t\t\t\t\t<h3 tabindex=\"0\">Combien de temps puis-je ne pas faire de sport apr\u00e8s un lifting des cuisses ?<\/h3>\n\t\t\t\t\t<p>Apr\u00e8s le lifting des cuisses, nous recommandons de renoncer au sport pendant six semaines et d'augmenter progressivement l'activit\u00e9 apr\u00e8s cette pause.<\/p>\n\t\t\t\t\t\t\t\t\t\t<h3 tabindex=\"0\">Des cicatrices seront-elles visibles apr\u00e8s un lifting des cuisses ?<\/h3>\n\t\t\t\t\t<p>Oui, il en r\u00e9sulte une fine cicatrice. Selon la technique chirurgicale, il peut y avoir une cicatrice horizontale \u00e0 l'entrejambe, une cicatrice verticale \u00e0 l'int\u00e9rieur de la cuisse ou une combinaison des deux cicatrices (en forme de T). Les cicatrices sont toutefois \u00e0 peine visibles apr\u00e8s la gu\u00e9rison.<\/p>\n\t\t\t\t\t\t\t\t\t\t<h3 tabindex=\"0\">Combien de temps dure le r\u00e9sultat d'un lifting des cuisses ?<\/h3>\n\t\t\t\t\t<p>Le r\u00e9sultat d'un lifting des cuisses est g\u00e9n\u00e9ralement durable. Bien s\u00fbr, de tr\u00e8s grandes variations de poids peuvent \u00e0 nouveau entra\u00eener un rel\u00e2chement de la peau au niveau des cuisses, mais cela n'est normalement pas comparable au r\u00e9sultat initial.<\/p>\n\t<p>Le Dr Simona L\u00fcdi se fera un plaisir de vous recevoir pour un entretien personnel concernant un lifting des cuisses dans notre clinique \u00e0 B\u00e2le. Nous nous r\u00e9jouissons de vous rencontrer.<\/p>\n\t\t\t<a href=\"https:\/\/booking.epat.ch\/goldenschnitt\/booking\" target=\"_blank\" rel=\"noopener\" role=\"button\" aria-label=\"R\u00e9server un rendez-vous de consultation\">\n\t\t\t\t\t\t\tR\u00e9server un rendez-vous de consultation\n\t\t<\/a>","protected":false},"excerpt":{"rendered":"<p>Le rel\u00e2chement et le froissement de la peau au niveau des bras peuvent \u00eatre dus \u00e0 une diminution de l'\u00e9lasticit\u00e9 de la peau avec le processus de vieillissement ou \u00e0 une perte de poids importante. Un lifting des cuisses peut aider \u00e0 retrouver un meilleur contour des cuisses en enlevant chirurgicalement l'exc\u00e8s de peau et de tissu adipeux \u00e0 l'int\u00e9rieur des cuisses. En fonction de l'\u00e9tendue du probl\u00e8me, l'op\u00e9ration [...].<\/p>","protected":false},"author":6,"featured_media":0,"parent":557,"menu_order":0,"comment_status":"closed","ping_status":"closed","template":"","meta":{"_seopress_robots_primary_cat":"","_seopress_titles_title":"Oberschenkelstraffung | Klinik Zum Goldenen Schnitt | Basel","_seopress_titles_desc":"Straffe, konturierte Oberschenkel dank Oberschenkelstraffung durch Frau Dr. Simona L\u00fcdi in unserer Klinik f\u00fcr Plastische & \u00c4sthetische Chirurgie in Basel.","_seopress_robots_index":"","inline_featured_image":false,"site-sidebar-layout":"default","site-content-layout":"","ast-site-content-layout":"default","site-content-style":"default","site-sidebar-style":"default","ast-global-header-display":"","ast-banner-title-visibility":"","ast-main-header-display":"","ast-hfb-above-header-display":"","ast-hfb-below-header-display":"","ast-hfb-mobile-header-display":"","site-post-title":"","ast-breadcrumbs-content":"","ast-featured-img":"","footer-sml-layout":"","theme-transparent-header-meta":"","adv-header-id-meta":"","stick-header-meta":"","header-above-stick-meta":"","header-main-stick-meta":"","header-below-stick-meta":"","astra-migrate-meta-layouts":"set","ast-page-background-enabled":"default","ast-page-background-meta":{"desktop":{"background-color":"var(--ast-global-color-4)","background-image":"","background-repeat":"repeat","background-position":"center center","background-size":"auto","background-attachment":"scroll","background-type":"","background-media":"","overlay-type":"","overlay-color":"","overlay-opacity":"","overlay-gradient":""},"tablet":{"background-color":"","background-image":"","background-repeat":"repeat","background-position":"center center","background-size":"auto","background-attachment":"scroll","background-type":"","background-media":"","overlay-type":"","overlay-color":"","overlay-opacity":"","overlay-gradient":""},"mobile":{"background-color":"","background-image":"","background-repeat":"repeat","background-position":"center center","background-size":"auto","background-attachment":"scroll","background-type":"","background-media":"","overlay-type":"","overlay-color":"","overlay-opacity":"","overlay-gradient":""}},"ast-content-background-meta":{"desktop":{"background-color":"var(--ast-global-color-5)","background-image":"","background-repeat":"repeat","background-position":"center center","background-size":"auto","background-attachment":"scroll","background-type":"","background-media":"","overlay-type":"","overlay-color":"","overlay-opacity":"","overlay-gradient":""},"tablet":{"background-color":"var(--ast-global-color-5)","background-image":"","background-repeat":"repeat","background-position":"center center","background-size":"auto","background-attachment":"scroll","background-type":"","background-media":"","overlay-type":"","overlay-color":"","overlay-opacity":"","overlay-gradient":""},"mobile":{"background-color":"var(--ast-global-color-5)","background-image":"","background-repeat":"repeat","background-position":"center center","background-size":"auto","background-attachment":"scroll","background-type":"","background-media":"","overlay-type":"","overlay-color":"","overlay-opacity":"","overlay-gradient":""}},"footnotes":""},"class_list":["post-624","page","type-page","status-publish"],"_links":{"self":[{"href":"https:\/\/www.zumgoldenenschnitt.ch\/fr\/wp-json\/wp\/v2\/pages\/624","targetHints":{"allow":["GET"]}}],"collection":[{"href":"https:\/\/www.zumgoldenenschnitt.ch\/fr\/wp-json\/wp\/v2\/pages"}],"about":[{"href":"https:\/\/www.zumgoldenenschnitt.ch\/fr\/wp-json\/wp\/v2\/types\/page"}],"author":[{"embeddable":true,"href":"https:\/\/www.zumgoldenenschnitt.ch\/fr\/wp-json\/wp\/v2\/users\/6"}],"replies":[{"embeddable":true,"href":"https:\/\/www.zumgoldenenschnitt.ch\/fr\/wp-json\/wp\/v2\/comments?post=624"}],"version-history":[{"count":6,"href":"https:\/\/www.zumgoldenenschnitt.ch\/fr\/wp-json\/wp\/v2\/pages\/624\/revisions"}],"predecessor-version":[{"id":2301,"href":"https:\/\/www.zumgoldenenschnitt.ch\/fr\/wp-json\/wp\/v2\/pages\/624\/revisions\/2301"}],"up":[{"embeddable":true,"href":"https:\/\/www.zumgoldenenschnitt.ch\/fr\/wp-json\/wp\/v2\/pages\/557"}],"wp:attachment":[{"href":"https:\/\/www.zumgoldenenschnitt.ch\/fr\/wp-json\/wp\/v2\/media?parent=624"}],"curies":[{"name":"wp","href":"https:\/\/api.w.org\/{rel}","templated":true}]}}