{"id":628,"date":"2023-01-26T17:00:05","date_gmt":"2023-01-26T16:00:05","guid":{"rendered":"https:\/\/www.zumgoldenenschnitt.ch\/?page_id=628"},"modified":"2026-02-26T14:08:02","modified_gmt":"2026-02-26T13:08:02","slug":"schamlippenverkleinerung-labioplastik","status":"publish","type":"page","link":"https:\/\/www.zumgoldenenschnitt.ch\/fr\/offre\/zone-intime\/reduction-des-levres-labioplastie\/","title":{"rendered":"R\u00e9duction des l\u00e8vres | Labioplastie"},"content":{"rendered":"<p>La r\u00e9duction des petites l\u00e8vres est un sujet tr\u00e8s sensible et personnel et de nombreuses femmes n'osent souvent pas en parler ou prendre rendez-vous pour une consultation pendant longtemps, ce qui explique pourquoi elles portent souvent le probl\u00e8me avec elles pendant de nombreuses ann\u00e9es.<\/p>\nLa taille et la forme des l\u00e8vres int\u00e9rieures (labia minora) varient d'une femme \u00e0 l'autre. De nombreuses femmes trouvent inesth\u00e9tique que les l\u00e8vres int\u00e9rieures soient agrandies ou rel\u00e2ch\u00e9es et qu'elles ne soient pas recouvertes par les l\u00e8vres ext\u00e9rieures. Outre l'aspect esth\u00e9tique et les restrictions dans l'intimit\u00e9, les grandes l\u00e8vres peuvent \u00e9galement entra\u00eener des douleurs et des g\u00eanes dans la vie quotidienne, lors de la pratique d'un sport comme l'\u00e9quitation ou le v\u00e9lo ou lors du port de pantalons serr\u00e9s.<br \/>\nUne r\u00e9duction des petites l\u00e8vres, \u00e9galement appel\u00e9e labioplastie, peut \u00e9liminer les troubles et la sensation de honte qui existe souvent et entra\u00eener une nette am\u00e9lioration de la qualit\u00e9 de vie.\n<p>Dans une atmosph\u00e8re de confiance et lors d'un entretien de femme \u00e0 femme, le Dr L\u00fcdi prend en charge votre demande et vous conseille en d\u00e9tail sur le th\u00e8me de la r\u00e9duction des petites l\u00e8vres.<\/p>\n\t\t\t\t<img loading=\"lazy\" decoding=\"async\" src=\"https:\/\/www.zumgoldenenschnitt.ch\/wp-content\/uploads\/2023\/02\/27-reduction-des-levres-labioplastie-info-fr.svg\" alt=\"27 r\u00e9duction des l\u00e8vres labioplastie infos\" itemprop=\"image\" height=\"1000\" width=\"1000\" title=\"27-r\u00e9duction des petites l\u00e8vres-labioplastie-infos\" onerror=\"this.style.display='none'\"  \/>\n\t\t\t\t<img loading=\"lazy\" decoding=\"async\" src=\"https:\/\/www.zumgoldenenschnitt.ch\/wp-content\/uploads\/2023\/01\/schamlippenverkleinerung-labioplastik-basel.jpg\" alt=\"r\u00e9duction des l\u00e8vres labioplastie b\u00e2le\" itemprop=\"image\" height=\"1000\" width=\"1000\" title=\"r\u00e9duction des l\u00e8vres-labioplastie-basel\" onerror=\"this.style.display='none'\"  \/>\n\t<h2>Conseils relatifs \u00e0 la r\u00e9duction des petites l\u00e8vres<\/h2>\n<p>En tant que chirurgienne plasticienne, le Dr L\u00fcdi est sp\u00e9cialis\u00e9e dans les op\u00e9rations intimes et a de l'exp\u00e9rience dans le domaine de la r\u00e9duction des petites l\u00e8vres. Lors d'une premi\u00e8re consultation d\u00e9taill\u00e9e dans une atmosph\u00e8re calme et confiante, le Dr L\u00fcdi prend le temps de r\u00e9pondre \u00e0 votre demande, analyse avec vous les r\u00e9sultats et vous conseille sur les possibilit\u00e9s de traitement. L\u00fcdi vous explique ensuite la technique op\u00e9ratoire et l'incision exacte d'une r\u00e9duction des l\u00e8vres \u00e0 l'aide de photos et de dessins et discute avec vous des soins postop\u00e9ratoires ainsi que des risques et complications \u00e9ventuels. Il est tr\u00e8s important pour nous que vous soyez bien inform\u00e9e sur l'intervention, que nous r\u00e9pondions \u00e0 toutes les questions en suspens et que vos souhaits soient pris en compte.<\/p>\n<h2>Le jour de l'op\u00e9ration d'une labiaplastie<\/h2>\n<p>Notre \u00e9quipe f\u00e9minine vous accueille dans une ambiance agr\u00e9able, discr\u00e8te et calme dans notre clinique. Environ 20 minutes avant l'op\u00e9ration, une cr\u00e8me anesth\u00e9siante est appliqu\u00e9e sur la r\u00e9gion des l\u00e8vres, de sorte que les fines piq\u00fbres pour l'anesth\u00e9sie locale ne soient plus ressenties comme douloureuses. Vous serez ensuite pr\u00e9par\u00e9e \u00e0 l'op\u00e9ration et accompagn\u00e9e en salle d'op\u00e9ration.<\/p>\n<h2>L'op\u00e9ration - comment se d\u00e9roule une op\u00e9ration des l\u00e8vres ?<\/h2>\n<p>La plastie de r\u00e9duction labiale (op\u00e9ration des l\u00e8vres) est r\u00e9alis\u00e9e dans notre propre salle d'op\u00e9ration clinique \u00e0 B\u00e2le, en ambulatoire et sous anesth\u00e9sie locale (sur demande, sous somnolence ou sous anesth\u00e9sie g\u00e9n\u00e9rale). Apr\u00e8s un rep\u00e9rage pr\u00e9cis de l'exc\u00e9dent de tissu, la peau en exc\u00e8s est retir\u00e9e et le tissu restant est retendu de mani\u00e8re sym\u00e9trique. Les bords de la plaie sont sutur\u00e9s avec pr\u00e9cision \u00e0 l'aide de fils fins et autodissolvants, de sorte que les cicatrices soient tr\u00e8s fines et \u00e0 peine visibles apr\u00e8s la gu\u00e9rison. Dans certains cas, pour obtenir un r\u00e9sultat esth\u00e9tique, il est possible de proc\u00e9der \u00e0 un raffermissement du manteau du clitoris au cours de la m\u00eame op\u00e9ration.<\/p>\n<h2>Juste apr\u00e8s l'op\u00e9ration<\/h2>\n<p>Apr\u00e8s l'op\u00e9ration, vous vous reposerez dans notre belle chambre avec vue sur le Rhin et la r\u00e9gion pubienne sera refroidie. Une heure plus tard, vous pouvez rentrer chez vous et, si n\u00e9cessaire, vous faire chercher par une personne de confiance.<\/p>\n<h2>Les soins postop\u00e9ratoires apr\u00e8s une labiaplastie<\/h2>\n<ul>\n<li>M\u00e9nagez-vous pendant les 3 \u00e0 4 premiers jours.<\/li>\n<li>Pour r\u00e9duire l'enflure, nous recommandons de refroidir r\u00e9guli\u00e8rement la r\u00e9gion pubienne pendant les premiers jours.<\/li>\n<li>Les douches sont autoris\u00e9es d\u00e8s le premier jour postop\u00e9ratoire.<\/li>\n<li>Apr\u00e8s chaque passage aux toilettes, il convient d'appliquer un spray d\u00e9sinfectant sur les l\u00e8vres.<\/li>\n<li>Un pansement n'est pas n\u00e9cessaire. Nous vous recommandons d'ins\u00e9rer une serviette hygi\u00e9nique dans vos sous-v\u00eatements les premiers jours apr\u00e8s l'op\u00e9ration.<\/li>\n<li>Les fils utilis\u00e9s sont auto-dissolvants, il n'est donc pas n\u00e9cessaire de les retirer.<\/li>\n<li>Pour une gu\u00e9rison sans probl\u00e8me, vous devez vous m\u00e9nager physiquement pendant les 4 \u00e0 6 premi\u00e8res semaines apr\u00e8s l'op\u00e9ration et \u00e9viter les frottements dans la zone intime, le sport, les rapports sexuels ainsi que le sauna et les bains.<\/li>\n<\/ul>\n<h2>R\u00e9duction des petites l\u00e8vres - risques et complications<\/h2>\n<p>Les incidents et complications ind\u00e9sirables sont tr\u00e8s rares apr\u00e8s une r\u00e9duction des petites l\u00e8vres. Dans les premiers jours suivant l'op\u00e9ration, il faut s'attendre \u00e0 des gonflements passagers de la r\u00e9gion pubienne. Dans quelques rares cas, des h\u00e9morragies secondaires, des troubles de la cicatrisation ou une infection peuvent survenir.<\/p>\n<h2>Co\u00fbts d'une r\u00e9duction des petites l\u00e8vres<\/h2>\n<p>Les co\u00fbts d'une r\u00e9duction des petites l\u00e8vres \u00e0 B\u00e2le d\u00e9pendent de vos souhaits, du type et de l'ampleur de l'op\u00e9ration ainsi que du type d'anesth\u00e9sie. Dans le cadre d'un entretien de conseil, le Dr L\u00fcdi \u00e9tablira un traitement adapt\u00e9 \u00e0 vos besoins personnels et vous soumettra un devis individuel.<\/p>\n<p>En r\u00e8gle g\u00e9n\u00e9rale, il n'y a pas de prise en charge par la caisse d'assurance maladie pour r\u00e9duire les petites l\u00e8vres, car l'intervention est consid\u00e9r\u00e9e comme essentiellement esth\u00e9tique. Dans des cas rares et extr\u00eames, la caisse maladie peut prendre en charge une partie des frais d'op\u00e9ration apr\u00e8s une demande de garantie de prise en charge pr\u00e9alable.<\/p>\n<h2>Questions fr\u00e9quentes<\/h2>\n\t\t\t\t\t\t\t\t\t\t<h3 tabindex=\"0\">Quand est-il judicieux de proc\u00e9der \u00e0 une r\u00e9duction des petites l\u00e8vres ?<\/h3>\n\t\t\t\t\t<p>Si les grandes l\u00e8vres internes sont g\u00eanantes d'un point de vue esth\u00e9tique ou provoquent des troubles tels que des douleurs, voire des plaies dues aux frottements constants, une correction des l\u00e8vres peut s'av\u00e9rer judicieuse et apporter un sentiment de vie positif ainsi qu'une meilleure qualit\u00e9 de vie.<\/p>\n\t\t\t\t\t\t\t\t\t\t<h3 tabindex=\"0\">Comment dois-je me pr\u00e9parer \u00e0 une r\u00e9duction des l\u00e8vres ?<\/h3>\n\t\t\t\t\t<p>Nous vous demandons d'enlever tous les poils des parties intimes avant l'intervention. Le jour de l'op\u00e9ration, portez des v\u00eatements confortables et pas trop moulants. Vous pouvez emporter votre musique pr\u00e9f\u00e9r\u00e9e et l'\u00e9couter pendant l'intervention.<\/p>\n\t\t\t\t\t\t\t\t\t\t<h3 tabindex=\"0\">La r\u00e9duction des petites l\u00e8vres est-elle douloureuse ?<\/h3>\n\t\t\t\t\t<p>Les douleurs qui surviennent apr\u00e8s une intervention de ce type sont bien supportables et contr\u00f4lables avec des analg\u00e9siques courants. Nous vous remettons une ordonnance correspondante.<\/p>\n\t\t\t\t\t\t\t\t\t\t<h3 tabindex=\"0\">Des fils sont-ils utilis\u00e9s lors de la r\u00e9duction des petites l\u00e8vres et doivent-ils \u00eatre retir\u00e9s ?<\/h3>\n\t\t\t\t\t<p>Les fils utilis\u00e9s sont auto-dissolvants, il n'est donc pas n\u00e9cessaire de les retirer.<\/p>\n\t\t\t\t\t\t\t\t\t\t<h3 tabindex=\"0\">Des cicatrices seront-elles visibles apr\u00e8s une r\u00e9duction des petites l\u00e8vres ?<\/h3>\n\t\t\t\t\t<p>Lors de la r\u00e9duction des l\u00e8vres, l'incision est plac\u00e9e de mani\u00e8re \u00e0 ce qu'elles ne soient normalement plus visibles apr\u00e8s la cicatrisation.<\/p>\n\t\t\t\t\t\t\t\t\t\t<h3 tabindex=\"0\">Quand ont lieu les contr\u00f4les post-op\u00e9ratoires apr\u00e8s une correction des l\u00e8vres ?<\/h3>\n\t\t\t\t\t<p>Le premier contr\u00f4le a g\u00e9n\u00e9ralement lieu 7 \u00e0 10 jours apr\u00e8s l'op\u00e9ration. D'autres contr\u00f4les ont lieu 6 semaines et 3 mois apr\u00e8s l'intervention. Ensuite, le traitement peut g\u00e9n\u00e9ralement \u00eatre termin\u00e9.<\/p>\n\t\t\t\t\t\t\t\t\t\t<h3 tabindex=\"0\">Comment se passe la cicatrisation apr\u00e8s une r\u00e9duction des petites l\u00e8vres ?<\/h3>\n\t\t\t\t\t<p>Apr\u00e8s la r\u00e9duction des petites l\u00e8vres, la gu\u00e9rison est g\u00e9n\u00e9ralement assez rapide. Pendant les premi\u00e8res 1 \u00e0 2 semaines, il faut s'attendre \u00e0 un gonflement des l\u00e8vres, qui s'att\u00e9nue toutefois progressivement. Apr\u00e8s 10 \u00e0 14 jours, les plaies sont gu\u00e9ries apr\u00e8s une r\u00e9duction des l\u00e8vres. Les fils utilis\u00e9s sont auto-dissolvants et ne doivent pas \u00eatre retir\u00e9s.<\/p>\n\t\t\t\t\t\t\t\t\t\t<h3 tabindex=\"0\">Combien de temps ne puis-je pas travailler apr\u00e8s une r\u00e9duction des petites l\u00e8vres ?<\/h3>\n\t\t\t\t\t<p>Pour une gu\u00e9rison optimale, nous recommandons le repos physique pendant 3 \u00e0 4 jours. Ensuite, le travail peut \u00eatre repris (en fonction de l'effort physique).<\/p>\n\t\t\t\t\t\t\t\t\t\t<h3 tabindex=\"0\">Quand puis-je reprendre le sport apr\u00e8s une r\u00e9duction des petites l\u00e8vres ?<\/h3>\n\t\t\t\t\t<p>Pour une gu\u00e9rison sans probl\u00e8me, vous devez vous m\u00e9nager physiquement pendant les 4 \u00e0 6 premi\u00e8res semaines apr\u00e8s l'op\u00e9ration et donc \u00e9viter le sport et les frottements dans la zone intime.<\/p>\n<p>Apr\u00e8s 4 semaines, vous pouvez reprendre progressivement le sport. Les sports comme le v\u00e9lo, l'\u00e9quitation et la natation ne doivent \u00eatre repris qu'apr\u00e8s 6 semaines.<\/p>\n\t\t\t\t\t\t\t\t\t\t<h3 tabindex=\"0\">Quand peut-on \u00e0 nouveau avoir des rapports sexuels apr\u00e8s une r\u00e9duction des petites l\u00e8vres ?<\/h3>\n\t\t\t\t\t<p>Pour une cicatrisation stable et sans probl\u00e8me, nous recommandons d'\u00e9viter les rapports sexuels pendant 6 semaines apr\u00e8s l'op\u00e9ration. Ensuite, les cicatrices seront suffisamment stables pour qu'il n'y ait plus de restrictions.<\/p>\n\t\t\t\t\t\t\t\t\t\t<h3 tabindex=\"0\">La r\u00e9duction des l\u00e8vres affecte-t-elle mes sensations sexuelles ?<\/h3>\n\t\t\t\t\t<p>Non, l'incision est choisie de mani\u00e8re \u00e0 ce que les zones \u00e9rog\u00e8nes ne soient pas touch\u00e9es. Apr\u00e8s une gu\u00e9rison compl\u00e8te, c'est-\u00e0-dire apr\u00e8s environ 4 mois, tout redevient g\u00e9n\u00e9ralement normal au toucher.<\/p>\n\t\t\t\t\t\t\t\t\t\t<h3 tabindex=\"0\">Est-ce que cela se verra que j'ai subi une r\u00e9duction des l\u00e8vres ?<\/h3>\n\t\t\t\t\t<p>Apr\u00e8s 6 semaines, les plaies sont si bien cicatris\u00e9es qu'une correction chirurgicale n'est pas visible au premier abord. Une fois la gu\u00e9rison termin\u00e9e, les cicatrices sont si fines et pratiquement invisibles qu'il faut les chercher pour les reconna\u00eetre.<\/p>\n\t\t\t\t\t\t\t\t\t\t<h3 tabindex=\"0\">Les co\u00fbts d'une r\u00e9duction des petites l\u00e8vres sont-ils pris en charge par la caisse d'assurance maladie ?<\/h3>\n\t\t\t\t\t<p>En r\u00e8gle g\u00e9n\u00e9rale, la plupart des caisses d'assurance maladie ne prennent pas en charge les co\u00fbts d'une r\u00e9duction des petites l\u00e8vres, car l'intervention est principalement consid\u00e9r\u00e9e comme esth\u00e9tique. Dans des cas rares et extr\u00eames, la caisse d'assurance maladie peut prendre en charge une partie des frais d'op\u00e9ration apr\u00e8s une demande de garantie de prise en charge pr\u00e9alable.<\/p>\n\t\t\t\t\t\t\t\t\t\t<h3 tabindex=\"0\">Combien co\u00fbte une r\u00e9duction des petites l\u00e8vres ?<\/h3>\n\t\t\t\t\t<p>Le prix d'une r\u00e9duction des petites l\u00e8vres d\u00e9pend des souhaits individuels, de la complexit\u00e9 et du type d'anesth\u00e9sie. Dans le cadre d'un premier entretien de conseil, nous vous soumettons une offre personnalis\u00e9e.<\/p>\n\t<p>Lisez aussi notre article du Journal <a href=\"https:\/\/www.zumgoldenenschnitt.ch\/fr\/chirurgie-intime-de-femme-a-femme\/\">\"Chirurgie intime de femme \u00e0 femme\"<\/a>.<\/p>\n<p>Le Dr Simona L\u00fcdi vous accueille volontiers pour un entretien personnel en vue d'une r\u00e9duction des petites l\u00e8vres dans notre clinique de B\u00e2le. Nous nous r\u00e9jouissons de vous rencontrer.<\/p>\n\t\t\t<a href=\"https:\/\/booking.epat.ch\/goldenschnitt\/booking\" target=\"_blank\" rel=\"noopener\" role=\"button\" aria-label=\"R\u00e9server un rendez-vous de consultation\">\n\t\t\t\t\t\t\tR\u00e9server un rendez-vous de consultation\n\t\t<\/a>","protected":false},"excerpt":{"rendered":"<p>La r\u00e9duction des petites l\u00e8vres est un sujet tr\u00e8s sensible et personnel et de nombreuses femmes n'osent souvent pas en parler ou prendre rendez-vous pour une consultation pendant longtemps, ce qui explique pourquoi elles portent souvent le probl\u00e8me avec elles pendant de nombreuses ann\u00e9es. La taille et la forme des l\u00e8vres int\u00e9rieures (labia minora) varient d'une femme \u00e0 l'autre. De nombreuses femmes le ressentent [...].<\/p>","protected":false},"author":6,"featured_media":0,"parent":559,"menu_order":0,"comment_status":"closed","ping_status":"closed","template":"","meta":{"_seopress_robots_primary_cat":"","_seopress_titles_title":"Schamlippenverkleinerung (Labioplastik) | Dr. Simona L\u00fcdi | Basel","_seopress_titles_desc":"Schamlippen verkleinern - von Frau zu Frau in Basel - Frau Dr. Simona L\u00fcdi, Fach\u00e4rztin f\u00fcr Plastische & \u00c4sthetische Chirurgie ber\u00e4t Sie gerne in unserer Klinik.","_seopress_robots_index":"","inline_featured_image":false,"site-sidebar-layout":"default","site-content-layout":"","ast-site-content-layout":"default","site-content-style":"default","site-sidebar-style":"default","ast-global-header-display":"","ast-banner-title-visibility":"","ast-main-header-display":"","ast-hfb-above-header-display":"","ast-hfb-below-header-display":"","ast-hfb-mobile-header-display":"","site-post-title":"","ast-breadcrumbs-content":"","ast-featured-img":"","footer-sml-layout":"","theme-transparent-header-meta":"","adv-header-id-meta":"","stick-header-meta":"","header-above-stick-meta":"","header-main-stick-meta":"","header-below-stick-meta":"","astra-migrate-meta-layouts":"set","ast-page-background-enabled":"default","ast-page-background-meta":{"desktop":{"background-color":"var(--ast-global-color-4)","background-image":"","background-repeat":"repeat","background-position":"center center","background-size":"auto","background-attachment":"scroll","background-type":"","background-media":"","overlay-type":"","overlay-color":"","overlay-opacity":"","overlay-gradient":""},"tablet":{"background-color":"","background-image":"","background-repeat":"repeat","background-position":"center center","background-size":"auto","background-attachment":"scroll","background-type":"","background-media":"","overlay-type":"","overlay-color":"","overlay-opacity":"","overlay-gradient":""},"mobile":{"background-color":"","background-image":"","background-repeat":"repeat","background-position":"center center","background-size":"auto","background-attachment":"scroll","background-type":"","background-media":"","overlay-type":"","overlay-color":"","overlay-opacity":"","overlay-gradient":""}},"ast-content-background-meta":{"desktop":{"background-color":"var(--ast-global-color-5)","background-image":"","background-repeat":"repeat","background-position":"center center","background-size":"auto","background-attachment":"scroll","background-type":"","background-media":"","overlay-type":"","overlay-color":"","overlay-opacity":"","overlay-gradient":""},"tablet":{"background-color":"var(--ast-global-color-5)","background-image":"","background-repeat":"repeat","background-position":"center center","background-size":"auto","background-attachment":"scroll","background-type":"","background-media":"","overlay-type":"","overlay-color":"","overlay-opacity":"","overlay-gradient":""},"mobile":{"background-color":"var(--ast-global-color-5)","background-image":"","background-repeat":"repeat","background-position":"center center","background-size":"auto","background-attachment":"scroll","background-type":"","background-media":"","overlay-type":"","overlay-color":"","overlay-opacity":"","overlay-gradient":""}},"footnotes":""},"class_list":["post-628","page","type-page","status-publish"],"_links":{"self":[{"href":"https:\/\/www.zumgoldenenschnitt.ch\/fr\/wp-json\/wp\/v2\/pages\/628","targetHints":{"allow":["GET"]}}],"collection":[{"href":"https:\/\/www.zumgoldenenschnitt.ch\/fr\/wp-json\/wp\/v2\/pages"}],"about":[{"href":"https:\/\/www.zumgoldenenschnitt.ch\/fr\/wp-json\/wp\/v2\/types\/page"}],"author":[{"embeddable":true,"href":"https:\/\/www.zumgoldenenschnitt.ch\/fr\/wp-json\/wp\/v2\/users\/6"}],"replies":[{"embeddable":true,"href":"https:\/\/www.zumgoldenenschnitt.ch\/fr\/wp-json\/wp\/v2\/comments?post=628"}],"version-history":[{"count":9,"href":"https:\/\/www.zumgoldenenschnitt.ch\/fr\/wp-json\/wp\/v2\/pages\/628\/revisions"}],"predecessor-version":[{"id":2302,"href":"https:\/\/www.zumgoldenenschnitt.ch\/fr\/wp-json\/wp\/v2\/pages\/628\/revisions\/2302"}],"up":[{"embeddable":true,"href":"https:\/\/www.zumgoldenenschnitt.ch\/fr\/wp-json\/wp\/v2\/pages\/559"}],"wp:attachment":[{"href":"https:\/\/www.zumgoldenenschnitt.ch\/fr\/wp-json\/wp\/v2\/media?parent=628"}],"curies":[{"name":"wp","href":"https:\/\/api.w.org\/{rel}","templated":true}]}}