{"id":858,"date":"2023-02-06T14:57:38","date_gmt":"2023-02-06T13:57:38","guid":{"rendered":"https:\/\/www.zumgoldenenschnitt.ch\/?page_id=858"},"modified":"2025-11-27T15:11:28","modified_gmt":"2025-11-27T14:11:28","slug":"impressum","status":"publish","type":"page","link":"https:\/\/www.zumgoldenenschnitt.ch\/fr\/mentions-legales\/","title":{"rendered":"Mentions l\u00e9gales"},"content":{"rendered":"<h3>Adresse de contact<\/h3>\n<p><strong>LE NOMBRE D'OR\u00a0<\/strong><\/p>\nClinique Zum Goldenen Schnitt AG<br \/>\nSt. Johanns-Vorstadt 70<br \/>\n4056 B\u00e2le\n<a href=\"tel: 41613868080\">+41 61 386 80 80<\/a><br \/>\n<a href=\"mailto:klinik@zumgoldenenschnitt.ch\">klinik@zumgoldenenschnitt.ch<\/a>\n<h3>Design<\/h3>\n<p>Arch. Philippe Laurent L\u00fcdi &amp; Dr. med. Simona L\u00fcdi<\/p>\n<h3>Marketing en ligne<\/h3>\n<p>&nbsp;<\/p>\n<h3>Copyright<\/h3>\n<p>Les droits d'auteur pour tous les contenus de ce site web appartiennent \u00e0 la clinique Zum Goldenen Schnitt AG.<\/p>\n<h3>Clause de non-responsabilit\u00e9<\/h3>\n<p>Tous les textes et liens ont \u00e9t\u00e9 soigneusement v\u00e9rifi\u00e9s et sont actualis\u00e9s en permanence. Nous nous effor\u00e7ons de fournir des informations exactes et compl\u00e8tes sur ce site web, mais n'assumons aucune responsabilit\u00e9, garantie ou obligation quant \u00e0 l'exactitude, l'exhaustivit\u00e9 ou l'actualit\u00e9 des informations fournies par ce site web, y compris toute entr\u00e9e dans une base de donn\u00e9es. Nous nous r\u00e9servons le droit de modifier \u00e0 tout moment et sans pr\u00e9avis les informations contenues dans ce site web et nous ne nous engageons pas non plus \u00e0 mettre \u00e0 jour les informations qu'il contient. L'exactitude de tous les liens vers des fournisseurs externes a \u00e9t\u00e9 v\u00e9rifi\u00e9e au moment de leur inclusion. Toutefois, nous ne sommes pas responsables du contenu et de la disponibilit\u00e9 des sites web accessibles par des hyperliens. Seul le fournisseur de la page \u00e0 laquelle il a \u00e9t\u00e9 renvoy\u00e9 est responsable des contenus ill\u00e9gaux, erron\u00e9s ou incomplets et en particulier des dommages r\u00e9sultant de l'utilisation non v\u00e9rifi\u00e9e des contenus des pages li\u00e9es. Peu importe que le dommage soit de nature directe, indirecte ou financi\u00e8re ou qu'il s'agisse d'un autre dommage pouvant r\u00e9sulter d'une perte de donn\u00e9es, d'une perte d'utilisation ou d'autres raisons de toute nature.<\/p>","protected":false},"excerpt":{"rendered":"<p>Adresse de contact ZUM GOLDEN SCHNITT Klinik Zum Goldenen Schnitt AG St. Johanns-Vorstadt 70 4056 Basel +41 61 386 80 80 klinik@zumgoldenenschnitt.ch Design Arch. Philippe Laurent L\u00fcdi &amp; Dr. med. Simona L\u00fcdi Online Marketing Copyright Le copyright de l'ensemble du contenu de ce site Internet appartient \u00e0 la Klinik Zum Goldenen Schnitt AG. Disclaimer Tous les textes et liens ont \u00e9t\u00e9 [...].<\/p>","protected":false},"author":6,"featured_media":0,"parent":0,"menu_order":0,"comment_status":"closed","ping_status":"closed","template":"","meta":{"_seopress_robots_primary_cat":"","_seopress_titles_title":"","_seopress_titles_desc":"","_seopress_robots_index":"","inline_featured_image":false,"site-sidebar-layout":"default","site-content-layout":"","ast-site-content-layout":"default","site-content-style":"default","site-sidebar-style":"default","ast-global-header-display":"","ast-banner-title-visibility":"","ast-main-header-display":"","ast-hfb-above-header-display":"","ast-hfb-below-header-display":"","ast-hfb-mobile-header-display":"","site-post-title":"","ast-breadcrumbs-content":"","ast-featured-img":"","footer-sml-layout":"","theme-transparent-header-meta":"","adv-header-id-meta":"","stick-header-meta":"","header-above-stick-meta":"","header-main-stick-meta":"","header-below-stick-meta":"","astra-migrate-meta-layouts":"set","ast-page-background-enabled":"default","ast-page-background-meta":{"desktop":{"background-color":"var(--ast-global-color-4)","background-image":"","background-repeat":"repeat","background-position":"center center","background-size":"auto","background-attachment":"scroll","background-type":"","background-media":"","overlay-type":"","overlay-color":"","overlay-opacity":"","overlay-gradient":""},"tablet":{"background-color":"","background-image":"","background-repeat":"repeat","background-position":"center center","background-size":"auto","background-attachment":"scroll","background-type":"","background-media":"","overlay-type":"","overlay-color":"","overlay-opacity":"","overlay-gradient":""},"mobile":{"background-color":"","background-image":"","background-repeat":"repeat","background-position":"center center","background-size":"auto","background-attachment":"scroll","background-type":"","background-media":"","overlay-type":"","overlay-color":"","overlay-opacity":"","overlay-gradient":""}},"ast-content-background-meta":{"desktop":{"background-color":"var(--ast-global-color-5)","background-image":"","background-repeat":"repeat","background-position":"center center","background-size":"auto","background-attachment":"scroll","background-type":"","background-media":"","overlay-type":"","overlay-color":"","overlay-opacity":"","overlay-gradient":""},"tablet":{"background-color":"var(--ast-global-color-5)","background-image":"","background-repeat":"repeat","background-position":"center center","background-size":"auto","background-attachment":"scroll","background-type":"","background-media":"","overlay-type":"","overlay-color":"","overlay-opacity":"","overlay-gradient":""},"mobile":{"background-color":"var(--ast-global-color-5)","background-image":"","background-repeat":"repeat","background-position":"center center","background-size":"auto","background-attachment":"scroll","background-type":"","background-media":"","overlay-type":"","overlay-color":"","overlay-opacity":"","overlay-gradient":""}},"footnotes":""},"class_list":["post-858","page","type-page","status-publish"],"_links":{"self":[{"href":"https:\/\/www.zumgoldenenschnitt.ch\/fr\/wp-json\/wp\/v2\/pages\/858","targetHints":{"allow":["GET"]}}],"collection":[{"href":"https:\/\/www.zumgoldenenschnitt.ch\/fr\/wp-json\/wp\/v2\/pages"}],"about":[{"href":"https:\/\/www.zumgoldenenschnitt.ch\/fr\/wp-json\/wp\/v2\/types\/page"}],"author":[{"embeddable":true,"href":"https:\/\/www.zumgoldenenschnitt.ch\/fr\/wp-json\/wp\/v2\/users\/6"}],"replies":[{"embeddable":true,"href":"https:\/\/www.zumgoldenenschnitt.ch\/fr\/wp-json\/wp\/v2\/comments?post=858"}],"version-history":[{"count":15,"href":"https:\/\/www.zumgoldenenschnitt.ch\/fr\/wp-json\/wp\/v2\/pages\/858\/revisions"}],"predecessor-version":[{"id":2260,"href":"https:\/\/www.zumgoldenenschnitt.ch\/fr\/wp-json\/wp\/v2\/pages\/858\/revisions\/2260"}],"wp:attachment":[{"href":"https:\/\/www.zumgoldenenschnitt.ch\/fr\/wp-json\/wp\/v2\/media?parent=858"}],"curies":[{"name":"wp","href":"https:\/\/api.w.org\/{rel}","templated":true}]}}