{"id":1035,"date":"2023-08-21T14:57:28","date_gmt":"2023-08-21T12:57:28","guid":{"rendered":"https:\/\/www.zumgoldenenschnitt.ch\/?page_id=1035"},"modified":"2025-10-08T14:08:13","modified_gmt":"2025-10-08T12:08:13","slug":"datenschutz","status":"publish","type":"page","link":"https:\/\/www.zumgoldenenschnitt.ch\/it\/protezione-dei-dati\/","title":{"rendered":"Informativa sulla privacy"},"content":{"rendered":"<p>Benvenuti nel sito web della Klinik Zum Goldenen Schnitt AG. La seguente politica sulla privacy si applica all'uso del nostro sito web e dei servizi offerti su di esso. Questa informativa sulla privacy vi informa sulla raccolta dei dati personali durante la vostra visita a questo sito web. Utilizzando questo sito web, acconsentite al trattamento dei vostri dati personali in conformit\u00e0 con la presente informativa sulla privacy.<\/p>\n<p>La raccolta e l'elaborazione dei vostri dati personali avvengono in conformit\u00e0 alle leggi e ai requisiti vigenti in materia di protezione dei dati. Inoltre, la clinica declina ogni responsabilit\u00e0 per l'utilizzo di questo sito web.<\/p>\n<p>In linea di principio, la nostra clinica offre i suoi servizi solo in Svizzera e si rivolge esclusivamente a persone residenti in Svizzera.<\/p>\n<strong>Raccolta di dati e informazioni generali<\/strong><br \/>\nOgni volta che il sito web viene richiamato, vengono raccolti una serie di dati e informazioni generali. Questi dati e informazioni generali vengono memorizzati nei file di log del server. Possono essere raccolti i seguenti dati: (1) i tipi e le versioni di browser utilizzati, (2) il sistema operativo utilizzato dal sistema di accesso, (3) il sito web da cui un sistema di accesso accede al nostro sito web (il cosiddetto referrer), (4) i siti secondari a cui si accede tramite un sistema di accesso sul nostro sito web, (5) la data e l'ora di un accesso al sito web, (6) un indirizzo di protocollo Internet (indirizzo IP), (7) il provider di servizi Internet del sistema di accesso e (8) altri dati e informazioni simili che servono a scongiurare il pericolo in caso di attacchi alla nostra infrastruttura IT.\n<p>Questi dati e informazioni sono necessari per (1) visualizzare correttamente il contenuto del nostro sito web, (2) ottimizzare il contenuto del nostro sito web, (3) garantire la funzionalit\u00e0 a lungo termine della nostra infrastruttura IT e della tecnologia del nostro sito web e (4) fornire le informazioni necessarie alle autorit\u00e0 di polizia in caso di attacco informatico.<\/p>\n<p>Inoltre, la nostra clinica pu\u00f2 valutare questi dati e informazioni da un lato statisticamente e dall'altro con l'obiettivo di aumentare la protezione dei dati e la sicurezza dei dati della sua infrastruttura IT. I dati e le informazioni raccolti vengono elaborati solo per gli scopi appena menzionati e successivamente cancellati.<\/p>\n<strong>Link da altri siti web<\/strong><br \/>\nQuesto sito web pu\u00f2 contenere link a siti web di altri fornitori. La nostra clinica non ha alcuna influenza su questi siti web, sui loro contenuti, sulle loro offerte o disponibilit\u00e0, n\u00e9 sulle dichiarazioni e sulle disposizioni in materia di protezione dei dati ivi applicabili. Pertanto non si assume alcuna responsabilit\u00e0.\n<strong>Cookie e altri servizi<\/strong><br \/>\nLa nostra clinica pu\u00f2 utilizzare i cookie sul proprio sito web. I cookie contengono un cosiddetto ID cookie, un identificatore univoco del cookie che assegna siti web e server a un determinato browser internet. Un browser internet specifico pu\u00f2 essere riconosciuto e identificato attraverso questo ID cookie unico.\n<p>Tali informazioni sull'utilizzo di questo sito web (compreso il vostro indirizzo IP) possono, ad esempio, nel caso di Google Analytics, essere trasmesse a server all'estero e l\u00ec memorizzate. Utilizzando il nostro sito web, acconsentite al trasferimento di questi dati.<\/p>\n<p>La nostra clinica pu\u00f2 utilizzare ulteriori offerte di servizi da parte di fornitori terzi per integrare i loro contenuti e servizi, come video o articoli, nel sito web. Tale integrazione richiede sempre che questi fornitori terzi possano raccogliere ed elaborare l'indirizzo IP e altre informazioni dei visitatori di questo sito web. Utilizzando il nostro sito web, l'utente accetta questo.<\/p>\n<p>Su questo sito web possono essere inseriti dei pulsanti (\"social media plugins\") che stabiliscono un contatto con i server dei social network (Facebook, Twitter, Instagram, ecc.). Facendo clic su uno di questi pulsanti, si acconsente alla trasmissione dei dati necessari, come l'indirizzo IP, la visita del sito web, ecc. al rispettivo gestore del social network.<\/p>\n<strong>Newsletter<\/strong><br \/>\nAvete la possibilit\u00e0 di iscrivervi alla nostra newsletter tramite il nostro sito web. I dati forniti alla clinica, in particolare il vostro indirizzo e-mail e il vostro nome, possono essere utilizzati per l'invio regolare della nostra newsletter. La newsletter viene inviata direttamente dalla clinica o da una societ\u00e0 specializzata in questo settore. \u00c8 possibile annullare l'iscrizione alla newsletter in qualsiasi momento (tramite il link nella newsletter o sul sito web). Potete anche informarci via e-mail o tramite i dati di contatto indicati nell'imprinting. I dati personali rimangono presso il nostro studio medico e, se necessario, presso la societ\u00e0 incaricata dell'invio della newsletter, fintanto che l'utente si \u00e8 iscritto alla newsletter.\n<strong>Opzioni di comunicazione<\/strong><br \/>\nIl sito web della nostra clinica contiene alcune informazioni che consentono un rapido contatto elettronico e una comunicazione diretta, tra cui un indirizzo e-mail generale. Se ci contattate tramite le opzioni di comunicazione offerte sul nostro sito web, i vostri dati di contatto e i contenuti saranno utilizzati solo per elaborare e rispondere alla vostra richiesta.\n<p>Nota bene: non \u00e8 possibile garantire la riservatezza dei dati trasmessi. Pertanto, non \u00e8 necessario trasmettere dati confidenziali (preoccupazioni mediche, ecc.) quando si effettua questo contatto.<\/p>\n<strong>I vostri diritti<\/strong><br \/>\nIn base alla legge sulla protezione dei dati, avete diversi diritti, come il diritto all'informazione. Per esercitare i vostri diritti, contattate la clinica. Siamo a vostra disposizione per ulteriori informazioni al riguardo.\n<strong>Cambiamenti<\/strong><br \/>\nLa nostra clinica pu\u00f2 modificare la presente informativa sulla privacy in qualsiasi momento e senza preavviso. Si applicher\u00e0 la versione attuale pubblicata sul nostro sito web. Se la dichiarazione sulla protezione dei dati \u00e8 parte di un contratto con voi, in caso di aggiornamento vi informeremo della modifica via e-mail o con altri mezzi adeguati.\n<p>Basilea, 7 ottobre 2025<\/p>","protected":false},"excerpt":{"rendered":"<p>Benvenuti nel sito web della Klinik Zum Goldenen Schnitt AG. La seguente politica sulla privacy si applica all'uso del nostro sito web e dei servizi offerti su di esso. Questa informativa sulla privacy vi informa sulla raccolta dei dati personali durante la vostra visita a questo sito web. Utilizzando questo sito web, acconsentite al trattamento dei vostri dati personali in conformit\u00e0 con [...]<\/p>","protected":false},"author":6,"featured_media":0,"parent":0,"menu_order":0,"comment_status":"closed","ping_status":"closed","template":"","meta":{"_seopress_robots_primary_cat":"","_seopress_titles_title":"","_seopress_titles_desc":"","_seopress_robots_index":"yes","inline_featured_image":false,"site-sidebar-layout":"default","site-content-layout":"","ast-site-content-layout":"default","site-content-style":"default","site-sidebar-style":"default","ast-global-header-display":"","ast-banner-title-visibility":"","ast-main-header-display":"","ast-hfb-above-header-display":"","ast-hfb-below-header-display":"","ast-hfb-mobile-header-display":"","site-post-title":"","ast-breadcrumbs-content":"","ast-featured-img":"","footer-sml-layout":"","theme-transparent-header-meta":"","adv-header-id-meta":"","stick-header-meta":"","header-above-stick-meta":"","header-main-stick-meta":"","header-below-stick-meta":"","astra-migrate-meta-layouts":"set","ast-page-background-enabled":"default","ast-page-background-meta":{"desktop":{"background-color":"var(--ast-global-color-4)","background-image":"","background-repeat":"repeat","background-position":"center center","background-size":"auto","background-attachment":"scroll","background-type":"","background-media":"","overlay-type":"","overlay-color":"","overlay-opacity":"","overlay-gradient":""},"tablet":{"background-color":"","background-image":"","background-repeat":"repeat","background-position":"center center","background-size":"auto","background-attachment":"scroll","background-type":"","background-media":"","overlay-type":"","overlay-color":"","overlay-opacity":"","overlay-gradient":""},"mobile":{"background-color":"","background-image":"","background-repeat":"repeat","background-position":"center center","background-size":"auto","background-attachment":"scroll","background-type":"","background-media":"","overlay-type":"","overlay-color":"","overlay-opacity":"","overlay-gradient":""}},"ast-content-background-meta":{"desktop":{"background-color":"var(--ast-global-color-5)","background-image":"","background-repeat":"repeat","background-position":"center center","background-size":"auto","background-attachment":"scroll","background-type":"","background-media":"","overlay-type":"","overlay-color":"","overlay-opacity":"","overlay-gradient":""},"tablet":{"background-color":"var(--ast-global-color-5)","background-image":"","background-repeat":"repeat","background-position":"center center","background-size":"auto","background-attachment":"scroll","background-type":"","background-media":"","overlay-type":"","overlay-color":"","overlay-opacity":"","overlay-gradient":""},"mobile":{"background-color":"var(--ast-global-color-5)","background-image":"","background-repeat":"repeat","background-position":"center center","background-size":"auto","background-attachment":"scroll","background-type":"","background-media":"","overlay-type":"","overlay-color":"","overlay-opacity":"","overlay-gradient":""}},"footnotes":""},"class_list":["post-1035","page","type-page","status-publish"],"_links":{"self":[{"href":"https:\/\/www.zumgoldenenschnitt.ch\/it\/wp-json\/wp\/v2\/pages\/1035","targetHints":{"allow":["GET"]}}],"collection":[{"href":"https:\/\/www.zumgoldenenschnitt.ch\/it\/wp-json\/wp\/v2\/pages"}],"about":[{"href":"https:\/\/www.zumgoldenenschnitt.ch\/it\/wp-json\/wp\/v2\/types\/page"}],"author":[{"embeddable":true,"href":"https:\/\/www.zumgoldenenschnitt.ch\/it\/wp-json\/wp\/v2\/users\/6"}],"replies":[{"embeddable":true,"href":"https:\/\/www.zumgoldenenschnitt.ch\/it\/wp-json\/wp\/v2\/comments?post=1035"}],"version-history":[{"count":10,"href":"https:\/\/www.zumgoldenenschnitt.ch\/it\/wp-json\/wp\/v2\/pages\/1035\/revisions"}],"predecessor-version":[{"id":2199,"href":"https:\/\/www.zumgoldenenschnitt.ch\/it\/wp-json\/wp\/v2\/pages\/1035\/revisions\/2199"}],"wp:attachment":[{"href":"https:\/\/www.zumgoldenenschnitt.ch\/it\/wp-json\/wp\/v2\/media?parent=1035"}],"curies":[{"name":"wp","href":"https:\/\/api.w.org\/{rel}","templated":true}]}}