{"id":1082,"date":"2023-09-07T21:28:55","date_gmt":"2023-09-07T19:28:55","guid":{"rendered":"https:\/\/www.zumgoldenenschnitt.ch\/?page_id=1082"},"modified":"2026-03-05T13:49:37","modified_gmt":"2026-03-05T12:49:37","slug":"faltenbehandlung-botulinum-oder-hyaluronsaeure","status":"publish","type":"page","link":"https:\/\/www.zumgoldenenschnitt.ch\/it\/trattamento-delle-rughe-botulino-o-acido-ialuronico\/","title":{"rendered":"Trattamento delle rughe: botulino o acido ialuronico?"},"content":{"rendered":"<p>Basilea, 5 settembre 2023<\/p>\n<p>Lo sviluppo delle rughe ha diverse cause e varia a seconda della regione del viso.<\/p>\n<p>Oltre alla predisposizione genetica, lo stile di vita, l'alimentazione, il consumo di nicotina e le radiazioni UV svolgono un ruolo decisivo nell'invecchiamento della pelle e nello sviluppo delle rughe. In particolare, le radiazioni UV elevate (bagni di sole, solarium) danneggiano la pelle in misura elevata e non solo portano a un invecchiamento cutaneo pi\u00f9 rapido e a un maggior numero di rughe nei tipi di pelle chiari, ma anche a un aumento del rischio di cancro della pelle.<\/p>\n<p>Si pu\u00f2 fare una distinzione approssimativa tra rughe mimiche, statiche e attive. Le rughe mimiche, come le rughe di espressione o le rughe di risata, sono causate dal movimento dei muscoli facciali. Le rughe statiche, come le pieghe nasolabiali, invece, sono visibili indipendentemente dalle nostre espressioni facciali e sono causate dal rilassamento del tessuto e dalla perdita di umidit\u00e0 della pelle come parte del normale processo di invecchiamento. Le rughe attiniche (\"pieghe\"), invece, sono causate dalla disidratazione e dall'invecchiamento della pelle.<\/p>\n<p>Cos\u00ec come sono diverse le cause delle rughe, sono diversi anche i metodi di trattamento utilizzati: <a href=\"https:\/\/www.zumgoldenenschnitt.ch\/it\/offerta\/botulino-ialurone\/botulino-2\/\">Botulino (Botox)<\/a>, <a href=\"https:\/\/www.zumgoldenenschnitt.ch\/it\/offerta\/botulino-ialurone\/acido-ialuronico\/\">Riempitivo<\/a> o <a href=\"https:\/\/www.zumgoldenenschnitt.ch\/it\/offerta\/botulino-ialurone\/profhilo-skinbooster\/\">Skinbooster<\/a>?<\/p>\n\t\t\t\t<img loading=\"lazy\" decoding=\"async\" src=\"https:\/\/www.zumgoldenenschnitt.ch\/wp-content\/uploads\/2023\/09\/journal-faltenbehandlung-hyaluronsaeure.jpg\" alt=\"giornale trattamento delle rughe acido ialuronico\" itemprop=\"image\" height=\"1000\" width=\"1000\" title=\"Giornale Trattamento delle rughe Acido ialuronico\" onerror=\"this.style.display='none'\"  \/>\n\t<h4><a href=\"https:\/\/www.zumgoldenenschnitt.ch\/it\/offerta\/botulino-ialurone\/botulino-2\/\"><b>Botulino<\/b><\/a><\/h4>\n<p>Le rughe mimiche come le rughe di espressione, le rughe della fronte e le rughe di espressione intorno agli occhi (le cosiddette zampe di gallina) possono essere trattate con la tossina botulinica, nota anche con il nome commerciale di Botox. Il farmaco \u00e8 disponibile in polvere e viene miscelato con un liquido sterile per il trattamento. Oltre al trattamento delle rughe, viene utilizzato anche per trattare l'aumento della sudorazione (iperidrosi), il digrignamento dei denti (bruxismo) e l'emicrania cronica. Per trattare le rughe, la tossina botulinica viene iniettata con un ago sottile nei muscoli facciali corrispondenti, in modo che si rilassino per prevenire la formazione attiva delle rughe. Nel dosaggio corretto, la tossina botulinica attenua le rughe mimiche senza apparire innaturale o rigida. \u00c8 importante che la tossina botulinica sia utilizzata solo da specialisti esperti e qualificati in chirurgia plastica ed estetica, nella giusta diluizione e nel punto giusto. Altrimenti c'\u00e8 il rischio che il farmaco paralizzi altri muscoli indesiderati.  Come misura precauzionale, raccomando ai miei clienti di attenersi alla seguente \"regola dei 2 giorni\" dopo il trattamento botulinico: Evitare lo sport, il lavoro eccessivo della testa, il massaggio della regione facciale trattata e la sauna per 2 giorni.<\/p>\n<p>&nbsp;<\/p>\n<h4><a href=\"https:\/\/www.zumgoldenenschnitt.ch\/it\/offerta\/botulino-ialurone\/acido-ialuronico\/\"><b>Riempitivo<\/b><\/a><\/h4>\n<p>Un'altra opzione per il trattamento delle rughe \u00e8 il riempimento con i cosiddetti filler. Il termine generico \"filler\" indica materiali di riempimento come l'acido ialuronico, l'idrossiapatite di calcio (ad esempio Radiesse) o il grasso autologo. Oggi i filler a base di acido ialuronico sono i pi\u00f9 utilizzati. L'acido ialuronico \u00e8 un componente naturale dei tessuti del nostro corpo e la sua capacit\u00e0 di legare l'acqua garantisce l'idratazione, l'elasticit\u00e0 e la compattezza della pelle e dei tessuti. I filler di acido ialuronico hanno una consistenza simile al gel. Esiste un'ampia gamma di prodotti a base di acido ialuronico, con diverse resistenze e viscosit\u00e0, in modo che i chirurghi plastici ed estetici esperti possano selezionare il prodotto giusto per ogni indicazione di trattamento. Per esempio, una ruga profonda richiede un filler pi\u00f9 solido con una buona \"capacit\u00e0 di sollevamento\", mentre le rughe sottili e superficiali richiedono un prodotto \"pi\u00f9 fluido\" che possa essere facilmente distribuito.<\/p>\n<p>L'acido ialuronico ha anche un altro grande vantaggio rispetto ad altri filler: se necessario, pu\u00f2 essere sciolto nuovamente con un antidoto (la cosiddetta ialuronidasi).<\/p>\n<p>L'acido ialuronico viene inoltre degradato naturalmente dall'organismo, per cui l'effetto dura da 6 mesi a 2 anni. Oltre che per le iniezioni dirette di rughe, l'acido ialuronico pu\u00f2 essere utilizzato anche per un leggero modellamento del viso, come l'accentuazione degli zigomi o la correzione della perdita di volume nella parte centrale del viso dovuta all'invecchiamento. Nelle mani giuste si possono ottenere risultati di trattamento naturali e si pu\u00f2 ottenere una nuova freschezza. Spesso meno \u00e8 meglio!<\/p>\n<p>&nbsp;<\/p>\n<h4><a href=\"https:\/\/www.zumgoldenenschnitt.ch\/it\/offerta\/botulino-ialurone\/profhilo-skinbooster\/\"><b>Skinbooster<\/b><\/a><\/h4>\n<p>A differenza dei filler, i booster cutanei non sono utilizzati per trattare le rughe profonde o per aggiungere volume, ma per idratare la pelle dall'interno e ridurre le cosiddette rughe attiniche (\"pieghe\"). I booster cutanei sono prodotti a base di acido ialuronico e vengono utilizzati per l'idratazione profonda e il ringiovanimento della pelle. Vengono iniettati su ampie superfici negli strati pi\u00f9 profondi della pelle, dove legano grandi quantit\u00e0 di umidit\u00e0, ottenendo cos\u00ec un'idratazione duratura della pelle. Aumentando l'elasticit\u00e0 della pelle, i trattamenti skin booster possono migliorare le cosiddette \"rughe\" e la pelle risplende di una nuova freschezza.<\/p>\n<p>Particolarmente apprezzato \u00e8 il <a href=\"https:\/\/www.zumgoldenenschnitt.ch\/it\/offerta\/botulino-ialurone\/profhilo-skinbooster\/\">Trattamento PROFHILO<\/a>che agisce come una \"crema dall'interno\": PROFHILO\u00ae \u00e8 un acido ialuronico particolarmente puro che, oltre all'immediato effetto idratante, stimola la produzione di acido ialuronico dell'organismo e favorisce la naturale formazione di elastina e collagene. Il risultato \u00e8 una carnagione fresca e radiosa, con uno splendore naturale.<\/p>\n<p>In qualit\u00e0 di specialista esperto in chirurgia plastica ed estetica, sar\u00f2 lieto di consigliarvi in merito a <a href=\"https:\/\/www.zumgoldenenschnitt.ch\/it\/offerta\/viso\/trattamento-delle-rughe\/\">Trattamento delle rughe<\/a>. I risultati dei trattamenti naturali mi stanno particolarmente a cuore, il che mi contraddistingue ed \u00e8 molto apprezzato da molti dei miei clienti.<\/p>\n<p>Prenotate subito il vostro appuntamento di consulenza online, non vediamo l'ora di vedervi!<\/p>\n\t\t\t<a href=\"https:\/\/booking.epat.ch\/goldenschnitt\/booking\" target=\"_blank\" rel=\"noopener\" role=\"button\" aria-label=\"Prenota un appuntamento di consultazione\">\n\t\t\t\t\t\t\tPrenota un appuntamento di consultazione\n\t\t<\/a>","protected":false},"excerpt":{"rendered":"<p>Basilea, 5 settembre 2023 Lo sviluppo delle rughe ha diverse cause e varia a seconda della regione del viso. Oltre alla predisposizione genetica, lo stile di vita, l'alimentazione, il consumo di nicotina e le radiazioni UV svolgono un ruolo decisivo nell'invecchiamento della pelle e nello sviluppo delle rughe. In particolare, le radiazioni UV elevate (bagni di sole, solarium) danneggiano la pelle in misura elevata e portano alla formazione di rughe nelle pelli chiare [...].<\/p>","protected":false},"author":4,"featured_media":0,"parent":0,"menu_order":0,"comment_status":"closed","ping_status":"closed","template":"","meta":{"_seopress_robots_primary_cat":"","_seopress_titles_title":"Faltenbehandlung: Botulinum oder Hyalurons\u00e4ure? | Journal 5. September 2023| Dr. Simona L\u00fcdi | Basel","_seopress_titles_desc":"Wann ist Botulinum oder Hylaurons\u00e4ure zur Faltenbehandlung empfohlen? Frau Dr. Simona L\u00fcdi ber\u00e4t Sie gerne in unserer Klinik in Basel.","_seopress_robots_index":"","inline_featured_image":false,"site-sidebar-layout":"default","site-content-layout":"","ast-site-content-layout":"default","site-content-style":"default","site-sidebar-style":"default","ast-global-header-display":"","ast-banner-title-visibility":"","ast-main-header-display":"","ast-hfb-above-header-display":"","ast-hfb-below-header-display":"","ast-hfb-mobile-header-display":"","site-post-title":"","ast-breadcrumbs-content":"","ast-featured-img":"","footer-sml-layout":"","theme-transparent-header-meta":"","adv-header-id-meta":"","stick-header-meta":"","header-above-stick-meta":"","header-main-stick-meta":"","header-below-stick-meta":"","astra-migrate-meta-layouts":"set","ast-page-background-enabled":"default","ast-page-background-meta":{"desktop":{"background-color":"var(--ast-global-color-4)","background-image":"","background-repeat":"repeat","background-position":"center center","background-size":"auto","background-attachment":"scroll","background-type":"","background-media":"","overlay-type":"","overlay-color":"","overlay-opacity":"","overlay-gradient":""},"tablet":{"background-color":"","background-image":"","background-repeat":"repeat","background-position":"center center","background-size":"auto","background-attachment":"scroll","background-type":"","background-media":"","overlay-type":"","overlay-color":"","overlay-opacity":"","overlay-gradient":""},"mobile":{"background-color":"","background-image":"","background-repeat":"repeat","background-position":"center center","background-size":"auto","background-attachment":"scroll","background-type":"","background-media":"","overlay-type":"","overlay-color":"","overlay-opacity":"","overlay-gradient":""}},"ast-content-background-meta":{"desktop":{"background-color":"var(--ast-global-color-5)","background-image":"","background-repeat":"repeat","background-position":"center center","background-size":"auto","background-attachment":"scroll","background-type":"","background-media":"","overlay-type":"","overlay-color":"","overlay-opacity":"","overlay-gradient":""},"tablet":{"background-color":"var(--ast-global-color-5)","background-image":"","background-repeat":"repeat","background-position":"center center","background-size":"auto","background-attachment":"scroll","background-type":"","background-media":"","overlay-type":"","overlay-color":"","overlay-opacity":"","overlay-gradient":""},"mobile":{"background-color":"var(--ast-global-color-5)","background-image":"","background-repeat":"repeat","background-position":"center center","background-size":"auto","background-attachment":"scroll","background-type":"","background-media":"","overlay-type":"","overlay-color":"","overlay-opacity":"","overlay-gradient":""}},"footnotes":""},"class_list":["post-1082","page","type-page","status-publish"],"_links":{"self":[{"href":"https:\/\/www.zumgoldenenschnitt.ch\/it\/wp-json\/wp\/v2\/pages\/1082","targetHints":{"allow":["GET"]}}],"collection":[{"href":"https:\/\/www.zumgoldenenschnitt.ch\/it\/wp-json\/wp\/v2\/pages"}],"about":[{"href":"https:\/\/www.zumgoldenenschnitt.ch\/it\/wp-json\/wp\/v2\/types\/page"}],"author":[{"embeddable":true,"href":"https:\/\/www.zumgoldenenschnitt.ch\/it\/wp-json\/wp\/v2\/users\/4"}],"replies":[{"embeddable":true,"href":"https:\/\/www.zumgoldenenschnitt.ch\/it\/wp-json\/wp\/v2\/comments?post=1082"}],"version-history":[{"count":11,"href":"https:\/\/www.zumgoldenenschnitt.ch\/it\/wp-json\/wp\/v2\/pages\/1082\/revisions"}],"predecessor-version":[{"id":2309,"href":"https:\/\/www.zumgoldenenschnitt.ch\/it\/wp-json\/wp\/v2\/pages\/1082\/revisions\/2309"}],"wp:attachment":[{"href":"https:\/\/www.zumgoldenenschnitt.ch\/it\/wp-json\/wp\/v2\/media?parent=1082"}],"curies":[{"name":"wp","href":"https:\/\/api.w.org\/{rel}","templated":true}]}}