{"id":1107,"date":"2023-09-07T21:29:44","date_gmt":"2023-09-07T19:29:44","guid":{"rendered":"https:\/\/www.zumgoldenenschnitt.ch\/?page_id=1107"},"modified":"2026-03-05T13:52:42","modified_gmt":"2026-03-05T12:52:42","slug":"wie-funktioniert-eine-bauchdeckenstraffung","status":"publish","type":"page","link":"https:\/\/www.zumgoldenenschnitt.ch\/it\/come-funziona-laddominoplastica\/","title":{"rendered":"Come funziona l'addominoplastica?"},"content":{"rendered":"<p>Basilea, 28 agosto 2023<\/p>\n<p>Le cause dell'eccesso di pelle e tessuto dell'addome sono molteplici, ad esempio a causa di una gravidanza o di una forte perdita di peso. La soluzione \u00e8 spesso un <a href=\"https:\/\/www.zumgoldenenschnitt.ch\/it\/offerta\/corpo\/addominoplastica\/\">Addominoplastica (addome)<\/a>Con questo intervento \u00e8 possibile rimuovere il tessuto in eccesso sull'addome e rassodare l'addome. Spesso l'addominoplastica viene anche combinata con una <a href=\"https:\/\/www.zumgoldenenschnitt.ch\/it\/offerta\/corpo\/liposuzione\/\">Liposuzione<\/a> combinato.<\/p>\n<p>&nbsp;<\/p>\n<h4><b>Tecnologia chirurgica<\/b><\/h4>\n<p>L'incisione viene scelta in modo che la cicatrice successiva sia nascosta dagli slip o dalla biancheria intima. La pelle e il tessuto adiposo in eccesso vengono staccati dalla parete addominale e rimossi. La parete addominale viene tesa e l'ombelico riposizionato. La pelle viene infine suturata in pi\u00f9 strati con suture autodissolventi.<\/p>\n\t\t\t\t<img loading=\"lazy\" decoding=\"async\" src=\"https:\/\/www.zumgoldenenschnitt.ch\/wp-content\/uploads\/2023\/09\/journal-bauchdeckenstraffung-abdominoplastik-1.jpg\" alt=\"rivista addominoplastica (addominoplastica)\" itemprop=\"image\" height=\"1000\" width=\"1000\" title=\"Giornale Addominoplastica (Tummy Tuck)\" onerror=\"this.style.display='none'\"  \/>\n\t<h4><b>L'addominoplastica come parte di un rifacimento mammario<\/b><\/h4>\n<p>Nella nostra clinica, le donne spesso si sottopongono a un'addominoplastica nell'ambito di una <a href=\"https:\/\/www.zumgoldenenschnitt.ch\/it\/offerta\/corpo\/addominoplastica\/\">Mamma Makovers<\/a> allo stesso modo. Anche le smagliature sotto l'ombelico possono essere eliminate e le cicatrici da parto cesareo possono essere corrette. Oltre alla pelle, durante l'addominoplastica si pu\u00f2 stringere anche la parete muscolare dell'addome, ad esempio se i muscoli lunghi dell'addome si sono allentati e separati dopo una o pi\u00f9 gravidanze (diastasi del retto). Se l'eccesso di pelle nella parte inferiore dell'addome \u00e8 minimo, \u00e8 possibile eseguire una mini-addominoplastica senza spostare l'ombelico.<\/p>\n<p>&nbsp;<\/p>\n<h4><b>Durata dell'intervento e tempo di guarigione<\/b><\/h4>\n<p>L'addominoplastica dura circa due o tre ore e di solito pu\u00f2 essere eseguita in regime ambulatoriale. I pazienti devono stare tranquilli per le prime due settimane dopo l'intervento prima di tornare al lavoro. Per favorire il processo di guarigione, \u00e8 necessario indossare una cintura compressiva per 6 settimane, dopodich\u00e9 \u00e8 possibile riprendere le attivit\u00e0 sportive.<\/p>\n<p>Potete trovare maggiori informazioni sul tema dell'addominoplastica <a href=\"https:\/\/www.zumgoldenenschnitt.ch\/it\/offerta\/corpo\/addominoplastica\/\">qui<\/a>.<\/p>\n<p>Sar\u00f2 lieto di consigliarvi in un colloquio personale e di rispondere alle vostre domande. Vi aspettiamo nella nostra clinica di Basilea.<\/p>\n<p>Prenotate subito il vostro appuntamento di consulenza personale online!<\/p>\n\t\t\t<a href=\"https:\/\/booking.epat.ch\/goldenschnitt\/booking\" target=\"_blank\" rel=\"noopener\" role=\"button\" aria-label=\"Prenota un appuntamento di consultazione\">\n\t\t\t\t\t\t\tPrenota un appuntamento di consultazione\n\t\t<\/a>","protected":false},"excerpt":{"rendered":"<p>Basilea, 28 agosto 2023 Le cause dell'eccesso di pelle e tessuto dell'addome sono molteplici, ad esempio a causa di una gravidanza o di una forte perdita di peso. La soluzione \u00e8 spesso l'addominoplastica, che consente di rimuovere il tessuto in eccesso sull'addome e di rassodare l'addome. L'addominoplastica \u00e8 spesso combinata con la liposuzione.   Tecnica chirurgica La [...]<\/p>","protected":false},"author":4,"featured_media":0,"parent":0,"menu_order":0,"comment_status":"closed","ping_status":"closed","template":"","meta":{"_seopress_robots_primary_cat":"","_seopress_titles_title":"Wie funktioniert eine Bauchdeckenstraffung? | Journal 28. August 2023 | Dr. Simona L\u00fcdi | Basel","_seopress_titles_desc":"Bauchdeckenstraffung (Abdominoplastik) f\u00fcr einen straffen Bauch. Frau Dr. Simona L\u00fcdi ber\u00e4t Sie gerne in unserer Klinik in Basel.","_seopress_robots_index":"","inline_featured_image":false,"site-sidebar-layout":"default","site-content-layout":"","ast-site-content-layout":"default","site-content-style":"default","site-sidebar-style":"default","ast-global-header-display":"","ast-banner-title-visibility":"","ast-main-header-display":"","ast-hfb-above-header-display":"","ast-hfb-below-header-display":"","ast-hfb-mobile-header-display":"","site-post-title":"","ast-breadcrumbs-content":"","ast-featured-img":"","footer-sml-layout":"","theme-transparent-header-meta":"","adv-header-id-meta":"","stick-header-meta":"","header-above-stick-meta":"","header-main-stick-meta":"","header-below-stick-meta":"","astra-migrate-meta-layouts":"set","ast-page-background-enabled":"default","ast-page-background-meta":{"desktop":{"background-color":"var(--ast-global-color-4)","background-image":"","background-repeat":"repeat","background-position":"center center","background-size":"auto","background-attachment":"scroll","background-type":"","background-media":"","overlay-type":"","overlay-color":"","overlay-opacity":"","overlay-gradient":""},"tablet":{"background-color":"","background-image":"","background-repeat":"repeat","background-position":"center center","background-size":"auto","background-attachment":"scroll","background-type":"","background-media":"","overlay-type":"","overlay-color":"","overlay-opacity":"","overlay-gradient":""},"mobile":{"background-color":"","background-image":"","background-repeat":"repeat","background-position":"center center","background-size":"auto","background-attachment":"scroll","background-type":"","background-media":"","overlay-type":"","overlay-color":"","overlay-opacity":"","overlay-gradient":""}},"ast-content-background-meta":{"desktop":{"background-color":"var(--ast-global-color-5)","background-image":"","background-repeat":"repeat","background-position":"center center","background-size":"auto","background-attachment":"scroll","background-type":"","background-media":"","overlay-type":"","overlay-color":"","overlay-opacity":"","overlay-gradient":""},"tablet":{"background-color":"var(--ast-global-color-5)","background-image":"","background-repeat":"repeat","background-position":"center center","background-size":"auto","background-attachment":"scroll","background-type":"","background-media":"","overlay-type":"","overlay-color":"","overlay-opacity":"","overlay-gradient":""},"mobile":{"background-color":"var(--ast-global-color-5)","background-image":"","background-repeat":"repeat","background-position":"center center","background-size":"auto","background-attachment":"scroll","background-type":"","background-media":"","overlay-type":"","overlay-color":"","overlay-opacity":"","overlay-gradient":""}},"footnotes":""},"class_list":["post-1107","page","type-page","status-publish"],"_links":{"self":[{"href":"https:\/\/www.zumgoldenenschnitt.ch\/it\/wp-json\/wp\/v2\/pages\/1107","targetHints":{"allow":["GET"]}}],"collection":[{"href":"https:\/\/www.zumgoldenenschnitt.ch\/it\/wp-json\/wp\/v2\/pages"}],"about":[{"href":"https:\/\/www.zumgoldenenschnitt.ch\/it\/wp-json\/wp\/v2\/types\/page"}],"author":[{"embeddable":true,"href":"https:\/\/www.zumgoldenenschnitt.ch\/it\/wp-json\/wp\/v2\/users\/4"}],"replies":[{"embeddable":true,"href":"https:\/\/www.zumgoldenenschnitt.ch\/it\/wp-json\/wp\/v2\/comments?post=1107"}],"version-history":[{"count":9,"href":"https:\/\/www.zumgoldenenschnitt.ch\/it\/wp-json\/wp\/v2\/pages\/1107\/revisions"}],"predecessor-version":[{"id":2315,"href":"https:\/\/www.zumgoldenenschnitt.ch\/it\/wp-json\/wp\/v2\/pages\/1107\/revisions\/2315"}],"wp:attachment":[{"href":"https:\/\/www.zumgoldenenschnitt.ch\/it\/wp-json\/wp\/v2\/media?parent=1107"}],"curies":[{"name":"wp","href":"https:\/\/api.w.org\/{rel}","templated":true}]}}