{"id":1224,"date":"2023-10-22T17:19:06","date_gmt":"2023-10-22T15:19:06","guid":{"rendered":"https:\/\/www.zumgoldenenschnitt.ch\/?page_id=1224"},"modified":"2026-03-05T13:53:14","modified_gmt":"2026-03-05T12:53:14","slug":"vampir-lifting-fur-eine-frische-strahlende-haut","status":"publish","type":"page","link":"https:\/\/www.zumgoldenenschnitt.ch\/it\/lifting-vampiresco-per-una-pelle-fresca-e-luminosa\/","title":{"rendered":"Vampire Lift per una pelle fresca e luminosa!"},"content":{"rendered":"<p>Basilea, 22 ottobre 2023<\/p>\n<p>Il <a href=\"https:\/\/www.zumgoldenenschnitt.ch\/it\/offerta\/viso\/prp-trattamento-vampiro-vita-terapia-sangue-vivo-in-basilea\/\">Sollevamento dei vampiri<\/a> \u00e8 un trattamento efficace per rigenerare la pelle in modo naturale e autonomo, ottenendo cos\u00ec un ringiovanimento e un miglioramento della qualit\u00e0 della pelle.<\/p>\n<p>Prima del trattamento, viene prelevato il sangue del paziente, che viene poi centrifugato e il viso viene trattato con il PRP (Platelet Rich Plasma) ottenuto.<\/p>\n<p>In questo caso, il PRP viene iniettato direttamente nella pelle e pu\u00f2 essere combinato con un ulteriore <a href=\"https:\/\/www.zumgoldenenschnitt.ch\/it\/offerta\/viso\/microneedling-a-basilea\/\">Microneedling<\/a> possono essere combinati. Il trattamento \u00e8 utilizzato con successo per la lotta all'invecchiamento, per migliorare l'aspetto della pelle, per affinare i pori, per rassodare la pelle, per trattare le rughe sottili, le cicatrici (comprese quelle da acne) e le macchie pigmentarie.<\/p>\n\t\t\t\t<img loading=\"lazy\" decoding=\"async\" src=\"https:\/\/www.zumgoldenenschnitt.ch\/wp-content\/uploads\/2023\/09\/journal-microneedling-in-basel.jpg\" alt=\"giornale microneedling a Basilea\" itemprop=\"image\" height=\"1000\" width=\"1000\" title=\"Giornale Microneedling a Basilea\" onerror=\"this.style.display='none'\"  \/>\n\t<p>Un grande vantaggio del lifting vampiresco \u00e8 che vengono utilizzate solo sostanze proprie dell'organismo. Ci\u00f2 significa che non vi \u00e8 alcun rischio di reazioni di intolleranza. Questo trattamento \u00e8 particolarmente apprezzato nel periodo autunnale e invernale, perch\u00e9 in seguito bisogna fare attenzione a garantire una buona protezione solare della pelle. Si consiglia di ripetere il trattamento con PRP a intervalli di circa 4 settimane.<\/p>\n<p>Il risultato \u00e8 un incarnato fresco e luminoso!<\/p>\n<p>Avete gi\u00e0 provato un lifting per vampiri? Prenotate subito il vostro appuntamento. Non vediamo l'ora di visitarla.<\/p>\n\t\t\t<a href=\"https:\/\/booking.epat.ch\/goldenschnitt\/booking\" target=\"_blank\" rel=\"noopener\" role=\"button\" aria-label=\"Prenota un appuntamento di consultazione\">\n\t\t\t\t\t\t\tPrenota un appuntamento di consultazione\n\t\t<\/a>","protected":false},"excerpt":{"rendered":"<p>Basilea, 22 ottobre 2023 Il Vampire Lift \u00e8 un trattamento efficace per rigenerare la pelle in modo naturale e autonomo, ringiovanendo e migliorando la qualit\u00e0 della pelle. Prima del trattamento viene prelevato il sangue del paziente, che viene poi centrifugato e il viso viene trattato con il PRP (plasma ricco di piastrine) ottenuto. [...]<\/p>","protected":false},"author":4,"featured_media":0,"parent":0,"menu_order":0,"comment_status":"closed","ping_status":"closed","template":"","meta":{"_seopress_robots_primary_cat":"","_seopress_titles_title":"Vampir Lifting f\u00fcr eine frische, strahlende Haut! | Journal 22. Oktober 2023 | Dr. Simona L\u00fcdi | Basel","_seopress_titles_desc":"Vampir Lifting mit PRP f\u00fcr eine frische strahlende Haut! Frau Dr. Simona L\u00fcdi ber\u00e4t Sie gerne in unserer Klinik in Basel.","_seopress_robots_index":"","inline_featured_image":false,"site-sidebar-layout":"default","site-content-layout":"","ast-site-content-layout":"default","site-content-style":"default","site-sidebar-style":"default","ast-global-header-display":"","ast-banner-title-visibility":"","ast-main-header-display":"","ast-hfb-above-header-display":"","ast-hfb-below-header-display":"","ast-hfb-mobile-header-display":"","site-post-title":"","ast-breadcrumbs-content":"","ast-featured-img":"","footer-sml-layout":"","theme-transparent-header-meta":"","adv-header-id-meta":"","stick-header-meta":"","header-above-stick-meta":"","header-main-stick-meta":"","header-below-stick-meta":"","astra-migrate-meta-layouts":"set","ast-page-background-enabled":"default","ast-page-background-meta":{"desktop":{"background-color":"var(--ast-global-color-4)","background-image":"","background-repeat":"repeat","background-position":"center center","background-size":"auto","background-attachment":"scroll","background-type":"","background-media":"","overlay-type":"","overlay-color":"","overlay-opacity":"","overlay-gradient":""},"tablet":{"background-color":"","background-image":"","background-repeat":"repeat","background-position":"center center","background-size":"auto","background-attachment":"scroll","background-type":"","background-media":"","overlay-type":"","overlay-color":"","overlay-opacity":"","overlay-gradient":""},"mobile":{"background-color":"","background-image":"","background-repeat":"repeat","background-position":"center center","background-size":"auto","background-attachment":"scroll","background-type":"","background-media":"","overlay-type":"","overlay-color":"","overlay-opacity":"","overlay-gradient":""}},"ast-content-background-meta":{"desktop":{"background-color":"var(--ast-global-color-5)","background-image":"","background-repeat":"repeat","background-position":"center center","background-size":"auto","background-attachment":"scroll","background-type":"","background-media":"","overlay-type":"","overlay-color":"","overlay-opacity":"","overlay-gradient":""},"tablet":{"background-color":"var(--ast-global-color-5)","background-image":"","background-repeat":"repeat","background-position":"center center","background-size":"auto","background-attachment":"scroll","background-type":"","background-media":"","overlay-type":"","overlay-color":"","overlay-opacity":"","overlay-gradient":""},"mobile":{"background-color":"var(--ast-global-color-5)","background-image":"","background-repeat":"repeat","background-position":"center center","background-size":"auto","background-attachment":"scroll","background-type":"","background-media":"","overlay-type":"","overlay-color":"","overlay-opacity":"","overlay-gradient":""}},"footnotes":""},"class_list":["post-1224","page","type-page","status-publish"],"_links":{"self":[{"href":"https:\/\/www.zumgoldenenschnitt.ch\/it\/wp-json\/wp\/v2\/pages\/1224","targetHints":{"allow":["GET"]}}],"collection":[{"href":"https:\/\/www.zumgoldenenschnitt.ch\/it\/wp-json\/wp\/v2\/pages"}],"about":[{"href":"https:\/\/www.zumgoldenenschnitt.ch\/it\/wp-json\/wp\/v2\/types\/page"}],"author":[{"embeddable":true,"href":"https:\/\/www.zumgoldenenschnitt.ch\/it\/wp-json\/wp\/v2\/users\/4"}],"replies":[{"embeddable":true,"href":"https:\/\/www.zumgoldenenschnitt.ch\/it\/wp-json\/wp\/v2\/comments?post=1224"}],"version-history":[{"count":6,"href":"https:\/\/www.zumgoldenenschnitt.ch\/it\/wp-json\/wp\/v2\/pages\/1224\/revisions"}],"predecessor-version":[{"id":2314,"href":"https:\/\/www.zumgoldenenschnitt.ch\/it\/wp-json\/wp\/v2\/pages\/1224\/revisions\/2314"}],"wp:attachment":[{"href":"https:\/\/www.zumgoldenenschnitt.ch\/it\/wp-json\/wp\/v2\/media?parent=1224"}],"curies":[{"name":"wp","href":"https:\/\/api.w.org\/{rel}","templated":true}]}}