{"id":1240,"date":"2023-10-22T17:37:27","date_gmt":"2023-10-22T15:37:27","guid":{"rendered":"https:\/\/www.zumgoldenenschnitt.ch\/?page_id=1240"},"modified":"2026-02-26T14:26:18","modified_gmt":"2026-02-26T13:26:18","slug":"intimoperation-von-frau-zu-frau","status":"publish","type":"page","link":"https:\/\/www.zumgoldenenschnitt.ch\/it\/chirurgia-intima-da-donna-a-donna\/","title":{"rendered":"Chirurgia intima da donna a donna"},"content":{"rendered":"<p>Basilea, 2 ottobre 2023<\/p>\n<p>La chirurgia intima femminile \u00e8 un argomento delicato e ancora un tab\u00f9. Molte donne hanno ancora delle inibizioni a parlarne. Le ragioni per cui una donna desidera sottoporsi a una labioplastica sono diverse e intime.<\/p>\n<p>Le dimensioni e la forma delle piccole labbra e delle grandi labbra variano notevolmente da donna a donna. Le donne che si recano presso il mio ambulatorio lamentano pi\u00f9 spesso un ingrossamento delle labbra minori, che sporgono chiaramente tra le labbra maggiori. In alcuni casi si nota anche una chiara asimmetria. L'ingrossamento delle piccole labbra pu\u00f2 comportare limitazioni nell'intimit\u00e0, dolore quando si praticano sport come l'equitazione o il ciclismo o quando si indossano pantaloni stretti. Le donne colpite spesso si sentono anche esteticamente disturbate. Una <a href=\"https:\/\/www.zumgoldenenschnitt.ch\/it\/offerta\/area-intima\/riduzione-delle-labbra-labioplastica\/\">Riduzione delle labbra<\/a> pu\u00f2 eliminare questi disturbi e aiutare molte donne colpite ad avere pi\u00f9 fiducia in se stesse e a migliorare la qualit\u00e0 della vita.<\/p>\n\t\t\t\t<img loading=\"lazy\" decoding=\"async\" src=\"https:\/\/www.zumgoldenenschnitt.ch\/wp-content\/uploads\/2023\/09\/journal-intimoperation.jpg\" alt=\"rivista di chirurgia intima\" itemprop=\"image\" height=\"1000\" width=\"1000\" title=\"Rivista Chirurgia intima\" onerror=\"this.style.display='none'\"  \/>\n\t<p>Anche le gravidanze e i parti possono modificare l'aspetto della regione intima a causa della costellazione ormonale legata alla gravidanza e dello stiramento dei tessuti durante il parto. Per questo motivo molte giovani madri si rivolgono a me per un consulto di chirurgia intima e si sottopongono a una labioplastica nell'ambito di un \"mommy makeover\". In questi casi, una correzione chirurgica dovrebbe essere effettuata solo dopo la fase di allattamento, poich\u00e9 il corpo ha bisogno di tempo per riprendersi dopo la gravidanza e tornare alla normalit\u00e0.<\/p>\n<p>Con un <a href=\"https:\/\/www.zumgoldenenschnitt.ch\/it\/offerta\/area-intima\/riduzione-delle-labbra-labioplastica\/\">Riduzione delle labbra<\/a> il tessuto in eccesso delle piccole labbra viene rimosso con un piccolo intervento e la pelle viene rassodata. Se le labbra minime sono piuttosto piccole, si pu\u00f2 dare loro pi\u00f9 volume con un trasferimento di grasso della paziente stessa (il cosiddetto lipofilling) e garantire un'area intima armoniosa. Il tipo di labioplastica e la tecnica chirurgica utilizzata dipendono sempre dall'anatomia personale della donna. Una correzione intima \u00e8 quindi sempre su misura e dipende dalle circostanze e dalle esigenze individuali. L'intervento pu\u00f2 essere eseguito in regime ambulatoriale, in anestesia locale o in anestesia breve e delicata nella sala operatoria della nostra clinica.<\/p>\n<p>Come specialista in chirurgia plastica, ricostruttiva ed estetica, sono specializzata in chirurgia intima e sar\u00f2 lieta di accogliervi nella mia clinica per un consulto in un'atmosfera di fiducia e discrezione. Da donna a donna, discuter\u00f2 con voi le opzioni di trattamento, la procedura e la cura successiva. Parler\u00f2 apertamente con voi di <a href=\"https:\/\/www.zumgoldenenschnitt.ch\/it\/offerta\/area-intima\/\">Chirurgia intima<\/a>Potete pormi domande e dubbi senza tab\u00f9.<\/p>\n<p>Vi aspettiamo nella nostra clinica di Basilea.<\/p>\n\t\t\t<a href=\"https:\/\/booking.epat.ch\/goldenschnitt\/booking\" target=\"_blank\" rel=\"noopener\" role=\"button\" aria-label=\"Prenota un appuntamento di consultazione\">\n\t\t\t\t\t\t\tPrenota un appuntamento di consultazione\n\t\t<\/a>","protected":false},"excerpt":{"rendered":"<p>Basilea, 2 ottobre 2023 La chirurgia genitale femminile \u00e8 un argomento delicato e ancora un tab\u00f9. Molte donne sono ancora restie a parlarne. Le ragioni per cui una donna pu\u00f2 volersi sottoporre a labioplastica sono varie e intime. Le dimensioni e la forma delle piccole labbra e delle grandi labbra variano notevolmente da donna a donna. Le donne che [...]<\/p>","protected":false},"author":4,"featured_media":0,"parent":0,"menu_order":0,"comment_status":"closed","ping_status":"closed","template":"","meta":{"_seopress_robots_primary_cat":"","_seopress_titles_title":"Intimoperation von Frau zu Frau | Journal 2. Oktober 2023 | Dr. Simona L\u00fcdi | Basel","_seopress_titles_desc":"Intimoperationen wie Schamlippenverkleinerungen in diskreter Atmosph\u00e4re von Frau zu Frau. Frau Dr. Simona L\u00fcdi ber\u00e4t Sie gerne in unserer Klinik in Basel.","_seopress_robots_index":"","inline_featured_image":false,"site-sidebar-layout":"default","site-content-layout":"","ast-site-content-layout":"default","site-content-style":"default","site-sidebar-style":"default","ast-global-header-display":"","ast-banner-title-visibility":"","ast-main-header-display":"","ast-hfb-above-header-display":"","ast-hfb-below-header-display":"","ast-hfb-mobile-header-display":"","site-post-title":"","ast-breadcrumbs-content":"","ast-featured-img":"","footer-sml-layout":"","theme-transparent-header-meta":"","adv-header-id-meta":"","stick-header-meta":"","header-above-stick-meta":"","header-main-stick-meta":"","header-below-stick-meta":"","astra-migrate-meta-layouts":"set","ast-page-background-enabled":"default","ast-page-background-meta":{"desktop":{"background-color":"var(--ast-global-color-4)","background-image":"","background-repeat":"repeat","background-position":"center center","background-size":"auto","background-attachment":"scroll","background-type":"","background-media":"","overlay-type":"","overlay-color":"","overlay-opacity":"","overlay-gradient":""},"tablet":{"background-color":"","background-image":"","background-repeat":"repeat","background-position":"center center","background-size":"auto","background-attachment":"scroll","background-type":"","background-media":"","overlay-type":"","overlay-color":"","overlay-opacity":"","overlay-gradient":""},"mobile":{"background-color":"","background-image":"","background-repeat":"repeat","background-position":"center center","background-size":"auto","background-attachment":"scroll","background-type":"","background-media":"","overlay-type":"","overlay-color":"","overlay-opacity":"","overlay-gradient":""}},"ast-content-background-meta":{"desktop":{"background-color":"var(--ast-global-color-5)","background-image":"","background-repeat":"repeat","background-position":"center center","background-size":"auto","background-attachment":"scroll","background-type":"","background-media":"","overlay-type":"","overlay-color":"","overlay-opacity":"","overlay-gradient":""},"tablet":{"background-color":"var(--ast-global-color-5)","background-image":"","background-repeat":"repeat","background-position":"center center","background-size":"auto","background-attachment":"scroll","background-type":"","background-media":"","overlay-type":"","overlay-color":"","overlay-opacity":"","overlay-gradient":""},"mobile":{"background-color":"var(--ast-global-color-5)","background-image":"","background-repeat":"repeat","background-position":"center center","background-size":"auto","background-attachment":"scroll","background-type":"","background-media":"","overlay-type":"","overlay-color":"","overlay-opacity":"","overlay-gradient":""}},"footnotes":""},"class_list":["post-1240","page","type-page","status-publish"],"_links":{"self":[{"href":"https:\/\/www.zumgoldenenschnitt.ch\/it\/wp-json\/wp\/v2\/pages\/1240","targetHints":{"allow":["GET"]}}],"collection":[{"href":"https:\/\/www.zumgoldenenschnitt.ch\/it\/wp-json\/wp\/v2\/pages"}],"about":[{"href":"https:\/\/www.zumgoldenenschnitt.ch\/it\/wp-json\/wp\/v2\/types\/page"}],"author":[{"embeddable":true,"href":"https:\/\/www.zumgoldenenschnitt.ch\/it\/wp-json\/wp\/v2\/users\/4"}],"replies":[{"embeddable":true,"href":"https:\/\/www.zumgoldenenschnitt.ch\/it\/wp-json\/wp\/v2\/comments?post=1240"}],"version-history":[{"count":4,"href":"https:\/\/www.zumgoldenenschnitt.ch\/it\/wp-json\/wp\/v2\/pages\/1240\/revisions"}],"predecessor-version":[{"id":2313,"href":"https:\/\/www.zumgoldenenschnitt.ch\/it\/wp-json\/wp\/v2\/pages\/1240\/revisions\/2313"}],"wp:attachment":[{"href":"https:\/\/www.zumgoldenenschnitt.ch\/it\/wp-json\/wp\/v2\/media?parent=1240"}],"curies":[{"name":"wp","href":"https:\/\/api.w.org\/{rel}","templated":true}]}}