{"id":1255,"date":"2023-12-11T15:06:12","date_gmt":"2023-12-11T14:06:12","guid":{"rendered":"https:\/\/www.zumgoldenenschnitt.ch\/?page_id=1255"},"modified":"2026-03-05T13:46:49","modified_gmt":"2026-03-05T12:46:49","slug":"brustvergrosserung-wie-finde-ich-die-geeignete-brustimplantatgrosse-fur-mich","status":"publish","type":"page","link":"https:\/\/www.zumgoldenenschnitt.ch\/it\/aumento-del-seno-come-trovare-la-protesi-mammaria-della-misura-giusta-per-me\/","title":{"rendered":"Aumento del seno - Come posso trovare la protesi mammaria giusta per me?"},"content":{"rendered":"<p>Basilea, 11 dicembre 2023<\/p>\n<p>Quando si selezionano gli impianti per un <a href=\"https:\/\/www.zumgoldenenschnitt.ch\/it\/offerta\/petto\/ingrandimento-del-seno-con-protesi-mammarie-augmentation\/\">Aumento del seno<\/a> \u00e8 importante considerare la vostra anatomia individuale. In base all'ampiezza del seno esistente, alla forma della cassa toracica, alla distribuzione del tessuto mammario e alla sua consistenza, la forma e la dimensione delle protesi saranno scelte con cura insieme a voi.<\/p>\n<p>Durante la consultazione preliminare, il Dr. L\u00fcdi determiner\u00e0 insieme a voi la dimensione e la forma del seno desiderata. Il Dr. L\u00fcdi sar\u00e0 lieto di utilizzare speciali inserti in silicone che possono essere inseriti nel reggiseno in diverse misure. In questo modo \u00e8 possibile guardarsi allo specchio e percepire il nuovo volume del seno.  Questa visualizzazione rende molto pi\u00f9 facile immaginare la nuova dimensione del seno desiderata e il suo aspetto futuro.<\/p>\n<p>Utilizziamo solo gli impianti pi\u00f9 moderni e di alta qualit\u00e0 di aziende rinomate (ad esempio Motiva).<\/p>\n\t\t\t\t<img loading=\"lazy\" decoding=\"async\" src=\"https:\/\/www.zumgoldenenschnitt.ch\/wp-content\/uploads\/2023\/09\/jounral-brustvergroesserung-brustimplantate.jpg\" alt=\"aumento del seno jounral protesi mammarie\" itemprop=\"image\" height=\"1000\" width=\"1000\" title=\"Aumento del seno giovanile Protesi mammarie\" onerror=\"this.style.display='none'\"  \/>\n\t<p>Siete interessati a un <a href=\"https:\/\/www.zumgoldenenschnitt.ch\/it\/offerta\/petto\/ingrandimento-del-seno-con-protesi-mammarie-augmentation\/\">Aumento del seno<\/a>? Il Dr. L\u00fcdi sar\u00e0 lieto di accogliervi per un consulto personale. Saremo lieti di visitarvi.<\/p>\n<p>Vi aspettiamo nella nostra clinica di Basilea.<\/p>\n\t\t\t<a href=\"https:\/\/booking.epat.ch\/goldenschnitt\/booking\" target=\"_blank\" rel=\"noopener\" role=\"button\" aria-label=\"Prenota un appuntamento di consultazione\">\n\t\t\t\t\t\t\tPrenota un appuntamento di consultazione\n\t\t<\/a>","protected":false},"excerpt":{"rendered":"<p>Basilea, 11 dicembre 2023 Quando si scelgono le protesi per l'aumento del seno, \u00e8 importante considerare la propria anatomia individuale. A seconda dell'ampiezza del seno esistente, della forma della cassa toracica, della distribuzione del tessuto mammario e della sua consistenza, la forma e la dimensione delle protesi saranno scelte con cura insieme a voi. Come parte di [...]<\/p>","protected":false},"author":4,"featured_media":1585,"parent":0,"menu_order":0,"comment_status":"closed","ping_status":"closed","template":"","meta":{"_seopress_robots_primary_cat":"","_seopress_titles_title":"Brustvergr\u00f6sserung - Wie finde ich die geeignete Brustimplantatgr\u00f6sse f\u00fcr mich? | Journal 11. Dezember 2023 | Dr. Simona L\u00fcdi | Basel","_seopress_titles_desc":"Frau Dr. Simona L\u00fcdi ber\u00e4t Sie als Plastische Chirurgin gerne bez\u00fcglich Brustvergr\u00f6sserung und Auswahl der geeigneten Brustimplantate in ihrer Klinik in Basel.","_seopress_robots_index":"","inline_featured_image":false,"site-sidebar-layout":"default","site-content-layout":"","ast-site-content-layout":"default","site-content-style":"default","site-sidebar-style":"default","ast-global-header-display":"","ast-banner-title-visibility":"","ast-main-header-display":"","ast-hfb-above-header-display":"","ast-hfb-below-header-display":"","ast-hfb-mobile-header-display":"","site-post-title":"","ast-breadcrumbs-content":"","ast-featured-img":"","footer-sml-layout":"","theme-transparent-header-meta":"","adv-header-id-meta":"","stick-header-meta":"","header-above-stick-meta":"","header-main-stick-meta":"","header-below-stick-meta":"","astra-migrate-meta-layouts":"set","ast-page-background-enabled":"default","ast-page-background-meta":{"desktop":{"background-color":"var(--ast-global-color-4)","background-image":"","background-repeat":"repeat","background-position":"center center","background-size":"auto","background-attachment":"scroll","background-type":"","background-media":"","overlay-type":"","overlay-color":"","overlay-opacity":"","overlay-gradient":""},"tablet":{"background-color":"","background-image":"","background-repeat":"repeat","background-position":"center center","background-size":"auto","background-attachment":"scroll","background-type":"","background-media":"","overlay-type":"","overlay-color":"","overlay-opacity":"","overlay-gradient":""},"mobile":{"background-color":"","background-image":"","background-repeat":"repeat","background-position":"center center","background-size":"auto","background-attachment":"scroll","background-type":"","background-media":"","overlay-type":"","overlay-color":"","overlay-opacity":"","overlay-gradient":""}},"ast-content-background-meta":{"desktop":{"background-color":"var(--ast-global-color-5)","background-image":"","background-repeat":"repeat","background-position":"center center","background-size":"auto","background-attachment":"scroll","background-type":"","background-media":"","overlay-type":"","overlay-color":"","overlay-opacity":"","overlay-gradient":""},"tablet":{"background-color":"var(--ast-global-color-5)","background-image":"","background-repeat":"repeat","background-position":"center center","background-size":"auto","background-attachment":"scroll","background-type":"","background-media":"","overlay-type":"","overlay-color":"","overlay-opacity":"","overlay-gradient":""},"mobile":{"background-color":"var(--ast-global-color-5)","background-image":"","background-repeat":"repeat","background-position":"center center","background-size":"auto","background-attachment":"scroll","background-type":"","background-media":"","overlay-type":"","overlay-color":"","overlay-opacity":"","overlay-gradient":""}},"footnotes":""},"class_list":["post-1255","page","type-page","status-publish","has-post-thumbnail"],"_links":{"self":[{"href":"https:\/\/www.zumgoldenenschnitt.ch\/it\/wp-json\/wp\/v2\/pages\/1255","targetHints":{"allow":["GET"]}}],"collection":[{"href":"https:\/\/www.zumgoldenenschnitt.ch\/it\/wp-json\/wp\/v2\/pages"}],"about":[{"href":"https:\/\/www.zumgoldenenschnitt.ch\/it\/wp-json\/wp\/v2\/types\/page"}],"author":[{"embeddable":true,"href":"https:\/\/www.zumgoldenenschnitt.ch\/it\/wp-json\/wp\/v2\/users\/4"}],"replies":[{"embeddable":true,"href":"https:\/\/www.zumgoldenenschnitt.ch\/it\/wp-json\/wp\/v2\/comments?post=1255"}],"version-history":[{"count":4,"href":"https:\/\/www.zumgoldenenschnitt.ch\/it\/wp-json\/wp\/v2\/pages\/1255\/revisions"}],"predecessor-version":[{"id":1844,"href":"https:\/\/www.zumgoldenenschnitt.ch\/it\/wp-json\/wp\/v2\/pages\/1255\/revisions\/1844"}],"wp:featuredmedia":[{"embeddable":true,"href":"https:\/\/www.zumgoldenenschnitt.ch\/it\/wp-json\/wp\/v2\/media\/1585"}],"wp:attachment":[{"href":"https:\/\/www.zumgoldenenschnitt.ch\/it\/wp-json\/wp\/v2\/media?parent=1255"}],"curies":[{"name":"wp","href":"https:\/\/api.w.org\/{rel}","templated":true}]}}