{"id":1258,"date":"2023-11-27T15:33:23","date_gmt":"2023-11-27T14:33:23","guid":{"rendered":"https:\/\/www.zumgoldenenschnitt.ch\/?page_id=1258"},"modified":"2026-03-05T13:54:24","modified_gmt":"2026-03-05T12:54:24","slug":"formen-und-grossen-von-brustimplantaten","status":"publish","type":"page","link":"https:\/\/www.zumgoldenenschnitt.ch\/it\/forme-e-dimensioni-delle-protesi-mammarie\/","title":{"rendered":"Forme e dimensioni delle protesi mammarie"},"content":{"rendered":"<p>Basilea, 27 novembre 2023<\/p>\n<p>Con un <a href=\"https:\/\/www.zumgoldenenschnitt.ch\/it\/offerta\/petto\/ingrandimento-del-seno-con-protesi-mammarie-augmentation\/\">Aumento del seno con protesi<\/a> Oggi si utilizzano quasi esclusivamente protesi in silicone. Queste protesi mammarie sono costituite da un guscio esterno in silicone riempito di silicone viscoso. Le protesi mammarie sono disponibili in varie dimensioni, forme e superfici (liscia, nanotessuta o testurizzata).<\/p>\n<p>La dimensione delle protesi dipende dalla loro larghezza e dal loro profilo (basso, medio, alto, extra alto). Nella scelta della misura ideale della protesi mammaria, la larghezza o il diametro della protesi \u00e8 il fattore pi\u00f9 importante. \u00c8 importante misurare con precisione il seno e la cassa toracica durante la visita per determinare la protesi mammaria ideale per il vostro corpo. \u00c8 particolarmente importante assicurarsi che la dimensione della protesi scelta corrisponda alle caratteristiche anatomiche del corpo, come la larghezza della cassa toracica.<\/p>\n\t\t\t\t<img loading=\"lazy\" decoding=\"async\" src=\"https:\/\/www.zumgoldenenschnitt.ch\/wp-content\/uploads\/2023\/09\/journal-brustimplantate-entfernen-oder-wechseln.jpg\" alt=\"rimuovere o cambiare le protesi mammarie del giornale\" itemprop=\"image\" height=\"1000\" width=\"1000\" title=\"Giornale Rimozione o sostituzione delle protesi mammarie\" onerror=\"this.style.display='none'\"  \/>\n\t<p>In termini di forma, si distingue tra protesi rotonde, anatomiche e, pi\u00f9 recentemente, ergonomiche. Le protesi anatomiche, cio\u00e8 a goccia, sono caratterizzate dal fatto che il volume principale si trova nella parte inferiore dell'impianto, per cui questa forma impedisce un'eccessiva enfasi nella parte superiore del seno. Al contrario, le protesi rotonde consentono di ottenere un volume maggiore nella zona superiore del seno e quindi un d\u00e9collet\u00e9 pi\u00f9 pieno. La terza e pi\u00f9 moderna forma \u00e8 la cosiddetta protesi ergonomica (Motive Ergonomix\u00ae). Le protesi ergonomiche, come quelle spesso utilizzate dalla dottoressa Simona L\u00fcdi, sono progettate per comportarsi come un vero tessuto mammario. Queste protesi si adattano alla gravit\u00e0 e ai movimenti del corpo assumendo una forma a goccia quando si \u00e8 in piedi e una forma rotonda quando si \u00e8 sdraiati. Ci\u00f2 consente di ottenere risultati particolarmente naturali.<\/p>\n<p>Durante la consultazione, la dottoressa Simona L\u00fcdi sar\u00e0 lieta di mostrarvi i vari impianti in modo che possiate sentirli.<\/p>\n\t\t\t<a href=\"https:\/\/booking.epat.ch\/goldenschnitt\/booking\" target=\"_blank\" rel=\"noopener\" role=\"button\" aria-label=\"Prenota un appuntamento di consultazione\">\n\t\t\t\t\t\t\tPrenota un appuntamento di consultazione\n\t\t<\/a>","protected":false},"excerpt":{"rendered":"<p>Basilea, 27 novembre 2023 Al giorno d'oggi, le protesi al silicone vengono utilizzate quasi esclusivamente per l'aumento del seno con protesi. Queste protesi mammarie sono costituite da un guscio esterno in silicone riempito di silicone viscoso. Le protesi mammarie sono disponibili in varie dimensioni, forme e superfici (liscia, nanotessuta o testurizzata). Le dimensioni delle protesi dipendono dalla larghezza e dal profilo (basso, medio, [...]<\/p>","protected":false},"author":4,"featured_media":1585,"parent":0,"menu_order":0,"comment_status":"closed","ping_status":"closed","template":"","meta":{"_seopress_robots_primary_cat":"","_seopress_titles_title":"Formen und Gr\u00f6ssen von Brustimplantaten | Journal 27. November 2023 | Dr. Simona L\u00fcdi | Basel","_seopress_titles_desc":"Welche verschiedenen Formen und Gr\u00f6ssen von Brustimplantaten gibt es? Mehr Informationen zum Thema Brustvergr\u00f6sserung und Implantate lesen Sie in unserem Journal-Beitrag direkt aus Basel.","_seopress_robots_index":"","inline_featured_image":false,"site-sidebar-layout":"default","site-content-layout":"","ast-site-content-layout":"default","site-content-style":"default","site-sidebar-style":"default","ast-global-header-display":"","ast-banner-title-visibility":"","ast-main-header-display":"","ast-hfb-above-header-display":"","ast-hfb-below-header-display":"","ast-hfb-mobile-header-display":"","site-post-title":"","ast-breadcrumbs-content":"","ast-featured-img":"","footer-sml-layout":"","theme-transparent-header-meta":"","adv-header-id-meta":"","stick-header-meta":"","header-above-stick-meta":"","header-main-stick-meta":"","header-below-stick-meta":"","astra-migrate-meta-layouts":"set","ast-page-background-enabled":"default","ast-page-background-meta":{"desktop":{"background-color":"var(--ast-global-color-4)","background-image":"","background-repeat":"repeat","background-position":"center center","background-size":"auto","background-attachment":"scroll","background-type":"","background-media":"","overlay-type":"","overlay-color":"","overlay-opacity":"","overlay-gradient":""},"tablet":{"background-color":"","background-image":"","background-repeat":"repeat","background-position":"center center","background-size":"auto","background-attachment":"scroll","background-type":"","background-media":"","overlay-type":"","overlay-color":"","overlay-opacity":"","overlay-gradient":""},"mobile":{"background-color":"","background-image":"","background-repeat":"repeat","background-position":"center center","background-size":"auto","background-attachment":"scroll","background-type":"","background-media":"","overlay-type":"","overlay-color":"","overlay-opacity":"","overlay-gradient":""}},"ast-content-background-meta":{"desktop":{"background-color":"var(--ast-global-color-5)","background-image":"","background-repeat":"repeat","background-position":"center center","background-size":"auto","background-attachment":"scroll","background-type":"","background-media":"","overlay-type":"","overlay-color":"","overlay-opacity":"","overlay-gradient":""},"tablet":{"background-color":"var(--ast-global-color-5)","background-image":"","background-repeat":"repeat","background-position":"center center","background-size":"auto","background-attachment":"scroll","background-type":"","background-media":"","overlay-type":"","overlay-color":"","overlay-opacity":"","overlay-gradient":""},"mobile":{"background-color":"var(--ast-global-color-5)","background-image":"","background-repeat":"repeat","background-position":"center center","background-size":"auto","background-attachment":"scroll","background-type":"","background-media":"","overlay-type":"","overlay-color":"","overlay-opacity":"","overlay-gradient":""}},"footnotes":""},"class_list":["post-1258","page","type-page","status-publish","has-post-thumbnail"],"_links":{"self":[{"href":"https:\/\/www.zumgoldenenschnitt.ch\/it\/wp-json\/wp\/v2\/pages\/1258","targetHints":{"allow":["GET"]}}],"collection":[{"href":"https:\/\/www.zumgoldenenschnitt.ch\/it\/wp-json\/wp\/v2\/pages"}],"about":[{"href":"https:\/\/www.zumgoldenenschnitt.ch\/it\/wp-json\/wp\/v2\/types\/page"}],"author":[{"embeddable":true,"href":"https:\/\/www.zumgoldenenschnitt.ch\/it\/wp-json\/wp\/v2\/users\/4"}],"replies":[{"embeddable":true,"href":"https:\/\/www.zumgoldenenschnitt.ch\/it\/wp-json\/wp\/v2\/comments?post=1258"}],"version-history":[{"count":4,"href":"https:\/\/www.zumgoldenenschnitt.ch\/it\/wp-json\/wp\/v2\/pages\/1258\/revisions"}],"predecessor-version":[{"id":1847,"href":"https:\/\/www.zumgoldenenschnitt.ch\/it\/wp-json\/wp\/v2\/pages\/1258\/revisions\/1847"}],"wp:featuredmedia":[{"embeddable":true,"href":"https:\/\/www.zumgoldenenschnitt.ch\/it\/wp-json\/wp\/v2\/media\/1585"}],"wp:attachment":[{"href":"https:\/\/www.zumgoldenenschnitt.ch\/it\/wp-json\/wp\/v2\/media?parent=1258"}],"curies":[{"name":"wp","href":"https:\/\/api.w.org\/{rel}","templated":true}]}}