{"id":1261,"date":"2024-05-25T16:29:44","date_gmt":"2024-05-25T14:29:44","guid":{"rendered":"https:\/\/www.zumgoldenenschnitt.ch\/?page_id=1261"},"modified":"2026-03-05T13:53:43","modified_gmt":"2026-03-05T12:53:43","slug":"unterlidstraffung-lassen-sie-ihre-augen-wieder-strahlen","status":"publish","type":"page","link":"https:\/\/www.zumgoldenenschnitt.ch\/it\/lifting-della-palpebra-inferiore-per-far-risplendere-di-nuovo-i-vostri-occhi\/","title":{"rendered":"Lifting della palpebra inferiore - Fate risplendere i vostri occhi!"},"content":{"rendered":"<p>Basilea, 24 marzo 2024<\/p>\n<p>Sembrate sempre stanchi anche se siete in forma e pieni di energia?<\/p>\n<p>Le borse sotto gli occhi sono spesso percepite come fastidiose e fanno apparire il viso pi\u00f9 stanco. A <a href=\"https:\/\/www.zumgoldenenschnitt.ch\/it\/offerta\/occhi\/lifting-della-palpebra-inferiore-rimozione-della-palpebra-inferiore\/\">Sollevamento della palpebra inferiore (blefaroplastica inferiore)<\/a> pu\u00f2 porre rimedio a questo problema e restituire un aspetto radioso.<\/p>\n<p>Le borse sotto gli occhi sono causate da rigonfiamenti di grasso sulla palpebra inferiore, che possono essere ridistribuiti o rimossi chirurgicamente. Anche l'eccesso di pelle sulla palpebra inferiore, che causa un aspetto stanco, pu\u00f2 essere rimosso chirurgicamente.<\/p>\n<p>Presso la nostra clinica di chirurgia plastica ed estetica di Basilea, il lifting delle palpebre inferiori \u00e8 spesso combinato con un lifting delle palpebre. <a href=\"https:\/\/www.zumgoldenenschnitt.ch\/it\/offerta\/occhi\/sollevare-le-palpebre-operare\/\">Sollevamento della palpebra superiore<\/a> combinato. In questo modo, le palpebre cadenti e le borse sotto gli occhi possono essere facilmente eliminate in un unico intervento.<\/p>\n<p>L'intervento viene eseguito ambulatorialmente in sonno crepuscolare e, dopo un breve periodo di convalescenza, si pu\u00f2 tornare a casa in una delle nostre camere con vista sul Reno.<\/p>\n\t\t\t\t<img loading=\"lazy\" decoding=\"async\" src=\"https:\/\/www.zumgoldenenschnitt.ch\/wp-content\/uploads\/2023\/09\/journal-unterlidstraffung-traenensaecke-entfernen.jpg\" alt=\"journal lifting della palpebra inferiore rimuovere le borse sotto gli occhi\" itemprop=\"image\" height=\"1000\" width=\"1000\" title=\"Journal Sollevamento della palpebra inferiore per eliminare le borse sotto gli occhi\" onerror=\"this.style.display='none'\"  \/>\n\t<p>La dottoressa L\u00fcdi sar\u00e0 lieta di informarvi e consigliarvi personalmente e individualmente. Sar\u00e0 lieta di mostrarvi la tecnica e le foto prima e dopo la consultazione. Saremo lieti di accogliervi nella nostra clinica di Basilea per un consulto.<\/p>\n\t\t\t<a href=\"https:\/\/booking.epat.ch\/goldenschnitt\/booking\" title=\"Clicca qui\" target=\"_blank\" rel=\"noopener\"  role=\"button\" aria-label=\"Prenota un appuntamento di consultazione\">\n\t\t\t\t\t\t\tPrenota un appuntamento di consultazione\n\t\t<\/a>","protected":false},"excerpt":{"rendered":"<p>Basilea, 24 marzo 2024 Avete sempre l'aria stanca anche se siete in forma e pieni di energia? Le borse sotto gli occhi sono spesso percepite come fastidiose e fanno apparire il viso pi\u00f9 stanco. Un lifting delle palpebre inferiori (blefaroplastica inferiore) pu\u00f2 porre rimedio a questo problema e ripristinare il vostro sguardo radioso. Le borse sotto gli occhi sono causate da rigonfiamenti di grasso sulla palpebra inferiore, che possono essere ridistribuiti o rimossi chirurgicamente [...]<\/p>","protected":false},"author":4,"featured_media":0,"parent":0,"menu_order":0,"comment_status":"closed","ping_status":"closed","template":"","meta":{"_seopress_robots_primary_cat":"","_seopress_titles_title":"Unterlidstraffung - Lassen Sie Ihre Augen wieder strahlen! | Journal 24. Mai 2024 | Dr. Simona L\u00fcdi | Basel","_seopress_titles_desc":"Strahlender Blick dank Unterlidstraffung. Frau Dr. Simona L\u00fcdi, Fach\u00e4rztin f\u00fcr Plastische, Rekonstruktive und \u00c4sthetische Chirurgie, in Basel.","_seopress_robots_index":"","inline_featured_image":false,"site-sidebar-layout":"default","site-content-layout":"","ast-site-content-layout":"default","site-content-style":"default","site-sidebar-style":"default","ast-global-header-display":"","ast-banner-title-visibility":"","ast-main-header-display":"","ast-hfb-above-header-display":"","ast-hfb-below-header-display":"","ast-hfb-mobile-header-display":"","site-post-title":"","ast-breadcrumbs-content":"","ast-featured-img":"","footer-sml-layout":"","theme-transparent-header-meta":"","adv-header-id-meta":"","stick-header-meta":"","header-above-stick-meta":"","header-main-stick-meta":"","header-below-stick-meta":"","astra-migrate-meta-layouts":"set","ast-page-background-enabled":"default","ast-page-background-meta":{"desktop":{"background-color":"var(--ast-global-color-4)","background-image":"","background-repeat":"repeat","background-position":"center center","background-size":"auto","background-attachment":"scroll","background-type":"","background-media":"","overlay-type":"","overlay-color":"","overlay-opacity":"","overlay-gradient":""},"tablet":{"background-color":"","background-image":"","background-repeat":"repeat","background-position":"center center","background-size":"auto","background-attachment":"scroll","background-type":"","background-media":"","overlay-type":"","overlay-color":"","overlay-opacity":"","overlay-gradient":""},"mobile":{"background-color":"","background-image":"","background-repeat":"repeat","background-position":"center center","background-size":"auto","background-attachment":"scroll","background-type":"","background-media":"","overlay-type":"","overlay-color":"","overlay-opacity":"","overlay-gradient":""}},"ast-content-background-meta":{"desktop":{"background-color":"var(--ast-global-color-5)","background-image":"","background-repeat":"repeat","background-position":"center center","background-size":"auto","background-attachment":"scroll","background-type":"","background-media":"","overlay-type":"","overlay-color":"","overlay-opacity":"","overlay-gradient":""},"tablet":{"background-color":"var(--ast-global-color-5)","background-image":"","background-repeat":"repeat","background-position":"center center","background-size":"auto","background-attachment":"scroll","background-type":"","background-media":"","overlay-type":"","overlay-color":"","overlay-opacity":"","overlay-gradient":""},"mobile":{"background-color":"var(--ast-global-color-5)","background-image":"","background-repeat":"repeat","background-position":"center center","background-size":"auto","background-attachment":"scroll","background-type":"","background-media":"","overlay-type":"","overlay-color":"","overlay-opacity":"","overlay-gradient":""}},"footnotes":""},"class_list":["post-1261","page","type-page","status-publish"],"_links":{"self":[{"href":"https:\/\/www.zumgoldenenschnitt.ch\/it\/wp-json\/wp\/v2\/pages\/1261","targetHints":{"allow":["GET"]}}],"collection":[{"href":"https:\/\/www.zumgoldenenschnitt.ch\/it\/wp-json\/wp\/v2\/pages"}],"about":[{"href":"https:\/\/www.zumgoldenenschnitt.ch\/it\/wp-json\/wp\/v2\/types\/page"}],"author":[{"embeddable":true,"href":"https:\/\/www.zumgoldenenschnitt.ch\/it\/wp-json\/wp\/v2\/users\/4"}],"replies":[{"embeddable":true,"href":"https:\/\/www.zumgoldenenschnitt.ch\/it\/wp-json\/wp\/v2\/comments?post=1261"}],"version-history":[{"count":5,"href":"https:\/\/www.zumgoldenenschnitt.ch\/it\/wp-json\/wp\/v2\/pages\/1261\/revisions"}],"predecessor-version":[{"id":2107,"href":"https:\/\/www.zumgoldenenschnitt.ch\/it\/wp-json\/wp\/v2\/pages\/1261\/revisions\/2107"}],"wp:attachment":[{"href":"https:\/\/www.zumgoldenenschnitt.ch\/it\/wp-json\/wp\/v2\/media?parent=1261"}],"curies":[{"name":"wp","href":"https:\/\/api.w.org\/{rel}","templated":true}]}}